{"id":585,"date":"2025-10-09T22:02:58","date_gmt":"2025-10-09T19:02:58","guid":{"rendered":"https:\/\/blog.edu.turku.fi\/ylimaarianvy\/?page_id=585"},"modified":"2025-10-10T16:40:35","modified_gmt":"2025-10-10T13:40:35","slug":"jaseneksi","status":"publish","type":"page","link":"https:\/\/blog.edu.turku.fi\/ylimaarianvy\/jaseneksi\/","title":{"rendered":"J\u00e4seneksi"},"content":{"rendered":"\n<p><\/p>\n\n\n\n<div class=\"wp-block-columns is-layout-flex wp-container-core-columns-is-layout-9d6595d7 wp-block-columns-is-layout-flex\">\n<div class=\"wp-block-column is-layout-flow wp-block-column-is-layout-flow\" style=\"flex-basis:66.66%\">\n<h3 class=\"wp-block-heading\">Miksi liitty\u00e4 vanhempainyhdistyksen j\u00e4seneksi?<\/h3>\n\n\n\n<p>Vanhempainyhdistys tarjoaa mahdollisuuden vaikuttaa lasten asioihin p\u00e4iv\u00e4kodissa ja koulussa. J\u00e4senyys tuo mukanaan monia hy\u00f6tyj\u00e4:<\/p>\n\n\n\n<ol class=\"wp-block-list\">\n<li><strong>Lasten hyvinvoinnin tukeminen<\/strong>\n<ul class=\"wp-block-list\">\n<li>yhdistys pyrkii kaikessa toiminnassaan edist\u00e4m\u00e4\u00e4n kiusaamisen ehk\u00e4isy\u00e4, tasa-arvoa ja hyvinvointia <\/li>\n\n\n\n<li>ideoitasi tarvitaan &#8211; isommalla porukalla saamme enemm\u00e4n aikaan<\/li>\n<\/ul>\n<\/li>\n\n\n\n<li><strong>Vaikutusmahdollisuus<\/strong>\n<ul class=\"wp-block-list\">\n<li>saat \u00e4\u00e4nen kuuluviin koulun ja p\u00e4iv\u00e4kodin asioissa<\/li>\n\n\n\n<li>voit osallistua keskusteluun koulun ja p\u00e4iv\u00e4kodin kehitt\u00e4misest\u00e4 ja oppilaiden arjesta<\/li>\n<\/ul>\n<\/li>\n\n\n\n<li><strong>Yhteis\u00f6llisyys<\/strong>\n<ul class=\"wp-block-list\">\n<li>tutustut muihin vanhempiin ja luot verkostoja, jotka tukevat sek\u00e4 vanhempia ett\u00e4 lapsia<\/li>\n\n\n\n<li>yhdess\u00e4 toimiminen vahvistaa yhteishenke\u00e4 koulussa ja p\u00e4iv\u00e4kodissa<\/li>\n<\/ul>\n<\/li>\n\n\n\n<li><strong>Tuki koululle ja p\u00e4iv\u00e4kodille<\/strong>\n<ul class=\"wp-block-list\">\n<li>yhdistys voi j\u00e4rjest\u00e4\u00e4 tapahtumia, ker\u00e4t\u00e4 varoja ja hankkia tarvikkeita tai v\u00e4lineist\u00f6\u00e4<\/li>\n\n\n\n<li>toiminta tukee oppilaiden viihtyvyytt\u00e4 ja oppimista<\/li>\n<\/ul>\n<\/li>\n\n\n\n<li><strong>Tiedonkulun parantaminen<\/strong>\n<ul class=\"wp-block-list\">\n<li>saat ajankohtaista tietoa koulun ja p\u00e4iv\u00e4kodin toiminnasta ja opetuksesta<\/li>\n\n\n\n<li>kodin ja koulun\/p\u00e4iv\u00e4kodin yhteisty\u00f6 vahvistuu<\/li>\n<\/ul>\n<\/li>\n\n\n\n<li><strong>Jokaisella on jotain annettavaa<\/strong>\n<ul class=\"wp-block-list\">\n<li>et tarvitse erityistaitoja tai suurta ajank\u00e4ytt\u00f6\u00e4 \u2013 jo pelkk\u00e4 j\u00e4senyys on arvokasta<\/li>\n\n\n\n<li>voit osallistua juuri sen verran kuin sinulle sopii<\/li>\n<\/ul>\n<\/li>\n<\/ol>\n\n\n\n<p><strong><em>Olet eritt\u00e4in tervetullut mukaan!<\/em><\/strong><\/p>\n<\/div>\n\n\n\n<div class=\"wp-block-column is-layout-flow wp-block-column-is-layout-flow\" style=\"flex-basis:33.33%\">\n<div class=\"wp-block-buttons is-layout-flex wp-block-buttons-is-layout-flex\">\n<div class=\"wp-block-button is-style-fill\"><a class=\"wp-block-button__link has-background wp-element-button\" href=\"https:\/\/mailchi.mp\/4397f2a0bc9a\/liityvanhempainyhdistykseen\" style=\"background-color:#39004c\">Liity t\u00e4st\u00e4 linkist\u00e4<\/a><\/div>\n<\/div>\n\n\n\n<p><\/p>\n\n\n\n<p style=\"font-size:16px\">J\u00e4senyys on maksuton. Liittyess\u00e4si yhdistyksen j\u00e4seneksi sinut lis\u00e4t\u00e4\u00e4n postilistalle, jonka kautta saat muutaman kerran vuodessa s\u00e4hk\u00f6postiisi uutiskirjeen vanhempainyhdistyksen ajankohtaisista tiedotteista ja tapahtumista. Voit poistua listalta koska tahansa. <\/p>\n\n\n\n<p style=\"font-size:16px\">J\u00e4seneksi liittyminen ei velvoita osallistumaan toimintaan.<\/p>\n<\/div>\n<\/div>\n\n\n\n<p><\/p>\n","protected":false},"excerpt":{"rendered":"<p>Miksi liitty\u00e4 vanhempainyhdistyksen j\u00e4seneksi? Vanhempainyhdistys tarjoaa mahdollisuuden vaikuttaa lasten asioihin p\u00e4iv\u00e4kodissa ja koulussa. J\u00e4senyys tuo mukanaan monia hy\u00f6tyj\u00e4: Olet eritt\u00e4in &hellip; <\/p>\n","protected":false},"author":9,"featured_media":0,"parent":0,"menu_order":0,"comment_status":"closed","ping_status":"closed","template":"","meta":{"footnotes":""},"class_list":["post-585","page","type-page","status-publish","hentry","latest_post"],"_links":{"self":[{"href":"https:\/\/blog.edu.turku.fi\/ylimaarianvy\/wp-json\/wp\/v2\/pages\/585","targetHints":{"allow":["GET"]}}],"collection":[{"href":"https:\/\/blog.edu.turku.fi\/ylimaarianvy\/wp-json\/wp\/v2\/pages"}],"about":[{"href":"https:\/\/blog.edu.turku.fi\/ylimaarianvy\/wp-json\/wp\/v2\/types\/page"}],"author":[{"embeddable":true,"href":"https:\/\/blog.edu.turku.fi\/ylimaarianvy\/wp-json\/wp\/v2\/users\/9"}],"replies":[{"embeddable":true,"href":"https:\/\/blog.edu.turku.fi\/ylimaarianvy\/wp-json\/wp\/v2\/comments?post=585"}],"version-history":[{"count":32,"href":"https:\/\/blog.edu.turku.fi\/ylimaarianvy\/wp-json\/wp\/v2\/pages\/585\/revisions"}],"predecessor-version":[{"id":707,"href":"https:\/\/blog.edu.turku.fi\/ylimaarianvy\/wp-json\/wp\/v2\/pages\/585\/revisions\/707"}],"wp:attachment":[{"href":"https:\/\/blog.edu.turku.fi\/ylimaarianvy\/wp-json\/wp\/v2\/media?parent=585"}],"curies":[{"name":"wp","href":"https:\/\/api.w.org\/{rel}","templated":true}]}}