{"id":4,"date":"2025-01-20T21:22:04","date_gmt":"2025-01-20T19:22:04","guid":{"rendered":"https:\/\/blog.edu.turku.fi\/ylimaarianvy\/?page_id=4"},"modified":"2025-10-10T13:34:37","modified_gmt":"2025-10-10T10:34:37","slug":"yhdistys","status":"publish","type":"page","link":"https:\/\/blog.edu.turku.fi\/ylimaarianvy\/yhdistys\/","title":{"rendered":"Yhdistys"},"content":{"rendered":"\n<div class=\"wp-block-columns is-layout-flex wp-container-core-columns-is-layout-9d6595d7 wp-block-columns-is-layout-flex\">\n<div class=\"wp-block-column is-layout-flow wp-block-column-is-layout-flow\" style=\"flex-basis:66.66%\"><div class=\"wp-block-image is-style-rounded\">\n<figure class=\"alignright size-large is-resized\"><img loading=\"lazy\" decoding=\"async\" width=\"392\" height=\"384\" src=\"https:\/\/blog.edu.turku.fi\/ylimaarianvy\/files\/2025\/01\/YMA-LOGO-392x384.png\" alt=\"Vanhempainyhdistyksen logo\" class=\"wp-image-13\" style=\"object-fit:cover;width:188px;height:auto\" srcset=\"https:\/\/blog.edu.turku.fi\/ylimaarianvy\/files\/2025\/01\/YMA-LOGO.png 392w, https:\/\/blog.edu.turku.fi\/ylimaarianvy\/files\/2025\/01\/YMA-LOGO-300x294.png 300w\" sizes=\"auto, (max-width: 392px) 100vw, 392px\" \/><\/figure>\n<\/div>\n\n\n<p>Yli-Maarian koulun ja p\u00e4iv\u00e4kodin vanhempainyhdistyksen muodostavat Yli-Maarian koulun ja p\u00e4iv\u00e4kodin sek\u00e4 Piipari-Moision p\u00e4iv\u00e4kodin (Moision yksik\u00f6n) lasten vanhemmat. Vanhempainyhdistykseen kuuluu kaksi tasavertaista alajaostoa: p\u00e4iv\u00e4koti ja ala-\/yl\u00e4koulu.<\/p>\n\n\n\n<p>Yhdistyksen tarkoituksena on<\/p>\n\n\n\n<ul class=\"wp-block-list\">\n<li>edist\u00e4\u00e4 oppilaiden vanhempien ja koulun sek\u00e4 p\u00e4iv\u00e4kodin v\u00e4list\u00e4 kasvatuskumppanuutta, vuorovaikutusta ja yhteistoimintaa<\/li>\n\n\n\n<li>tukea koteja ja koulua terveellisen ja turvallisen oppimis- ja kasvuymp\u00e4rist\u00f6n luomiseksi lapsille sek\u00e4 edist\u00e4\u00e4 lasten hyvinvointia<\/li>\n\n\n\n<li>tuoda esille vanhempien n\u00e4kemyksi\u00e4 p\u00e4iv\u00e4kotia, koulua, opetusta ja kasvatusta koskevissa kysymyksiss\u00e4<\/li>\n\n\n\n<li>toimia oppilaiden vanhemmille yhteisty\u00f6n, vertaistuen ja vaikuttamisen foorumina<\/li>\n\n\n\n<li>perehty\u00e4 p\u00e4iv\u00e4kodin ja koulun toimintaan ja opetuksen j\u00e4rjest\u00e4miseen<\/li>\n\n\n\n<li>j\u00e4rjest\u00e4\u00e4 neuvottelu-, keskustelu- ja muita vastaavia tilaisuuksia ja tapahtumia sek\u00e4 vanhempainiltoja yhteisty\u00f6ss\u00e4 p\u00e4iv\u00e4kodin ja koulun kanssa<\/li>\n\n\n\n<li>tiedottaa vanhempainyhdistyksen toiminnasta ja tukea vanhempien, p\u00e4iv\u00e4kodin ja koulun v\u00e4list\u00e4 viestint\u00e4\u00e4<\/li>\n\n\n\n<li>pit\u00e4\u00e4 yhteytt\u00e4 p\u00e4iv\u00e4kodin ja koulun toimijoihin, sek\u00e4 toimia yhteisty\u00f6ss\u00e4 lasten ja nuorten hyv\u00e4ksi toimivien tahojen kanssa<\/li>\n\n\n\n<li>tukea toiminnallisesti ja taloudellisesti p\u00e4iv\u00e4kotia, koulua, oppilaskuntaa, oppilaiden kerho- ja harrastustoimintaa<\/li>\n\n\n\n<li>tehd\u00e4 esityksi\u00e4 ja aloitteita, sek\u00e4 ottaa yhteytt\u00e4 paikallisiin viranomaisiin ja luottamushenkil\u00f6ihin vaikuttaakseen p\u00e4\u00e4t\u00f6ksentekoon.<\/li>\n<\/ul>\n\n\n\n<p>Tule mukaan toimintaan!<\/p>\n\n\n\n<div class=\"wp-block-buttons is-layout-flex wp-block-buttons-is-layout-flex\">\n<div class=\"wp-block-button\"><a class=\"wp-block-button__link has-background wp-element-button\" href=\"https:\/\/blog.edu.turku.fi\/ylimaarianvy\/jaseneksi\/\" style=\"background-color:#39004c\">Lis\u00e4tietoja j\u00e4senyydest\u00e4<\/a><\/div>\n<\/div>\n\n\n\n<p><\/p>\n\n\n\n<p style=\"font-size:25px;font-style:italic;font-weight:700\">&#8221;<em><strong>On kiva kuulua porukkaan! Mietit\u00e4\u00e4n uusia juttuja ja parannuksia p\u00e4iv\u00e4kotilaisten ja koululaisten arkeen ja toteutetaan ne yhdess\u00e4.<\/strong><\/em>&#8221;<\/p>\n\n\n\n<p>Meihin vy:l\u00e4isiin voit olla yhteydess\u00e4 <a href=\"mailto:ylimaarianvy@gmail.com\" target=\"_blank\" rel=\"noreferrer noopener\">ylimaarianvy@gmail.com<\/a><\/p>\n\n\n\n<p><a href=\"https:\/\/blog.edu.turku.fi\/ylimaaria\/files\/2020\/11\/YMA-Vanhempainyhdistys-ry-saannot_paivitetty-25.10.2020.pdf\">YMA Vanhempainyhdistys ry:n s\u00e4\u00e4nn\u00f6t<\/a> (p\u00e4ivitetty 25.10.2020)<\/p>\n<\/div>\n\n\n\n<div class=\"wp-block-column is-layout-flow wp-block-column-is-layout-flow\" style=\"flex-basis:33.33%\">\n<h3 class=\"wp-block-heading\">Hallitus 2025-2026<\/h3>\n\n\n\n<p style=\"font-size:16px\"><strong>Puheenjohtaja<\/strong><br>Hannele Nurminen<\/p>\n\n\n\n<p style=\"font-size:16px\"><strong>Varapuheenjohtaja<\/strong><br>Katja Laasi<\/p>\n\n\n\n<p style=\"font-size:16px\"><strong>Sihteeri<\/strong><br>Merja Peltokoski<\/p>\n\n\n\n<p style=\"font-size:16px\"><strong>Rahastonhoitaja<\/strong><br>Katri Junnila<\/p>\n\n\n\n<p style=\"font-size:16px\"><strong>J\u00e4senasiat ja verkkosivut<\/strong><br>Saila Visti<\/p>\n\n\n\n<p style=\"font-size:16px\"><strong>Sosiaalinen media<\/strong><br>Susanna L\u00e4hteenm\u00e4ki ja Jasmin Aaltonen<\/p>\n\n\n\n<p style=\"font-size:16px\"><strong>J\u00e4senet<\/strong><br>Jasmin Aaltonen<br>Taru Ilola<br>Katri Junnila<br>Katja Laasi<br>Sanna Laiho<br>Susanna L\u00e4hteenm\u00e4ki<br>Jasmiina Niskala<br>Merja Peltokoski<br>Mimmi Ruusunen<br>Alisa Smolander<br>Saila Visti<\/p>\n\n\n\n<p><\/p>\n\n\n\n<p><\/p>\n\n\n\n<p><\/p>\n\n\n\n<p><\/p>\n\n\n\n<p><\/p>\n\n\n\n<p><\/p>\n\n\n\n<ul class=\"wp-block-list\">\n<li><\/li>\n<\/ul>\n\n\n\n<p style=\"font-size:16px\">Hallituksen lis\u00e4ksi toimintaan osallistuu aktiivij\u00e4seni\u00e4, jotka eiv\u00e4t ole mukana hallituksessa.<\/p>\n\n\n\n<p><\/p>\n<\/div>\n<\/div>\n\n\n\n<p><\/p>\n","protected":false},"excerpt":{"rendered":"<p>Yli-Maarian koulun ja p\u00e4iv\u00e4kodin vanhempainyhdistyksen muodostavat Yli-Maarian koulun ja p\u00e4iv\u00e4kodin sek\u00e4 Piipari-Moision p\u00e4iv\u00e4kodin (Moision yksik\u00f6n) lasten vanhemmat. Vanhempainyhdistykseen kuuluu kaksi &hellip; <\/p>\n","protected":false},"author":9,"featured_media":0,"parent":0,"menu_order":0,"comment_status":"closed","ping_status":"closed","template":"","meta":{"footnotes":""},"class_list":["post-4","page","type-page","status-publish","hentry","latest_post"],"_links":{"self":[{"href":"https:\/\/blog.edu.turku.fi\/ylimaarianvy\/wp-json\/wp\/v2\/pages\/4","targetHints":{"allow":["GET"]}}],"collection":[{"href":"https:\/\/blog.edu.turku.fi\/ylimaarianvy\/wp-json\/wp\/v2\/pages"}],"about":[{"href":"https:\/\/blog.edu.turku.fi\/ylimaarianvy\/wp-json\/wp\/v2\/types\/page"}],"author":[{"embeddable":true,"href":"https:\/\/blog.edu.turku.fi\/ylimaarianvy\/wp-json\/wp\/v2\/users\/9"}],"replies":[{"embeddable":true,"href":"https:\/\/blog.edu.turku.fi\/ylimaarianvy\/wp-json\/wp\/v2\/comments?post=4"}],"version-history":[{"count":54,"href":"https:\/\/blog.edu.turku.fi\/ylimaarianvy\/wp-json\/wp\/v2\/pages\/4\/revisions"}],"predecessor-version":[{"id":684,"href":"https:\/\/blog.edu.turku.fi\/ylimaarianvy\/wp-json\/wp\/v2\/pages\/4\/revisions\/684"}],"wp:attachment":[{"href":"https:\/\/blog.edu.turku.fi\/ylimaarianvy\/wp-json\/wp\/v2\/media?parent=4"}],"curies":[{"name":"wp","href":"https:\/\/api.w.org\/{rel}","templated":true}]}}