{"id":99,"date":"2024-11-29T12:20:17","date_gmt":"2024-11-29T10:20:17","guid":{"rendered":"https:\/\/blog.edu.turku.fi\/ylimaariamusa\/?page_id=99"},"modified":"2025-11-24T10:59:52","modified_gmt":"2025-11-24T08:59:52","slug":"2000-luku","status":"publish","type":"page","link":"https:\/\/blog.edu.turku.fi\/ylimaariamusa\/kotimaisen-kevyen-musiikin-vuosikymmenet\/2000-luku\/","title":{"rendered":"2000-luku"},"content":{"rendered":"\n<div class=\"wp-block-cover\"><img loading=\"lazy\" decoding=\"async\" width=\"800\" height=\"533\" class=\"wp-block-cover__image-background wp-image-377\" alt=\"\" src=\"https:\/\/blog.edu.turku.fi\/ylimaariamusa\/files\/2025\/03\/Lordi-05.jpg\" data-object-fit=\"cover\" srcset=\"https:\/\/blog.edu.turku.fi\/ylimaariamusa\/files\/2025\/03\/Lordi-05.jpg 800w, https:\/\/blog.edu.turku.fi\/ylimaariamusa\/files\/2025\/03\/Lordi-05-300x200.jpg 300w, https:\/\/blog.edu.turku.fi\/ylimaariamusa\/files\/2025\/03\/Lordi-05-768x512.jpg 768w, https:\/\/blog.edu.turku.fi\/ylimaariamusa\/files\/2025\/03\/Lordi-05-405x270.jpg 405w\" sizes=\"auto, (max-width: 800px) 100vw, 800px\" \/><span aria-hidden=\"true\" class=\"wp-block-cover__background has-background-dim\" style=\"background-color:#294331\"><\/span><div class=\"wp-block-cover__inner-container is-layout-constrained wp-block-cover-is-layout-constrained\">\n<p class=\"has-text-align-center has-large-font-size\"><\/p>\n<\/div><\/div>\n\n\n\n<div style=\"height:33px\" aria-hidden=\"true\" class=\"wp-block-spacer\"><\/div>\n\n\n\n<div class=\"wp-block-media-text is-stacked-on-mobile\"><figure class=\"wp-block-media-text__media\"><\/figure><div class=\"wp-block-media-text__content\">\n<h2 class=\"wp-block-heading\"><strong>Tuotteistaminen ja laulukilpailut<\/strong><\/h2>\n\n\n\n<p>Kansainv\u00e4lisenkin trendin mukaan <strong>artisteja yritet\u00e4\u00e4n tuotteistaa koko ajan enemm\u00e4n. <\/strong>Uudet laulukilpailuformaatit (kuten <strong>Idols, Popstars<\/strong>) edist\u00e4v\u00e4t t\u00e4t\u00e4 ajatusta ja uusia tuotteita pyrit\u00e4\u00e4n saamaan koko ajan lis\u00e4\u00e4. <\/p>\n\n\n\n<p><\/p>\n<\/div><\/div>\n\n\n\n<div style=\"height:33px\" aria-hidden=\"true\" class=\"wp-block-spacer\"><\/div>\n\n\n\n<div class=\"wp-block-media-text has-media-on-the-right is-stacked-on-mobile\"><div class=\"wp-block-media-text__content\">\n<h2 class=\"wp-block-heading\"><strong>Suomirockin ja suomipopin uusi tuleminen<\/strong><\/h2>\n\n\n\n<p>Suomenkielist\u00e4 poppia ja rockia alkaa nousta pintaan koko ajan enemm\u00e4n. Suosittuja ovat esimerkiksi naisrokkarit <strong>Maija Vilkkumaa, Jonna Tervomaa ja Tik Tak <\/strong>ja<strong> Anssi Kela<\/strong>. Artistien kappaleista muodostuu suomipopin sukupolvikokemuksia. <\/p>\n\n\n\n<p>My\u00f6s suomenkielist\u00e4 metallimusiikkia saadaan lis\u00e4\u00e4 (esim. <strong>Kotiteollisuus, Viikate <\/strong>tai <strong>Timo Rautiainen &amp; Niskalaukaus<\/strong>)<\/p>\n<\/div><figure class=\"wp-block-media-text__media\"><\/figure><\/div>\n\n\n\n<div style=\"height:33px\" aria-hidden=\"true\" class=\"wp-block-spacer\"><\/div>\n\n\n\n<div class=\"wp-block-media-text is-stacked-on-mobile\"><figure class=\"wp-block-media-text__media\"><\/figure><div class=\"wp-block-media-text__content\">\n<h2 class=\"wp-block-heading\"><strong>Suomitekno valloittaa maailmaa<\/strong><\/h2>\n\n\n\n<p><strong>Daruden Sandstorm <\/strong>soi ymp\u00e4ri maailmaa ja vie suomalaisen teknomusiikin sanomaa eteenp\u00e4in. My\u00f6s <strong>Bomfunk MC&#8217;s<\/strong> menestyy kappaleella <strong>Freestyler.<\/strong> Molempien kappaleiden taustalla on elektronisen musiikin tuottamiseen erikoistunut <strong>JS16<\/strong><\/p>\n<\/div><\/div>\n\n\n\n<div style=\"height:33px\" aria-hidden=\"true\" class=\"wp-block-spacer\"><\/div>\n\n\n\n<div class=\"wp-block-media-text has-media-on-the-right is-stacked-on-mobile\"><div class=\"wp-block-media-text__content\">\n<h2 class=\"wp-block-heading\">Lordi voittaa Euroviisut!<\/h2>\n\n\n\n<p><strong>Lordi <\/strong>voittaa ensimm\u00e4isen\u00e4 suomalaisena esiintyj\u00e4n\u00e4 Euroviisut Ateenassa 2006.<\/p>\n\n\n\n<p>Iskelm\u00e4pop ja -rock saa lis\u00e4\u00e4 suosittuja artisteja (esim. Juha Tapio ja Anna Eriksson).  <\/p>\n<\/div><figure class=\"wp-block-media-text__media\"><\/figure><\/div>\n\n\n\n<hr class=\"wp-block-separator has-alpha-channel-opacity\" \/>\n\n\n\n<h2 class=\"wp-block-heading\">Keskeisi\u00e4 artisteja\/yhtyeit\u00e4: <\/h2>\n\n\n\n<p><strong>Maija Vilkkumaa &#8211; Ei (2003)<\/strong><\/p>\n\n\n\n<figure class=\"wp-block-embed is-type-video is-provider-youtube wp-block-embed-youtube wp-embed-aspect-16-9 wp-has-aspect-ratio\"><div class=\"wp-block-embed__wrapper\">\n<iframe loading=\"lazy\" title=\"Maija Vilkkumaa - Ei (Musiikkivideo HD)\" width=\"640\" height=\"360\" src=\"https:\/\/www.youtube.com\/embed\/bu1VZbOOHqQ?feature=oembed\" frameborder=\"0\" allow=\"accelerometer; autoplay; clipboard-write; encrypted-media; gyroscope; picture-in-picture; web-share\" referrerpolicy=\"strict-origin-when-cross-origin\" allowfullscreen><\/iframe>\n<\/div><\/figure>\n\n\n\n<div style=\"height:100px\" aria-hidden=\"true\" class=\"wp-block-spacer\"><\/div>\n\n\n\n<p><strong>Anssi Kela &#8211; Nummela (2001)<\/strong><\/p>\n\n\n\n<figure class=\"wp-block-embed is-type-video is-provider-youtube wp-block-embed-youtube wp-embed-aspect-4-3 wp-has-aspect-ratio\"><div class=\"wp-block-embed__wrapper\">\n<iframe loading=\"lazy\" title=\"Nummela\" width=\"640\" height=\"480\" src=\"https:\/\/www.youtube.com\/embed\/HYIYSEPqjoY?feature=oembed\" frameborder=\"0\" allow=\"accelerometer; autoplay; clipboard-write; encrypted-media; gyroscope; picture-in-picture; web-share\" referrerpolicy=\"strict-origin-when-cross-origin\" allowfullscreen><\/iframe>\n<\/div><\/figure>\n\n\n\n<div style=\"height:100px\" aria-hidden=\"true\" class=\"wp-block-spacer\"><\/div>\n\n\n\n<p><strong>Darude &#8211; Sandstorm (2000)<\/strong><\/p>\n\n\n\n<figure class=\"wp-block-embed is-type-video is-provider-youtube wp-block-embed-youtube wp-embed-aspect-16-9 wp-has-aspect-ratio\"><div class=\"wp-block-embed__wrapper\">\n<iframe loading=\"lazy\" title=\"Darude - Sandstorm\" width=\"640\" height=\"360\" src=\"https:\/\/www.youtube.com\/embed\/y6120QOlsfU?feature=oembed\" frameborder=\"0\" allow=\"accelerometer; autoplay; clipboard-write; encrypted-media; gyroscope; picture-in-picture; web-share\" referrerpolicy=\"strict-origin-when-cross-origin\" allowfullscreen><\/iframe>\n<\/div><\/figure>\n\n\n\n<div style=\"height:100px\" aria-hidden=\"true\" class=\"wp-block-spacer\"><\/div>\n\n\n\n<p><strong>Bomfunk MC&#8217;s &#8211; Freestyler (1999)<\/strong><\/p>\n\n\n\n<figure class=\"wp-block-embed is-type-video is-provider-youtube wp-block-embed-youtube wp-embed-aspect-16-9 wp-has-aspect-ratio\"><div class=\"wp-block-embed__wrapper\">\n<iframe loading=\"lazy\" title=\"Bomfunk MC&#039;s - Freestyler (Video Original Version)\" width=\"640\" height=\"360\" src=\"https:\/\/www.youtube.com\/embed\/ymNFyxvIdaM?feature=oembed\" frameborder=\"0\" allow=\"accelerometer; autoplay; clipboard-write; encrypted-media; gyroscope; picture-in-picture; web-share\" referrerpolicy=\"strict-origin-when-cross-origin\" allowfullscreen><\/iframe>\n<\/div><\/figure>\n\n\n\n<div style=\"height:100px\" aria-hidden=\"true\" class=\"wp-block-spacer\"><\/div>\n\n\n\n<p><strong>PMMP &#8211; Rusketusraidat (2003)<\/strong><\/p>\n\n\n\n<figure class=\"wp-block-embed is-type-video is-provider-youtube wp-block-embed-youtube wp-embed-aspect-16-9 wp-has-aspect-ratio\"><div class=\"wp-block-embed__wrapper\">\n<iframe loading=\"lazy\" title=\"PMMP - Rusketusraidat\" width=\"640\" height=\"360\" src=\"https:\/\/www.youtube.com\/embed\/uW8m_w75vRs?feature=oembed\" frameborder=\"0\" allow=\"accelerometer; autoplay; clipboard-write; encrypted-media; gyroscope; picture-in-picture; web-share\" referrerpolicy=\"strict-origin-when-cross-origin\" allowfullscreen><\/iframe>\n<\/div><\/figure>\n\n\n\n<div style=\"height:100px\" aria-hidden=\"true\" class=\"wp-block-spacer\"><\/div>\n\n\n\n<p><strong>Kotiteollisuus &#8211; Min\u00e4 olen (2003)<\/strong><\/p>\n\n\n\n<figure class=\"wp-block-embed is-type-video is-provider-youtube wp-block-embed-youtube wp-embed-aspect-4-3 wp-has-aspect-ratio\"><div class=\"wp-block-embed__wrapper\">\n<iframe loading=\"lazy\" title=\"Min\u00e4 olen\" width=\"640\" height=\"480\" src=\"https:\/\/www.youtube.com\/embed\/Aiua4ray-sY?feature=oembed\" frameborder=\"0\" allow=\"accelerometer; autoplay; clipboard-write; encrypted-media; gyroscope; picture-in-picture; web-share\" referrerpolicy=\"strict-origin-when-cross-origin\" allowfullscreen><\/iframe>\n<\/div><\/figure>\n","protected":false},"excerpt":{"rendered":"<p>Tuotteistaminen ja laulukilpailut Kansainv\u00e4lisenkin trendin mukaan artisteja yritet\u00e4\u00e4n tuotteistaa koko ajan enemm\u00e4n. Uudet laulukilpailuformaatit (kuten Idols, Popstars) edist\u00e4v\u00e4t t\u00e4t\u00e4 ajatusta ja uusia tuotteita pyrit\u00e4\u00e4n saamaan koko ajan lis\u00e4\u00e4. Suomirockin ja suomipopin uusi tuleminen Suomenkielist\u00e4 poppia ja rockia alkaa nousta pintaan koko ajan enemm\u00e4n. Suosittuja ovat esimerkiksi naisrokkarit Maija Vilkkumaa, Jonna Tervomaa ja Tik Tak ja Anssi Kela. Artistien kappaleista muodostuu suomipopin sukupolvikokemuksia. My\u00f6s suomenkielist\u00e4 metallimusiikkia saadaan lis\u00e4\u00e4 (esim. Kotiteollisuus, Viikate tai Timo Rautiainen &amp; Niskalaukaus) Suomitekno valloittaa maailmaa Daruden Sandstorm&#8230;<\/p>\n<p class=\"read-more\"><a class=\"btn btn-default\" href=\"https:\/\/blog.edu.turku.fi\/ylimaariamusa\/kotimaisen-kevyen-musiikin-vuosikymmenet\/2000-luku\/\"> Read More<span class=\"screen-reader-text\">  Read More<\/span><\/a><\/p>\n","protected":false},"author":3442,"featured_media":0,"parent":72,"menu_order":0,"comment_status":"closed","ping_status":"closed","template":"","meta":{"footnotes":""},"class_list":["post-99","page","type-page","status-publish","hentry"],"_links":{"self":[{"href":"https:\/\/blog.edu.turku.fi\/ylimaariamusa\/wp-json\/wp\/v2\/pages\/99","targetHints":{"allow":["GET"]}}],"collection":[{"href":"https:\/\/blog.edu.turku.fi\/ylimaariamusa\/wp-json\/wp\/v2\/pages"}],"about":[{"href":"https:\/\/blog.edu.turku.fi\/ylimaariamusa\/wp-json\/wp\/v2\/types\/page"}],"author":[{"embeddable":true,"href":"https:\/\/blog.edu.turku.fi\/ylimaariamusa\/wp-json\/wp\/v2\/users\/3442"}],"replies":[{"embeddable":true,"href":"https:\/\/blog.edu.turku.fi\/ylimaariamusa\/wp-json\/wp\/v2\/comments?post=99"}],"version-history":[{"count":6,"href":"https:\/\/blog.edu.turku.fi\/ylimaariamusa\/wp-json\/wp\/v2\/pages\/99\/revisions"}],"predecessor-version":[{"id":513,"href":"https:\/\/blog.edu.turku.fi\/ylimaariamusa\/wp-json\/wp\/v2\/pages\/99\/revisions\/513"}],"up":[{"embeddable":true,"href":"https:\/\/blog.edu.turku.fi\/ylimaariamusa\/wp-json\/wp\/v2\/pages\/72"}],"wp:attachment":[{"href":"https:\/\/blog.edu.turku.fi\/ylimaariamusa\/wp-json\/wp\/v2\/media?parent=99"}],"curies":[{"name":"wp","href":"https:\/\/api.w.org\/{rel}","templated":true}]}}