{"id":95,"date":"2024-11-29T12:19:11","date_gmt":"2024-11-29T10:19:11","guid":{"rendered":"https:\/\/blog.edu.turku.fi\/ylimaariamusa\/?page_id=95"},"modified":"2025-10-28T12:59:45","modified_gmt":"2025-10-28T10:59:45","slug":"1980-luku","status":"publish","type":"page","link":"https:\/\/blog.edu.turku.fi\/ylimaariamusa\/kotimaisen-kevyen-musiikin-vuosikymmenet\/1980-luku\/","title":{"rendered":"1980-luku"},"content":{"rendered":"\n<figure class=\"wp-block-image size-full is-resized\"><img loading=\"lazy\" decoding=\"async\" width=\"1024\" height=\"1024\" src=\"https:\/\/blog.edu.turku.fi\/ylimaariamusa\/files\/2025\/02\/Nimeni_on_Dingo-1.jpg\" alt=\"Nimeni on Dingo - levyn kansi. Stefan Bremer \/ Markus Heikker\u00f6. - Skannaus kannesta.\" class=\"wp-image-298\" style=\"width:527px;height:auto\" srcset=\"https:\/\/blog.edu.turku.fi\/ylimaariamusa\/files\/2025\/02\/Nimeni_on_Dingo-1.jpg 1024w, https:\/\/blog.edu.turku.fi\/ylimaariamusa\/files\/2025\/02\/Nimeni_on_Dingo-1-300x300.jpg 300w, https:\/\/blog.edu.turku.fi\/ylimaariamusa\/files\/2025\/02\/Nimeni_on_Dingo-1-150x150.jpg 150w, https:\/\/blog.edu.turku.fi\/ylimaariamusa\/files\/2025\/02\/Nimeni_on_Dingo-1-768x768.jpg 768w, https:\/\/blog.edu.turku.fi\/ylimaariamusa\/files\/2025\/02\/Nimeni_on_Dingo-1-270x270.jpg 270w\" sizes=\"auto, (max-width: 1024px) 100vw, 1024px\" \/><\/figure>\n\n\n\n<hr class=\"wp-block-separator has-alpha-channel-opacity\" \/>\n\n\n\n<div class=\"wp-block-media-text is-stacked-on-mobile\" style=\"grid-template-columns:37% auto\"><figure class=\"wp-block-media-text__media\"><img loading=\"lazy\" decoding=\"async\" width=\"1200\" height=\"1677\" src=\"https:\/\/blog.edu.turku.fi\/ylimaariamusa\/files\/2025\/02\/39-135492066f65cfcb172a.avif\" alt=\"Vuonna 1986 Only Lonely -LP:n takakansikuva oli kaukana huopahattukuvista. Kuva: M &amp; T Production\" class=\"wp-image-291 size-full\" \/><\/figure><div class=\"wp-block-media-text__content\">\n<p><strong>Dingo villitsee ja rock-radio aloittaa<\/strong><\/p>\n\n\n\n<p><strong>Suomirock-yhtyeit\u00e4 <\/strong>syntyy lis\u00e4\u00e4 ja heist\u00e4 ylivoimaisesti suurinta hysteriaa aiheuttaa <strong><em>Dingo<\/em>.<\/strong> Muita suosittuja pop-yhtyeit\u00e4 ovat esimerkiksi <strong><em>Bogart Co<\/em><\/strong> (kuvassa) ja<strong> <\/strong><em><strong>SIG<\/strong>.<\/em><\/p>\n\n\n\n<p>Valtakunnallinen rock-radio aloittaa toimintansa 1980.<\/p>\n<\/div><\/div>\n\n\n\n<div style=\"height:100px\" aria-hidden=\"true\" class=\"wp-block-spacer\"><\/div>\n\n\n\n<div class=\"wp-block-media-text has-media-on-the-right is-stacked-on-mobile\" style=\"grid-template-columns:auto 38%\"><div class=\"wp-block-media-text__content\">\n<p><strong>Suomi-rockin kulta-aika ja vientirock<\/strong><\/p>\n\n\n\n<p>Suomirock-b\u00e4ndeist\u00e4 esimerkiksi <strong><em>Eppu Normaali<\/em><\/strong> ja <strong><em>Popeda<\/em> <\/strong>ovat huippusuosittuja. <strong><em>J. Karjalainen<\/em><\/strong> ly\u00f6 itsens\u00e4 my\u00f6s l\u00e4pi 1980-luvulla. <\/p>\n\n\n\n<p><strong><em>Hanoi Rocks<\/em><\/strong> hankkii merkitt\u00e4v\u00e4\u00e4 <strong>menestyst\u00e4<\/strong> ensimm\u00e4isen\u00e4 suomalaisena b\u00e4ndin\u00e4 <strong>kansainv\u00e4lisill\u00e4 markkinoilla<\/strong>. Samaa kansainv\u00e4listymist\u00e4 yritt\u00e4v\u00e4t my\u00f6s esim.<strong> <em>Peer Gynt<\/em><\/strong> ja <em><strong>Boycott<\/strong>.<\/em><\/p>\n\n\n\n<p><\/p>\n<\/div><figure class=\"wp-block-media-text__media\"><img loading=\"lazy\" decoding=\"async\" width=\"768\" height=\"1024\" src=\"https:\/\/blog.edu.turku.fi\/ylimaariamusa\/files\/2025\/02\/Eppu_Normaali_1980.jpg\" alt=\"\" class=\"wp-image-292 size-full\" srcset=\"https:\/\/blog.edu.turku.fi\/ylimaariamusa\/files\/2025\/02\/Eppu_Normaali_1980.jpg 768w, https:\/\/blog.edu.turku.fi\/ylimaariamusa\/files\/2025\/02\/Eppu_Normaali_1980-225x300.jpg 225w, https:\/\/blog.edu.turku.fi\/ylimaariamusa\/files\/2025\/02\/Eppu_Normaali_1980-203x270.jpg 203w\" sizes=\"auto, (max-width: 768px) 100vw, 768px\" \/><\/figure><\/div>\n\n\n\n<div style=\"height:100px\" aria-hidden=\"true\" class=\"wp-block-spacer\"><\/div>\n\n\n\n<div class=\"wp-block-media-text is-stacked-on-mobile\"><figure class=\"wp-block-media-text__media\"><img loading=\"lazy\" decoding=\"async\" width=\"800\" height=\"645\" src=\"https:\/\/blog.edu.turku.fi\/ylimaariamusa\/files\/2025\/02\/4030369971_0c813a65bb_c.jpg\" alt=\"\" class=\"wp-image-293 size-full\" srcset=\"https:\/\/blog.edu.turku.fi\/ylimaariamusa\/files\/2025\/02\/4030369971_0c813a65bb_c.jpg 800w, https:\/\/blog.edu.turku.fi\/ylimaariamusa\/files\/2025\/02\/4030369971_0c813a65bb_c-300x242.jpg 300w, https:\/\/blog.edu.turku.fi\/ylimaariamusa\/files\/2025\/02\/4030369971_0c813a65bb_c-768x619.jpg 768w, https:\/\/blog.edu.turku.fi\/ylimaariamusa\/files\/2025\/02\/4030369971_0c813a65bb_c-335x270.jpg 335w\" sizes=\"auto, (max-width: 800px) 100vw, 800px\" \/><\/figure><div class=\"wp-block-media-text__content\">\n<p><strong>Sky channel ja suomihiphop<\/strong><\/p>\n\n\n\n<p><strong>Satelliitti-tv<\/strong> tuo mukanaan <strong>kansainv\u00e4liset musiikkivideot<\/strong> my\u00f6s suomalaisten n\u00e4ht\u00e4ville (mm. <strong>MTV<\/strong> aloittaa toimintansa.)<\/p>\n\n\n\n<p>Ensimm\u00e4iset <strong>suomeksi r\u00e4pp\u00e4\u00e4v\u00e4t b\u00e4ndit<\/strong> esim. <strong><em>Raptori<\/em> <\/strong>ja <strong><em>P\u00e4\u00e4kk\u00f6set<\/em><\/strong> saavat jalansijaa Suomen musiikkimarkkinoilla.  <\/p>\n<\/div><\/div>\n\n\n\n<div style=\"height:100px\" aria-hidden=\"true\" class=\"wp-block-spacer\"><\/div>\n\n\n\n<div class=\"wp-block-media-text has-media-on-the-right is-stacked-on-mobile\" style=\"grid-template-columns:auto 34%\"><div class=\"wp-block-media-text__content\">\n<p><strong>Sein\u00e4joen Tangomarkkinat<\/strong><\/p>\n\n\n\n<p>Vuosittaisilla supersuosituilla <strong>Tangomarkkinoilla <\/strong>kruunataan tangokuninkaalliset. <strong><em>Arja Koriseva<\/em><\/strong> kruunataan 1989 tangokuningattareksi. <\/p>\n\n\n\n<p><strong>Tanssilavakulttuuri<\/strong> n\u00e4ytt\u00e4\u00e4 elpymisen merkkej\u00e4 osittain tangohuuman ansiosta. <\/p>\n<\/div><figure class=\"wp-block-media-text__media\"><img loading=\"lazy\" decoding=\"async\" width=\"399\" height=\"599\" src=\"https:\/\/blog.edu.turku.fi\/ylimaariamusa\/files\/2025\/02\/399px-Arja_Koriseva_Vihreat_Niityt_iskelmatapahtumassa_2006.jpg\" alt=\"\" class=\"wp-image-294 size-full\" srcset=\"https:\/\/blog.edu.turku.fi\/ylimaariamusa\/files\/2025\/02\/399px-Arja_Koriseva_Vihreat_Niityt_iskelmatapahtumassa_2006.jpg 399w, https:\/\/blog.edu.turku.fi\/ylimaariamusa\/files\/2025\/02\/399px-Arja_Koriseva_Vihreat_Niityt_iskelmatapahtumassa_2006-200x300.jpg 200w, https:\/\/blog.edu.turku.fi\/ylimaariamusa\/files\/2025\/02\/399px-Arja_Koriseva_Vihreat_Niityt_iskelmatapahtumassa_2006-180x270.jpg 180w\" sizes=\"auto, (max-width: 399px) 100vw, 399px\" \/><\/figure><\/div>\n\n\n\n<div style=\"height:100px\" aria-hidden=\"true\" class=\"wp-block-spacer\"><\/div>\n\n\n\n<div class=\"wp-block-media-text is-stacked-on-mobile\"><figure class=\"wp-block-media-text__media\"><img loading=\"lazy\" decoding=\"async\" width=\"588\" height=\"600\" src=\"https:\/\/blog.edu.turku.fi\/ylimaariamusa\/files\/2025\/02\/Sony_walkman_1979.jpg\" alt=\"\" class=\"wp-image-295 size-full\" srcset=\"https:\/\/blog.edu.turku.fi\/ylimaariamusa\/files\/2025\/02\/Sony_walkman_1979.jpg 588w, https:\/\/blog.edu.turku.fi\/ylimaariamusa\/files\/2025\/02\/Sony_walkman_1979-294x300.jpg 294w, https:\/\/blog.edu.turku.fi\/ylimaariamusa\/files\/2025\/02\/Sony_walkman_1979-265x270.jpg 265w\" sizes=\"auto, (max-width: 588px) 100vw, 588px\" \/><\/figure><div class=\"wp-block-media-text__content\">\n<p><strong>Korvalappustereot ja CD-levy<\/strong><\/p>\n\n\n\n<p><strong>Walkmaneja<\/strong>, eli kannettavia kasettisoittimia (korvalappustereot) alkaa n\u00e4ky\u00e4 k\u00e4yt\u00f6ss\u00e4. <\/p>\n\n\n\n<p>Uusi musiikin tallennuksen v\u00e4line <strong>CD-levy keksit\u00e4\u00e4n.<\/strong> Digitaaliseen muotoon muutettu \u00e4\u00e4ni on mullistava keksint\u00f6 tulevaisuuden musiikinteon kannalta. <\/p>\n<\/div><\/div>\n\n\n\n<div style=\"height:100px\" aria-hidden=\"true\" class=\"wp-block-spacer\"><\/div>\n\n\n\n<h2 class=\"wp-block-heading\">Keskeisi\u00e4 artisteja ja yhtyeit\u00e4:<br><\/h2>\n\n\n\n<h3 class=\"wp-block-heading\">Dingo &#8211; Levoton tuhkimo<\/h3>\n\n\n\n<figure class=\"wp-block-embed is-type-video is-provider-youtube wp-block-embed-youtube wp-embed-aspect-4-3 wp-has-aspect-ratio\"><div class=\"wp-block-embed__wrapper\">\n<iframe loading=\"lazy\" title=\"Dingo - Levoton tuhkimo\" width=\"640\" height=\"480\" src=\"https:\/\/www.youtube.com\/embed\/tHEKafMBEuA?feature=oembed\" frameborder=\"0\" allow=\"accelerometer; autoplay; clipboard-write; encrypted-media; gyroscope; picture-in-picture; web-share\" referrerpolicy=\"strict-origin-when-cross-origin\" allowfullscreen><\/iframe>\n<\/div><\/figure>\n\n\n\n<div style=\"height:100px\" aria-hidden=\"true\" class=\"wp-block-spacer\"><\/div>\n\n\n\n<h3 class=\"wp-block-heading\">Eppu Normaali &#8211; Kitara, taivas ja t\u00e4hdet<\/h3>\n\n\n\n<figure class=\"wp-block-embed is-type-video is-provider-youtube wp-block-embed-youtube wp-embed-aspect-4-3 wp-has-aspect-ratio\"><div class=\"wp-block-embed__wrapper\">\n<iframe loading=\"lazy\" title=\"Kitara, Taivas Ja T\u00e4hdet\" width=\"640\" height=\"480\" src=\"https:\/\/www.youtube.com\/embed\/bqPDiO8fQS0?feature=oembed\" frameborder=\"0\" allow=\"accelerometer; autoplay; clipboard-write; encrypted-media; gyroscope; picture-in-picture; web-share\" referrerpolicy=\"strict-origin-when-cross-origin\" allowfullscreen><\/iframe>\n<\/div><\/figure>\n\n\n\n<div style=\"height:100px\" aria-hidden=\"true\" class=\"wp-block-spacer\"><\/div>\n\n\n\n<h3 class=\"wp-block-heading\">Bogart Co. &#8211; All The Best Girls<\/h3>\n\n\n\n<figure class=\"wp-block-embed is-type-video is-provider-youtube wp-block-embed-youtube wp-embed-aspect-4-3 wp-has-aspect-ratio\"><div class=\"wp-block-embed__wrapper\">\n<iframe loading=\"lazy\" title=\"Bogart Co. - All The Best Girls\" width=\"640\" height=\"480\" src=\"https:\/\/www.youtube.com\/embed\/CGP1xtVQHwM?feature=oembed\" frameborder=\"0\" allow=\"accelerometer; autoplay; clipboard-write; encrypted-media; gyroscope; picture-in-picture; web-share\" referrerpolicy=\"strict-origin-when-cross-origin\" allowfullscreen><\/iframe>\n<\/div><\/figure>\n\n\n\n<div style=\"height:100px\" aria-hidden=\"true\" class=\"wp-block-spacer\"><\/div>\n\n\n\n<h3 class=\"wp-block-heading\">J. Karjalainen &#8211; H\u00e4n<\/h3>\n\n\n\n<figure class=\"wp-block-embed is-type-video is-provider-youtube wp-block-embed-youtube wp-embed-aspect-4-3 wp-has-aspect-ratio\"><div class=\"wp-block-embed__wrapper\">\n<iframe loading=\"lazy\" title=\"H\u00e4n\" width=\"640\" height=\"480\" src=\"https:\/\/www.youtube.com\/embed\/W4jPEBQV8zw?feature=oembed\" frameborder=\"0\" allow=\"accelerometer; autoplay; clipboard-write; encrypted-media; gyroscope; picture-in-picture; web-share\" referrerpolicy=\"strict-origin-when-cross-origin\" allowfullscreen><\/iframe>\n<\/div><\/figure>\n\n\n\n<div style=\"height:100px\" aria-hidden=\"true\" class=\"wp-block-spacer\"><\/div>\n\n\n\n<h3 class=\"wp-block-heading\">Arja Koriseva &#8211; Enkelin silmin<\/h3>\n\n\n\n<figure class=\"wp-block-embed is-type-video is-provider-youtube wp-block-embed-youtube wp-embed-aspect-4-3 wp-has-aspect-ratio\"><div class=\"wp-block-embed__wrapper\">\n<iframe loading=\"lazy\" title=\"Enkelin silmin\" width=\"640\" height=\"480\" src=\"https:\/\/www.youtube.com\/embed\/HliIgGF-_KI?feature=oembed\" frameborder=\"0\" allow=\"accelerometer; autoplay; clipboard-write; encrypted-media; gyroscope; picture-in-picture; web-share\" referrerpolicy=\"strict-origin-when-cross-origin\" allowfullscreen><\/iframe>\n<\/div><\/figure>\n\n\n\n<div style=\"height:100px\" aria-hidden=\"true\" class=\"wp-block-spacer\"><\/div>\n\n\n\n<h3 class=\"wp-block-heading\">Hanoi Rocks &#8211; Tragedy<\/h3>\n\n\n\n<figure class=\"wp-block-embed is-type-video is-provider-youtube wp-block-embed-youtube wp-embed-aspect-4-3 wp-has-aspect-ratio\"><div class=\"wp-block-embed__wrapper\">\n<iframe loading=\"lazy\" title=\"Hanoi Rocks - Tragedy\" width=\"640\" height=\"480\" src=\"https:\/\/www.youtube.com\/embed\/aM4BqmRA9WM?feature=oembed\" frameborder=\"0\" allow=\"accelerometer; autoplay; clipboard-write; encrypted-media; gyroscope; picture-in-picture; web-share\" referrerpolicy=\"strict-origin-when-cross-origin\" allowfullscreen><\/iframe>\n<\/div><\/figure>\n\n\n\n<div style=\"height:100px\" aria-hidden=\"true\" class=\"wp-block-spacer\"><\/div>\n\n\n\n<hr class=\"wp-block-separator has-alpha-channel-opacity\" \/>\n\n\n\n<p><a href=\"https:\/\/blog.edu.turku.fi\/ylimaariamusa\/kotimaisen-kevyen-musiikin-vuosikymmenet\/1970-luku\/\">&lt;&lt;&lt; 1970-luku<\/a><\/p>\n\n\n\n<p class=\"has-text-align-right\"><a href=\"https:\/\/blog.edu.turku.fi\/ylimaariamusa\/kotimaisen-kevyen-musiikin-vuosikymmenet\/1990-luku\/\">1990-luku &gt;&gt;&gt;<\/a><\/p>\n\n\n\n<p><\/p>\n","protected":false},"excerpt":{"rendered":"<p>Dingo villitsee ja rock-radio aloittaa Suomirock-yhtyeit\u00e4 syntyy lis\u00e4\u00e4 ja heist\u00e4 ylivoimaisesti suurinta hysteriaa aiheuttaa Dingo. Muita suosittuja pop-yhtyeit\u00e4 ovat esimerkiksi Bogart Co (kuvassa) ja SIG. Valtakunnallinen rock-radio aloittaa toimintansa 1980. Suomi-rockin kulta-aika ja vientirock Suomirock-b\u00e4ndeist\u00e4 esimerkiksi Eppu Normaali ja Popeda ovat huippusuosittuja. J. Karjalainen ly\u00f6 itsens\u00e4 my\u00f6s l\u00e4pi 1980-luvulla. Hanoi Rocks hankkii merkitt\u00e4v\u00e4\u00e4 menestyst\u00e4 ensimm\u00e4isen\u00e4 suomalaisena b\u00e4ndin\u00e4 kansainv\u00e4lisill\u00e4 markkinoilla. Samaa kansainv\u00e4listymist\u00e4 yritt\u00e4v\u00e4t my\u00f6s esim. Peer Gynt ja Boycott. Sky channel ja suomihiphop Satelliitti-tv tuo mukanaan kansainv\u00e4liset musiikkivideot my\u00f6s suomalaisten n\u00e4ht\u00e4ville&#8230;<\/p>\n<p class=\"read-more\"><a class=\"btn btn-default\" href=\"https:\/\/blog.edu.turku.fi\/ylimaariamusa\/kotimaisen-kevyen-musiikin-vuosikymmenet\/1980-luku\/\"> Read More<span class=\"screen-reader-text\">  Read More<\/span><\/a><\/p>\n","protected":false},"author":3442,"featured_media":0,"parent":72,"menu_order":0,"comment_status":"closed","ping_status":"closed","template":"","meta":{"footnotes":""},"class_list":["post-95","page","type-page","status-publish","hentry"],"_links":{"self":[{"href":"https:\/\/blog.edu.turku.fi\/ylimaariamusa\/wp-json\/wp\/v2\/pages\/95","targetHints":{"allow":["GET"]}}],"collection":[{"href":"https:\/\/blog.edu.turku.fi\/ylimaariamusa\/wp-json\/wp\/v2\/pages"}],"about":[{"href":"https:\/\/blog.edu.turku.fi\/ylimaariamusa\/wp-json\/wp\/v2\/types\/page"}],"author":[{"embeddable":true,"href":"https:\/\/blog.edu.turku.fi\/ylimaariamusa\/wp-json\/wp\/v2\/users\/3442"}],"replies":[{"embeddable":true,"href":"https:\/\/blog.edu.turku.fi\/ylimaariamusa\/wp-json\/wp\/v2\/comments?post=95"}],"version-history":[{"count":12,"href":"https:\/\/blog.edu.turku.fi\/ylimaariamusa\/wp-json\/wp\/v2\/pages\/95\/revisions"}],"predecessor-version":[{"id":493,"href":"https:\/\/blog.edu.turku.fi\/ylimaariamusa\/wp-json\/wp\/v2\/pages\/95\/revisions\/493"}],"up":[{"embeddable":true,"href":"https:\/\/blog.edu.turku.fi\/ylimaariamusa\/wp-json\/wp\/v2\/pages\/72"}],"wp:attachment":[{"href":"https:\/\/blog.edu.turku.fi\/ylimaariamusa\/wp-json\/wp\/v2\/media?parent=95"}],"curies":[{"name":"wp","href":"https:\/\/api.w.org\/{rel}","templated":true}]}}