{"id":93,"date":"2024-11-29T12:18:49","date_gmt":"2024-11-29T10:18:49","guid":{"rendered":"https:\/\/blog.edu.turku.fi\/ylimaariamusa\/?page_id=93"},"modified":"2025-03-06T13:30:35","modified_gmt":"2025-03-06T11:30:35","slug":"1970-luku","status":"publish","type":"page","link":"https:\/\/blog.edu.turku.fi\/ylimaariamusa\/kotimaisen-kevyen-musiikin-vuosikymmenet\/1970-luku\/","title":{"rendered":"1970-luku"},"content":{"rendered":"\n<figure class=\"wp-block-image size-full\"><img loading=\"lazy\" decoding=\"async\" width=\"800\" height=\"527\" src=\"https:\/\/blog.edu.turku.fi\/ylimaariamusa\/files\/2025\/02\/Jukka_Kuoppamaki_Karhupuisto_1970-1.jpg\" alt=\"\" class=\"wp-image-284\" srcset=\"https:\/\/blog.edu.turku.fi\/ylimaariamusa\/files\/2025\/02\/Jukka_Kuoppamaki_Karhupuisto_1970-1.jpg 800w, https:\/\/blog.edu.turku.fi\/ylimaariamusa\/files\/2025\/02\/Jukka_Kuoppamaki_Karhupuisto_1970-1-300x198.jpg 300w, https:\/\/blog.edu.turku.fi\/ylimaariamusa\/files\/2025\/02\/Jukka_Kuoppamaki_Karhupuisto_1970-1-768x506.jpg 768w, https:\/\/blog.edu.turku.fi\/ylimaariamusa\/files\/2025\/02\/Jukka_Kuoppamaki_Karhupuisto_1970-1-410x270.jpg 410w\" sizes=\"auto, (max-width: 800px) 100vw, 800px\" \/><figcaption class=\"wp-element-caption\">Jukka Kuoppam\u00e4ki keikalla Helsingin Karhupuistossa vuonna 1970. <\/figcaption><\/figure>\n\n\n\n<div style=\"height:100px\" aria-hidden=\"true\" class=\"wp-block-spacer\"><\/div>\n\n\n\n<div class=\"wp-block-media-text is-stacked-on-mobile\"><figure class=\"wp-block-media-text__media\"><img loading=\"lazy\" decoding=\"async\" width=\"799\" height=\"536\" src=\"https:\/\/blog.edu.turku.fi\/ylimaariamusa\/files\/2025\/02\/20841123933_8e2aeded76_c.jpg\" alt=\"\" class=\"wp-image-280 size-full\" srcset=\"https:\/\/blog.edu.turku.fi\/ylimaariamusa\/files\/2025\/02\/20841123933_8e2aeded76_c.jpg 799w, https:\/\/blog.edu.turku.fi\/ylimaariamusa\/files\/2025\/02\/20841123933_8e2aeded76_c-300x201.jpg 300w, https:\/\/blog.edu.turku.fi\/ylimaariamusa\/files\/2025\/02\/20841123933_8e2aeded76_c-768x515.jpg 768w, https:\/\/blog.edu.turku.fi\/ylimaariamusa\/files\/2025\/02\/20841123933_8e2aeded76_c-402x270.jpg 402w\" sizes=\"auto, (max-width: 799px) 100vw, 799px\" \/><\/figure><div class=\"wp-block-media-text__content\">\n<h2 class=\"wp-block-heading\"><strong>Ensimm\u00e4inen rock-festivaali Suomeen!<\/strong><\/h2>\n\n\n\n<p><strong>Ruisrock<\/strong> j\u00e4rjestet\u00e4\u00e4n ensimm\u00e4isen kerran vuonna <strong>1970<\/strong>. Ruisrockia j\u00e4rjestet\u00e4\u00e4n edelleen ja se on samalla Suomen pisimp\u00e4\u00e4n j\u00e4rjestetty rock-festivaali.<\/p>\n<\/div><\/div>\n\n\n\n<div style=\"height:100px\" aria-hidden=\"true\" class=\"wp-block-spacer\"><\/div>\n\n\n\n<div class=\"wp-block-media-text has-media-on-the-right is-stacked-on-mobile\" style=\"grid-template-columns:auto 37%\"><div class=\"wp-block-media-text__content\">\n<h2 class=\"wp-block-heading\"><strong>Suomirock syntyy ja Hurriganes villitsee!&nbsp;<\/strong><\/h2>\n\n\n\n<p>Suomeen alkaa synty\u00e4 uusi oma genrens\u00e4 <strong>suomirock<\/strong>. Alkutahdit suomirock-huumalle iskev\u00e4t esimerkiksi <strong>Rauli &#8221;Badding&#8221; Somerjoki ja Danny.<\/strong> Lis\u00e4ksi suomalainen, mutta englanniksi laulava rock-yhtye <strong>Hurriganes<\/strong> on kovassa suosiossa.&nbsp;<\/p>\n<\/div><figure class=\"wp-block-media-text__media\"><img loading=\"lazy\" decoding=\"async\" width=\"393\" height=\"599\" src=\"https:\/\/blog.edu.turku.fi\/ylimaariamusa\/files\/2025\/02\/Hurriganes-1980-Kaivopuisto-1.jpg\" alt=\"\" class=\"wp-image-282 size-full\" srcset=\"https:\/\/blog.edu.turku.fi\/ylimaariamusa\/files\/2025\/02\/Hurriganes-1980-Kaivopuisto-1.jpg 393w, https:\/\/blog.edu.turku.fi\/ylimaariamusa\/files\/2025\/02\/Hurriganes-1980-Kaivopuisto-1-197x300.jpg 197w, https:\/\/blog.edu.turku.fi\/ylimaariamusa\/files\/2025\/02\/Hurriganes-1980-Kaivopuisto-1-177x270.jpg 177w\" sizes=\"auto, (max-width: 393px) 100vw, 393px\" \/><\/figure><\/div>\n\n\n\n<div style=\"height:100px\" aria-hidden=\"true\" class=\"wp-block-spacer\"><\/div>\n\n\n\n<div class=\"wp-block-media-text is-stacked-on-mobile\" style=\"grid-template-columns:35% auto\"><figure class=\"wp-block-media-text__media\"><img loading=\"lazy\" decoding=\"async\" width=\"800\" height=\"531\" src=\"https:\/\/blog.edu.turku.fi\/ylimaariamusa\/files\/2025\/02\/Eurovisie_Songfestival_76_Den_Haag_Fredi__Friends_Finland_Bestanddeelnr_928-5024.jpg\" alt=\"\" class=\"wp-image-283 size-full\" srcset=\"https:\/\/blog.edu.turku.fi\/ylimaariamusa\/files\/2025\/02\/Eurovisie_Songfestival_76_Den_Haag_Fredi__Friends_Finland_Bestanddeelnr_928-5024.jpg 800w, https:\/\/blog.edu.turku.fi\/ylimaariamusa\/files\/2025\/02\/Eurovisie_Songfestival_76_Den_Haag_Fredi__Friends_Finland_Bestanddeelnr_928-5024-300x199.jpg 300w, https:\/\/blog.edu.turku.fi\/ylimaariamusa\/files\/2025\/02\/Eurovisie_Songfestival_76_Den_Haag_Fredi__Friends_Finland_Bestanddeelnr_928-5024-768x510.jpg 768w, https:\/\/blog.edu.turku.fi\/ylimaariamusa\/files\/2025\/02\/Eurovisie_Songfestival_76_Den_Haag_Fredi__Friends_Finland_Bestanddeelnr_928-5024-407x270.jpg 407w\" sizes=\"auto, (max-width: 800px) 100vw, 800px\" \/><\/figure><div class=\"wp-block-media-text__content\">\n<h2 class=\"wp-block-heading\"><strong>\u201cPerusiskelm\u00e4&#8221; jatkaa suosiotaan &#8211; pinnalle uusia artisteja<\/strong><\/h2>\n\n\n\n<p>Pitk\u00e4n ja menestyksekk\u00e4\u00e4n uran <strong>sanoittajana ja lauluntekij\u00e4n\u00e4 tehnyt Juice Leskinen<\/strong> tulee koko kansan tietoisuuteen. My\u00f6s esimerkiksi <strong>Matti ja Teppo<\/strong> sek\u00e4 <strong>Fredi <\/strong>soivat suomalaisissa kodeissa, radiossa ja televisiossa.&nbsp;<\/p>\n<\/div><\/div>\n\n\n\n<div style=\"height:100px\" aria-hidden=\"true\" class=\"wp-block-spacer\"><\/div>\n\n\n\n<div class=\"wp-block-media-text has-media-on-the-right is-stacked-on-mobile\"><div class=\"wp-block-media-text__content\">\n<h2 class=\"wp-block-heading\"><strong>Vastavoimat proge ja punk<\/strong><\/h2>\n\n\n\n<p>Suomalaiselle musiikkikent\u00e4lle muodostuu vastavoimia<strong> progressiivisten rock-yhtyeiden (proge) ja punk-b\u00e4ndien<\/strong> syntyess\u00e4.&nbsp;<\/p>\n\n\n\n<ul class=\"wp-block-list\">\n<li><strong>Proge-yhtyeet<\/strong> (kuten Tasavallan Presidentti) tekiv\u00e4t monimutkaisia s\u00e4vellyksi\u00e4, jotka <strong>korostivat muusikoiden soittotaitoa.&nbsp;<\/strong><\/li>\n<\/ul>\n\n\n\n<ul class=\"wp-block-list\">\n<li><strong>Punk-b\u00e4ndit<\/strong> (esim. Hassisen Kone, Pelle Miljoona) taas keskittyiv\u00e4t <strong>raivoamaan kaupallisuutta vastaan<\/strong> ja kriittiset sanoitukset olivat t\u00e4rke\u00e4mm\u00e4ss\u00e4 roolissa.&nbsp;<\/li>\n<\/ul>\n<\/div><figure class=\"wp-block-media-text__media\"><img loading=\"lazy\" decoding=\"async\" width=\"910\" height=\"1024\" src=\"https:\/\/blog.edu.turku.fi\/ylimaariamusa\/files\/2025\/02\/tasavallan-presidentti-1b70d3-1024.jpg\" alt=\"\" class=\"wp-image-285 size-full\" srcset=\"https:\/\/blog.edu.turku.fi\/ylimaariamusa\/files\/2025\/02\/tasavallan-presidentti-1b70d3-1024.jpg 910w, https:\/\/blog.edu.turku.fi\/ylimaariamusa\/files\/2025\/02\/tasavallan-presidentti-1b70d3-1024-267x300.jpg 267w, https:\/\/blog.edu.turku.fi\/ylimaariamusa\/files\/2025\/02\/tasavallan-presidentti-1b70d3-1024-768x864.jpg 768w, https:\/\/blog.edu.turku.fi\/ylimaariamusa\/files\/2025\/02\/tasavallan-presidentti-1b70d3-1024-240x270.jpg 240w\" sizes=\"auto, (max-width: 910px) 100vw, 910px\" \/><\/figure><\/div>\n\n\n\n<div style=\"height:100px\" aria-hidden=\"true\" class=\"wp-block-spacer\"><\/div>\n\n\n\n<div class=\"wp-block-media-text is-stacked-on-mobile\"><figure class=\"wp-block-media-text__media\"><img loading=\"lazy\" decoding=\"async\" width=\"700\" height=\"476\" src=\"https:\/\/blog.edu.turku.fi\/ylimaariamusa\/files\/2025\/02\/2kov026g.png\" alt=\"\" class=\"wp-image-286 size-full\" srcset=\"https:\/\/blog.edu.turku.fi\/ylimaariamusa\/files\/2025\/02\/2kov026g.png 700w, https:\/\/blog.edu.turku.fi\/ylimaariamusa\/files\/2025\/02\/2kov026g-300x204.png 300w, https:\/\/blog.edu.turku.fi\/ylimaariamusa\/files\/2025\/02\/2kov026g-397x270.png 397w\" sizes=\"auto, (max-width: 700px) 100vw, 700px\" \/><\/figure><div class=\"wp-block-media-text__content\">\n<h2 class=\"wp-block-heading\"><strong>Uusi musiikin tallennusv\u00e4line: c-kasetti!&nbsp;<\/strong><\/h2>\n\n\n\n<p><strong>Valmiiksi \u00e4\u00e4nitetyt c-kasetit<\/strong> mullistivat musiikin myymisen kuluttajille ja moninkertaistivat \u00e4\u00e4nitteiden myynnin.&nbsp;<\/p>\n<\/div><\/div>\n\n\n\n<div style=\"height:100px\" aria-hidden=\"true\" class=\"wp-block-spacer\"><\/div>\n\n\n\n<details class=\"wp-block-details is-layout-flow wp-block-details-is-layout-flow\"><summary>Keskeisi\u00e4 artisteja\/yhtyeit\u00e4\/muusikoita<\/summary>\n<details class=\"wp-block-details is-layout-flow wp-block-details-is-layout-flow\"><summary>Hurriganes<\/summary>\n<figure class=\"wp-block-embed is-type-video is-provider-youtube wp-block-embed-youtube wp-embed-aspect-4-3 wp-has-aspect-ratio\"><div class=\"wp-block-embed__wrapper\">\n<iframe loading=\"lazy\" title=\"Hurriganes - Get on - Tavastia 1974\" width=\"640\" height=\"480\" src=\"https:\/\/www.youtube.com\/embed\/M1pPwnah_eM?feature=oembed\" frameborder=\"0\" allow=\"accelerometer; autoplay; clipboard-write; encrypted-media; gyroscope; picture-in-picture; web-share\" referrerpolicy=\"strict-origin-when-cross-origin\" allowfullscreen><\/iframe>\n<\/div><\/figure>\n<\/details>\n\n\n\n<details class=\"wp-block-details is-layout-flow wp-block-details-is-layout-flow\"><summary>Rauli Badding Somerjoki <\/summary>\n<p><\/p>\n\n\n\n<figure class=\"wp-block-embed is-type-video is-provider-youtube wp-block-embed-youtube wp-embed-aspect-4-3 wp-has-aspect-ratio\"><div class=\"wp-block-embed__wrapper\">\n<iframe loading=\"lazy\" title=\"Rauli Badding Somerjoki - Paratiisi\" width=\"640\" height=\"480\" src=\"https:\/\/www.youtube.com\/embed\/BUGDsf7tW0I?feature=oembed\" frameborder=\"0\" allow=\"accelerometer; autoplay; clipboard-write; encrypted-media; gyroscope; picture-in-picture; web-share\" referrerpolicy=\"strict-origin-when-cross-origin\" allowfullscreen><\/iframe>\n<\/div><\/figure>\n\n\n\n<p><\/p>\n<\/details>\n\n\n\n<details class=\"wp-block-details is-layout-flow wp-block-details-is-layout-flow\"><summary>Danny <\/summary>\n<figure class=\"wp-block-embed is-type-video is-provider-youtube wp-block-embed-youtube wp-embed-aspect-4-3 wp-has-aspect-ratio\"><div class=\"wp-block-embed__wrapper\">\n<iframe loading=\"lazy\" title=\"DANNY Kes\u00e4katu\" width=\"640\" height=\"480\" src=\"https:\/\/www.youtube.com\/embed\/_TQVGIBNCtg?feature=oembed\" frameborder=\"0\" allow=\"accelerometer; autoplay; clipboard-write; encrypted-media; gyroscope; picture-in-picture; web-share\" referrerpolicy=\"strict-origin-when-cross-origin\" allowfullscreen><\/iframe>\n<\/div><\/figure>\n\n\n\n<p><\/p>\n<\/details>\n\n\n\n<details class=\"wp-block-details is-layout-flow wp-block-details-is-layout-flow\"><summary>Hassisen Kone<\/summary>\n<p><\/p>\n\n\n\n<figure class=\"wp-block-embed is-type-video is-provider-youtube wp-block-embed-youtube wp-embed-aspect-4-3 wp-has-aspect-ratio\"><div class=\"wp-block-embed__wrapper\">\n<iframe loading=\"lazy\" title=\"Rappiolla\" width=\"640\" height=\"480\" src=\"https:\/\/www.youtube.com\/embed\/-uHoB98tnIE?feature=oembed\" frameborder=\"0\" allow=\"accelerometer; autoplay; clipboard-write; encrypted-media; gyroscope; picture-in-picture; web-share\" referrerpolicy=\"strict-origin-when-cross-origin\" allowfullscreen><\/iframe>\n<\/div><\/figure>\n<\/details>\n\n\n\n<details class=\"wp-block-details is-layout-flow wp-block-details-is-layout-flow\"><summary>Juice Leskinen<\/summary>\n<p><\/p>\n\n\n\n<figure class=\"wp-block-embed is-type-video is-provider-youtube wp-block-embed-youtube wp-embed-aspect-4-3 wp-has-aspect-ratio\"><div class=\"wp-block-embed__wrapper\">\n<iframe loading=\"lazy\" title=\"Juice Leskinen - Viidestoista Y\u00f6\" width=\"640\" height=\"480\" src=\"https:\/\/www.youtube.com\/embed\/qQBLZMULSbo?feature=oembed\" frameborder=\"0\" allow=\"accelerometer; autoplay; clipboard-write; encrypted-media; gyroscope; picture-in-picture; web-share\" referrerpolicy=\"strict-origin-when-cross-origin\" allowfullscreen><\/iframe>\n<\/div><\/figure>\n<\/details>\n\n\n\n<details class=\"wp-block-details is-layout-flow wp-block-details-is-layout-flow\"><summary>Fredi<\/summary>\n<figure class=\"wp-block-embed is-type-video is-provider-youtube wp-block-embed-youtube wp-embed-aspect-16-9 wp-has-aspect-ratio\"><div class=\"wp-block-embed__wrapper\">\n<iframe loading=\"lazy\" title=\"Finland \ud83c\uddeb\ud83c\uddee - Eurovision 1976 - Fredi &amp; The Friends - Pump-Pump\" width=\"640\" height=\"360\" src=\"https:\/\/www.youtube.com\/embed\/xbLcgS2_8QU?feature=oembed\" frameborder=\"0\" allow=\"accelerometer; autoplay; clipboard-write; encrypted-media; gyroscope; picture-in-picture; web-share\" referrerpolicy=\"strict-origin-when-cross-origin\" allowfullscreen><\/iframe>\n<\/div><\/figure>\n<\/details>\n<\/details>\n\n\n\n<div style=\"height:100px\" aria-hidden=\"true\" class=\"wp-block-spacer\"><\/div>\n\n\n\n<hr class=\"wp-block-separator has-alpha-channel-opacity\" \/>\n\n\n\n<p><a href=\"https:\/\/blog.edu.turku.fi\/ylimaariamusa\/kotimaisen-kevyen-musiikin-vuosikymmenet\/1960-luku\/\">&lt;&lt;&lt; 1960-luku<\/a>                                                                                                                           <\/p>\n\n\n\n<p class=\"has-text-align-right\"><a href=\"https:\/\/blog.edu.turku.fi\/ylimaariamusa\/kotimaisen-kevyen-musiikin-vuosikymmenet\/1980-luku\/\">1980-luku &gt;&gt;&gt;<\/a><\/p>\n\n\n\n<p><\/p>\n","protected":false},"excerpt":{"rendered":"<p>Ensimm\u00e4inen rock-festivaali Suomeen! Ruisrock j\u00e4rjestet\u00e4\u00e4n ensimm\u00e4isen kerran vuonna 1970. Ruisrockia j\u00e4rjestet\u00e4\u00e4n edelleen ja se on samalla Suomen pisimp\u00e4\u00e4n j\u00e4rjestetty rock-festivaali. Suomirock syntyy ja Hurriganes villitsee!&nbsp; Suomeen alkaa synty\u00e4 uusi oma genrens\u00e4 suomirock. Alkutahdit suomirock-huumalle iskev\u00e4t esimerkiksi Rauli &#8221;Badding&#8221; Somerjoki ja Danny. Lis\u00e4ksi suomalainen, mutta englanniksi laulava rock-yhtye Hurriganes on kovassa suosiossa.&nbsp; \u201cPerusiskelm\u00e4&#8221; jatkaa suosiotaan &#8211; pinnalle uusia artisteja Pitk\u00e4n ja menestyksekk\u00e4\u00e4n uran sanoittajana ja lauluntekij\u00e4n\u00e4 tehnyt Juice Leskinen tulee koko kansan tietoisuuteen. My\u00f6s esimerkiksi Matti ja Teppo sek\u00e4 Fredi soivat&#8230;<\/p>\n<p class=\"read-more\"><a class=\"btn btn-default\" href=\"https:\/\/blog.edu.turku.fi\/ylimaariamusa\/kotimaisen-kevyen-musiikin-vuosikymmenet\/1970-luku\/\"> Read More<span class=\"screen-reader-text\">  Read More<\/span><\/a><\/p>\n","protected":false},"author":3442,"featured_media":0,"parent":72,"menu_order":0,"comment_status":"closed","ping_status":"closed","template":"","meta":{"footnotes":""},"class_list":["post-93","page","type-page","status-publish","hentry"],"_links":{"self":[{"href":"https:\/\/blog.edu.turku.fi\/ylimaariamusa\/wp-json\/wp\/v2\/pages\/93","targetHints":{"allow":["GET"]}}],"collection":[{"href":"https:\/\/blog.edu.turku.fi\/ylimaariamusa\/wp-json\/wp\/v2\/pages"}],"about":[{"href":"https:\/\/blog.edu.turku.fi\/ylimaariamusa\/wp-json\/wp\/v2\/types\/page"}],"author":[{"embeddable":true,"href":"https:\/\/blog.edu.turku.fi\/ylimaariamusa\/wp-json\/wp\/v2\/users\/3442"}],"replies":[{"embeddable":true,"href":"https:\/\/blog.edu.turku.fi\/ylimaariamusa\/wp-json\/wp\/v2\/comments?post=93"}],"version-history":[{"count":14,"href":"https:\/\/blog.edu.turku.fi\/ylimaariamusa\/wp-json\/wp\/v2\/pages\/93\/revisions"}],"predecessor-version":[{"id":328,"href":"https:\/\/blog.edu.turku.fi\/ylimaariamusa\/wp-json\/wp\/v2\/pages\/93\/revisions\/328"}],"up":[{"embeddable":true,"href":"https:\/\/blog.edu.turku.fi\/ylimaariamusa\/wp-json\/wp\/v2\/pages\/72"}],"wp:attachment":[{"href":"https:\/\/blog.edu.turku.fi\/ylimaariamusa\/wp-json\/wp\/v2\/media?parent=93"}],"curies":[{"name":"wp","href":"https:\/\/api.w.org\/{rel}","templated":true}]}}