{"id":91,"date":"2024-11-29T12:18:22","date_gmt":"2024-11-29T10:18:22","guid":{"rendered":"https:\/\/blog.edu.turku.fi\/ylimaariamusa\/?page_id=91"},"modified":"2025-01-29T10:17:27","modified_gmt":"2025-01-29T08:17:27","slug":"1960-luku","status":"publish","type":"page","link":"https:\/\/blog.edu.turku.fi\/ylimaariamusa\/kotimaisen-kevyen-musiikin-vuosikymmenet\/1960-luku\/","title":{"rendered":"1960-luku"},"content":{"rendered":"\n<p><strong>Klikkaa otsikkoa saadaksesi lis\u00e4tietoa!<\/strong><\/p>\n\n\n\n<details class=\"wp-block-details is-layout-flow wp-block-details-is-layout-flow\"><summary>Ulkomaista popmusiikkia aletaan kuunnella Suomessa.<\/summary>\n<p>Erityisesti liverpoolilaisyhtye<strong> The Beatles<\/strong> saavuttaa maailmanlaajuisen suosionsa lis\u00e4ksi my\u00f6s suomalaisten syd\u00e4met. <\/p>\n<\/details>\n\n\n\n<details class=\"wp-block-details is-layout-flow wp-block-details-is-layout-flow\"><summary>Letkajenkka suosioon!<\/summary>\n<p><strong>Katri Helenan<\/strong> pitk\u00e4 ja kunnioitettava ura alkaa (kuten my\u00f6s <strong>Paula Koivuniemen<\/strong>) ja letkajenkka villitsee. Samalla perinteisten tanssilavojen suosio alkaa kuitenkin hieman laskea.<\/p>\n<\/details>\n\n\n\n<details class=\"wp-block-details is-layout-flow wp-block-details-is-layout-flow\"><summary>Protestilaulut ja folk-musiikki nousevat pinnalle.<\/summary>\n<p><strong>Hectorin<\/strong> ja<strong> Irwin Goodmanin<\/strong> kaltaiset protestilaulujen sek\u00e4 humoristisenkin iskelm\u00e4n esitt\u00e4j\u00e4t ovat suosiossa. Samalla my\u00f6s musiikki toimii tehokkaammin yhteiskuntakritiikin v\u00e4lineen\u00e4. Uutena tyylin\u00e4 kehittyy my\u00f6s rautalankamusiikki, joka yhdist\u00e4\u00e4 kansanmusiikkia ja iskelm\u00e4\u00e4. <\/p>\n<\/details>\n\n\n\n<details class=\"wp-block-details is-layout-flow wp-block-details-is-layout-flow\"><summary>Televisio ja musiikkiohjelmat!<\/summary>\n<p>Musiikkiohjelmat ja -kilpailut yleistyv\u00e4t. Esimerkiksi <strong>Syksyn S\u00e4vel<\/strong> ja <strong>Levyraati<\/strong> alkavat. Viime aikoina kyseiset ohjelmat ovat tehneet paluuta. <\/p>\n<\/details>\n\n\n\n<details class=\"wp-block-details is-layout-flow wp-block-details-is-layout-flow\"><summary>Suomi osallistuu Euroviisuihin!<\/summary>\n<p>Suomi osallistuu ensimm\u00e4isen kerran <strong>Eurovision laulukilpailuihin vuonna 1961 Laila Kinnusen<\/strong> kappaleella <strong>Valoa ikkunassa.<\/strong> T\u00e4st\u00e4 alkaa pitk\u00e4 taival Euroviisuvoiton mets\u00e4styksess\u00e4. Toistaiseksi ainut suomalainen voittaja l\u00f6ytyy vuodelta 2006 (Lordi &#8211; Hard Rock Hallelujah)<\/p>\n\n\n\n<figure class=\"wp-block-embed is-type-video is-provider-youtube wp-block-embed-youtube wp-embed-aspect-16-9 wp-has-aspect-ratio\"><div class=\"wp-block-embed__wrapper\">\n<iframe loading=\"lazy\" title=\"ESC 1961 04 - Finland - Laila Kinnunen - Valoa Ikkunassa\" width=\"640\" height=\"360\" src=\"https:\/\/www.youtube.com\/embed\/xMu44znU-8A?feature=oembed\" frameborder=\"0\" allow=\"accelerometer; autoplay; clipboard-write; encrypted-media; gyroscope; picture-in-picture; web-share\" referrerpolicy=\"strict-origin-when-cross-origin\" allowfullscreen><\/iframe>\n<\/div><\/figure>\n<\/details>\n\n\n\n<details class=\"wp-block-details is-layout-flow wp-block-details-is-layout-flow\"><summary>Keskeisi\u00e4 artisteja\/yhtyeist\u00e4\/muusikoita<\/summary>\n<details class=\"wp-block-details is-layout-flow wp-block-details-is-layout-flow\"><summary>Katri Helena<\/summary>\n<p>Eritt\u00e4in pitk\u00e4n uran tehnyt suomalainen tulkitsija. J\u00e4\u00e4nyt suomalaisten mieleen hyvin monella eri kappaleella. Mukana my\u00f6s k\u00e4\u00e4nn\u00f6skappaleita. (<em>Katson autiota hiekkarantaa<\/em>)<\/p>\n\n\n\n<figure class=\"wp-block-embed is-type-video is-provider-youtube wp-block-embed-youtube wp-embed-aspect-4-3 wp-has-aspect-ratio\"><div class=\"wp-block-embed__wrapper\">\n<iframe loading=\"lazy\" title=\"Katson autiota hiekkarantaa\" width=\"640\" height=\"480\" src=\"https:\/\/www.youtube.com\/embed\/qbr8NsAVn7c?feature=oembed\" frameborder=\"0\" allow=\"accelerometer; autoplay; clipboard-write; encrypted-media; gyroscope; picture-in-picture; web-share\" referrerpolicy=\"strict-origin-when-cross-origin\" allowfullscreen><\/iframe>\n<\/div><\/figure>\n<\/details>\n\n\n\n<details class=\"wp-block-details is-layout-flow wp-block-details-is-layout-flow\"><summary>Irwin Goodman<\/summary>\n<p>Humoristisen iskelm\u00e4n ja omalla tavallaan rillumarei-perinteen jatkaja. Yhteiskunnallisesti kriittisi\u00e4 sanoituksia ja suosittuja kappaleita, jotka ovat j\u00e4\u00e4neet el\u00e4m\u00e4\u00e4n monen aikalaisen mieliss\u00e4. (<em>Vain el\u00e4m\u00e4\u00e4<\/em>)<\/p>\n\n\n\n<figure class=\"wp-block-embed is-type-video is-provider-youtube wp-block-embed-youtube wp-embed-aspect-4-3 wp-has-aspect-ratio\"><div class=\"wp-block-embed__wrapper\">\n<iframe loading=\"lazy\" title=\"Irwin Goodman - Vain el\u00e4m\u00e4\u00e4\" width=\"640\" height=\"480\" src=\"https:\/\/www.youtube.com\/embed\/teFVIKbdls0?feature=oembed\" frameborder=\"0\" allow=\"accelerometer; autoplay; clipboard-write; encrypted-media; gyroscope; picture-in-picture; web-share\" referrerpolicy=\"strict-origin-when-cross-origin\" allowfullscreen><\/iframe>\n<\/div><\/figure>\n\n\n\n<p><\/p>\n<\/details>\n\n\n\n<details class=\"wp-block-details is-layout-flow wp-block-details-is-layout-flow\"><summary>Hector<\/summary>\n<p>Protestilaulajanakin tunnetuksi tullut laulaja-lauluntekij\u00e4 Heikki Harma. Esitti paljon k\u00e4\u00e4nn\u00f6skappaleita, joista tuli isoja hittej\u00e4 ja suomalaisittain klassikoita. (<em>Lumi teki enkelin eteiseen<\/em>)<\/p>\n\n\n\n<figure class=\"wp-block-embed is-type-video is-provider-youtube wp-block-embed-youtube wp-embed-aspect-4-3 wp-has-aspect-ratio\"><div class=\"wp-block-embed__wrapper\">\n<iframe loading=\"lazy\" title=\"Lumi teki enkelin eteiseen\" width=\"640\" height=\"480\" src=\"https:\/\/www.youtube.com\/embed\/MRkfkqu08Vk?feature=oembed\" frameborder=\"0\" allow=\"accelerometer; autoplay; clipboard-write; encrypted-media; gyroscope; picture-in-picture; web-share\" referrerpolicy=\"strict-origin-when-cross-origin\" allowfullscreen><\/iframe>\n<\/div><\/figure>\n\n\n\n<p><\/p>\n<\/details>\n\n\n\n<details class=\"wp-block-details is-layout-flow wp-block-details-is-layout-flow\"><summary>Paula Koivuniemi<\/summary>\n<p>Paula Koivuniemi on suomalaisen iskelm\u00e4n kiintot\u00e4hti ja levytt\u00e4nyt useita suomalaisille tunnettuja kappaleita, osa niist\u00e4 k\u00e4\u00e4nn\u00f6skappaleita, kuten <em>(Aikuinen nainen<\/em>) <\/p>\n\n\n\n<figure class=\"wp-block-embed is-type-video is-provider-youtube wp-block-embed-youtube wp-embed-aspect-4-3 wp-has-aspect-ratio\"><div class=\"wp-block-embed__wrapper\">\n<iframe loading=\"lazy\" title=\"Aikuinen nainen - Maledetta Primavera\" width=\"640\" height=\"480\" src=\"https:\/\/www.youtube.com\/embed\/a0_tUUVeF0k?feature=oembed\" frameborder=\"0\" allow=\"accelerometer; autoplay; clipboard-write; encrypted-media; gyroscope; picture-in-picture; web-share\" referrerpolicy=\"strict-origin-when-cross-origin\" allowfullscreen><\/iframe>\n<\/div><\/figure>\n<\/details>\n\n\n\n<details class=\"wp-block-details is-layout-flow wp-block-details-is-layout-flow\"><summary>Eino Gr\u00f6n<\/summary>\n<p>Suomalaisen iskelm\u00e4taivaan kiintot\u00e4hti, jonka ura on niin ik\u00e4\u00e4n kest\u00e4nyt useita vuosikymmeni\u00e4. H\u00e4net tunnetaan erityisesti tangojen tulkitsijana (<em>S\u00e4 kuulut p\u00e4iv\u00e4\u00e4n jokaiseen<\/em>)<\/p>\n\n\n\n<figure class=\"wp-block-embed is-type-video is-provider-youtube wp-block-embed-youtube wp-embed-aspect-4-3 wp-has-aspect-ratio\"><div class=\"wp-block-embed__wrapper\">\n<iframe loading=\"lazy\" title=\"S\u00e4 kuulut p\u00e4iv\u00e4\u00e4n jokaiseen\" width=\"640\" height=\"480\" src=\"https:\/\/www.youtube.com\/embed\/RpytOj472UQ?feature=oembed\" frameborder=\"0\" allow=\"accelerometer; autoplay; clipboard-write; encrypted-media; gyroscope; picture-in-picture; web-share\" referrerpolicy=\"strict-origin-when-cross-origin\" allowfullscreen><\/iframe>\n<\/div><\/figure>\n<\/details>\n\n\n\n<details class=\"wp-block-details is-layout-flow wp-block-details-is-layout-flow\"><summary>Tapani Kansa<\/summary>\n<p>Niin ik\u00e4\u00e4n pitk\u00e4\u00e4 uraa tehnyt iskelm\u00e4lalaulaja, joka on levytt\u00e4nyt todella monipuolisesti my\u00f6s esimerkiksi rockia, operetteja ja Eino Leinon runoja laulelmina. <em>(R-A-K-A-S)<\/em><\/p>\n\n\n\n<figure class=\"wp-block-embed is-type-video is-provider-youtube wp-block-embed-youtube wp-embed-aspect-4-3 wp-has-aspect-ratio\"><div class=\"wp-block-embed__wrapper\">\n<iframe loading=\"lazy\" title=\"Tapani Kansa R-A-K-A-S\" width=\"640\" height=\"480\" src=\"https:\/\/www.youtube.com\/embed\/cd-JFRaNIpU?feature=oembed\" frameborder=\"0\" allow=\"accelerometer; autoplay; clipboard-write; encrypted-media; gyroscope; picture-in-picture; web-share\" referrerpolicy=\"strict-origin-when-cross-origin\" allowfullscreen><\/iframe>\n<\/div><\/figure>\n<\/details>\n<\/details>\n\n\n\n<p><\/p>\n","protected":false},"excerpt":{"rendered":"<p>Klikkaa otsikkoa saadaksesi lis\u00e4tietoa!<\/p>\n","protected":false},"author":3442,"featured_media":0,"parent":72,"menu_order":0,"comment_status":"closed","ping_status":"closed","template":"","meta":{"footnotes":""},"class_list":["post-91","page","type-page","status-publish","hentry"],"_links":{"self":[{"href":"https:\/\/blog.edu.turku.fi\/ylimaariamusa\/wp-json\/wp\/v2\/pages\/91","targetHints":{"allow":["GET"]}}],"collection":[{"href":"https:\/\/blog.edu.turku.fi\/ylimaariamusa\/wp-json\/wp\/v2\/pages"}],"about":[{"href":"https:\/\/blog.edu.turku.fi\/ylimaariamusa\/wp-json\/wp\/v2\/types\/page"}],"author":[{"embeddable":true,"href":"https:\/\/blog.edu.turku.fi\/ylimaariamusa\/wp-json\/wp\/v2\/users\/3442"}],"replies":[{"embeddable":true,"href":"https:\/\/blog.edu.turku.fi\/ylimaariamusa\/wp-json\/wp\/v2\/comments?post=91"}],"version-history":[{"count":4,"href":"https:\/\/blog.edu.turku.fi\/ylimaariamusa\/wp-json\/wp\/v2\/pages\/91\/revisions"}],"predecessor-version":[{"id":272,"href":"https:\/\/blog.edu.turku.fi\/ylimaariamusa\/wp-json\/wp\/v2\/pages\/91\/revisions\/272"}],"up":[{"embeddable":true,"href":"https:\/\/blog.edu.turku.fi\/ylimaariamusa\/wp-json\/wp\/v2\/pages\/72"}],"wp:attachment":[{"href":"https:\/\/blog.edu.turku.fi\/ylimaariamusa\/wp-json\/wp\/v2\/media?parent=91"}],"curies":[{"name":"wp","href":"https:\/\/api.w.org\/{rel}","templated":true}]}}