{"id":87,"date":"2024-11-27T10:58:42","date_gmt":"2024-11-27T08:58:42","guid":{"rendered":"https:\/\/blog.edu.turku.fi\/ylimaariamusa\/?page_id=87"},"modified":"2025-08-25T10:43:52","modified_gmt":"2025-08-25T07:43:52","slug":"1950-luku","status":"publish","type":"page","link":"https:\/\/blog.edu.turku.fi\/ylimaariamusa\/kotimaisen-kevyen-musiikin-vuosikymmenet\/1950-luku\/","title":{"rendered":"1950-luku"},"content":{"rendered":"\n<p><strong>Klikkaa otsikkoa saadaksesi lis\u00e4tietoa!<\/strong><\/p>\n\n\n\n<details class=\"wp-block-details is-layout-flow wp-block-details-is-layout-flow\"><summary>&gt; Jazz ja iskelm\u00e4 ovat ajan suosituinta musiikkia.<\/summary>\n<p>Aikuiset ja nuoret kuuntelivat pitk\u00e4lti samaa musiikkia vuosikymmenen alkupuolella. <\/p>\n<\/details>\n\n\n\n<details class=\"wp-block-details is-layout-flow wp-block-details-is-layout-flow\"><summary>&gt; Tanssilavakulttuuri valtaa Suomen!<\/summary>\n<p>Tanssiyhtyeet kiersiv\u00e4t ahkerasti ymp\u00e4ri Suomea tanssittamassa kansaa. <\/p>\n<\/details>\n\n\n\n<details class=\"wp-block-details is-layout-flow wp-block-details-is-layout-flow\"><summary>&gt; Musiikkielokuvat ja rillumarei ovat suosittua.<\/summary>\n<p>Huumoripitoisen iskelm\u00e4n eli <em>rillumarei<\/em>n taitureita olivat esimerkiksi laulavaksi kulkuriksi kutsuttu Tapio Rautavaara<\/p>\n<\/details>\n\n\n\n<details class=\"wp-block-details is-layout-flow wp-block-details-is-layout-flow\"><summary>&gt; K\u00e4\u00e4nn\u00f6siskelm\u00e4t ovat suomalaisten suosikkeja.<\/summary>\n<p>Suomalaiset tyk\u00e4styv\u00e4t vieraskielisten kappaleiden k\u00e4\u00e4nn\u00f6ksiin. Eritt\u00e4in suuri osa suosituimmista 1950-1960-luvuilla ilmestyneist\u00e4 iskelmist\u00e4 on k\u00e4\u00e4nn\u00f6skappaleita.<\/p>\n<\/details>\n\n\n\n<details class=\"wp-block-details is-layout-flow wp-block-details-is-layout-flow\"><summary>&gt; Rock n&#8217; Roll Suomeen musiikkielokuvan voimin!<\/summary>\n<p>Blackboard Jungle (1955) toi suomalaistenkin tietouteen rock-musiikin ilosanomaa Yhdysvalloista. T\u00e4st\u00e4 alkaa my\u00f6s aikuisten ja nuorten musiikkimakujen eriytyminen. <\/p>\n<\/details>\n\n\n\n<details class=\"wp-block-details is-layout-flow wp-block-details-is-layout-flow\"><summary>&gt; Keskeisi\u00e4 artisteja\/yhtyeist\u00e4\/muusikoita (sulkeissa tunnetuimpia kappaleita)<\/summary>\n<details class=\"wp-block-details is-layout-flow wp-block-details-is-layout-flow\"><summary>Olavi Virta<\/summary>\n<p>Iskelm\u00e4n kuninkaaksikin kutsuttu Olavi Virta oli kiistatta 1950-luvulta pari vuosikymment\u00e4 Suomen suosituin artisti. H\u00e4nt\u00e4 ihailivat sek\u00e4 nuoret ett\u00e4 vanhemmat. (Hopeinen kuu)<\/p>\n\n\n\n<figure class=\"wp-block-embed is-type-video is-provider-youtube wp-block-embed-youtube wp-embed-aspect-16-9 wp-has-aspect-ratio\"><div class=\"wp-block-embed__wrapper\">\n<iframe loading=\"lazy\" title=\"Olavi Virta - Hopeinen Kuu\" width=\"640\" height=\"360\" src=\"https:\/\/www.youtube.com\/embed\/WE5SrkzxYdY?feature=oembed\" frameborder=\"0\" allow=\"accelerometer; autoplay; clipboard-write; encrypted-media; gyroscope; picture-in-picture; web-share\" referrerpolicy=\"strict-origin-when-cross-origin\" allowfullscreen><\/iframe>\n<\/div><\/figure>\n<\/details>\n\n\n\n<details class=\"wp-block-details is-layout-flow wp-block-details-is-layout-flow\"><summary>Laila Kinnunen<\/summary>\n<p>Suomalaisten naislaulajien esiinmarssin t\u00e4rkeimpi\u00e4 tekij\u00f6it\u00e4. (Valoa ikkunassa)<\/p>\n\n\n\n<figure class=\"wp-block-embed is-type-video is-provider-youtube wp-block-embed-youtube wp-embed-aspect-16-9 wp-has-aspect-ratio\"><div class=\"wp-block-embed__wrapper\">\n<iframe loading=\"lazy\" title=\"ESC 1961 04 - Finland - Laila Kinnunen - Valoa Ikkunassa\" width=\"640\" height=\"360\" src=\"https:\/\/www.youtube.com\/embed\/xMu44znU-8A?feature=oembed\" frameborder=\"0\" allow=\"accelerometer; autoplay; clipboard-write; encrypted-media; gyroscope; picture-in-picture; web-share\" referrerpolicy=\"strict-origin-when-cross-origin\" allowfullscreen><\/iframe>\n<\/div><\/figure>\n<\/details>\n\n\n\n<details class=\"wp-block-details is-layout-flow wp-block-details-is-layout-flow\"><summary>Annikki T\u00e4hti<\/summary>\n<p>Ensimm\u00e4isen suomalaisen kultalevyn levytt\u00e4nyt artisti (Muistatko Monrepos&#8217;n)<\/p>\n\n\n\n<figure class=\"wp-block-embed is-type-video is-provider-youtube wp-block-embed-youtube wp-embed-aspect-4-3 wp-has-aspect-ratio\"><div class=\"wp-block-embed__wrapper\">\n<iframe loading=\"lazy\" title=\"Muistatko Monrepos&#039;n\" width=\"640\" height=\"480\" src=\"https:\/\/www.youtube.com\/embed\/RhDz2PSWd-g?feature=oembed\" frameborder=\"0\" allow=\"accelerometer; autoplay; clipboard-write; encrypted-media; gyroscope; picture-in-picture; web-share\" referrerpolicy=\"strict-origin-when-cross-origin\" allowfullscreen><\/iframe>\n<\/div><\/figure>\n\n\n\n<details class=\"wp-block-details is-layout-flow wp-block-details-is-layout-flow\"><summary><\/summary>\n<p><\/p>\n<\/details>\n\n\n\n<p><\/p>\n<\/details>\n\n\n\n<details class=\"wp-block-details is-layout-flow wp-block-details-is-layout-flow\"><summary>Tapio Rautavaara<\/summary>\n<p>Musiikkitarinakerronnan ja rillumarein mestari. Teki paljon yhteisty\u00f6t\u00e4 sanoittaja\/s\u00e4velt\u00e4j\u00e4 Reino Helismaan kanssa. (P\u00e4iv\u00e4ns\u00e4de ja mennink\u00e4inen, Juokse sin\u00e4 humma) <\/p>\n\n\n\n<figure class=\"wp-block-embed is-type-video is-provider-youtube wp-block-embed-youtube wp-embed-aspect-4-3 wp-has-aspect-ratio\"><div class=\"wp-block-embed__wrapper\">\n<iframe loading=\"lazy\" title=\"Tapio Rautavaara - P\u00e4iv\u00e4ns\u00e4de ja Mennink\u00e4inen\" width=\"640\" height=\"480\" src=\"https:\/\/www.youtube.com\/embed\/MzheWNd65x4?feature=oembed\" frameborder=\"0\" allow=\"accelerometer; autoplay; clipboard-write; encrypted-media; gyroscope; picture-in-picture; web-share\" referrerpolicy=\"strict-origin-when-cross-origin\" allowfullscreen><\/iframe>\n<\/div><\/figure>\n<\/details>\n<\/details>\n\n\n\n<p><\/p>\n\n\n\n<p><\/p>\n","protected":false},"excerpt":{"rendered":"<p>Klikkaa otsikkoa saadaksesi lis\u00e4tietoa!<\/p>\n","protected":false},"author":3442,"featured_media":0,"parent":72,"menu_order":0,"comment_status":"closed","ping_status":"closed","template":"","meta":{"footnotes":""},"class_list":["post-87","page","type-page","status-publish","hentry"],"_links":{"self":[{"href":"https:\/\/blog.edu.turku.fi\/ylimaariamusa\/wp-json\/wp\/v2\/pages\/87","targetHints":{"allow":["GET"]}}],"collection":[{"href":"https:\/\/blog.edu.turku.fi\/ylimaariamusa\/wp-json\/wp\/v2\/pages"}],"about":[{"href":"https:\/\/blog.edu.turku.fi\/ylimaariamusa\/wp-json\/wp\/v2\/types\/page"}],"author":[{"embeddable":true,"href":"https:\/\/blog.edu.turku.fi\/ylimaariamusa\/wp-json\/wp\/v2\/users\/3442"}],"replies":[{"embeddable":true,"href":"https:\/\/blog.edu.turku.fi\/ylimaariamusa\/wp-json\/wp\/v2\/comments?post=87"}],"version-history":[{"count":4,"href":"https:\/\/blog.edu.turku.fi\/ylimaariamusa\/wp-json\/wp\/v2\/pages\/87\/revisions"}],"predecessor-version":[{"id":406,"href":"https:\/\/blog.edu.turku.fi\/ylimaariamusa\/wp-json\/wp\/v2\/pages\/87\/revisions\/406"}],"up":[{"embeddable":true,"href":"https:\/\/blog.edu.turku.fi\/ylimaariamusa\/wp-json\/wp\/v2\/pages\/72"}],"wp:attachment":[{"href":"https:\/\/blog.edu.turku.fi\/ylimaariamusa\/wp-json\/wp\/v2\/media?parent=87"}],"curies":[{"name":"wp","href":"https:\/\/api.w.org\/{rel}","templated":true}]}}