{"id":84,"date":"2024-11-27T10:58:03","date_gmt":"2024-11-27T08:58:03","guid":{"rendered":"https:\/\/blog.edu.turku.fi\/ylimaariamusa\/?page_id=84"},"modified":"2025-08-25T10:41:17","modified_gmt":"2025-08-25T07:41:17","slug":"1910-1940-luvut","status":"publish","type":"page","link":"https:\/\/blog.edu.turku.fi\/ylimaariamusa\/kotimaisen-kevyen-musiikin-vuosikymmenet\/1910-1940-luvut\/","title":{"rendered":"1910-1940-luvut"},"content":{"rendered":"\n<p><strong>Klikkaa otsikkoa saadaksesi lis\u00e4tietoa!<\/strong><\/p>\n\n\n\n<details class=\"wp-block-details is-layout-flow wp-block-details-is-layout-flow\"><summary>&gt; Ensimm\u00e4isi\u00e4 iskelmi\u00e4 aletaan levytt\u00e4\u00e4 (J. Alfred Tanner 1911)<\/summary>\n<p>Iskelm\u00e4 (lyhennelm\u00e4 sanasta iskus\u00e4velm\u00e4) oli kevyen musiikin tyyli, jota historiassa on pidetty helposti opittavana musiikkina. Erityisesti suomalaisessa iskelm\u00e4ss\u00e4 t\u00e4rke\u00e4\u00e4 on ollut tanssittavuus parin kanssa.<\/p>\n<\/details>\n\n\n\n<details class=\"wp-block-details is-layout-flow wp-block-details-is-layout-flow\"><summary>&gt; Argentiinassa syntynyt musiikkityyli tango saapuu Suomeen 1913!<\/summary>\n<p>Helsinkil\u00e4iset tanssikoulut alkoivat tarjota asiakkailleen tangotunteja syksyll\u00e4 1913.<\/p>\n<\/details>\n\n\n\n<details class=\"wp-block-details is-layout-flow wp-block-details-is-layout-flow\"><summary>&gt; Yleisradio perustettiin 1926<\/summary>\n<p>YLE toimii edelleen ja toimittaa radion lis\u00e4ksi sis\u00e4lt\u00f6\u00e4 televisioon ja internetiin. YLEN roolista uutismediana on ollut paljon keskustelua viime aikoina. <\/p>\n<\/details>\n\n\n\n<details class=\"wp-block-details is-layout-flow wp-block-details-is-layout-flow\"><summary>&gt; Toivo K\u00e4rki aloittaa uransa 1930-luvulla.<\/summary>\n<p>Toivo K\u00e4rki oli yksi suomen tunnetuimmista ja tuotteliaimmista <strong>iskelm\u00e4s\u00e4velt\u00e4jist\u00e4<\/strong>. H\u00e4nen s\u00e4vellyksi\u00e4\u00e4n on levytetty n. 1400 kappaletta. Toivo K\u00e4rki voitti 1939 kansainv\u00e4lisen iskelm\u00e4kilpailun. <\/p>\n<\/details>\n\n\n\n<details class=\"wp-block-details is-layout-flow wp-block-details-is-layout-flow\"><summary>&gt; Sotavuosina musiikista tulee entist\u00e4 t\u00e4rke\u00e4mp\u00e4\u00e4.<\/summary>\n<p>Musiikki antoi lohtua ja toivoa rintaman molemmin puolin. Lis\u00e4ksi kevyen musiikin huolettomuus antoi mahdollisuuden siirt\u00e4\u00e4 ajatuksen pois sodan kauheuksista. Erityisesti viihteellinen musiikki oli t\u00e4ss\u00e4 mieless\u00e4 suuressa arvossa.<\/p>\n<\/details>\n\n\n\n<details class=\"wp-block-details is-layout-flow wp-block-details-is-layout-flow\"><summary>&gt; Keskeisi\u00e4 artisteja\/yhtyeist\u00e4\/muusikoita<\/summary>\n<details class=\"wp-block-details is-layout-flow wp-block-details-is-layout-flow\"><summary>Georg Malmsten<\/summary>\n<p>Erityisesti lastenlauluistaan tunnettu laulaja ja lauluntekij\u00e4. (Mikkihiiri merih\u00e4d\u00e4ss\u00e4, Lasten liikennelaulu)<\/p>\n\n\n\n<figure class=\"wp-block-embed is-type-video is-provider-youtube wp-block-embed-youtube wp-embed-aspect-16-9 wp-has-aspect-ratio\"><div class=\"wp-block-embed__wrapper\">\n<iframe loading=\"lazy\" title=\"Georg Malmst\u00e9n-  Lasten liikennelaulu\" width=\"640\" height=\"360\" src=\"https:\/\/www.youtube.com\/embed\/peFnnb5Mtwc?feature=oembed\" frameborder=\"0\" allow=\"accelerometer; autoplay; clipboard-write; encrypted-media; gyroscope; picture-in-picture; web-share\" referrerpolicy=\"strict-origin-when-cross-origin\" allowfullscreen><\/iframe>\n<\/div><\/figure>\n<\/details>\n\n\n\n<details class=\"wp-block-details is-layout-flow wp-block-details-is-layout-flow\"><summary>Viljo Vesterinen<\/summary>\n<p>Haitaritaiteilija ja taitava muusikko, joka s\u00e4velsi my\u00f6s omia kappaleita. Tunnetuimpia levytyksi\u00e4 esim. Dallap\u00e9-yhtyeen kanssa \u00e4\u00e4nitetty S\u00e4kkij\u00e4rven polkka. <\/p>\n\n\n\n<figure class=\"wp-block-embed is-type-video is-provider-youtube wp-block-embed-youtube wp-embed-aspect-4-3 wp-has-aspect-ratio\"><div class=\"wp-block-embed__wrapper\">\n<iframe loading=\"lazy\" title=\"S\u00c4KKIJ\u00c4RVEN POLKKA, Viljo Vesterinen ja Dallap\u00e9-orkesteri v.1939\" width=\"640\" height=\"480\" src=\"https:\/\/www.youtube.com\/embed\/gZx1zl_sVTI?feature=oembed\" frameborder=\"0\" allow=\"accelerometer; autoplay; clipboard-write; encrypted-media; gyroscope; picture-in-picture; web-share\" referrerpolicy=\"strict-origin-when-cross-origin\" allowfullscreen><\/iframe>\n<\/div><\/figure>\n<\/details>\n\n\n\n<details class=\"wp-block-details is-layout-flow wp-block-details-is-layout-flow\"><summary>Harmony Sisters<\/summary>\n<p>Suomen ensimm\u00e4isi\u00e4 &#8221;tytt\u00f6b\u00e4ndej\u00e4&#8221;, sisarusten muodostama lauluyhtye, joka oli tunnettu my\u00f6s muualla Euroopassa.<\/p>\n\n\n\n<figure class=\"wp-block-embed is-type-video is-provider-youtube wp-block-embed-youtube wp-embed-aspect-4-3 wp-has-aspect-ratio\"><div class=\"wp-block-embed__wrapper\">\n<iframe loading=\"lazy\" title=\"Kodin kynttil\u00e4t - Harmony sisters\" width=\"640\" height=\"480\" src=\"https:\/\/www.youtube.com\/embed\/tTsfK7Np8ss?feature=oembed\" frameborder=\"0\" allow=\"accelerometer; autoplay; clipboard-write; encrypted-media; gyroscope; picture-in-picture; web-share\" referrerpolicy=\"strict-origin-when-cross-origin\" allowfullscreen><\/iframe>\n<\/div><\/figure>\n\n\n\n<details class=\"wp-block-details is-layout-flow wp-block-details-is-layout-flow\"><summary><\/summary>\n<p><\/p>\n<\/details>\n\n\n\n<p><\/p>\n<\/details>\n\n\n\n<details class=\"wp-block-details is-layout-flow wp-block-details-is-layout-flow\"><summary>Metro-tyt\u00f6t<\/summary>\n<p>Lauluyhtye, joka levytti itse omia kappaleitaan ja toimi lis\u00e4ksi monen suomalaisen huippuesiintyj\u00e4n feattina.<\/p>\n\n\n\n<figure class=\"wp-block-embed is-type-video is-provider-youtube wp-block-embed-youtube wp-embed-aspect-4-3 wp-has-aspect-ratio\"><div class=\"wp-block-embed__wrapper\">\n<iframe loading=\"lazy\" title=\"Hiljainen kyl\u00e4tie - Metro-tyt\u00f6t\" width=\"640\" height=\"480\" src=\"https:\/\/www.youtube.com\/embed\/9if-g0TEqEQ?feature=oembed\" frameborder=\"0\" allow=\"accelerometer; autoplay; clipboard-write; encrypted-media; gyroscope; picture-in-picture; web-share\" referrerpolicy=\"strict-origin-when-cross-origin\" allowfullscreen><\/iframe>\n<\/div><\/figure>\n<\/details>\n<\/details>\n\n\n\n<p><\/p>\n\n\n\n<p><\/p>\n","protected":false},"excerpt":{"rendered":"","protected":false},"author":3442,"featured_media":161,"parent":72,"menu_order":0,"comment_status":"closed","ping_status":"closed","template":"","meta":{"footnotes":""},"class_list":["post-84","page","type-page","status-publish","has-post-thumbnail","hentry"],"_links":{"self":[{"href":"https:\/\/blog.edu.turku.fi\/ylimaariamusa\/wp-json\/wp\/v2\/pages\/84","targetHints":{"allow":["GET"]}}],"collection":[{"href":"https:\/\/blog.edu.turku.fi\/ylimaariamusa\/wp-json\/wp\/v2\/pages"}],"about":[{"href":"https:\/\/blog.edu.turku.fi\/ylimaariamusa\/wp-json\/wp\/v2\/types\/page"}],"author":[{"embeddable":true,"href":"https:\/\/blog.edu.turku.fi\/ylimaariamusa\/wp-json\/wp\/v2\/users\/3442"}],"replies":[{"embeddable":true,"href":"https:\/\/blog.edu.turku.fi\/ylimaariamusa\/wp-json\/wp\/v2\/comments?post=84"}],"version-history":[{"count":19,"href":"https:\/\/blog.edu.turku.fi\/ylimaariamusa\/wp-json\/wp\/v2\/pages\/84\/revisions"}],"predecessor-version":[{"id":404,"href":"https:\/\/blog.edu.turku.fi\/ylimaariamusa\/wp-json\/wp\/v2\/pages\/84\/revisions\/404"}],"up":[{"embeddable":true,"href":"https:\/\/blog.edu.turku.fi\/ylimaariamusa\/wp-json\/wp\/v2\/pages\/72"}],"wp:featuredmedia":[{"embeddable":true,"href":"https:\/\/blog.edu.turku.fi\/ylimaariamusa\/wp-json\/wp\/v2\/media\/161"}],"wp:attachment":[{"href":"https:\/\/blog.edu.turku.fi\/ylimaariamusa\/wp-json\/wp\/v2\/media?parent=84"}],"curies":[{"name":"wp","href":"https:\/\/api.w.org\/{rel}","templated":true}]}}