{"id":81,"date":"2024-11-27T10:56:58","date_gmt":"2024-11-27T08:56:58","guid":{"rendered":"https:\/\/blog.edu.turku.fi\/ylimaariamusa\/?page_id=81"},"modified":"2025-10-28T13:08:45","modified_gmt":"2025-10-28T11:08:45","slug":"rockin-historia","status":"publish","type":"page","link":"https:\/\/blog.edu.turku.fi\/ylimaariamusa\/rockin-historia\/","title":{"rendered":"Rockin historia"},"content":{"rendered":"\n<p><strong>Rock on 1950-luvulla syntynyt musiikkityyli.<\/strong> Suomeen rock on saapunut niin ik\u00e4\u00e4n 1950-luvulla musiikkielokuvan (Blackboard Jungle) my\u00f6t\u00e4. Rock saavutti suosiotaan my\u00f6s suomalaisen nuorison keskuudessa nopeasti. <\/p>\n\n\n\n<p><strong>Rock puhutteli ajan nuorisoa sanoituksillaan ja rytmikkyydell\u00e4\u00e4n<\/strong>. Suoraviivainen rytmi ja teini-ik\u00e4isten aiheita pohdiskelevat sanoitukset saivat nopeasti suosiota osakseen. Rock on ollut osa kapinahenkist\u00e4 nuoresta aikuiseksi kasvamista ja sit\u00e4 voikin pit\u00e4\u00e4 <strong>ensimm\u00e4isen\u00e4 nuorisokulttuurina<\/strong>. <\/p>\n\n\n\n<p>Soitinvalikoima on rockin kehittyess\u00e4 laajentunut valtavasti, mutta alun perin keskeisi\u00e4 soittimia olivat:<\/p>\n\n\n\n<ul class=\"wp-block-list\">\n<li>Rummut<\/li>\n\n\n\n<li>S\u00e4hk\u00f6kitara<\/li>\n\n\n\n<li>Koskettimet<\/li>\n\n\n\n<li>S\u00e4hk\u00f6basso<\/li>\n<\/ul>\n\n\n\n<p>Ylip\u00e4\u00e4t\u00e4\u00e4n musiikin <strong>s\u00e4hk\u00f6inen vahvistaminen oli osa rockin identiteetti\u00e4<\/strong>. Varhaisimman rockin (esim. rock n roll) yleisin\u00e4 ominaispiirtein\u00e4 mainittakoon:<\/p>\n\n\n\n<ul class=\"wp-block-list\">\n<li>Korostunut rytmi\n<ul class=\"wp-block-list\">\n<li><strong>Rummut ja basso<\/strong> luovat rockin eteenp\u00e4in viev\u00e4n <strong>rytmisen pohjan<\/strong>. <\/li>\n<\/ul>\n<\/li>\n\n\n\n<li>Musiikin suoraviivaisuus\n<ul class=\"wp-block-list\">\n<li><strong>Rytmikk\u00e4\u00e4sti <\/strong>eteenp\u00e4in menev\u00e4\u00e4, <strong>sanoituksilta <\/strong>suorapuheista ja <strong>voimakkaasti laulettua<\/strong> musiikkia.<\/li>\n<\/ul>\n<\/li>\n\n\n\n<li>\u00c4\u00e4nenvoimakkuus\n<ul class=\"wp-block-list\">\n<li><strong>S\u00e4hk\u00f6isell\u00e4 vahvistuksella<\/strong> saatiin aikaan lis\u00e4\u00e4 \u00e4\u00e4nt\u00e4 (kitara- ja bassovahvistimet, \u00e4\u00e4nentoistolaitteet)<\/li>\n\n\n\n<li><\/li>\n<\/ul>\n<\/li>\n<\/ul>\n\n\n<nav class=\"is-responsive items-justified-center wp-block-navigation is-content-justification-center is-layout-flex wp-container-core-navigation-is-layout-16018d1d wp-block-navigation-is-layout-flex\" aria-label=\"P\u00e4\u00e4valikko\" \n\t\t data-wp-interactive=\"core\/navigation\" data-wp-context='{\"overlayOpenedBy\":{\"click\":false,\"hover\":false,\"focus\":false},\"type\":\"overlay\",\"roleAttribute\":\"\",\"ariaLabel\":\"Valikko\"}'><button aria-haspopup=\"dialog\" aria-label=\"Avaa valikko\" class=\"wp-block-navigation__responsive-container-open\" \n\t\t\t\tdata-wp-on--click=\"actions.openMenuOnClick\"\n\t\t\t\tdata-wp-on--keydown=\"actions.handleMenuKeydown\"\n\t\t\t><svg width=\"24\" height=\"24\" xmlns=\"http:\/\/www.w3.org\/2000\/svg\" viewBox=\"0 0 24 24\" aria-hidden=\"true\" focusable=\"false\"><path d=\"M4 7.5h16v1.5H4z\"><\/path><path d=\"M4 15h16v1.5H4z\"><\/path><\/svg><\/button>\n\t\t\t\t<div class=\"wp-block-navigation__responsive-container\"  id=\"modal-1\" \n\t\t\t\tdata-wp-class--has-modal-open=\"state.isMenuOpen\"\n\t\t\t\tdata-wp-class--is-menu-open=\"state.isMenuOpen\"\n\t\t\t\tdata-wp-watch=\"callbacks.initMenu\"\n\t\t\t\tdata-wp-on--keydown=\"actions.handleMenuKeydown\"\n\t\t\t\tdata-wp-on--focusout=\"actions.handleMenuFocusout\"\n\t\t\t\ttabindex=\"-1\"\n\t\t\t>\n\t\t\t\t\t<div class=\"wp-block-navigation__responsive-close\" tabindex=\"-1\">\n\t\t\t\t\t\t<div class=\"wp-block-navigation__responsive-dialog\" \n\t\t\t\tdata-wp-bind--aria-modal=\"state.ariaModal\"\n\t\t\t\tdata-wp-bind--aria-label=\"state.ariaLabel\"\n\t\t\t\tdata-wp-bind--role=\"state.roleAttribute\"\n\t\t\t>\n\t\t\t\t\t\t\t<button aria-label=\"Sulje valikko\" class=\"wp-block-navigation__responsive-container-close\" \n\t\t\t\tdata-wp-on--click=\"actions.closeMenuOnClick\"\n\t\t\t><svg xmlns=\"http:\/\/www.w3.org\/2000\/svg\" viewBox=\"0 0 24 24\" width=\"24\" height=\"24\" aria-hidden=\"true\" focusable=\"false\"><path d=\"m13.06 12 6.47-6.47-1.06-1.06L12 10.94 5.53 4.47 4.47 5.53 10.94 12l-6.47 6.47 1.06 1.06L12 13.06l6.47 6.47 1.06-1.06L13.06 12Z\"><\/path><\/svg><\/button>\n\t\t\t\t\t\t\t<div class=\"wp-block-navigation__responsive-container-content\" \n\t\t\t\tdata-wp-watch=\"callbacks.focusFirstElement\"\n\t\t\t id=\"modal-1-content\">\n\t\t\t\t\t\t\t\t<ul class=\"wp-block-navigation__container is-responsive items-justified-center wp-block-navigation\"><li class=\" wp-block-navigation-item  menu-item menu-item-type-post_type menu-item-object-page wp-block-navigation-link\"><a class=\"wp-block-navigation-item__content\"  href=\"https:\/\/blog.edu.turku.fi\/ylimaariamusa\/8-lk-2\/\" title=\"\"><span class=\"wp-block-navigation-item__label\"> <\/span><\/a><\/li><li class=\" wp-block-navigation-item  menu-item menu-item-type-post_type menu-item-object-page wp-block-navigation-link\"><a class=\"wp-block-navigation-item__content\"  href=\"https:\/\/blog.edu.turku.fi\/ylimaariamusa\/rockin-historia\/1950-luku-rock-n-roll\/\" title=\"\"><span class=\"wp-block-navigation-item__label\">1950-luku &gt;&gt;&gt;<\/span><\/a><\/li><\/ul>\n\t\t\t\t\t\t\t<\/div>\n\t\t\t\t\t\t<\/div>\n\t\t\t\t\t<\/div>\n\t\t\t\t<\/div><\/nav>\n\n\n<p><\/p>\n","protected":false},"excerpt":{"rendered":"<p>Rock on 1950-luvulla syntynyt musiikkityyli. Suomeen rock on saapunut niin ik\u00e4\u00e4n 1950-luvulla musiikkielokuvan (Blackboard Jungle) my\u00f6t\u00e4. Rock saavutti suosiotaan my\u00f6s suomalaisen nuorison keskuudessa nopeasti. Rock puhutteli ajan nuorisoa sanoituksillaan ja rytmikkyydell\u00e4\u00e4n. Suoraviivainen rytmi ja teini-ik\u00e4isten aiheita pohdiskelevat sanoitukset saivat nopeasti suosiota osakseen. Rock on ollut osa kapinahenkist\u00e4 nuoresta aikuiseksi kasvamista ja sit\u00e4 voikin pit\u00e4\u00e4 ensimm\u00e4isen\u00e4 nuorisokulttuurina. Soitinvalikoima on rockin kehittyess\u00e4 laajentunut valtavasti, mutta alun perin keskeisi\u00e4 soittimia olivat: Ylip\u00e4\u00e4t\u00e4\u00e4n musiikin s\u00e4hk\u00f6inen vahvistaminen oli osa rockin identiteetti\u00e4. Varhaisimman rockin (esim. rock&#8230;<\/p>\n<p class=\"read-more\"><a class=\"btn btn-default\" href=\"https:\/\/blog.edu.turku.fi\/ylimaariamusa\/rockin-historia\/\"> Read More<span class=\"screen-reader-text\">  Read More<\/span><\/a><\/p>\n","protected":false},"author":3442,"featured_media":0,"parent":0,"menu_order":0,"comment_status":"closed","ping_status":"closed","template":"","meta":{"footnotes":""},"class_list":["post-81","page","type-page","status-publish","hentry"],"_links":{"self":[{"href":"https:\/\/blog.edu.turku.fi\/ylimaariamusa\/wp-json\/wp\/v2\/pages\/81","targetHints":{"allow":["GET"]}}],"collection":[{"href":"https:\/\/blog.edu.turku.fi\/ylimaariamusa\/wp-json\/wp\/v2\/pages"}],"about":[{"href":"https:\/\/blog.edu.turku.fi\/ylimaariamusa\/wp-json\/wp\/v2\/types\/page"}],"author":[{"embeddable":true,"href":"https:\/\/blog.edu.turku.fi\/ylimaariamusa\/wp-json\/wp\/v2\/users\/3442"}],"replies":[{"embeddable":true,"href":"https:\/\/blog.edu.turku.fi\/ylimaariamusa\/wp-json\/wp\/v2\/comments?post=81"}],"version-history":[{"count":5,"href":"https:\/\/blog.edu.turku.fi\/ylimaariamusa\/wp-json\/wp\/v2\/pages\/81\/revisions"}],"predecessor-version":[{"id":497,"href":"https:\/\/blog.edu.turku.fi\/ylimaariamusa\/wp-json\/wp\/v2\/pages\/81\/revisions\/497"}],"wp:attachment":[{"href":"https:\/\/blog.edu.turku.fi\/ylimaariamusa\/wp-json\/wp\/v2\/media?parent=81"}],"curies":[{"name":"wp","href":"https:\/\/api.w.org\/{rel}","templated":true}]}}