{"id":72,"date":"2024-11-27T10:55:47","date_gmt":"2024-11-27T08:55:47","guid":{"rendered":"https:\/\/blog.edu.turku.fi\/ylimaariamusa\/?page_id=72"},"modified":"2025-03-06T13:53:47","modified_gmt":"2025-03-06T11:53:47","slug":"kotimaisen-kevyen-musiikin-vuosikymmenet","status":"publish","type":"page","link":"https:\/\/blog.edu.turku.fi\/ylimaariamusa\/kotimaisen-kevyen-musiikin-vuosikymmenet\/","title":{"rendered":"Kotimaisen kevyen musiikin vuosikymmenet"},"content":{"rendered":"\n<p>T\u00e4m\u00e4 osio k\u00e4sittelee kotimaisen kevyen musiikin vuosikymmeni\u00e4. Suomalaisen kevyen musiikin tapahtumia vuosikymmenitt\u00e4in p\u00e4\u00e4set tutkimaan alla olevista linkeist\u00e4. <\/p>\n\n\n\n<figure class=\"wp-block-image size-large is-resized wp-duotone-dark-grayscale\"><img loading=\"lazy\" decoding=\"async\" width=\"800\" height=\"450\" src=\"https:\/\/blog.edu.turku.fi\/ylimaariamusa\/files\/2025\/01\/Pianp-historic-edited.jpg\" alt=\"\" class=\"wp-image-146\" style=\"width:728px;height:auto\" srcset=\"https:\/\/blog.edu.turku.fi\/ylimaariamusa\/files\/2025\/01\/Pianp-historic-edited.jpg 800w, https:\/\/blog.edu.turku.fi\/ylimaariamusa\/files\/2025\/01\/Pianp-historic-edited-300x169.jpg 300w, https:\/\/blog.edu.turku.fi\/ylimaariamusa\/files\/2025\/01\/Pianp-historic-edited-768x432.jpg 768w, https:\/\/blog.edu.turku.fi\/ylimaariamusa\/files\/2025\/01\/Pianp-historic-edited-480x270.jpg 480w\" sizes=\"auto, (max-width: 800px) 100vw, 800px\" \/><\/figure>\n\n\n\n<div class=\"wp-block-buttons is-vertical is-layout-flex wp-container-core-buttons-is-layout-8cf370e7 wp-block-buttons-is-layout-flex\">\n<div class=\"wp-block-button\"><a class=\"wp-block-button__link wp-element-button\" href=\"https:\/\/blog.edu.turku.fi\/ylimaariamusa\/kotimaisen-kevyen-musiikin-vuosikymmenet\/1910-1940-luvut\/\">1910-1940-luvut<\/a><\/div>\n\n\n\n<div class=\"wp-block-button\"><a class=\"wp-block-button__link wp-element-button\" href=\"https:\/\/blog.edu.turku.fi\/ylimaariamusa\/kotimaisen-kevyen-musiikin-vuosikymmenet\/1950-luku\/\">1950-luku<\/a><\/div>\n\n\n\n<div class=\"wp-block-button\"><a class=\"wp-block-button__link wp-element-button\" href=\"https:\/\/blog.edu.turku.fi\/ylimaariamusa\/kotimaisen-kevyen-musiikin-vuosikymmenet\/1960-luku\/\">1960-luku<\/a><\/div>\n\n\n\n<div class=\"wp-block-button\"><a class=\"wp-block-button__link wp-element-button\" href=\"https:\/\/blog.edu.turku.fi\/ylimaariamusa\/kotimaisen-kevyen-musiikin-vuosikymmenet\/1970-luku\/\">1970-luku<\/a><\/div>\n\n\n\n<div class=\"wp-block-button\"><a class=\"wp-block-button__link wp-element-button\" href=\"https:\/\/blog.edu.turku.fi\/ylimaariamusa\/kotimaisen-kevyen-musiikin-vuosikymmenet\/1980-luku\/\">1980-luku<\/a><\/div>\n\n\n\n<div class=\"wp-block-button\"><a class=\"wp-block-button__link wp-element-button\" href=\"https:\/\/blog.edu.turku.fi\/ylimaariamusa\/kotimaisen-kevyen-musiikin-vuosikymmenet\/1990-luku\/\">1990-luku<\/a><\/div>\n\n\n\n<div class=\"wp-block-button\"><a class=\"wp-block-button__link wp-element-button\" href=\"https:\/\/blog.edu.turku.fi\/ylimaariamusa\/kotimaisen-kevyen-musiikin-vuosikymmenet\/2000-luku\/\">2000-luku<\/a><\/div>\n<\/div>\n\n\n\n<p><\/p>\n","protected":false},"excerpt":{"rendered":"<p>T\u00e4m\u00e4 osio k\u00e4sittelee kotimaisen kevyen musiikin vuosikymmeni\u00e4. Suomalaisen kevyen musiikin tapahtumia vuosikymmenitt\u00e4in p\u00e4\u00e4set tutkimaan alla olevista linkeist\u00e4.<\/p>\n","protected":false},"author":3442,"featured_media":0,"parent":0,"menu_order":0,"comment_status":"closed","ping_status":"closed","template":"","meta":{"footnotes":""},"class_list":["post-72","page","type-page","status-publish","hentry"],"_links":{"self":[{"href":"https:\/\/blog.edu.turku.fi\/ylimaariamusa\/wp-json\/wp\/v2\/pages\/72","targetHints":{"allow":["GET"]}}],"collection":[{"href":"https:\/\/blog.edu.turku.fi\/ylimaariamusa\/wp-json\/wp\/v2\/pages"}],"about":[{"href":"https:\/\/blog.edu.turku.fi\/ylimaariamusa\/wp-json\/wp\/v2\/types\/page"}],"author":[{"embeddable":true,"href":"https:\/\/blog.edu.turku.fi\/ylimaariamusa\/wp-json\/wp\/v2\/users\/3442"}],"replies":[{"embeddable":true,"href":"https:\/\/blog.edu.turku.fi\/ylimaariamusa\/wp-json\/wp\/v2\/comments?post=72"}],"version-history":[{"count":5,"href":"https:\/\/blog.edu.turku.fi\/ylimaariamusa\/wp-json\/wp\/v2\/pages\/72\/revisions"}],"predecessor-version":[{"id":334,"href":"https:\/\/blog.edu.turku.fi\/ylimaariamusa\/wp-json\/wp\/v2\/pages\/72\/revisions\/334"}],"wp:attachment":[{"href":"https:\/\/blog.edu.turku.fi\/ylimaariamusa\/wp-json\/wp\/v2\/media?parent=72"}],"curies":[{"name":"wp","href":"https:\/\/api.w.org\/{rel}","templated":true}]}}