{"id":549,"date":"2026-03-10T12:58:58","date_gmt":"2026-03-10T10:58:58","guid":{"rendered":"https:\/\/blog.edu.turku.fi\/ylimaariamusa\/?page_id=549"},"modified":"2026-03-11T17:00:48","modified_gmt":"2026-03-11T15:00:48","slug":"materiaalipankki","status":"publish","type":"page","link":"https:\/\/blog.edu.turku.fi\/ylimaariamusa\/materiaalipankki\/","title":{"rendered":"Materiaalipankki"},"content":{"rendered":"\n<p>T\u00e4ss\u00e4 musiikinopetuksen tueksi oppilaille teht\u00e4vi\u00e4 ja materiaaleja toteutettavaksi. (klikkaa otsikko auki saadaksesi ohjeet n\u00e4kyviin)<\/p>\n\n\n\n<details class=\"wp-block-details is-layout-flow wp-block-details-is-layout-flow\"><summary>Uuteen musiikkilajiin tutustuminen<\/summary>\n<p><strong>Uuteen musiikin tyylilajiin tutustuminen<\/strong><\/p>\n\n\n\n<ul class=\"wp-block-list\">\n<li>Tutustu sinulle uuteen musiikin tyylilajiin\n<ul class=\"wp-block-list\">\n<li>Eri tyylilajeja l\u00f6yd\u00e4t sivulta <a href=\"http:\/\/everynoise.com\">http:\/\/everynoise.com<\/a>\u00a0<\/li>\n\n\n\n<li>Kirjoita parilla lauseella siit\u00e4, millainen tyylilaji on<\/li>\n\n\n\n<li>Onko kyseess\u00e4 hidas\/nopea, rauhallinen\/rauhaton, tutun kuuloinen\/outo tyylilaji\u2026<\/li>\n\n\n\n<li>Mik\u00e4li sivusto ei aukea, voit tutustua mihin tahansa sinulle uuteen musiikin tyylilajiin (esim. iskelm\u00e4, rap-musiikki, afrikkalainen musiikki, intialainen musiikki jne.) muillakin nettisivustoilla ja kertoa siit\u00e4.<\/li>\n<\/ul>\n<\/li>\n\n\n\n<li>Valitse 2-3 tyylilajin kappaletta ja kirjoita niist\u00e4\n<ul class=\"wp-block-list\">\n<li>Miten n\u00e4m\u00e4 kappaleet edustavat tyylilajia?\u00a0<\/li>\n\n\n\n<li>Mist\u00e4 kappaleet kertovat?<\/li>\n\n\n\n<li>Mit\u00e4 mielt\u00e4 itse olet kappaleista? Mik\u00e4 niiss\u00e4 on hyv\u00e4\u00e4\/huonoa?<\/li>\n<\/ul>\n<\/li>\n<\/ul>\n\n\n\n<p><\/p>\n<\/details>\n\n\n\n<details class=\"wp-block-details is-layout-flow wp-block-details-is-layout-flow\"><summary>Cover-analyysi<\/summary>\n<p>Cover tarkoittaa yleens\u00e4 populaarimusiikin kappaletta, jonka julkaisee tai esitt\u00e4\u00e4 joku muu, kuin kappaleen alkuper\u00e4inen esitt\u00e4j\u00e4 tai s\u00e4velt\u00e4j\u00e4.<\/p>\n\n\n\n<p>Valitse joku musiikkikappale josta pid\u00e4t. Etsi kappaleesta cover-versiointeja (esim. YouTube, suoratoistopalvelut). Jos pit\u00e4m\u00e4st\u00e4si kappaleesta ei l\u00f6ydy helposti covereita, valitse esim. joku kansainv\u00e4lisesti suosittu kappale.<\/p>\n\n\n\n<p>Valitse kaksi coveria ja vertaile niit\u00e4 alkuper\u00e4iseen. <strong>V\u00e4hint\u00e4\u00e4n toinen cover pit\u00e4\u00e4 olla selke\u00e4sti erilainen versio, mutta toinen saa olla my\u00f6s p\u00e4\u00e4lle soitettu<\/strong> (esim. rumpucover). Lis\u00e4\u00e4 linkit teoksiin, jos mahdollista.<\/p>\n\n\n\n<p>Vastaa kysymyksiin molempien versioiden osalta:<\/p>\n\n\n\n<p><strong>Alkuper\u00e4isen teoksen nimi:<\/strong><\/p>\n\n\n\n<p><strong>Ensimm\u00e4isen coverin esitt\u00e4j\u00e4n nimi:<\/strong><\/p>\n\n\n\n<ol start=\"1\" class=\"wp-block-list\">\n<li>Mit\u00e4 yhteist\u00e4 coverilla oli alkuper\u00e4isen kappaleen kanssa?\u00a0<\/li>\n\n\n\n<li>Mit\u00e4 eroa coverilla on alkuper\u00e4isen kappaleen kanssa?<\/li>\n\n\n\n<li>Mitk\u00e4 asiat (soittimet, rytmi, melodia yms.) korostuvat cover-versiossa? Miten?<\/li>\n\n\n\n<li>Tuoko cover-versio alkuper\u00e4iseen kappaleeseen jotain, jota koet alkuper\u00e4isest\u00e4 puuttuvan? Perustele vastaus.<\/li>\n\n\n\n<li>Kummasta tykk\u00e4\u00e4t enemm\u00e4n, alkuper\u00e4isest\u00e4 vai coverista? Perustele.<\/li>\n<\/ol>\n\n\n\n<p><strong>Toisen coverin esitt\u00e4j\u00e4n nimi:<\/strong><\/p>\n\n\n\n<p>Kummasta tykk\u00e4\u00e4t enemm\u00e4n, alkuper\u00e4isest\u00e4 vai coverista? Perustele.<\/p>\n\n\n\n<p>Mit\u00e4 yhteist\u00e4 coverilla oli alkuper\u00e4isen kappaleen kanssa?<\/p>\n\n\n\n<p>Mit\u00e4 eroa coverilla on alkuper\u00e4isen kappaleen kanssa?<\/p>\n\n\n\n<p>Mitk\u00e4 asiat (soittimet, rytmi, melodia yms.) korostuvat cover-versiossa? Miten?<\/p>\n\n\n\n<p>Tuoko cover-versio alkuper\u00e4iseen kappaleeseen jotain, jota koet alkuper\u00e4isest\u00e4 puuttuvan? Perustele vastaus.\u00a0<\/p>\n<\/details>\n\n\n\n<details class=\"wp-block-details is-layout-flow wp-block-details-is-layout-flow\"><summary>El\u00e4m\u00e4ni Soundtrack<\/summary>\n<p>Kirjoita Wordiin listaus oman el\u00e4m\u00e4si soundtrackista. Toisin sanoen:<\/p>\n\n\n\n<ul class=\"wp-block-list\">\n<li>Kokoa lista itsellesi t\u00e4rkeist\u00e4 musiikkikappaleista. <\/li>\n\n\n\n<li>Muista perustella valintasi. Esim. &#8221;Kuuntelen t\u00e4t\u00e4 kappaletta silloin, kun haluan vain rentoutua, koska kappaleen tunnelmasta tulee mieleen oma mukava sohvani&#8221;. <\/li>\n\n\n\n<li>Vastaa ainakin seuraaviin kysymyksiin: \n<ul class=\"wp-block-list\">\n<li>T\u00e4t\u00e4 kappaletta kuuntelen, kun olen\/haluan olla iloinen. <\/li>\n\n\n\n<li>T\u00e4t\u00e4 kappaletta kuuntelen, kun olen surullinen.<\/li>\n\n\n\n<li>T\u00e4st\u00e4 kappaleesta saan voimaa, kun olen uupunut.<\/li>\n\n\n\n<li>T\u00e4m\u00e4 kappale parantaa huononkin p\u00e4iv\u00e4n. <\/li>\n\n\n\n<li>T\u00e4m\u00e4 kappale saa minut toiveikkaaksi<\/li>\n\n\n\n<li>T\u00e4t\u00e4 kappaletta kuuntelen, kun haluan raivota maailmalle. <\/li>\n\n\n\n<li>T\u00e4st\u00e4 kappaleesta tulee hyv\u00e4 fiilis!<\/li>\n<\/ul>\n<\/li>\n<\/ul>\n<\/details>\n\n\n\n<details class=\"wp-block-details is-layout-flow wp-block-details-is-layout-flow\"><summary>Lyriikka-analyysi<\/summary>\n<p>Valitse itsellesi t\u00e4h\u00e4n hetkeen sopiva musiikkikappale. Kappaleessa on oltava sanoitukset kielell\u00e4, jota ymm\u00e4rr\u00e4t. <\/p>\n\n\n\n<ul class=\"wp-block-list\">\n<li>Kopioi kappaleen sanoitukset itsellesi Wordiin. <\/li>\n\n\n\n<li>Kirjoita sanoitusten alle pohdintaa kappaleen sanoituksesta. \n<ul class=\"wp-block-list\">\n<li>Mist\u00e4 kappale mielest\u00e4si kertoo? <\/li>\n\n\n\n<li>Mit\u00e4 kirjoittaja yritt\u00e4\u00e4 sanoa?<\/li>\n\n\n\n<li>Mitk\u00e4 kappaleen riimeist\u00e4 ovat mielest\u00e4si onnistuneita ja miksi? <\/li>\n\n\n\n<li>Mik\u00e4 kappaleen sanomassa saa sinut tuntemaan jotain? Miksi ja millaisia tunteita? <\/li>\n<\/ul>\n<\/li>\n<\/ul>\n<\/details>\n","protected":false},"excerpt":{"rendered":"<p>T\u00e4ss\u00e4 musiikinopetuksen tueksi oppilaille teht\u00e4vi\u00e4 ja materiaaleja toteutettavaksi. (klikkaa otsikko auki saadaksesi ohjeet n\u00e4kyviin)<\/p>\n","protected":false},"author":3442,"featured_media":0,"parent":0,"menu_order":0,"comment_status":"closed","ping_status":"closed","template":"","meta":{"footnotes":""},"class_list":["post-549","page","type-page","status-publish","hentry"],"_links":{"self":[{"href":"https:\/\/blog.edu.turku.fi\/ylimaariamusa\/wp-json\/wp\/v2\/pages\/549","targetHints":{"allow":["GET"]}}],"collection":[{"href":"https:\/\/blog.edu.turku.fi\/ylimaariamusa\/wp-json\/wp\/v2\/pages"}],"about":[{"href":"https:\/\/blog.edu.turku.fi\/ylimaariamusa\/wp-json\/wp\/v2\/types\/page"}],"author":[{"embeddable":true,"href":"https:\/\/blog.edu.turku.fi\/ylimaariamusa\/wp-json\/wp\/v2\/users\/3442"}],"replies":[{"embeddable":true,"href":"https:\/\/blog.edu.turku.fi\/ylimaariamusa\/wp-json\/wp\/v2\/comments?post=549"}],"version-history":[{"count":6,"href":"https:\/\/blog.edu.turku.fi\/ylimaariamusa\/wp-json\/wp\/v2\/pages\/549\/revisions"}],"predecessor-version":[{"id":558,"href":"https:\/\/blog.edu.turku.fi\/ylimaariamusa\/wp-json\/wp\/v2\/pages\/549\/revisions\/558"}],"wp:attachment":[{"href":"https:\/\/blog.edu.turku.fi\/ylimaariamusa\/wp-json\/wp\/v2\/media?parent=549"}],"curies":[{"name":"wp","href":"https:\/\/api.w.org\/{rel}","templated":true}]}}