{"id":451,"date":"2025-09-11T11:05:06","date_gmt":"2025-09-11T08:05:06","guid":{"rendered":"https:\/\/blog.edu.turku.fi\/ylimaariamusa\/?page_id=451"},"modified":"2025-09-11T11:08:13","modified_gmt":"2025-09-11T08:08:13","slug":"biisipaja","status":"publish","type":"page","link":"https:\/\/blog.edu.turku.fi\/ylimaariamusa\/biisipaja\/","title":{"rendered":"Biisipaja"},"content":{"rendered":"\n<p>Biisipaja -valinnaiskurssi toteutuu vuosittain 8. ja 9.-luokkalaisille. Kurssin tavoitteena on tehd\u00e4 omia kappaleita ja kehitty\u00e4 musiikintekij\u00e4n\u00e4. Kurssilla kokeillaan erilaisia musiikintekemisen tapoja sek\u00e4 yhdess\u00e4 ett\u00e4 itsen\u00e4isesti. <\/p>\n\n\n\n<p>T\u00e4lle sivulle on koottu materiaaleja, joista saattaa olla hy\u00f6ty\u00e4, kun omia biisej\u00e4 aletaan tekem\u00e4\u00e4n. <\/p>\n\n\n\n<ul class=\"wp-block-list\">\n<li><a href=\"https:\/\/blog.edu.turku.fi\/ylimaariamusa\/miten-aloittaa-biisin-tekeminen\/\" data-type=\"page\" data-id=\"452\">Miten aloittaa biisin tekeminen?<\/a><\/li>\n\n\n\n<li><a href=\"https:\/\/blog.edu.turku.fi\/ylimaariamusa\/savellaji-ja-kvinttiympyra\/\" data-type=\"page\" data-id=\"439\">S\u00e4vellaji ja kvinttiympyr\u00e4<\/a><\/li>\n\n\n\n<li><a href=\"https:\/\/blog.edu.turku.fi\/ylimaariamusa\/sanoitus-ja-kirjoittaminen\/\" data-type=\"page\" data-id=\"443\">Sanoitus ja kirjoittaminen<\/a><\/li>\n\n\n\n<li><a href=\"https:\/\/blog.edu.turku.fi\/ylimaariamusa\/musiikin-tekijoita\/\" data-type=\"page\" data-id=\"447\">Musiikin tekij\u00f6it\u00e4<\/a><\/li>\n<\/ul>\n\n\n\n<p>Musiikin s\u00e4velt\u00e4misest\u00e4 ja sanoittamisesta on tehty lukuisia oppaita, eik\u00e4 yht\u00e4 oikeaa tapaa ole olemassa. YouTubessa on paljon k\u00e4ytett\u00e4viss\u00e4 olevaa materiaalia. <\/p>\n\n\n\n<p>Voit katsastaa esim. <a href=\"https:\/\/youtube.com\/playlist?list=PLoiyyLmc8wdKACeEWDUUW1dWFqtv8r34S&amp;si=hkBGNq49M-5z3Z6i\">Kotistudiokoutsin <\/a>videoilta vinkkej\u00e4 aloittamiseksi!<\/p>\n\n\n\n<p><\/p>\n","protected":false},"excerpt":{"rendered":"<p>Biisipaja -valinnaiskurssi toteutuu vuosittain 8. ja 9.-luokkalaisille. Kurssin tavoitteena on tehd\u00e4 omia kappaleita ja kehitty\u00e4 musiikintekij\u00e4n\u00e4. Kurssilla kokeillaan erilaisia musiikintekemisen tapoja sek\u00e4 yhdess\u00e4 ett\u00e4 itsen\u00e4isesti. T\u00e4lle sivulle on koottu materiaaleja, joista saattaa olla hy\u00f6ty\u00e4, kun omia biisej\u00e4 aletaan tekem\u00e4\u00e4n. Musiikin s\u00e4velt\u00e4misest\u00e4 ja sanoittamisesta on tehty lukuisia oppaita, eik\u00e4 yht\u00e4 oikeaa tapaa ole olemassa. YouTubessa on paljon k\u00e4ytett\u00e4viss\u00e4 olevaa materiaalia. Voit katsastaa esim. Kotistudiokoutsin videoilta vinkkej\u00e4 aloittamiseksi!<\/p>\n","protected":false},"author":3442,"featured_media":0,"parent":0,"menu_order":0,"comment_status":"closed","ping_status":"closed","template":"","meta":{"footnotes":""},"class_list":["post-451","page","type-page","status-publish","hentry"],"_links":{"self":[{"href":"https:\/\/blog.edu.turku.fi\/ylimaariamusa\/wp-json\/wp\/v2\/pages\/451","targetHints":{"allow":["GET"]}}],"collection":[{"href":"https:\/\/blog.edu.turku.fi\/ylimaariamusa\/wp-json\/wp\/v2\/pages"}],"about":[{"href":"https:\/\/blog.edu.turku.fi\/ylimaariamusa\/wp-json\/wp\/v2\/types\/page"}],"author":[{"embeddable":true,"href":"https:\/\/blog.edu.turku.fi\/ylimaariamusa\/wp-json\/wp\/v2\/users\/3442"}],"replies":[{"embeddable":true,"href":"https:\/\/blog.edu.turku.fi\/ylimaariamusa\/wp-json\/wp\/v2\/comments?post=451"}],"version-history":[{"count":3,"href":"https:\/\/blog.edu.turku.fi\/ylimaariamusa\/wp-json\/wp\/v2\/pages\/451\/revisions"}],"predecessor-version":[{"id":460,"href":"https:\/\/blog.edu.turku.fi\/ylimaariamusa\/wp-json\/wp\/v2\/pages\/451\/revisions\/460"}],"wp:attachment":[{"href":"https:\/\/blog.edu.turku.fi\/ylimaariamusa\/wp-json\/wp\/v2\/media?parent=451"}],"curies":[{"name":"wp","href":"https:\/\/api.w.org\/{rel}","templated":true}]}}