{"id":447,"date":"2025-09-11T10:35:32","date_gmt":"2025-09-11T07:35:32","guid":{"rendered":"https:\/\/blog.edu.turku.fi\/ylimaariamusa\/?page_id=447"},"modified":"2025-09-11T13:12:03","modified_gmt":"2025-09-11T10:12:03","slug":"musiikin-tekijoita","status":"publish","type":"page","link":"https:\/\/blog.edu.turku.fi\/ylimaariamusa\/musiikin-tekijoita\/","title":{"rendered":"Musiikin tekij\u00f6it\u00e4"},"content":{"rendered":"\n<p>Musiikki ei synny itsest\u00e4\u00e4n, vaan musiikille on aina tekij\u00e4ns\u00e4. Musiikin tekemiseen liittyy muutamia eri rooleja ja ammatteja, joilla jokaisella on iso vaikutus siihen, milt\u00e4 musiikki kuulostaa. Sulkeissa on my\u00f6s englanninkielinen nimitys kyseiselle ty\u00f6nkuvalle. <\/p>\n\n\n\n<h2 class=\"wp-block-heading\">S\u00e4velt\u00e4j\u00e4 (Composer, songwriter) <\/h2>\n\n\n\n<p>S\u00e4velt\u00e4j\u00e4 ja sanoittaja ovat kappaleen kannalta keskeisimm\u00e4t tekij\u00e4t. Musiikkiteoksen s\u00e4velt\u00e4j\u00e4 p\u00e4\u00e4tt\u00e4\u00e4 sen, milt\u00e4 kappale kuulostaa ja mill\u00e4 tavalla esimerkiksi melodia ja harmonia rakentuu. S\u00e4velt\u00e4j\u00e4 yksinkertaisesti luo kappaleen per\u00e4kk\u00e4in ja p\u00e4\u00e4llekk\u00e4in soivista nuoteista ja soinnuista. <\/p>\n\n\n\n<p>S\u00e4velt\u00e4j\u00e4 voi aloittaa kappaleen tekemisen monella eri tavalla. Usein apuna on piano, kitara tai jokin muu instrumentti, jolla uutta kappaletta voi alkaa hahmottelemaan. Joskus kipin\u00e4n\u00e4 musiikin tekoon voi olla vaikka laulettu melodianp\u00e4tk\u00e4 tai p\u00e4\u00e4ss\u00e4 soiva melodia. <\/p>\n\n\n\n<h2 class=\"wp-block-heading\">Sanoittaja (Lyricist, songwriter)<\/h2>\n\n\n\n<p>Nimens\u00e4 mukaisesti sanoittaja tekee kappaleen sanoitukset. Sanoittajia voi kappaleessa olla useita, aivan kuin s\u00e4velt\u00e4ji\u00e4kin. Useasti sama ihminen voi olla kappaleen sanoittaja ja s\u00e4velt\u00e4j\u00e4. <\/p>\n\n\n\n<p>Joissain tilanteissa kappaleen ty\u00f6st\u00f6 aloitetaan sanoituksen keksimisell\u00e4.<\/p>\n\n\n\n<h2 class=\"wp-block-heading\">Sovittaja (Music Arranger)<\/h2>\n\n\n\n<p>Sovittaja sovittaa eri soitinten tai laulujen osuudet kokonaisuudeksi. Sovittajan vastuulla on pohtia millaisen kokoonpanon esitett\u00e4v\u00e4ksi kappale tulee. Jos s\u00e4velletty kappale halutaan vaikka big bandille tai sinfoniaorkesterille, joutuu sovittaja pohtimaan usean eri instrumentin sopimista kappaleeseen. <\/p>\n\n\n\n<p>Usein jo olemassa oleva kappale voidaan sovittaa uudelleen. N\u00e4in tapahtuu esimerkiksi Vain el\u00e4m\u00e4\u00e4 -ohjelmassa, jossa artistit esitt\u00e4v\u00e4t uusia versioita toistensa kappaleista. Uudet versiot ovat usein hyvinkin paljon uudelleen sovitettuja. <\/p>\n\n\n\n<h2 class=\"wp-block-heading\">Tuottaja (Producer)<\/h2>\n\n\n\n<p>Tuottaja vastaa soundeista. Tuottaja usein p\u00e4\u00e4tt\u00e4\u00e4 siit\u00e4, milt\u00e4 kappale kuulostaa kokonaisuutena. Saman s\u00e4vellyksen voi soittaa hyvin monella eri tavalla. Tuottaja p\u00e4\u00e4tt\u00e4\u00e4 l\u00e4hestymistavan, jolla kappale tullaan toteuttamaan. <\/p>\n","protected":false},"excerpt":{"rendered":"<p>Musiikki ei synny itsest\u00e4\u00e4n, vaan musiikille on aina tekij\u00e4ns\u00e4. Musiikin tekemiseen liittyy muutamia eri rooleja ja ammatteja, joilla jokaisella on iso vaikutus siihen, milt\u00e4 musiikki kuulostaa. Sulkeissa on my\u00f6s englanninkielinen nimitys kyseiselle ty\u00f6nkuvalle. S\u00e4velt\u00e4j\u00e4 (Composer, songwriter) S\u00e4velt\u00e4j\u00e4 ja sanoittaja ovat kappaleen kannalta keskeisimm\u00e4t tekij\u00e4t. Musiikkiteoksen s\u00e4velt\u00e4j\u00e4 p\u00e4\u00e4tt\u00e4\u00e4 sen, milt\u00e4 kappale kuulostaa ja mill\u00e4 tavalla esimerkiksi melodia ja harmonia rakentuu. S\u00e4velt\u00e4j\u00e4 yksinkertaisesti luo kappaleen per\u00e4kk\u00e4in ja p\u00e4\u00e4llekk\u00e4in soivista nuoteista ja soinnuista. S\u00e4velt\u00e4j\u00e4 voi aloittaa kappaleen tekemisen monella eri tavalla. Usein apuna&#8230;<\/p>\n<p class=\"read-more\"><a class=\"btn btn-default\" href=\"https:\/\/blog.edu.turku.fi\/ylimaariamusa\/musiikin-tekijoita\/\"> Read More<span class=\"screen-reader-text\">  Read More<\/span><\/a><\/p>\n","protected":false},"author":3442,"featured_media":0,"parent":0,"menu_order":0,"comment_status":"closed","ping_status":"closed","template":"","meta":{"footnotes":""},"class_list":["post-447","page","type-page","status-publish","hentry"],"_links":{"self":[{"href":"https:\/\/blog.edu.turku.fi\/ylimaariamusa\/wp-json\/wp\/v2\/pages\/447","targetHints":{"allow":["GET"]}}],"collection":[{"href":"https:\/\/blog.edu.turku.fi\/ylimaariamusa\/wp-json\/wp\/v2\/pages"}],"about":[{"href":"https:\/\/blog.edu.turku.fi\/ylimaariamusa\/wp-json\/wp\/v2\/types\/page"}],"author":[{"embeddable":true,"href":"https:\/\/blog.edu.turku.fi\/ylimaariamusa\/wp-json\/wp\/v2\/users\/3442"}],"replies":[{"embeddable":true,"href":"https:\/\/blog.edu.turku.fi\/ylimaariamusa\/wp-json\/wp\/v2\/comments?post=447"}],"version-history":[{"count":4,"href":"https:\/\/blog.edu.turku.fi\/ylimaariamusa\/wp-json\/wp\/v2\/pages\/447\/revisions"}],"predecessor-version":[{"id":463,"href":"https:\/\/blog.edu.turku.fi\/ylimaariamusa\/wp-json\/wp\/v2\/pages\/447\/revisions\/463"}],"wp:attachment":[{"href":"https:\/\/blog.edu.turku.fi\/ylimaariamusa\/wp-json\/wp\/v2\/media?parent=447"}],"curies":[{"name":"wp","href":"https:\/\/api.w.org\/{rel}","templated":true}]}}