{"id":439,"date":"2025-09-11T10:14:33","date_gmt":"2025-09-11T07:14:33","guid":{"rendered":"https:\/\/blog.edu.turku.fi\/ylimaariamusa\/?page_id=439"},"modified":"2026-03-19T11:12:41","modified_gmt":"2026-03-19T09:12:41","slug":"savellaji-ja-kvinttiympyra","status":"publish","type":"page","link":"https:\/\/blog.edu.turku.fi\/ylimaariamusa\/savellaji-ja-kvinttiympyra\/","title":{"rendered":"S\u00e4vellaji ja kvinttiympyr\u00e4"},"content":{"rendered":"\n<p>Jokaisella kappaleella on m\u00e4\u00e4r\u00e4tty s\u00e4vellaji. S\u00e4vellaji on ik\u00e4\u00e4n kuin kappaleeseen tehty sopimus siihen sopivista nuoteista. <\/p>\n\n\n\n<p>S\u00e4vellajilla on peruss\u00e4vel ja siihen liittyy aina tiettyj\u00e4 asteikkoja. <\/p>\n\n\n\n<p>Alla olevasta kvinttiympyr\u00e4st\u00e4 n\u00e4et kaikki tonaalisen j\u00e4rjestelm\u00e4n k\u00e4yt\u00f6ss\u00e4 olevat s\u00e4vellajit ja niiden rinnakkaiss\u00e4vellajit. <\/p>\n\n\n\n<figure class=\"wp-block-image size-full\"><img loading=\"lazy\" decoding=\"async\" width=\"1008\" height=\"1024\" src=\"https:\/\/blog.edu.turku.fi\/ylimaariamusa\/files\/2026\/03\/image.png\" alt=\"\" class=\"wp-image-561\" srcset=\"https:\/\/blog.edu.turku.fi\/ylimaariamusa\/files\/2026\/03\/image.png 1008w, https:\/\/blog.edu.turku.fi\/ylimaariamusa\/files\/2026\/03\/image-295x300.png 295w, https:\/\/blog.edu.turku.fi\/ylimaariamusa\/files\/2026\/03\/image-768x780.png 768w, https:\/\/blog.edu.turku.fi\/ylimaariamusa\/files\/2026\/03\/image-266x270.png 266w\" sizes=\"auto, (max-width: 1008px) 100vw, 1008px\" \/><\/figure>\n","protected":false},"excerpt":{"rendered":"<p>Jokaisella kappaleella on m\u00e4\u00e4r\u00e4tty s\u00e4vellaji. S\u00e4vellaji on ik\u00e4\u00e4n kuin kappaleeseen tehty sopimus siihen sopivista nuoteista. S\u00e4vellajilla on peruss\u00e4vel ja siihen liittyy aina tiettyj\u00e4 asteikkoja. Alla olevasta kvinttiympyr\u00e4st\u00e4 n\u00e4et kaikki tonaalisen j\u00e4rjestelm\u00e4n k\u00e4yt\u00f6ss\u00e4 olevat s\u00e4vellajit ja niiden rinnakkaiss\u00e4vellajit.<\/p>\n","protected":false},"author":3442,"featured_media":0,"parent":0,"menu_order":0,"comment_status":"closed","ping_status":"closed","template":"","meta":{"footnotes":""},"class_list":["post-439","page","type-page","status-publish","hentry"],"_links":{"self":[{"href":"https:\/\/blog.edu.turku.fi\/ylimaariamusa\/wp-json\/wp\/v2\/pages\/439","targetHints":{"allow":["GET"]}}],"collection":[{"href":"https:\/\/blog.edu.turku.fi\/ylimaariamusa\/wp-json\/wp\/v2\/pages"}],"about":[{"href":"https:\/\/blog.edu.turku.fi\/ylimaariamusa\/wp-json\/wp\/v2\/types\/page"}],"author":[{"embeddable":true,"href":"https:\/\/blog.edu.turku.fi\/ylimaariamusa\/wp-json\/wp\/v2\/users\/3442"}],"replies":[{"embeddable":true,"href":"https:\/\/blog.edu.turku.fi\/ylimaariamusa\/wp-json\/wp\/v2\/comments?post=439"}],"version-history":[{"count":3,"href":"https:\/\/blog.edu.turku.fi\/ylimaariamusa\/wp-json\/wp\/v2\/pages\/439\/revisions"}],"predecessor-version":[{"id":562,"href":"https:\/\/blog.edu.turku.fi\/ylimaariamusa\/wp-json\/wp\/v2\/pages\/439\/revisions\/562"}],"wp:attachment":[{"href":"https:\/\/blog.edu.turku.fi\/ylimaariamusa\/wp-json\/wp\/v2\/media?parent=439"}],"curies":[{"name":"wp","href":"https:\/\/api.w.org\/{rel}","templated":true}]}}