{"id":42,"date":"2024-11-20T10:42:28","date_gmt":"2024-11-20T08:42:28","guid":{"rendered":"https:\/\/blog.edu.turku.fi\/ylimaariamusa\/?page_id=42"},"modified":"2024-11-25T12:24:25","modified_gmt":"2024-11-25T10:24:25","slug":"musescore","status":"publish","type":"page","link":"https:\/\/blog.edu.turku.fi\/ylimaariamusa\/musescore\/","title":{"rendered":"MuseScore"},"content":{"rendered":"\n<p>K\u00e4yt\u00e4mme nuotintamiseen MuseScore-ohjelmistoa, jonka voi ladata Microsoft Storesta. Ohjelma on erinomainen ja monipuolinen apuv\u00e4line sek\u00e4 nuottien tekemiseen ja musiikin teorian harjoitteluun. <\/p>\n\n\n\n<p><a href=\"https:\/\/www.youtube.com\/playlist?list=PLVvWzcs63wXHbNNoZ6V_0rrHMXeNP_TCc\">T\u00e4st\u00e4 linkist\u00e4<\/a> p\u00e4\u00e4set katsomaan ohjevideoita (YouTube) eri nuotintamisen vaiheista<\/p>\n\n\n\n<p>MuseScoressa k\u00e4ytett\u00e4v\u00e4t n\u00e4pp\u00e4inyhdistelm\u00e4t kannattaa jo varhaisessa vaiheessa ottaa haltuun. T\u00e4m\u00e4 nopeuttaa ja helpottaa todella paljon nuotinnoksen tekemist\u00e4. <\/p>\n\n\n\n<figure class=\"wp-block-table\"><table class=\"has-fixed-layout\"><tbody><tr><td><strong>N\u00e4pp\u00e4inkomento<\/strong><\/td><td><strong>Toiminta<\/strong><\/td><\/tr><tr><td>Ctrl + C<\/td><td>Kopioi<\/td><\/tr><tr><td>Ctrl + V<\/td><td>Liit\u00e4<\/td><\/tr><tr><td>Ctrl + X<\/td><td>Leikkaa<\/td><\/tr><tr><td>Ctrl + A<\/td><td>Valitse kaikki<\/td><\/tr><tr><td>Ctrl + Z<\/td><td>Kumoa<\/td><\/tr><tr><td>Ctrl + Y<\/td><td>Tee sittenkin<\/td><\/tr><tr><td>Ctrl + L<\/td><td>Lis\u00e4\u00e4 sanoitusrivi<\/td><\/tr><tr><td>Ctrl + K<\/td><td>Lis\u00e4\u00e4 sointumerkki<\/td><\/tr><tr><td><strong>N<\/strong><\/td><td>Aktivoi nuotinsy\u00f6tt\u00f6tila<\/td><\/tr><tr><td>2<\/td><td>1\/32-osanuotti<\/td><\/tr><tr><td>3<\/td><td>1\/16-osanuotti<\/td><\/tr><tr><td>4<\/td><td>1\/8-osanuotti<\/td><\/tr><tr><td>5<\/td><td>1\/4-osanuotti<\/td><\/tr><tr><td>6<\/td><td>puolinuotti<\/td><\/tr><tr><td>7<\/td><td>kokonuotti<\/td><\/tr><\/tbody><\/table><\/figure>\n\n\n\n<figure class=\"wp-block-image size-large is-style-default\"><img loading=\"lazy\" decoding=\"async\" width=\"530\" height=\"800\" src=\"https:\/\/blog.edu.turku.fi\/ylimaariamusa\/files\/2024\/11\/nuotit-ja-tauot-530x800.jpg\" alt=\"Muistutuksena helpottamaan nuotinnoksen tekemist\u00e4. \" class=\"wp-image-66\" srcset=\"https:\/\/blog.edu.turku.fi\/ylimaariamusa\/files\/2024\/11\/nuotit-ja-tauot.jpg 530w, https:\/\/blog.edu.turku.fi\/ylimaariamusa\/files\/2024\/11\/nuotit-ja-tauot-199x300.jpg 199w\" sizes=\"auto, (max-width: 530px) 100vw, 530px\" \/><figcaption class=\"wp-element-caption\">Nuottien ja taukojen aika-arvot ovat toisiinsa loogisessa matemaattisessa suhteessa. <\/figcaption><\/figure>\n","protected":false},"excerpt":{"rendered":"<p>K\u00e4yt\u00e4mme nuotintamiseen MuseScore-ohjelmistoa, jonka voi ladata Microsoft Storesta. Ohjelma on erinomainen ja monipuolinen apuv\u00e4line sek\u00e4 nuottien tekemiseen ja musiikin teorian harjoitteluun. T\u00e4st\u00e4 linkist\u00e4 p\u00e4\u00e4set katsomaan ohjevideoita (YouTube) eri nuotintamisen vaiheista MuseScoressa k\u00e4ytett\u00e4v\u00e4t n\u00e4pp\u00e4inyhdistelm\u00e4t kannattaa jo varhaisessa vaiheessa ottaa haltuun. T\u00e4m\u00e4 nopeuttaa ja helpottaa todella paljon nuotinnoksen tekemist\u00e4. N\u00e4pp\u00e4inkomento Toiminta Ctrl + C Kopioi Ctrl + V Liit\u00e4 Ctrl + X Leikkaa Ctrl + A Valitse kaikki Ctrl + Z Kumoa Ctrl + Y Tee sittenkin Ctrl + L Lis\u00e4\u00e4 sanoitusrivi&#8230;<\/p>\n<p class=\"read-more\"><a class=\"btn btn-default\" href=\"https:\/\/blog.edu.turku.fi\/ylimaariamusa\/musescore\/\"> Read More<span class=\"screen-reader-text\">  Read More<\/span><\/a><\/p>\n","protected":false},"author":3442,"featured_media":0,"parent":0,"menu_order":0,"comment_status":"closed","ping_status":"closed","template":"","meta":{"footnotes":""},"class_list":["post-42","page","type-page","status-publish","hentry"],"_links":{"self":[{"href":"https:\/\/blog.edu.turku.fi\/ylimaariamusa\/wp-json\/wp\/v2\/pages\/42","targetHints":{"allow":["GET"]}}],"collection":[{"href":"https:\/\/blog.edu.turku.fi\/ylimaariamusa\/wp-json\/wp\/v2\/pages"}],"about":[{"href":"https:\/\/blog.edu.turku.fi\/ylimaariamusa\/wp-json\/wp\/v2\/types\/page"}],"author":[{"embeddable":true,"href":"https:\/\/blog.edu.turku.fi\/ylimaariamusa\/wp-json\/wp\/v2\/users\/3442"}],"replies":[{"embeddable":true,"href":"https:\/\/blog.edu.turku.fi\/ylimaariamusa\/wp-json\/wp\/v2\/comments?post=42"}],"version-history":[{"count":5,"href":"https:\/\/blog.edu.turku.fi\/ylimaariamusa\/wp-json\/wp\/v2\/pages\/42\/revisions"}],"predecessor-version":[{"id":67,"href":"https:\/\/blog.edu.turku.fi\/ylimaariamusa\/wp-json\/wp\/v2\/pages\/42\/revisions\/67"}],"wp:attachment":[{"href":"https:\/\/blog.edu.turku.fi\/ylimaariamusa\/wp-json\/wp\/v2\/media?parent=42"}],"curies":[{"name":"wp","href":"https:\/\/api.w.org\/{rel}","templated":true}]}}