{"id":360,"date":"2025-03-10T09:52:43","date_gmt":"2025-03-10T07:52:43","guid":{"rendered":"https:\/\/blog.edu.turku.fi\/ylimaariamusa\/?page_id=360"},"modified":"2025-08-08T12:45:42","modified_gmt":"2025-08-08T09:45:42","slug":"musiikin-elementit","status":"publish","type":"page","link":"https:\/\/blog.edu.turku.fi\/ylimaariamusa\/musiikin-elementit\/","title":{"rendered":"Musiikin elementit"},"content":{"rendered":"\n<h2 class=\"wp-block-heading\">Rytmi<\/h2>\n\n\n\n<ul class=\"wp-block-list\">\n<li>Musiikissa <strong>rytmi<\/strong> koostuu kappaleen <strong>perussykkeest\u00e4<\/strong>, ajallisesta jakautumisesta ja painotuksista. Rytmille annetaan musiikissa aika-arvoja, joiden mukaan rytmi on havaittavissa. Rytmi voi olla yksinkertainen ja helppo seurata, tai se voi olla monimutkainen ja vaihteleva. Populaarimusiikissa rytmin havaitsee usein rummuista. <\/li>\n\n\n\n<li><strong>Tahtilaji<\/strong> kertoo kuinka monta iskua mahtuu yhteen tahtiin (esim. 4\/4 tahtilajissa yhdess\u00e4 tahdissa nelj\u00e4 iskua.)<\/li>\n\n\n\n<li><strong>Tempo<\/strong> m\u00e4\u00e4rittelee iskuihin k\u00e4ytetyn ajan (iskua minuutissa, bpm, beats per minute). Jos tempo on 60 bpm, on iskuja yksi sekunnissa. <\/li>\n<\/ul>\n\n\n\n<div style=\"height:100px\" aria-hidden=\"true\" class=\"wp-block-spacer\"><\/div>\n\n\n\n<h2 class=\"wp-block-heading\">Melodia<\/h2>\n\n\n\n<ul class=\"wp-block-list\">\n<li>Melodia on s\u00e4velist\u00e4 koostuva s\u00e4velkulku. Se on usein kappaleessa joko laulettuna tai soitettuna. <\/li>\n\n\n\n<li>Melodiaa usein tuetaan s\u00e4estyksell\u00e4 samalla soittimella tai kokonaan eri soittimella. <\/li>\n<\/ul>\n\n\n\n<div style=\"height:100px\" aria-hidden=\"true\" class=\"wp-block-spacer\"><\/div>\n\n\n\n<h2 class=\"wp-block-heading\">Harmonia<\/h2>\n\n\n\n<ul class=\"wp-block-list\">\n<li><strong>Harmonia<\/strong><em> <\/em>on useamman kuin yhden s\u00e4velen muodostama <strong>kuulokuva<\/strong>. Harmoniassa voi olla p\u00e4\u00e4llekk\u00e4in useita eri s\u00e4veli\u00e4.<\/li>\n\n\n\n<li>Harmonia ilmenee esimerkiksi soitettavina ja laulettuina <strong>sointuina. <\/strong>\n<ul class=\"wp-block-list\">\n<li>C-duuri kolmisointu on kolmen s\u00e4velen (C,E,G) harmonia. <\/li>\n\n\n\n<li>Gmaj7 nelisointu on nelj\u00e4n s\u00e4velen (G,B,D,F#) harmonia <\/li>\n<\/ul>\n<\/li>\n\n\n\n<li>Melodia ja harmonia sopusoinnussa (kuulostaa harmoniselta) = <strong>konsonanssi<\/strong><\/li>\n\n\n\n<li>Melodia ja harmonia ristiriidassa (musiikissa j\u00e4nnitteit\u00e4, kuulostaa ei niin harmoniselta) = <strong>dissonanssi<\/strong>.\n<ul class=\"wp-block-list\">\n<li>K\u00e4ytet\u00e4\u00e4n paljon esimerkiksi jazz-musiikissa. <\/li>\n<\/ul>\n<\/li>\n<\/ul>\n\n\n\n<div style=\"height:100px\" aria-hidden=\"true\" class=\"wp-block-spacer\"><\/div>\n\n\n\n<h2 class=\"wp-block-heading\">Sointiv\u00e4ri<\/h2>\n\n\n\n<ul class=\"wp-block-list\">\n<li>Sointiv\u00e4ri erottaa eri \u00e4\u00e4nil\u00e4hteet toisistaan. Esimerkiksi kitaralla ja pianolla soitettu sama nuotti kuulostaa erilaiselta juuri soittimen rungon, rakenteen ja toiminnan takia. <\/li>\n\n\n\n<li>My\u00f6s jokaisen laulu\u00e4\u00e4nell\u00e4 on oma sointiv\u00e4rins\u00e4. <\/li>\n\n\n\n<li>Sointiv\u00e4ri\u00e4 kuvaillaan usein adjektiiveilla (esim. tumma, kirkas, hele\u00e4)<\/li>\n<\/ul>\n\n\n\n<div style=\"height:100px\" aria-hidden=\"true\" class=\"wp-block-spacer\"><\/div>\n\n\n\n<h2 class=\"wp-block-heading\">Dynamiikka<\/h2>\n\n\n\n<ul class=\"wp-block-list\">\n<li>Dynamiikka tarkoittaa musiikissa \u00e4\u00e4nenvoimakkuutta ja sen muutosta. <\/li>\n\n\n\n<li>Dynamiikkaa voidaan muuttaa l\u00e4hes mill\u00e4 tahansa instrumentilla. N\u00e4in saadaan musiikista tulkinnallisempaa. <\/li>\n\n\n\n<li>Esimerkiksi kevyen musiikin \u00e4\u00e4nitteiss\u00e4 dynamiikan muutos on vuosikymmenten aikana v\u00e4hentynyt ja musiikki on kompressoitu (litistetty) kuulostamaan tasapaksulta ja voimakkaalta. Modernimpaa pop-musiikkia on helpompi kuunnella joka paikassa, koska \u00e4\u00e4nenvoimakkuus ei juurikaan vaihtele.<\/li>\n<\/ul>\n","protected":false},"excerpt":{"rendered":"<p>Rytmi Melodia Harmonia Sointiv\u00e4ri Dynamiikka<\/p>\n","protected":false},"author":3442,"featured_media":0,"parent":0,"menu_order":0,"comment_status":"closed","ping_status":"closed","template":"","meta":{"footnotes":""},"class_list":["post-360","page","type-page","status-publish","hentry"],"_links":{"self":[{"href":"https:\/\/blog.edu.turku.fi\/ylimaariamusa\/wp-json\/wp\/v2\/pages\/360","targetHints":{"allow":["GET"]}}],"collection":[{"href":"https:\/\/blog.edu.turku.fi\/ylimaariamusa\/wp-json\/wp\/v2\/pages"}],"about":[{"href":"https:\/\/blog.edu.turku.fi\/ylimaariamusa\/wp-json\/wp\/v2\/types\/page"}],"author":[{"embeddable":true,"href":"https:\/\/blog.edu.turku.fi\/ylimaariamusa\/wp-json\/wp\/v2\/users\/3442"}],"replies":[{"embeddable":true,"href":"https:\/\/blog.edu.turku.fi\/ylimaariamusa\/wp-json\/wp\/v2\/comments?post=360"}],"version-history":[{"count":6,"href":"https:\/\/blog.edu.turku.fi\/ylimaariamusa\/wp-json\/wp\/v2\/pages\/360\/revisions"}],"predecessor-version":[{"id":393,"href":"https:\/\/blog.edu.turku.fi\/ylimaariamusa\/wp-json\/wp\/v2\/pages\/360\/revisions\/393"}],"wp:attachment":[{"href":"https:\/\/blog.edu.turku.fi\/ylimaariamusa\/wp-json\/wp\/v2\/media?parent=360"}],"curies":[{"name":"wp","href":"https:\/\/api.w.org\/{rel}","templated":true}]}}