{"id":356,"date":"2025-03-10T09:52:24","date_gmt":"2025-03-10T07:52:24","guid":{"rendered":"https:\/\/blog.edu.turku.fi\/ylimaariamusa\/?page_id=356"},"modified":"2026-01-29T10:59:43","modified_gmt":"2026-01-29T08:59:43","slug":"nuottikuva-ja-nuotinluku","status":"publish","type":"page","link":"https:\/\/blog.edu.turku.fi\/ylimaariamusa\/nuottikuva-ja-nuotinluku\/","title":{"rendered":"Nuotit ja merkinn\u00e4t"},"content":{"rendered":"\n<p>Musiikkia luetaan nuottien avulla. Nuotit ovat ik\u00e4\u00e4n kuin musiikin kieli. Nuotinnoksissa olevilla merkinn\u00f6ill\u00e4 m\u00e4\u00e4ritell\u00e4\u00e4n miten korkeita, matalia, pitki\u00e4 tai lyhyit\u00e4 \u00e4\u00e4ni\u00e4 soitetaan tai lauletaan. Jokaisella nuotilla on oma aika-arvonsa ja nuottiviivastolla m\u00e4\u00e4ritetty korkeus. <\/p>\n\n\n\n<p>Seuraavassa on lueteltuna yleisimpien nuottien aika-arvot pisimm\u00e4st\u00e4 lyhyimp\u00e4\u00e4n. <\/p>\n\n\n\n<figure class=\"wp-block-image size-large\"><img loading=\"lazy\" decoding=\"async\" width=\"1024\" height=\"270\" src=\"https:\/\/blog.edu.turku.fi\/ylimaariamusa\/files\/2025\/08\/Nuottien-aika-arvot-1-1024x270.png\" alt=\"\" class=\"wp-image-418\" srcset=\"https:\/\/blog.edu.turku.fi\/ylimaariamusa\/files\/2025\/08\/Nuottien-aika-arvot-1-1024x270.png 1024w, https:\/\/blog.edu.turku.fi\/ylimaariamusa\/files\/2025\/08\/Nuottien-aika-arvot-1-300x79.png 300w, https:\/\/blog.edu.turku.fi\/ylimaariamusa\/files\/2025\/08\/Nuottien-aika-arvot-1-768x203.png 768w, https:\/\/blog.edu.turku.fi\/ylimaariamusa\/files\/2025\/08\/Nuottien-aika-arvot-1-604x159.png 604w, https:\/\/blog.edu.turku.fi\/ylimaariamusa\/files\/2025\/08\/Nuottien-aika-arvot-1.png 1125w\" sizes=\"auto, (max-width: 1024px) 100vw, 1024px\" \/><\/figure>\n\n\n\n<p><\/p>\n\n\n\n<h2 class=\"wp-block-heading\">Nuottien nimet viivastolla: <\/h2>\n\n\n\n<figure class=\"wp-block-image size-large\"><img loading=\"lazy\" decoding=\"async\" width=\"1024\" height=\"125\" src=\"https:\/\/blog.edu.turku.fi\/ylimaariamusa\/files\/2026\/01\/image-1-1024x125.png\" alt=\"\" class=\"wp-image-534\" srcset=\"https:\/\/blog.edu.turku.fi\/ylimaariamusa\/files\/2026\/01\/image-1-1024x125.png 1024w, https:\/\/blog.edu.turku.fi\/ylimaariamusa\/files\/2026\/01\/image-1-300x37.png 300w, https:\/\/blog.edu.turku.fi\/ylimaariamusa\/files\/2026\/01\/image-1-768x94.png 768w, https:\/\/blog.edu.turku.fi\/ylimaariamusa\/files\/2026\/01\/image-1-1536x188.png 1536w, https:\/\/blog.edu.turku.fi\/ylimaariamusa\/files\/2026\/01\/image-1-2048x250.png 2048w, https:\/\/blog.edu.turku.fi\/ylimaariamusa\/files\/2026\/01\/image-1-604x74.png 604w\" sizes=\"auto, (max-width: 1024px) 100vw, 1024px\" \/><figcaption class=\"wp-element-caption\">Kuvassa on merkitty nelj\u00e4sosanuoteilla nuottien paikat viivastolla. Numerolla erotetaan eri oktaavit toisistaan. <\/figcaption><\/figure>\n\n\n\n<h2 class=\"wp-block-heading\">Muunnosmerkit (korotus- ja alennusmerkit)<\/h2>\n\n\n\n<p><strong>Muunnosmerkit<\/strong> ovat nuottien edess\u00e4 k\u00e4ytett\u00e4vi\u00e4 merkkej\u00e4, jotka muuttavat s\u00e4velen korkeutta.<\/p>\n\n\n\n<ul class=\"wp-block-list\">\n<li><strong>Ylennysmerkki (\u266f)<\/strong> nostaa s\u00e4velt\u00e4 puolis\u00e4velaskeleen.<br><em>Esim. F \u2192 F\u266f (\u201dFis\u201d).<\/em><\/li>\n\n\n\n<li><strong>Alennusmerkki (\u266d)<\/strong> laskee s\u00e4velt\u00e4 puolis\u00e4velaskeleen.<br><em>Esim. A \u2192 A\u266d (\u201dAs\u201d).<\/em><\/li>\n\n\n\n<li><strong>Palautusmerkki (\u266e)<\/strong> poistaa aiemman muunnoksen, eli palauttaa s\u00e4velen normaaliksi.<\/li>\n<\/ul>\n\n\n\n<p>Muunnosmerkit vaikuttavat <strong>koko tahtiin<\/strong>, ellei toisin merkit\u00e4. Ne kertovat soittajalle, ett\u00e4 kyseinen s\u00e4vel pit\u00e4\u00e4 soittaa korkeampana tai matalampana kuin perusmuodossaan.<\/p>\n\n\n\n<h2 class=\"wp-block-heading\">S\u00e4vellaji<\/h2>\n\n\n\n<p><strong>S\u00e4vellaji<\/strong> kertoo, mink\u00e4 s\u00e4velen ymp\u00e4rille kappale rakentuu ja mitk\u00e4 s\u00e4velet \u201dsopivat yhteen\u201d kyseisess\u00e4 kappaleessa. S\u00e4vellaji antaa kappaleelle sen <strong>perustunnelman<\/strong> ja <strong>s\u00e4velkorkeuden<\/strong>.<\/p>\n\n\n\n<ul class=\"wp-block-list\">\n<li><strong>Peruss\u00e4vel (toonika)<\/strong> on s\u00e4vellajin <em>kotis\u00e4vel<\/em>, johon melodia usein palaa ja joka tuntuu \u201dlevolliselta\u201d.<br><em>Esim. C-duurissa peruss\u00e4vel on C.<\/em><\/li>\n\n\n\n<li><strong>Etumerkinn\u00e4t<\/strong> (korotukset \u266f ja alennukset \u266d) kertovat, mitk\u00e4 s\u00e4velet ovat automaattisesti korotettuja tai alennettuja koko kappaleessa.<br><em>Esim. G-duurissa on yksi ylennys: F\u266f.<\/em><\/li>\n<\/ul>\n\n\n\n<h2 class=\"wp-block-heading\">Kvinttiympyr\u00e4 ja s\u00e4vellajien etumerkinn\u00e4t<\/h2>\n\n\n\n<figure class=\"wp-block-image size-full\"><img loading=\"lazy\" decoding=\"async\" width=\"922\" height=\"789\" src=\"https:\/\/blog.edu.turku.fi\/ylimaariamusa\/files\/2026\/01\/20FFE5BF-B57B-4929-9A4A-F173B0412CBD.png\" alt=\"\" class=\"wp-image-536\" srcset=\"https:\/\/blog.edu.turku.fi\/ylimaariamusa\/files\/2026\/01\/20FFE5BF-B57B-4929-9A4A-F173B0412CBD.png 922w, https:\/\/blog.edu.turku.fi\/ylimaariamusa\/files\/2026\/01\/20FFE5BF-B57B-4929-9A4A-F173B0412CBD-300x257.png 300w, https:\/\/blog.edu.turku.fi\/ylimaariamusa\/files\/2026\/01\/20FFE5BF-B57B-4929-9A4A-F173B0412CBD-768x657.png 768w, https:\/\/blog.edu.turku.fi\/ylimaariamusa\/files\/2026\/01\/20FFE5BF-B57B-4929-9A4A-F173B0412CBD-316x270.png 316w\" sizes=\"auto, (max-width: 922px) 100vw, 922px\" \/><\/figure>\n\n\n\n<p><strong>Kvinttiympyr\u00e4<\/strong> on ympyr\u00e4n muotoinen kaavio, joka n\u00e4ytt\u00e4\u00e4, miten eri <strong>s\u00e4vellajit<\/strong> liittyv\u00e4t toisiinsa. Kun kuljetaan ympyr\u00e4\u00e4 my\u00f6t\u00e4p\u00e4iv\u00e4\u00e4n, jokainen uusi s\u00e4vellaji on <strong>viisi s\u00e4velt\u00e4 ylemp\u00e4n\u00e4<\/strong> (kvintti). Kun kuljetaan vastap\u00e4iv\u00e4\u00e4n, menn\u00e4\u00e4n <strong>nelj\u00e4nneksen<\/strong> verran alasp\u00e4in.<\/p>\n\n\n\n<ul class=\"wp-block-list\">\n<li>My\u00f6t\u00e4p\u00e4iv\u00e4\u00e4n siirtyess\u00e4 etumerkkeihin tulee <strong>korotuksia (\u266f)<\/strong> lis\u00e4\u00e4.<\/li>\n\n\n\n<li>Vastap\u00e4iv\u00e4\u00e4n siirtyess\u00e4 etumerkkeihin tulee <strong>alennuksia (\u266d)<\/strong> lis\u00e4\u00e4.<\/li>\n<\/ul>\n\n\n\n<p>Kvinttiympyr\u00e4 auttaa hahmottamaan,<br><strong>mitk\u00e4 s\u00e4vellajit ovat l\u00e4hell\u00e4 toisiaan<\/strong>,<br>mik\u00e4 s\u00e4vellaji on helppo vaihtaa toiseen,<br>ja millaiset soinnut \u201dsopivat yhteen\u201d.<\/p>\n","protected":false},"excerpt":{"rendered":"<p>Musiikkia luetaan nuottien avulla. Nuotit ovat ik\u00e4\u00e4n kuin musiikin kieli. Nuotinnoksissa olevilla merkinn\u00f6ill\u00e4 m\u00e4\u00e4ritell\u00e4\u00e4n miten korkeita, matalia, pitki\u00e4 tai lyhyit\u00e4 \u00e4\u00e4ni\u00e4 soitetaan tai lauletaan. Jokaisella nuotilla on oma aika-arvonsa ja nuottiviivastolla m\u00e4\u00e4ritetty korkeus. Seuraavassa on lueteltuna yleisimpien nuottien aika-arvot pisimm\u00e4st\u00e4 lyhyimp\u00e4\u00e4n. Nuottien nimet viivastolla: Muunnosmerkit (korotus- ja alennusmerkit) Muunnosmerkit ovat nuottien edess\u00e4 k\u00e4ytett\u00e4vi\u00e4 merkkej\u00e4, jotka muuttavat s\u00e4velen korkeutta. Muunnosmerkit vaikuttavat koko tahtiin, ellei toisin merkit\u00e4. Ne kertovat soittajalle, ett\u00e4 kyseinen s\u00e4vel pit\u00e4\u00e4 soittaa korkeampana tai matalampana kuin perusmuodossaan. S\u00e4vellaji S\u00e4vellaji&#8230;<\/p>\n<p class=\"read-more\"><a class=\"btn btn-default\" href=\"https:\/\/blog.edu.turku.fi\/ylimaariamusa\/nuottikuva-ja-nuotinluku\/\"> Read More<span class=\"screen-reader-text\">  Read More<\/span><\/a><\/p>\n","protected":false},"author":3442,"featured_media":0,"parent":0,"menu_order":0,"comment_status":"closed","ping_status":"closed","template":"","meta":{"footnotes":""},"class_list":["post-356","page","type-page","status-publish","hentry"],"_links":{"self":[{"href":"https:\/\/blog.edu.turku.fi\/ylimaariamusa\/wp-json\/wp\/v2\/pages\/356","targetHints":{"allow":["GET"]}}],"collection":[{"href":"https:\/\/blog.edu.turku.fi\/ylimaariamusa\/wp-json\/wp\/v2\/pages"}],"about":[{"href":"https:\/\/blog.edu.turku.fi\/ylimaariamusa\/wp-json\/wp\/v2\/types\/page"}],"author":[{"embeddable":true,"href":"https:\/\/blog.edu.turku.fi\/ylimaariamusa\/wp-json\/wp\/v2\/users\/3442"}],"replies":[{"embeddable":true,"href":"https:\/\/blog.edu.turku.fi\/ylimaariamusa\/wp-json\/wp\/v2\/comments?post=356"}],"version-history":[{"count":5,"href":"https:\/\/blog.edu.turku.fi\/ylimaariamusa\/wp-json\/wp\/v2\/pages\/356\/revisions"}],"predecessor-version":[{"id":537,"href":"https:\/\/blog.edu.turku.fi\/ylimaariamusa\/wp-json\/wp\/v2\/pages\/356\/revisions\/537"}],"wp:attachment":[{"href":"https:\/\/blog.edu.turku.fi\/ylimaariamusa\/wp-json\/wp\/v2\/media?parent=356"}],"curies":[{"name":"wp","href":"https:\/\/api.w.org\/{rel}","templated":true}]}}