{"id":352,"date":"2025-03-10T09:50:47","date_gmt":"2025-03-10T07:50:47","guid":{"rendered":"https:\/\/blog.edu.turku.fi\/ylimaariamusa\/?page_id=352"},"modified":"2026-01-26T14:01:42","modified_gmt":"2026-01-26T12:01:42","slug":"muoto-taidemusiikissa","status":"publish","type":"page","link":"https:\/\/blog.edu.turku.fi\/ylimaariamusa\/muoto-taidemusiikissa\/","title":{"rendered":"Muoto taidemusiikissa"},"content":{"rendered":"\n\n<section>\n  <h1>Muoto taidemusiikissa<\/h1>\n\n  <p>\n    Taidemusiikin muoto tarkoittaa teoksen rakenteellista kokonaisuutta \u2013 \n    sit\u00e4, miten musiikilliset ideat asetetaan j\u00e4rjestykseen. Muoto auttaa kuulijaa hahmottamaan,\n    miten teos etenee, toistuu ja kehittyy.\n  <\/p>\n\n  <h2>Miksi muoto on t\u00e4rke\u00e4?<\/h2>\n  <ul>\n    <li>Se antaa teokselle selke\u00e4n alku\u2013keskikohta\u2013loppu -rakenteen.<\/li>\n    <li>Se auttaa s\u00e4velt\u00e4j\u00e4\u00e4 rakentamaan j\u00e4nnitteit\u00e4 ja ratkaisuja.<\/li>\n    <li>Se tekee teoksesta helpommin ymm\u00e4rrett\u00e4v\u00e4n kuulijalle.<\/li>\n  <\/ul>\n\n  https:\/\/upload.wikimedia.org\/wikipedia\/commons\/thumb\/6\/6f\/Beethoven_Moonlight_Sonata.png\/640px-Beethoven_Moonlight_Sonata.png\n  <p style=\"font-size:0.9em;color:#555\">\n    Kuva: Beethovenin k\u00e4sikirjoitusta (Wikimedia Commons, Public Domain)\n  <\/p>\n\n  <h2>Keskeiset musiikilliset muodot<\/h2>\n\n  <h3><strong>Kaksiosainen muoto (A\u2013B)<\/strong><\/h3>\n  <p>\n    Kaksiosainen muoto koostuu kahdesta eri jaksosta. T\u00e4t\u00e4 k\u00e4ytet\u00e4\u00e4n\n    erityisesti barokin tansseissa ja lyhyiss\u00e4 kosketinsoitinkappaleissa.\n  <\/p>\n\n  <h3><strong>Kolmiosainen muoto (A\u2013B\u2013A)<\/strong><\/h3>\n  <p>\n    Kolmiosaisessa muodossa keskiosa tarjoaa kontrastin ja A-osa palaa lopuksi.\n    Tunnetaan my\u00f6s nimell\u00e4 <em>da capo<\/em> -muoto.\n  <\/p>\n\n  <h3><strong>Rondo<\/strong><\/h3>\n  <p>\n    Rondon perusidea on toistuva p\u00e4\u00e4teema, joka vuorottelee erilaisten jaksojen kanssa\n    (A\u2013B\u2013A\u2013C\u2013A\u2013\u2026). Muoto on yleinen erityisesti klassismin ajan sonaattien viimeisiss\u00e4 osissa.\n  <\/p>\n\n  <h3><strong>Sonaattimuoto<\/strong><\/h3>\n  <p>\n    Yksi l\u00e4nsimaisen taidemusiikin merkitt\u00e4vimmist\u00e4 muodoista. Se koostuu\n    <strong>esittelyjaksosta<\/strong> (teemat esitell\u00e4\u00e4n), <strong>kehittelyjaksosta<\/strong>\n    (aiheiden muuntelua ja j\u00e4nnitteit\u00e4) ja <strong>kertasoitosta<\/strong>\n    (teemat palaavat).\n  <\/p>\n\n  https:\/\/upload.wikimedia.org\/wikipedia\/commons\/thumb\/0\/0c\/Sonata_form_diagram.png\/640px-Sonata_form_diagram.png\n  <p style=\"font-size:0.9em;color:#555\">\n    Kuva: Sonaattimuodon havainnollistava kaavio (Wikimedia Commons, Public Domain)\n  <\/p>\n\n\n\n\n\n<p><\/p>\n","protected":false},"excerpt":{"rendered":"<p>Muoto taidemusiikissa Taidemusiikin muoto tarkoittaa teoksen rakenteellista kokonaisuutta \u2013 sit\u00e4, miten musiikilliset ideat asetetaan j\u00e4rjestykseen. Muoto auttaa kuulijaa hahmottamaan, miten teos etenee, toistuu ja kehittyy. Miksi muoto on t\u00e4rke\u00e4? Se antaa teokselle selke\u00e4n alku\u2013keskikohta\u2013loppu -rakenteen. Se auttaa s\u00e4velt\u00e4j\u00e4\u00e4 rakentamaan j\u00e4nnitteit\u00e4 ja ratkaisuja. Se tekee teoksesta helpommin ymm\u00e4rrett\u00e4v\u00e4n kuulijalle. https:\/\/upload.wikimedia.org\/wikipedia\/commons\/thumb\/6\/6f\/Beethoven_Moonlight_Sonata.png\/640px-Beethoven_Moonlight_Sonata.png Kuva: Beethovenin k\u00e4sikirjoitusta (Wikimedia Commons, Public Domain) Keskeiset musiikilliset muodot Kaksiosainen muoto (A\u2013B) Kaksiosainen muoto koostuu kahdesta eri jaksosta. T\u00e4t\u00e4 k\u00e4ytet\u00e4\u00e4n erityisesti barokin tansseissa ja lyhyiss\u00e4 kosketinsoitinkappaleissa. Kolmiosainen muoto (A\u2013B\u2013A) Kolmiosaisessa&#8230;<\/p>\n<p class=\"read-more\"><a class=\"btn btn-default\" href=\"https:\/\/blog.edu.turku.fi\/ylimaariamusa\/muoto-taidemusiikissa\/\"> Read More<span class=\"screen-reader-text\">  Read More<\/span><\/a><\/p>\n","protected":false},"author":3442,"featured_media":0,"parent":0,"menu_order":0,"comment_status":"closed","ping_status":"closed","template":"","meta":{"footnotes":""},"class_list":["post-352","page","type-page","status-publish","hentry"],"_links":{"self":[{"href":"https:\/\/blog.edu.turku.fi\/ylimaariamusa\/wp-json\/wp\/v2\/pages\/352","targetHints":{"allow":["GET"]}}],"collection":[{"href":"https:\/\/blog.edu.turku.fi\/ylimaariamusa\/wp-json\/wp\/v2\/pages"}],"about":[{"href":"https:\/\/blog.edu.turku.fi\/ylimaariamusa\/wp-json\/wp\/v2\/types\/page"}],"author":[{"embeddable":true,"href":"https:\/\/blog.edu.turku.fi\/ylimaariamusa\/wp-json\/wp\/v2\/users\/3442"}],"replies":[{"embeddable":true,"href":"https:\/\/blog.edu.turku.fi\/ylimaariamusa\/wp-json\/wp\/v2\/comments?post=352"}],"version-history":[{"count":3,"href":"https:\/\/blog.edu.turku.fi\/ylimaariamusa\/wp-json\/wp\/v2\/pages\/352\/revisions"}],"predecessor-version":[{"id":525,"href":"https:\/\/blog.edu.turku.fi\/ylimaariamusa\/wp-json\/wp\/v2\/pages\/352\/revisions\/525"}],"wp:attachment":[{"href":"https:\/\/blog.edu.turku.fi\/ylimaariamusa\/wp-json\/wp\/v2\/media?parent=352"}],"curies":[{"name":"wp","href":"https:\/\/api.w.org\/{rel}","templated":true}]}}