{"id":338,"date":"2025-03-10T09:32:26","date_gmt":"2025-03-10T07:32:26","guid":{"rendered":"https:\/\/blog.edu.turku.fi\/ylimaariamusa\/?page_id=338"},"modified":"2025-03-10T09:32:26","modified_gmt":"2025-03-10T07:32:26","slug":"kappaleen-muoto-pop-kappale","status":"publish","type":"page","link":"https:\/\/blog.edu.turku.fi\/ylimaariamusa\/kappaleen-muoto-pop-kappale\/","title":{"rendered":"Kappaleen muoto (pop-kappale)"},"content":{"rendered":"\n<p><\/p>\n\n\n\n<div class=\"wp-block-media-text is-stacked-on-mobile\"><figure class=\"wp-block-media-text__media\"><img loading=\"lazy\" decoding=\"async\" width=\"1024\" height=\"576\" src=\"https:\/\/blog.edu.turku.fi\/ylimaariamusa\/files\/2025\/02\/Dia1.jpg\" alt=\"\" class=\"wp-image-309 size-full\" srcset=\"https:\/\/blog.edu.turku.fi\/ylimaariamusa\/files\/2025\/02\/Dia1.jpg 1024w, https:\/\/blog.edu.turku.fi\/ylimaariamusa\/files\/2025\/02\/Dia1-300x169.jpg 300w, https:\/\/blog.edu.turku.fi\/ylimaariamusa\/files\/2025\/02\/Dia1-768x432.jpg 768w, https:\/\/blog.edu.turku.fi\/ylimaariamusa\/files\/2025\/02\/Dia1-480x270.jpg 480w\" sizes=\"auto, (max-width: 1024px) 100vw, 1024px\" \/><\/figure><div class=\"wp-block-media-text__content\">\n<p>Kappaleen alkusoitto, jossa jollain tavalla esitell\u00e4\u00e4n tulevaa kappaletta.&nbsp;<\/p>\n<\/div><\/div>\n\n\n\n<div style=\"height:100px\" aria-hidden=\"true\" class=\"wp-block-spacer\"><\/div>\n\n\n\n<div class=\"wp-block-media-text is-stacked-on-mobile\"><figure class=\"wp-block-media-text__media\"><img loading=\"lazy\" decoding=\"async\" width=\"1024\" height=\"576\" src=\"https:\/\/blog.edu.turku.fi\/ylimaariamusa\/files\/2025\/02\/Dia3.jpg\" alt=\"\" class=\"wp-image-310 size-full\" srcset=\"https:\/\/blog.edu.turku.fi\/ylimaariamusa\/files\/2025\/02\/Dia3.jpg 1024w, https:\/\/blog.edu.turku.fi\/ylimaariamusa\/files\/2025\/02\/Dia3-300x169.jpg 300w, https:\/\/blog.edu.turku.fi\/ylimaariamusa\/files\/2025\/02\/Dia3-768x432.jpg 768w, https:\/\/blog.edu.turku.fi\/ylimaariamusa\/files\/2025\/02\/Dia3-480x270.jpg 480w\" sizes=\"auto, (max-width: 1024px) 100vw, 1024px\" \/><\/figure><div class=\"wp-block-media-text__content\">\n<p>Kappaleen tarina alkaa. S\u00e4keist\u00f6iss\u00e4 usein esitell\u00e4\u00e4n kappaleen sanoituksen palasia, jotka kertos\u00e4e kokoaa yhteen. &nbsp;<\/p>\n\n\n\n<p><\/p>\n<\/div><\/div>\n\n\n\n<div style=\"height:100px\" aria-hidden=\"true\" class=\"wp-block-spacer\"><\/div>\n\n\n\n<div class=\"wp-block-media-text is-stacked-on-mobile\"><figure class=\"wp-block-media-text__media\"><img loading=\"lazy\" decoding=\"async\" width=\"1024\" height=\"576\" src=\"https:\/\/blog.edu.turku.fi\/ylimaariamusa\/files\/2025\/02\/Dia5.jpg\" alt=\"\" class=\"wp-image-311 size-full\" srcset=\"https:\/\/blog.edu.turku.fi\/ylimaariamusa\/files\/2025\/02\/Dia5.jpg 1024w, https:\/\/blog.edu.turku.fi\/ylimaariamusa\/files\/2025\/02\/Dia5-300x169.jpg 300w, https:\/\/blog.edu.turku.fi\/ylimaariamusa\/files\/2025\/02\/Dia5-768x432.jpg 768w, https:\/\/blog.edu.turku.fi\/ylimaariamusa\/files\/2025\/02\/Dia5-480x270.jpg 480w\" sizes=\"auto, (max-width: 1024px) 100vw, 1024px\" \/><\/figure><div class=\"wp-block-media-text__content\">\n<p>Ennen kertos\u00e4ett\u00e4 tapahtuva nostatus, joka valmistaa kertos\u00e4keeseen. &nbsp;<\/p>\n<\/div><\/div>\n\n\n\n<div style=\"height:100px\" aria-hidden=\"true\" class=\"wp-block-spacer\"><\/div>\n\n\n\n<div class=\"wp-block-media-text is-stacked-on-mobile\"><figure class=\"wp-block-media-text__media\"><img loading=\"lazy\" decoding=\"async\" width=\"1024\" height=\"576\" src=\"https:\/\/blog.edu.turku.fi\/ylimaariamusa\/files\/2025\/02\/Dia4.jpg\" alt=\"\" class=\"wp-image-312 size-full\" srcset=\"https:\/\/blog.edu.turku.fi\/ylimaariamusa\/files\/2025\/02\/Dia4.jpg 1024w, https:\/\/blog.edu.turku.fi\/ylimaariamusa\/files\/2025\/02\/Dia4-300x169.jpg 300w, https:\/\/blog.edu.turku.fi\/ylimaariamusa\/files\/2025\/02\/Dia4-768x432.jpg 768w, https:\/\/blog.edu.turku.fi\/ylimaariamusa\/files\/2025\/02\/Dia4-480x270.jpg 480w\" sizes=\"auto, (max-width: 1024px) 100vw, 1024px\" \/><\/figure><div class=\"wp-block-media-text__content\">\n<p>Kappaleen keskeisin sanoma ja usein tehokkaimmat koukut l\u00f6ytyv\u00e4t kertos\u00e4keest\u00e4. Kertos\u00e4e nimens\u00e4 mukaisesti tulee kappaleessa usein useammin kuin yhden kerran. &nbsp;<\/p>\n<\/div><\/div>\n\n\n\n<div style=\"height:100px\" aria-hidden=\"true\" class=\"wp-block-spacer\"><\/div>\n\n\n\n<div class=\"wp-block-media-text is-stacked-on-mobile\"><figure class=\"wp-block-media-text__media\"><img loading=\"lazy\" decoding=\"async\" width=\"1024\" height=\"576\" src=\"https:\/\/blog.edu.turku.fi\/ylimaariamusa\/files\/2025\/02\/Dia7.jpg\" alt=\"\" class=\"wp-image-313 size-full\" srcset=\"https:\/\/blog.edu.turku.fi\/ylimaariamusa\/files\/2025\/02\/Dia7.jpg 1024w, https:\/\/blog.edu.turku.fi\/ylimaariamusa\/files\/2025\/02\/Dia7-300x169.jpg 300w, https:\/\/blog.edu.turku.fi\/ylimaariamusa\/files\/2025\/02\/Dia7-768x432.jpg 768w, https:\/\/blog.edu.turku.fi\/ylimaariamusa\/files\/2025\/02\/Dia7-480x270.jpg 480w\" sizes=\"auto, (max-width: 1024px) 100vw, 1024px\" \/><\/figure><div class=\"wp-block-media-text__content\">\n<p>Kertos\u00e4keen j\u00e4lkeen tuleva osa, jossa voi tarjota jatkoa kertos\u00e4keen teemalle. Usein kokonaan tai osittain instrumentaalinen osa. &nbsp;<\/p>\n<\/div><\/div>\n\n\n\n<div style=\"height:100px\" aria-hidden=\"true\" class=\"wp-block-spacer\"><\/div>\n\n\n\n<div class=\"wp-block-media-text is-stacked-on-mobile\"><figure class=\"wp-block-media-text__media\"><img loading=\"lazy\" decoding=\"async\" width=\"1024\" height=\"576\" src=\"https:\/\/blog.edu.turku.fi\/ylimaariamusa\/files\/2025\/02\/Dia6.jpg\" alt=\"\" class=\"wp-image-314 size-full\" srcset=\"https:\/\/blog.edu.turku.fi\/ylimaariamusa\/files\/2025\/02\/Dia6.jpg 1024w, https:\/\/blog.edu.turku.fi\/ylimaariamusa\/files\/2025\/02\/Dia6-300x169.jpg 300w, https:\/\/blog.edu.turku.fi\/ylimaariamusa\/files\/2025\/02\/Dia6-768x432.jpg 768w, https:\/\/blog.edu.turku.fi\/ylimaariamusa\/files\/2025\/02\/Dia6-480x270.jpg 480w\" sizes=\"auto, (max-width: 1024px) 100vw, 1024px\" \/><\/figure><div class=\"wp-block-media-text__content\">\n<p>Usein 2. kertos\u00e4keen j\u00e4lkeen (kultainen leikkaus, draaman kaari) tuleva osa, jossa tuodaan kappaleeseen jotain uutta tai yll\u00e4tt\u00e4v\u00e4\u00e4. Usein paikka instrumenttisoololle.&nbsp;<\/p>\n<\/div><\/div>\n\n\n\n<div style=\"height:100px\" aria-hidden=\"true\" class=\"wp-block-spacer\"><\/div>\n\n\n\n<div class=\"wp-block-media-text is-stacked-on-mobile\"><figure class=\"wp-block-media-text__media\"><img loading=\"lazy\" decoding=\"async\" width=\"1024\" height=\"576\" src=\"https:\/\/blog.edu.turku.fi\/ylimaariamusa\/files\/2025\/02\/Dia8.jpg\" alt=\"\" class=\"wp-image-315 size-full\" srcset=\"https:\/\/blog.edu.turku.fi\/ylimaariamusa\/files\/2025\/02\/Dia8.jpg 1024w, https:\/\/blog.edu.turku.fi\/ylimaariamusa\/files\/2025\/02\/Dia8-300x169.jpg 300w, https:\/\/blog.edu.turku.fi\/ylimaariamusa\/files\/2025\/02\/Dia8-768x432.jpg 768w, https:\/\/blog.edu.turku.fi\/ylimaariamusa\/files\/2025\/02\/Dia8-480x270.jpg 480w\" sizes=\"auto, (max-width: 1024px) 100vw, 1024px\" \/><\/figure><div class=\"wp-block-media-text__content\">\n<p>V\u00e4lisoitto, jossa ei lauleta. Joskus my\u00f6s soolon paikka. &nbsp;<\/p>\n<\/div><\/div>\n\n\n\n<div style=\"height:100px\" aria-hidden=\"true\" class=\"wp-block-spacer\"><\/div>\n\n\n\n<div class=\"wp-block-media-text is-stacked-on-mobile\"><figure class=\"wp-block-media-text__media\"><img loading=\"lazy\" decoding=\"async\" width=\"1024\" height=\"576\" src=\"https:\/\/blog.edu.turku.fi\/ylimaariamusa\/files\/2025\/02\/Dia2.jpg\" alt=\"\" class=\"wp-image-316 size-full\" srcset=\"https:\/\/blog.edu.turku.fi\/ylimaariamusa\/files\/2025\/02\/Dia2.jpg 1024w, https:\/\/blog.edu.turku.fi\/ylimaariamusa\/files\/2025\/02\/Dia2-300x169.jpg 300w, https:\/\/blog.edu.turku.fi\/ylimaariamusa\/files\/2025\/02\/Dia2-768x432.jpg 768w, https:\/\/blog.edu.turku.fi\/ylimaariamusa\/files\/2025\/02\/Dia2-480x270.jpg 480w\" sizes=\"auto, (max-width: 1024px) 100vw, 1024px\" \/><\/figure><div class=\"wp-block-media-text__content\">\n<p>Kappaleen loppusoitto. Hyvin samankaltainen alkusoiton kanssa, mutta kokoaa usein kappaleen melodisia tai harmonisia elementtej\u00e4 yhteen. &nbsp;<\/p>\n<\/div><\/div>\n\n\n\n<div style=\"height:100px\" aria-hidden=\"true\" class=\"wp-block-spacer\"><\/div>\n","protected":false},"excerpt":{"rendered":"<p>Kappaleen alkusoitto, jossa jollain tavalla esitell\u00e4\u00e4n tulevaa kappaletta.&nbsp; Kappaleen tarina alkaa. S\u00e4keist\u00f6iss\u00e4 usein esitell\u00e4\u00e4n kappaleen sanoituksen palasia, jotka kertos\u00e4e kokoaa yhteen. &nbsp; Ennen kertos\u00e4ett\u00e4 tapahtuva nostatus, joka valmistaa kertos\u00e4keeseen. &nbsp; Kappaleen keskeisin sanoma ja usein tehokkaimmat koukut l\u00f6ytyv\u00e4t kertos\u00e4keest\u00e4. Kertos\u00e4e nimens\u00e4 mukaisesti tulee kappaleessa usein useammin kuin yhden kerran. &nbsp; Kertos\u00e4keen j\u00e4lkeen tuleva osa, jossa voi tarjota jatkoa kertos\u00e4keen teemalle. Usein kokonaan tai osittain instrumentaalinen osa. &nbsp; Usein 2. kertos\u00e4keen j\u00e4lkeen (kultainen leikkaus, draaman kaari) tuleva osa, jossa tuodaan kappaleeseen&#8230;<\/p>\n<p class=\"read-more\"><a class=\"btn btn-default\" href=\"https:\/\/blog.edu.turku.fi\/ylimaariamusa\/kappaleen-muoto-pop-kappale\/\"> Read More<span class=\"screen-reader-text\">  Read More<\/span><\/a><\/p>\n","protected":false},"author":3442,"featured_media":0,"parent":0,"menu_order":0,"comment_status":"closed","ping_status":"closed","template":"","meta":{"footnotes":""},"class_list":["post-338","page","type-page","status-publish","hentry"],"_links":{"self":[{"href":"https:\/\/blog.edu.turku.fi\/ylimaariamusa\/wp-json\/wp\/v2\/pages\/338","targetHints":{"allow":["GET"]}}],"collection":[{"href":"https:\/\/blog.edu.turku.fi\/ylimaariamusa\/wp-json\/wp\/v2\/pages"}],"about":[{"href":"https:\/\/blog.edu.turku.fi\/ylimaariamusa\/wp-json\/wp\/v2\/types\/page"}],"author":[{"embeddable":true,"href":"https:\/\/blog.edu.turku.fi\/ylimaariamusa\/wp-json\/wp\/v2\/users\/3442"}],"replies":[{"embeddable":true,"href":"https:\/\/blog.edu.turku.fi\/ylimaariamusa\/wp-json\/wp\/v2\/comments?post=338"}],"version-history":[{"count":1,"href":"https:\/\/blog.edu.turku.fi\/ylimaariamusa\/wp-json\/wp\/v2\/pages\/338\/revisions"}],"predecessor-version":[{"id":341,"href":"https:\/\/blog.edu.turku.fi\/ylimaariamusa\/wp-json\/wp\/v2\/pages\/338\/revisions\/341"}],"wp:attachment":[{"href":"https:\/\/blog.edu.turku.fi\/ylimaariamusa\/wp-json\/wp\/v2\/media?parent=338"}],"curies":[{"name":"wp","href":"https:\/\/api.w.org\/{rel}","templated":true}]}}