{"id":219,"date":"2025-01-15T14:29:54","date_gmt":"2025-01-15T12:29:54","guid":{"rendered":"https:\/\/blog.edu.turku.fi\/ylimaariamusa\/?page_id=219"},"modified":"2025-09-02T13:08:52","modified_gmt":"2025-09-02T10:08:52","slug":"rummut","status":"publish","type":"page","link":"https:\/\/blog.edu.turku.fi\/ylimaariamusa\/soitinopinnot\/rummut\/","title":{"rendered":"Rummut"},"content":{"rendered":"\n<h2 class=\"wp-block-heading\">Yleisesti rummuista<\/h2>\n\n\n\n<p>Rumpusetti koostuu useammasta <strong>rummusta <\/strong>sek\u00e4 muutamasta <strong>symbaalista<\/strong>. Rumpusetti on erityisesti kevyess\u00e4 rytmimusiikissa kappaleen rytmin pohjana. <\/p>\n\n\n\n<p>Rumpuja soitetaan l\u00e4ht\u00f6kohtaisesti puisilla <strong>kapuloilla<\/strong> tai eri materiaaleista tehdyill\u00e4 <strong>vispil\u00f6ill\u00e4<\/strong>. Bassorummun soittamiseen k\u00e4ytet\u00e4\u00e4n <strong>pedaalia<\/strong>. <\/p>\n\n\n\n<div style=\"height:100px\" aria-hidden=\"true\" class=\"wp-block-spacer\"><\/div>\n\n\n\n<h2 class=\"wp-block-heading\">Rumpusetin osat<\/h2>\n\n\n\n<p>Alla olevasta kuvasta ja listauksesta n\u00e4et yleisesti k\u00e4ytetyn version rumpusetin asettelusta. <\/p>\n\n\n\n<div class=\"wp-block-media-text has-media-on-the-right is-stacked-on-mobile\" style=\"grid-template-columns:auto 66%\"><div class=\"wp-block-media-text__content\">\n<p>Rumpusetin osat ovat:  <\/p>\n\n\n\n<ol class=\"wp-block-list\">\n<li>bassorumpu<\/li>\n\n\n\n<li>virvelirumpu (snare)<\/li>\n\n\n\n<li>pikku tom-tom<\/li>\n\n\n\n<li>keski tom-tom<\/li>\n\n\n\n<li>iso tom-tom (lattiatomi)<\/li>\n\n\n\n<li>hi-hat<\/li>\n\n\n\n<li>crash<\/li>\n\n\n\n<li>ride<\/li>\n\n\n\n<li>toinen crash<\/li>\n<\/ol>\n<\/div><figure class=\"wp-block-media-text__media\"><img loading=\"lazy\" decoding=\"async\" width=\"1024\" height=\"698\" src=\"https:\/\/blog.edu.turku.fi\/ylimaariamusa\/files\/2025\/09\/Rumpusetti.jpg\" alt=\"\" class=\"wp-image-430 size-full\" srcset=\"https:\/\/blog.edu.turku.fi\/ylimaariamusa\/files\/2025\/09\/Rumpusetti.jpg 1024w, https:\/\/blog.edu.turku.fi\/ylimaariamusa\/files\/2025\/09\/Rumpusetti-300x204.jpg 300w, https:\/\/blog.edu.turku.fi\/ylimaariamusa\/files\/2025\/09\/Rumpusetti-768x524.jpg 768w, https:\/\/blog.edu.turku.fi\/ylimaariamusa\/files\/2025\/09\/Rumpusetti-396x270.jpg 396w\" sizes=\"auto, (max-width: 1024px) 100vw, 1024px\" \/><\/figure><\/div>\n\n\n\n<div style=\"height:100px\" aria-hidden=\"true\" class=\"wp-block-spacer\"><\/div>\n\n\n\n<h2 class=\"wp-block-heading\">Soittotekniikka<\/h2>\n\n\n\n<ul class=\"wp-block-list\">\n<li>Rumpuja soitetaan istuen rumputuolilla. <\/li>\n\n\n\n<li>Oikealla jalalla soitetaan bassorummun pedaalia polkemalla jalkaa alas<\/li>\n\n\n\n<li>Vasemmalla jalalla pidet\u00e4\u00e4n hi-hatin pedaalia alhaalla. T\u00e4ll\u00e4 jalalla voi my\u00f6s rytmitt\u00e4\u00e4 hi-hatin soittoa nostaen ja laskien jalkaa. <\/li>\n\n\n\n<li>Peruskompissa oikea k\u00e4si soittaa l\u00e4ht\u00f6kohtaisesti hi-hatia ja vasen k\u00e4si virvelirumpua. <\/li>\n<\/ul>\n\n\n\n<p>Huomioi n\u00e4m\u00e4:<\/p>\n\n\n\n<ul class=\"wp-block-list\">\n<li>Soittaessa on huolehdittava omasta ja muiden kuulosta. Luokassa soitettaessa voi k\u00e4ytt\u00e4\u00e4 esim. muovisia tai puisia rodeja.<\/li>\n\n\n\n<li>Kannattaa ensin opetella soittamaan hitaasti ja oikein. Nopeasti soittamista ehtii kyll\u00e4 harjoitella, kun pohjaty\u00f6 on tehty hyvin. <\/li>\n\n\n\n<li>Rentous soitossa ja soittoasennossa helpottaa oppimista ja rytmiss\u00e4 pysymist\u00e4. <\/li>\n<\/ul>\n\n\n\n<div style=\"height:100px\" aria-hidden=\"true\" class=\"wp-block-spacer\"><\/div>\n\n\n\n<h2 class=\"wp-block-heading\">Rumpunuotit ja niiden lukeminen<\/h2>\n\n\n\n<p>Rumpunuotit merkit\u00e4\u00e4n kuvan kaltaisesti x- ja o-merkinn\u00f6ill\u00e4. <\/p>\n\n\n\n<ul class=\"wp-block-list\">\n<li>nuotinp\u00e4\u00e4ll\u00e4 x tarkoitetaan \u00e4\u00e4nt\u00e4, joka ei j\u00e4\u00e4 soimaan (esim hi-hat)<\/li>\n\n\n\n<li>nuotinp\u00e4\u00e4ll\u00e4 o tarkoitetaan \u00e4\u00e4nt\u00e4, joka j\u00e4\u00e4 soimaan hieman pidemp\u00e4\u00e4n. <\/li>\n<\/ul>\n\n\n\n<figure class=\"wp-block-image size-full is-resized\"><img loading=\"lazy\" decoding=\"async\" width=\"507\" height=\"111\" src=\"https:\/\/blog.edu.turku.fi\/ylimaariamusa\/files\/2025\/08\/D1E6C1C5-6DF5-4E2C-84AB-948AE88ABE16.png\" alt=\"\" class=\"wp-image-397\" style=\"width:814px;height:auto\" srcset=\"https:\/\/blog.edu.turku.fi\/ylimaariamusa\/files\/2025\/08\/D1E6C1C5-6DF5-4E2C-84AB-948AE88ABE16.png 507w, https:\/\/blog.edu.turku.fi\/ylimaariamusa\/files\/2025\/08\/D1E6C1C5-6DF5-4E2C-84AB-948AE88ABE16-300x66.png 300w\" sizes=\"auto, (max-width: 507px) 100vw, 507px\" \/><figcaption class=\"wp-element-caption\">Peruskomppi rummuilla: alarivi bassorumpu, keskirivi virveli, yl\u00e4rivi hi-hat.<\/figcaption><\/figure>\n\n\n\n<div style=\"height:100px\" aria-hidden=\"true\" class=\"wp-block-spacer\"><\/div>\n\n\n\n<h2 class=\"wp-block-heading\">Tee omasi:<\/h2>\n\n\n\n<p>Voit kokeilla oman rumpukomppisi tekemist\u00e4 esimerkiksi <strong><a href=\"https:\/\/splice.com\/sounds\/beatmaker\" data-type=\"link\" data-id=\"https:\/\/splice.com\/sounds\/beatmaker\">Splicessa. Koita muodostaa vaikka nelj\u00e4n tahdin oma komppisi!<\/a><\/strong><\/p>\n\n\n\n<div style=\"height:100px\" aria-hidden=\"true\" class=\"wp-block-spacer\"><\/div>\n\n\n\n<h2 class=\"wp-block-heading\">Treenaa peruskomppia!<\/h2>\n\n\n\n<p>Peruskomppia voi treenata k\u00e4sill\u00e4 ja reisill\u00e4 t\u00e4ll\u00e4 tavoin:<\/p>\n\n\n\n<figure class=\"wp-block-embed is-type-video is-provider-youtube wp-block-embed-youtube wp-embed-aspect-16-9 wp-has-aspect-ratio\"><div class=\"wp-block-embed__wrapper\">\n<iframe loading=\"lazy\" title=\"Peruskomppi \u2013 Reisirumputreeni 1\" width=\"640\" height=\"360\" src=\"https:\/\/www.youtube.com\/embed\/Lpjd5Y91zm4?feature=oembed\" frameborder=\"0\" allow=\"accelerometer; autoplay; clipboard-write; encrypted-media; gyroscope; picture-in-picture; web-share\" referrerpolicy=\"strict-origin-when-cross-origin\" allowfullscreen><\/iframe>\n<\/div><\/figure>\n\n\n\n<div style=\"height:100px\" aria-hidden=\"true\" class=\"wp-block-spacer\"><\/div>\n\n\n\n<p>Peruskomppi rummuilla n\u00e4ytt\u00e4\u00e4 ja kuulostaa t\u00e4lt\u00e4: <\/p>\n\n\n\n<figure class=\"wp-block-embed is-type-video is-provider-youtube wp-block-embed-youtube wp-embed-aspect-16-9 wp-has-aspect-ratio\"><div class=\"wp-block-embed__wrapper\">\n<iframe loading=\"lazy\" title=\"Peruskomppi\" width=\"640\" height=\"360\" src=\"https:\/\/www.youtube.com\/embed\/w1eTGrRJO4M?feature=oembed\" frameborder=\"0\" allow=\"accelerometer; autoplay; clipboard-write; encrypted-media; gyroscope; picture-in-picture; web-share\" referrerpolicy=\"strict-origin-when-cross-origin\" allowfullscreen><\/iframe>\n<\/div><\/figure>\n\n\n\n<div style=\"height:53px\" aria-hidden=\"true\" class=\"wp-block-spacer\"><\/div>\n\n\n\n<p>Rumpujen soittoon tarvitaan koordinaatiota, eli raajojen ja silm\u00e4n yhteispeli\u00e4. Voit harjoitella esimerkiksi seuraavan videon avulla:<\/p>\n\n\n\n<figure class=\"wp-block-embed is-type-video is-provider-youtube wp-block-embed-youtube wp-embed-aspect-16-9 wp-has-aspect-ratio\"><div class=\"wp-block-embed__wrapper\">\n<iframe loading=\"lazy\" title=\"Musatunti 1: Harjoitellaan rytmikuvioita\" width=\"640\" height=\"360\" src=\"https:\/\/www.youtube.com\/embed\/uOxe-yFpYFA?feature=oembed\" frameborder=\"0\" allow=\"accelerometer; autoplay; clipboard-write; encrypted-media; gyroscope; picture-in-picture; web-share\" referrerpolicy=\"strict-origin-when-cross-origin\" allowfullscreen><\/iframe>\n<\/div><\/figure>\n","protected":false},"excerpt":{"rendered":"<p>Yleisesti rummuista Rumpusetti koostuu useammasta rummusta sek\u00e4 muutamasta symbaalista. Rumpusetti on erityisesti kevyess\u00e4 rytmimusiikissa kappaleen rytmin pohjana. Rumpuja soitetaan l\u00e4ht\u00f6kohtaisesti puisilla kapuloilla tai eri materiaaleista tehdyill\u00e4 vispil\u00f6ill\u00e4. Bassorummun soittamiseen k\u00e4ytet\u00e4\u00e4n pedaalia. Rumpusetin osat Alla olevasta kuvasta ja listauksesta n\u00e4et yleisesti k\u00e4ytetyn version rumpusetin asettelusta. Soittotekniikka Huomioi n\u00e4m\u00e4: Rumpunuotit ja niiden lukeminen Rumpunuotit merkit\u00e4\u00e4n kuvan kaltaisesti x- ja o-merkinn\u00f6ill\u00e4. Tee omasi: Voit kokeilla oman rumpukomppisi tekemist\u00e4 esimerkiksi Splicessa. Koita muodostaa vaikka nelj\u00e4n tahdin oma komppisi! Treenaa peruskomppia! Peruskomppia voi treenata k\u00e4sill\u00e4&#8230;<\/p>\n<p class=\"read-more\"><a class=\"btn btn-default\" href=\"https:\/\/blog.edu.turku.fi\/ylimaariamusa\/soitinopinnot\/rummut\/\"> Read More<span class=\"screen-reader-text\">  Read More<\/span><\/a><\/p>\n","protected":false},"author":3442,"featured_media":0,"parent":55,"menu_order":0,"comment_status":"closed","ping_status":"closed","template":"","meta":{"footnotes":""},"class_list":["post-219","page","type-page","status-publish","hentry"],"_links":{"self":[{"href":"https:\/\/blog.edu.turku.fi\/ylimaariamusa\/wp-json\/wp\/v2\/pages\/219","targetHints":{"allow":["GET"]}}],"collection":[{"href":"https:\/\/blog.edu.turku.fi\/ylimaariamusa\/wp-json\/wp\/v2\/pages"}],"about":[{"href":"https:\/\/blog.edu.turku.fi\/ylimaariamusa\/wp-json\/wp\/v2\/types\/page"}],"author":[{"embeddable":true,"href":"https:\/\/blog.edu.turku.fi\/ylimaariamusa\/wp-json\/wp\/v2\/users\/3442"}],"replies":[{"embeddable":true,"href":"https:\/\/blog.edu.turku.fi\/ylimaariamusa\/wp-json\/wp\/v2\/comments?post=219"}],"version-history":[{"count":6,"href":"https:\/\/blog.edu.turku.fi\/ylimaariamusa\/wp-json\/wp\/v2\/pages\/219\/revisions"}],"predecessor-version":[{"id":431,"href":"https:\/\/blog.edu.turku.fi\/ylimaariamusa\/wp-json\/wp\/v2\/pages\/219\/revisions\/431"}],"up":[{"embeddable":true,"href":"https:\/\/blog.edu.turku.fi\/ylimaariamusa\/wp-json\/wp\/v2\/pages\/55"}],"wp:attachment":[{"href":"https:\/\/blog.edu.turku.fi\/ylimaariamusa\/wp-json\/wp\/v2\/media?parent=219"}],"curies":[{"name":"wp","href":"https:\/\/api.w.org\/{rel}","templated":true}]}}