{"id":190,"date":"2025-01-15T10:26:49","date_gmt":"2025-01-15T08:26:49","guid":{"rendered":"https:\/\/blog.edu.turku.fi\/ylimaariamusa\/?page_id=190"},"modified":"2026-03-02T14:18:45","modified_gmt":"2026-03-02T12:18:45","slug":"arviointi-7lk","status":"publish","type":"page","link":"https:\/\/blog.edu.turku.fi\/ylimaariamusa\/arviointi-7lk\/","title":{"rendered":"Arviointi 7lk"},"content":{"rendered":"\n<p>Musiikin arviointi koostuu monesta eri osa-alueesta. <a href=\"https:\/\/blog.edu.turku.fi\/ylimaariamusa\/arviointi\/\" data-type=\"page\" data-id=\"198\">Enemm\u00e4n musiikin kokonaisarvioinnista voit lukea t\u00e4\u00e4lt\u00e4.<\/a> <strong>HUOM! Musiikin kurssi (7. ja 8. luokan 1vvt) arvioidaan kokonaisuutena!<\/strong><\/p>\n\n\n\n<p>Seitsem\u00e4nnell\u00e4 luokalla j\u00e4rjestet\u00e4\u00e4n muutama ryhm\u00e4ss\u00e4 teht\u00e4v\u00e4 soittokoe, joissa arviointi suoritetaan soitton\u00e4ytteen perusteella.<\/p>\n\n\n\n<p>Alta voit katsoa kunkin soittokokeen arvosanakriteerit:<\/p>\n\n\n\n<figure class=\"wp-block-image size-full\"><img loading=\"lazy\" decoding=\"async\" width=\"1024\" height=\"1024\" src=\"https:\/\/blog.edu.turku.fi\/ylimaariamusa\/files\/2026\/03\/Luo-havainnollistava-kuva-ylakoulun-kitaratestin_.png\" alt=\"\" class=\"wp-image-544\" srcset=\"https:\/\/blog.edu.turku.fi\/ylimaariamusa\/files\/2026\/03\/Luo-havainnollistava-kuva-ylakoulun-kitaratestin_.png 1024w, https:\/\/blog.edu.turku.fi\/ylimaariamusa\/files\/2026\/03\/Luo-havainnollistava-kuva-ylakoulun-kitaratestin_-300x300.png 300w, https:\/\/blog.edu.turku.fi\/ylimaariamusa\/files\/2026\/03\/Luo-havainnollistava-kuva-ylakoulun-kitaratestin_-150x150.png 150w, https:\/\/blog.edu.turku.fi\/ylimaariamusa\/files\/2026\/03\/Luo-havainnollistava-kuva-ylakoulun-kitaratestin_-768x768.png 768w, https:\/\/blog.edu.turku.fi\/ylimaariamusa\/files\/2026\/03\/Luo-havainnollistava-kuva-ylakoulun-kitaratestin_-270x270.png 270w\" sizes=\"auto, (max-width: 1024px) 100vw, 1024px\" \/><\/figure>\n\n\n\n<div style=\"height:100px\" aria-hidden=\"true\" class=\"wp-block-spacer\"><\/div>\n\n\n\n<figure class=\"wp-block-image size-full\"><img loading=\"lazy\" decoding=\"async\" width=\"1024\" height=\"1024\" src=\"https:\/\/blog.edu.turku.fi\/ylimaariamusa\/files\/2026\/03\/Luo-havainnollistava-kuva-ylakoulun-Uke.png\" alt=\"\" class=\"wp-image-546\" srcset=\"https:\/\/blog.edu.turku.fi\/ylimaariamusa\/files\/2026\/03\/Luo-havainnollistava-kuva-ylakoulun-Uke.png 1024w, https:\/\/blog.edu.turku.fi\/ylimaariamusa\/files\/2026\/03\/Luo-havainnollistava-kuva-ylakoulun-Uke-300x300.png 300w, https:\/\/blog.edu.turku.fi\/ylimaariamusa\/files\/2026\/03\/Luo-havainnollistava-kuva-ylakoulun-Uke-150x150.png 150w, https:\/\/blog.edu.turku.fi\/ylimaariamusa\/files\/2026\/03\/Luo-havainnollistava-kuva-ylakoulun-Uke-768x768.png 768w, https:\/\/blog.edu.turku.fi\/ylimaariamusa\/files\/2026\/03\/Luo-havainnollistava-kuva-ylakoulun-Uke-270x270.png 270w\" sizes=\"auto, (max-width: 1024px) 100vw, 1024px\" \/><\/figure>\n","protected":false},"excerpt":{"rendered":"<p>Musiikin arviointi koostuu monesta eri osa-alueesta. Enemm\u00e4n musiikin kokonaisarvioinnista voit lukea t\u00e4\u00e4lt\u00e4. HUOM! Musiikin kurssi (7. ja 8. luokan 1vvt) arvioidaan kokonaisuutena! Seitsem\u00e4nnell\u00e4 luokalla j\u00e4rjestet\u00e4\u00e4n muutama ryhm\u00e4ss\u00e4 teht\u00e4v\u00e4 soittokoe, joissa arviointi suoritetaan soitton\u00e4ytteen perusteella. Alta voit katsoa kunkin soittokokeen arvosanakriteerit:<\/p>\n","protected":false},"author":3442,"featured_media":0,"parent":0,"menu_order":0,"comment_status":"closed","ping_status":"closed","template":"","meta":{"footnotes":""},"class_list":["post-190","page","type-page","status-publish","hentry"],"_links":{"self":[{"href":"https:\/\/blog.edu.turku.fi\/ylimaariamusa\/wp-json\/wp\/v2\/pages\/190","targetHints":{"allow":["GET"]}}],"collection":[{"href":"https:\/\/blog.edu.turku.fi\/ylimaariamusa\/wp-json\/wp\/v2\/pages"}],"about":[{"href":"https:\/\/blog.edu.turku.fi\/ylimaariamusa\/wp-json\/wp\/v2\/types\/page"}],"author":[{"embeddable":true,"href":"https:\/\/blog.edu.turku.fi\/ylimaariamusa\/wp-json\/wp\/v2\/users\/3442"}],"replies":[{"embeddable":true,"href":"https:\/\/blog.edu.turku.fi\/ylimaariamusa\/wp-json\/wp\/v2\/comments?post=190"}],"version-history":[{"count":5,"href":"https:\/\/blog.edu.turku.fi\/ylimaariamusa\/wp-json\/wp\/v2\/pages\/190\/revisions"}],"predecessor-version":[{"id":547,"href":"https:\/\/blog.edu.turku.fi\/ylimaariamusa\/wp-json\/wp\/v2\/pages\/190\/revisions\/547"}],"wp:attachment":[{"href":"https:\/\/blog.edu.turku.fi\/ylimaariamusa\/wp-json\/wp\/v2\/media?parent=190"}],"curies":[{"name":"wp","href":"https:\/\/api.w.org\/{rel}","templated":true}]}}