{"id":109,"date":"2024-11-29T12:24:43","date_gmt":"2024-11-29T10:24:43","guid":{"rendered":"https:\/\/blog.edu.turku.fi\/ylimaariamusa\/?page_id=109"},"modified":"2025-11-25T13:02:49","modified_gmt":"2025-11-25T11:02:49","slug":"1990-luku-hip-hop","status":"publish","type":"page","link":"https:\/\/blog.edu.turku.fi\/ylimaariamusa\/rockin-historia\/1990-luku-hip-hop\/","title":{"rendered":"1990-luku: Hip Hop \/ Kohderyhm\u00e4t"},"content":{"rendered":"\n<p><\/p>\n\n\n\n<ul class=\"wp-block-list\">\n<li>Kohderyhm\u00e4ajattelu: \n<ul class=\"wp-block-list\">\n<li>Musiikkia alettiin tehd\u00e4 entist\u00e4 enemm\u00e4n rajatuille ryhmille, ei suurille massoille. <\/li>\n<\/ul>\n<\/li>\n\n\n\n<li>Hiphop-kulttuurista ja rap-musiikista tuli musiikin valtavirtaa (mainstream)<\/li>\n\n\n\n<li>Perinteisempi rock oli my\u00f6s edelleen suosiossa\n<ul class=\"wp-block-list\">\n<li>uutena tyylisuuntana mm. grunge<\/li>\n<\/ul>\n<\/li>\n\n\n\n<li>Poika- ja tytt\u00f6b\u00e4ndit\n<ul class=\"wp-block-list\">\n<li>Naisia n\u00e4kyv\u00e4ss\u00e4 roolissa musiikkibisneksess\u00e4 -&gt; Girl Power\n<ul class=\"wp-block-list\">\n<li>Kuitenkin taustavaikuttajat miehi\u00e4<\/li>\n<\/ul>\n<\/li>\n\n\n\n<li>Vuosituhannen vaihde oli my\u00f6s poikab\u00e4ndien kulta aikaa. <\/li>\n<\/ul>\n<\/li>\n\n\n\n<li>Konemusiikki ja teknobileet olivat 1990-luvun ilmi\u00f6\n<ul class=\"wp-block-list\">\n<li>Uusia elektronisen musiikin tyylej\u00e4: tekno, house, trance, dance &#8230;<\/li>\n<\/ul>\n<\/li>\n<\/ul>\n\n\n\n<p>Lista 1980-luvulla tunnetuista artisteista\/yhtyeist\u00e4 (kuuntele biisit soittolistasta):<\/p>\n\n\n\n<ul class=\"wp-block-list\">\n<li>Eminem <\/li>\n\n\n\n<li>2pac<\/li>\n\n\n\n<li>Guns N&#8217; Roses<\/li>\n\n\n\n<li>Nirvana<\/li>\n\n\n\n<li>Spice Girls<\/li>\n\n\n\n<li>Haddaway<\/li>\n\n\n\n<li>Backstreet Boys<\/li>\n\n\n\n<li>Alanis Morrisette<\/li>\n<\/ul>\n\n\n\n<div style=\"height:100px\" aria-hidden=\"true\" class=\"wp-block-spacer\"><\/div>\n\n\n\n<figure class=\"wp-block-embed is-type-video is-provider-youtube wp-block-embed-youtube wp-embed-aspect-16-9 wp-has-aspect-ratio\"><div class=\"wp-block-embed__wrapper\">\n<iframe loading=\"lazy\" title=\"7lk Rock historia\" width=\"640\" height=\"360\" src=\"https:\/\/www.youtube.com\/embed\/videoseries?list=PLVvWzcs63wXGZtZuJIn3RM5H4ojcQrac8\" frameborder=\"0\" allow=\"accelerometer; autoplay; clipboard-write; encrypted-media; gyroscope; picture-in-picture; web-share\" referrerpolicy=\"strict-origin-when-cross-origin\" allowfullscreen><\/iframe>\n<\/div><\/figure>\n","protected":false},"excerpt":{"rendered":"<p>Lista 1980-luvulla tunnetuista artisteista\/yhtyeist\u00e4 (kuuntele biisit soittolistasta):<\/p>\n","protected":false},"author":3442,"featured_media":0,"parent":81,"menu_order":0,"comment_status":"closed","ping_status":"closed","template":"","meta":{"footnotes":""},"class_list":["post-109","page","type-page","status-publish","hentry"],"_links":{"self":[{"href":"https:\/\/blog.edu.turku.fi\/ylimaariamusa\/wp-json\/wp\/v2\/pages\/109","targetHints":{"allow":["GET"]}}],"collection":[{"href":"https:\/\/blog.edu.turku.fi\/ylimaariamusa\/wp-json\/wp\/v2\/pages"}],"about":[{"href":"https:\/\/blog.edu.turku.fi\/ylimaariamusa\/wp-json\/wp\/v2\/types\/page"}],"author":[{"embeddable":true,"href":"https:\/\/blog.edu.turku.fi\/ylimaariamusa\/wp-json\/wp\/v2\/users\/3442"}],"replies":[{"embeddable":true,"href":"https:\/\/blog.edu.turku.fi\/ylimaariamusa\/wp-json\/wp\/v2\/comments?post=109"}],"version-history":[{"count":3,"href":"https:\/\/blog.edu.turku.fi\/ylimaariamusa\/wp-json\/wp\/v2\/pages\/109\/revisions"}],"predecessor-version":[{"id":516,"href":"https:\/\/blog.edu.turku.fi\/ylimaariamusa\/wp-json\/wp\/v2\/pages\/109\/revisions\/516"}],"up":[{"embeddable":true,"href":"https:\/\/blog.edu.turku.fi\/ylimaariamusa\/wp-json\/wp\/v2\/pages\/81"}],"wp:attachment":[{"href":"https:\/\/blog.edu.turku.fi\/ylimaariamusa\/wp-json\/wp\/v2\/media?parent=109"}],"curies":[{"name":"wp","href":"https:\/\/api.w.org\/{rel}","templated":true}]}}