{"id":107,"date":"2024-11-29T12:24:11","date_gmt":"2024-11-29T10:24:11","guid":{"rendered":"https:\/\/blog.edu.turku.fi\/ylimaariamusa\/?page_id=107"},"modified":"2025-11-20T21:00:49","modified_gmt":"2025-11-20T19:00:49","slug":"1980-luku-kasarisoundi","status":"publish","type":"page","link":"https:\/\/blog.edu.turku.fi\/ylimaariamusa\/rockin-historia\/1980-luku-kasarisoundi\/","title":{"rendered":"1980-luku: Kasarisoundi"},"content":{"rendered":"\n<ul class=\"wp-block-list\">\n<li>Rockista tuli osa <strong>kansainv\u00e4list\u00e4 viihdeteollisuutta<\/strong>. 1980-luvulla rock-musiikki kaupallistui voimakkaasti. \n<ul class=\"wp-block-list\">\n<li>Kaupallista voittoa tavoiteltiin my\u00f6s muulla, kuin levymyynnill\u00e4 (merchandise-myynti)<\/li>\n<\/ul>\n<\/li>\n\n\n\n<li>Rock ei ollut en\u00e4\u00e4 vain nuorisomusiikkia\n<ul class=\"wp-block-list\">\n<li><strong>Syntyi koko perheen t\u00e4hti\u00e4,<\/strong> kuten<strong> Madonna tai Michael Jackson. <\/strong><\/li>\n<\/ul>\n<\/li>\n\n\n\n<li><strong>Musiikkivideosta <\/strong>tuli t\u00e4rke\u00e4 levitysv\u00e4line. MTV:n ja VH1:n kaltaiset musiikkivideoihin erikoistuneet kanavat olivat suosiossa. <\/li>\n\n\n\n<li><strong>CD-levy<\/strong> mullisti musiikkimarkkinat ja <strong>levymyynti kasvoi valtavasti.<\/strong><\/li>\n\n\n\n<li>Musiikkiteknologia kehittyy!\n<ul class=\"wp-block-list\">\n<li>Uusi keksint\u00f6, <strong>syntetisaattori<\/strong>, pystyi korvaamaan l\u00e4hes kaikki soittimet.<\/li>\n\n\n\n<li>Syntyi kasari-soundi: <strong>s\u00e4hk\u00f6rumpuja, syntetisaattoreita<\/strong> <\/li>\n\n\n\n<li>Kasari-hardrock: <strong>tukkahevi\u00e4 ja s\u00e4hk\u00f6kitaroita. <\/strong><\/li>\n<\/ul>\n<\/li>\n\n\n\n<li>Uusia tyylej\u00e4 katujen \u00e4\u00e4neksi: <strong>hiphop, rap<\/strong>\n<ul class=\"wp-block-list\">\n<li>Hiphop-kulttuuri raivosi <em>aluksi <\/em>kaupallisuutta ja systeemi\u00e4 vastaan. <\/li>\n<\/ul>\n<\/li>\n<\/ul>\n\n\n\n<p>Lista 1980-luvulla tunnetuista artisteista\/yhtyeist\u00e4 (kuuntele biisit soittolistasta):<\/p>\n\n\n\n<ul class=\"wp-block-list\">\n<li>Michael Jackson<\/li>\n\n\n\n<li>Madonna<\/li>\n\n\n\n<li>Whitney Houston<\/li>\n\n\n\n<li>Bon Jovi<\/li>\n\n\n\n<li>Heart<\/li>\n\n\n\n<li>Van Halen <\/li>\n\n\n\n<li>Run DMC<\/li>\n<\/ul>\n\n\n\n<div style=\"height:49px\" aria-hidden=\"true\" class=\"wp-block-spacer\"><\/div>\n\n\n\n<figure class=\"wp-block-embed is-type-video is-provider-youtube wp-block-embed-youtube wp-embed-aspect-16-9 wp-has-aspect-ratio\"><div class=\"wp-block-embed__wrapper\">\n<iframe loading=\"lazy\" title=\"7lk Rock historia\" width=\"640\" height=\"360\" src=\"https:\/\/www.youtube.com\/embed\/videoseries?list=PLVvWzcs63wXGZtZuJIn3RM5H4ojcQrac8\" frameborder=\"0\" allow=\"accelerometer; autoplay; clipboard-write; encrypted-media; gyroscope; picture-in-picture; web-share\" referrerpolicy=\"strict-origin-when-cross-origin\" allowfullscreen><\/iframe>\n<\/div><\/figure>\n\n\n\n<p class=\"has-text-align-center\"><a href=\"https:\/\/blog.edu.turku.fi\/ylimaariamusa\/rockin-historia\/1970-luku-rock-pop\/\" data-type=\"page\" data-id=\"105\">&lt;&lt;&lt; 1970-luku<\/a>  <a href=\"https:\/\/blog.edu.turku.fi\/ylimaariamusa\/rockin-historia\/1990-luku-hip-hop\/\" data-type=\"page\" data-id=\"109\">1990-luku &gt;&gt;&gt;<\/a><\/p>\n\n\n\n<p><\/p>\n","protected":false},"excerpt":{"rendered":"<p>Lista 1980-luvulla tunnetuista artisteista\/yhtyeist\u00e4 (kuuntele biisit soittolistasta): &lt;&lt;&lt; 1970-luku 1990-luku &gt;&gt;&gt;<\/p>\n","protected":false},"author":3442,"featured_media":0,"parent":81,"menu_order":0,"comment_status":"closed","ping_status":"closed","template":"","meta":{"footnotes":""},"class_list":["post-107","page","type-page","status-publish","hentry"],"_links":{"self":[{"href":"https:\/\/blog.edu.turku.fi\/ylimaariamusa\/wp-json\/wp\/v2\/pages\/107","targetHints":{"allow":["GET"]}}],"collection":[{"href":"https:\/\/blog.edu.turku.fi\/ylimaariamusa\/wp-json\/wp\/v2\/pages"}],"about":[{"href":"https:\/\/blog.edu.turku.fi\/ylimaariamusa\/wp-json\/wp\/v2\/types\/page"}],"author":[{"embeddable":true,"href":"https:\/\/blog.edu.turku.fi\/ylimaariamusa\/wp-json\/wp\/v2\/users\/3442"}],"replies":[{"embeddable":true,"href":"https:\/\/blog.edu.turku.fi\/ylimaariamusa\/wp-json\/wp\/v2\/comments?post=107"}],"version-history":[{"count":5,"href":"https:\/\/blog.edu.turku.fi\/ylimaariamusa\/wp-json\/wp\/v2\/pages\/107\/revisions"}],"predecessor-version":[{"id":510,"href":"https:\/\/blog.edu.turku.fi\/ylimaariamusa\/wp-json\/wp\/v2\/pages\/107\/revisions\/510"}],"up":[{"embeddable":true,"href":"https:\/\/blog.edu.turku.fi\/ylimaariamusa\/wp-json\/wp\/v2\/pages\/81"}],"wp:attachment":[{"href":"https:\/\/blog.edu.turku.fi\/ylimaariamusa\/wp-json\/wp\/v2\/media?parent=107"}],"curies":[{"name":"wp","href":"https:\/\/api.w.org\/{rel}","templated":true}]}}