{"id":105,"date":"2024-11-29T12:23:06","date_gmt":"2024-11-29T10:23:06","guid":{"rendered":"https:\/\/blog.edu.turku.fi\/ylimaariamusa\/?page_id=105"},"modified":"2025-10-06T14:13:00","modified_gmt":"2025-10-06T11:13:00","slug":"1970-luku-rock-pop","status":"publish","type":"page","link":"https:\/\/blog.edu.turku.fi\/ylimaariamusa\/rockin-historia\/1970-luku-rock-pop\/","title":{"rendered":"1970-luku: Rock\/Pop"},"content":{"rendered":"\n<ul class=\"wp-block-list\">\n<li>1970-luvulla rock-musiikki jakautui: \n<ul class=\"wp-block-list\">\n<li>Kevyemp\u00e4\u00e4 musiikkisuuntaa edusti <strong>pop<\/strong><\/li>\n\n\n\n<li>Raskaampaa suuntaa edusti <strong>rock<\/strong><\/li>\n<\/ul>\n<\/li>\n\n\n\n<li>Jako ei ole mustavalkoinen ja yksiselitteinen. <\/li>\n<\/ul>\n\n\n\n<h3 class=\"wp-block-heading\">Raskaamman rockin esikuvana oli lontoolaisyhtye <strong>The Rolling Stones.<\/strong><\/h3>\n\n\n\n<ul class=\"wp-block-list\">\n<li>Syntyi uusia musiikkityylej\u00e4, kuten:\n<ul class=\"wp-block-list\">\n<li><strong>Heavy<\/strong> &#8211; aiempaa raskaampaa rockia, jossa arvostettiin s\u00e4r\u00f6kitaroita ja korkea\u00e4\u00e4nist\u00e4 laulua. <\/li>\n\n\n\n<li><strong>Punk<\/strong> &#8211; kantaaottavia sanoituksia ja yksinkertaisempaa rockia. Osittain aggressiivista ja suoraviivaisempaa, kuin heavy. <\/li>\n\n\n\n<li>Progressiivinen rock, <strong>Proge<\/strong> &#8211; keski\u00f6ss\u00e4 soittotaito ja monimutkaiset s\u00e4vellykset. <\/li>\n<\/ul>\n<\/li>\n<\/ul>\n\n\n\n<h3 class=\"wp-block-heading\">Kevyemm\u00e4n popin esikuvana puolestaan oli liverpoolista kotoisin oleva <strong>The Beatles.<\/strong><\/h3>\n\n\n\n<ul class=\"wp-block-list\">\n<li>Uusia musiikkityylej\u00e4 popin alakategorioiksi syntyi esimerkiksi: \n<ul class=\"wp-block-list\">\n<li><strong>Glamrock<\/strong> &#8211; Popin ja rockin v\u00e4limuoto, jossa panostettiin usein esiintymisasuihin ja teatteri-ilmaisuun. Huivit, kimalteet ja pitk\u00e4t hiukset kuuluivat olennaisesti glamrockiin.<\/li>\n\n\n\n<li><strong>Disco<\/strong> &#8211; funk- ja soul-musiikista inspiraatiota ottanut tyyli, jossa musiikin tanssittavuus ja hyv\u00e4 fiilis olivat suuressa arvossa. Disco on toiminut pohjana muulle tanssimusiikille, kuten dance, EDM, tekno, trance.<\/li>\n<\/ul>\n<\/li>\n<\/ul>\n\n\n\n<div style=\"height:57px\" aria-hidden=\"true\" class=\"wp-block-spacer\"><\/div>\n\n\n\n<details class=\"wp-block-details is-layout-flow wp-block-details-is-layout-flow\"><summary><strong><em>Keskeisi\u00e4 artisteja 1970-luvun pop\/rock-aikakaudelta listattuna (avaa lista klikkaamalla)<\/em><\/strong><\/summary>\n<p>Led Zeppelin (heavy)<\/p>\n\n\n\n<p>Black Sabbath (heavy)<\/p>\n\n\n\n<p>Deep Purple (heavy)<\/p>\n\n\n\n<p>Sex Pistols (punk)<\/p>\n\n\n\n<p>Elton John (glamrock)<\/p>\n\n\n\n<p>Queen (glamrock)<\/p>\n\n\n\n<p>Abba (disco)<\/p>\n\n\n\n<p>The Bee Gees (disco)<\/p>\n<\/details>\n\n\n\n<div style=\"height:100px\" aria-hidden=\"true\" class=\"wp-block-spacer\"><\/div>\n\n\n\n<figure class=\"wp-block-embed is-type-video is-provider-youtube wp-block-embed-youtube wp-embed-aspect-16-9 wp-has-aspect-ratio\"><div class=\"wp-block-embed__wrapper\">\n<iframe loading=\"lazy\" title=\"7lk Rock historia\" width=\"640\" height=\"360\" src=\"https:\/\/www.youtube.com\/embed\/videoseries?list=PLVvWzcs63wXGZtZuJIn3RM5H4ojcQrac8\" frameborder=\"0\" allow=\"accelerometer; autoplay; clipboard-write; encrypted-media; gyroscope; picture-in-picture; web-share\" referrerpolicy=\"strict-origin-when-cross-origin\" allowfullscreen><\/iframe>\n<\/div><\/figure>\n\n\n\n<p><\/p>\n\n\n\n<p class=\"has-text-align-center\"><a href=\"https:\/\/blog.edu.turku.fi\/ylimaariamusa\/rockin-historia\/1960-luku-rockin-kulta-aika\/\" data-type=\"link\" data-id=\"https:\/\/blog.edu.turku.fi\/ylimaariamusa\/rockin-historia\/1960-luku-rockin-kulta-aika\/\">&lt;&lt;&lt; 1960-luku<\/a> <a href=\"https:\/\/blog.edu.turku.fi\/ylimaariamusa\/rockin-historia\/1980-luku-kasarisoundi\/\">1980-luku&gt;&gt;&gt;<\/a><\/p>\n","protected":false},"excerpt":{"rendered":"<p>Raskaamman rockin esikuvana oli lontoolaisyhtye The Rolling Stones. Kevyemm\u00e4n popin esikuvana puolestaan oli liverpoolista kotoisin oleva The Beatles. &lt;&lt;&lt; 1960-luku 1980-luku&gt;&gt;&gt;<\/p>\n","protected":false},"author":3442,"featured_media":0,"parent":81,"menu_order":0,"comment_status":"closed","ping_status":"closed","template":"","meta":{"footnotes":""},"class_list":["post-105","page","type-page","status-publish","hentry"],"_links":{"self":[{"href":"https:\/\/blog.edu.turku.fi\/ylimaariamusa\/wp-json\/wp\/v2\/pages\/105","targetHints":{"allow":["GET"]}}],"collection":[{"href":"https:\/\/blog.edu.turku.fi\/ylimaariamusa\/wp-json\/wp\/v2\/pages"}],"about":[{"href":"https:\/\/blog.edu.turku.fi\/ylimaariamusa\/wp-json\/wp\/v2\/types\/page"}],"author":[{"embeddable":true,"href":"https:\/\/blog.edu.turku.fi\/ylimaariamusa\/wp-json\/wp\/v2\/users\/3442"}],"replies":[{"embeddable":true,"href":"https:\/\/blog.edu.turku.fi\/ylimaariamusa\/wp-json\/wp\/v2\/comments?post=105"}],"version-history":[{"count":10,"href":"https:\/\/blog.edu.turku.fi\/ylimaariamusa\/wp-json\/wp\/v2\/pages\/105\/revisions"}],"predecessor-version":[{"id":479,"href":"https:\/\/blog.edu.turku.fi\/ylimaariamusa\/wp-json\/wp\/v2\/pages\/105\/revisions\/479"}],"up":[{"embeddable":true,"href":"https:\/\/blog.edu.turku.fi\/ylimaariamusa\/wp-json\/wp\/v2\/pages\/81"}],"wp:attachment":[{"href":"https:\/\/blog.edu.turku.fi\/ylimaariamusa\/wp-json\/wp\/v2\/media?parent=105"}],"curies":[{"name":"wp","href":"https:\/\/api.w.org\/{rel}","templated":true}]}}