{"id":103,"date":"2024-11-29T12:22:26","date_gmt":"2024-11-29T10:22:26","guid":{"rendered":"https:\/\/blog.edu.turku.fi\/ylimaariamusa\/?page_id=103"},"modified":"2025-10-28T13:13:29","modified_gmt":"2025-10-28T11:13:29","slug":"1960-luku-rockin-kulta-aika","status":"publish","type":"page","link":"https:\/\/blog.edu.turku.fi\/ylimaariamusa\/rockin-historia\/1960-luku-rockin-kulta-aika\/","title":{"rendered":"1960-luku: Rockin kulta-aika"},"content":{"rendered":"\n<ul class=\"wp-block-list\">\n<li class=\"has-medium-font-size\">Brittirock oli kovassa nousussa. Englantilaisyhtyeist\u00e4 suurimpina voisi mainita The Beatlesin ja The Rolling Stonesin, joiden kansainv\u00e4linen suosio oli ennenkuulumatonta. <\/li>\n\n\n\n<li class=\"has-medium-font-size\">1960-lukua sanotaan &#8221;Rockin kulta-ajaksi&#8221; &#8211; eik\u00e4 syytt\u00e4. Silloin rock-musiikin tekij\u00e4t kehittiv\u00e4t tyylilajille ominaista rock-soundia, jonka kulmakivi\u00e4 olivat:\n<ul class=\"wp-block-list\">\n<li>S\u00e4hk\u00f6kitaran k\u00e4ytt\u00f6 ja erityisesti <a href=\"https:\/\/fi.wikipedia.org\/wiki\/S%C3%A4r%C3%B6_(kitara)?oldformat=true\">s\u00e4r\u00f6-efekti<\/a><\/li>\n\n\n\n<li>Monessa kappaleessa esimerkiksi s\u00e4hk\u00f6urkujen k\u00e4ytt\u00f6.<\/li>\n\n\n\n<li>B\u00e4ndit ja artistit alkoivat tehd\u00e4 itse kappaleita esikuviensa (The Beatles, The Rolling Stones) mukaan<\/li>\n\n\n\n<li>Sanoituksilla alkoi olla merkityst\u00e4. Lyriikat k\u00e4sitteliv\u00e4t usein aiheita, jotka puhuttelivat ajan nuorisoa. <\/li>\n<\/ul>\n<\/li>\n\n\n\n<li>Melodisen 1960-luvun alun j\u00e4lkeen rock alkoi haarautumaan my\u00f6s raskaampaan suuntaan ja sai synkempi\u00e4kin s\u00e4vyj\u00e4.  <\/li>\n<\/ul>\n\n\n\n<div style=\"height:57px\" aria-hidden=\"true\" class=\"wp-block-spacer\"><\/div>\n\n\n\n<details class=\"wp-block-details is-layout-flow wp-block-details-is-layout-flow\"><summary><strong><em>Keskeisi\u00e4 artisteja Rockin kulta-ajalta (avaa lista klikkaamalla)<\/em><\/strong><\/summary>\n<p>The Beatles<\/p>\n\n\n\n<p>The Rolling Stones<\/p>\n\n\n\n<p>The Doors<\/p>\n\n\n\n<p>The Beach Boys<\/p>\n\n\n\n<p>Eric Clapton (The Cream)<\/p>\n\n\n\n<p>Bob Dylan<\/p>\n\n\n\n<p>Jimi Hendrix<\/p>\n\n\n\n<p>Katso alta, soittolista YouTubesta, jossa kaikilta yll\u00e4 mainituilta artisteilta yksi kappale. <\/p>\n<\/details>\n\n\n\n<div style=\"height:100px\" aria-hidden=\"true\" class=\"wp-block-spacer\"><\/div>\n\n\n\n<figure class=\"wp-block-embed is-type-video is-provider-youtube wp-block-embed-youtube wp-embed-aspect-16-9 wp-has-aspect-ratio\"><div class=\"wp-block-embed__wrapper\">\n<iframe loading=\"lazy\" title=\"7lk Rock historia\" width=\"640\" height=\"360\" src=\"https:\/\/www.youtube.com\/embed\/videoseries?list=PLVvWzcs63wXGZtZuJIn3RM5H4ojcQrac8\" frameborder=\"0\" allow=\"accelerometer; autoplay; clipboard-write; encrypted-media; gyroscope; picture-in-picture; web-share\" referrerpolicy=\"strict-origin-when-cross-origin\" allowfullscreen><\/iframe>\n<\/div><\/figure>\n\n\n\n<figure class=\"wp-block-pullquote\"><blockquote><p><\/p><cite>&nbsp;\u201cI\u2019ve only written four songs in my whole life, but I\u2019ve written those four songs a million times.\u201d<br><br>Bob Dylan<br><\/cite><\/blockquote><\/figure>\n\n\n\n<p class=\"has-text-align-center\"><a href=\"https:\/\/blog.edu.turku.fi\/ylimaariamusa\/rockin-historia\/1950-luku-rock-n-roll\/\" data-type=\"page\" data-id=\"101\">&lt;&lt;&lt; 1950-luku<\/a>    ||||||   <a href=\"https:\/\/blog.edu.turku.fi\/ylimaariamusa\/rockin-historia\/1970-luku-rock-pop\/\" data-type=\"page\" data-id=\"105\">1970-luku &gt;&gt;&gt;<\/a><\/p>\n\n\n\n<p><\/p>\n","protected":false},"excerpt":{"rendered":"<p>&nbsp;\u201cI\u2019ve only written four songs in my whole life, but I\u2019ve written those four songs a million times.\u201d Bob Dylan &lt;&lt;&lt; 1950-luku |||||| 1970-luku &gt;&gt;&gt;<\/p>\n","protected":false},"author":3442,"featured_media":0,"parent":81,"menu_order":0,"comment_status":"closed","ping_status":"closed","template":"","meta":{"footnotes":""},"class_list":["post-103","page","type-page","status-publish","hentry"],"_links":{"self":[{"href":"https:\/\/blog.edu.turku.fi\/ylimaariamusa\/wp-json\/wp\/v2\/pages\/103","targetHints":{"allow":["GET"]}}],"collection":[{"href":"https:\/\/blog.edu.turku.fi\/ylimaariamusa\/wp-json\/wp\/v2\/pages"}],"about":[{"href":"https:\/\/blog.edu.turku.fi\/ylimaariamusa\/wp-json\/wp\/v2\/types\/page"}],"author":[{"embeddable":true,"href":"https:\/\/blog.edu.turku.fi\/ylimaariamusa\/wp-json\/wp\/v2\/users\/3442"}],"replies":[{"embeddable":true,"href":"https:\/\/blog.edu.turku.fi\/ylimaariamusa\/wp-json\/wp\/v2\/comments?post=103"}],"version-history":[{"count":13,"href":"https:\/\/blog.edu.turku.fi\/ylimaariamusa\/wp-json\/wp\/v2\/pages\/103\/revisions"}],"predecessor-version":[{"id":502,"href":"https:\/\/blog.edu.turku.fi\/ylimaariamusa\/wp-json\/wp\/v2\/pages\/103\/revisions\/502"}],"up":[{"embeddable":true,"href":"https:\/\/blog.edu.turku.fi\/ylimaariamusa\/wp-json\/wp\/v2\/pages\/81"}],"wp:attachment":[{"href":"https:\/\/blog.edu.turku.fi\/ylimaariamusa\/wp-json\/wp\/v2\/media?parent=103"}],"curies":[{"name":"wp","href":"https:\/\/api.w.org\/{rel}","templated":true}]}}