{"id":101,"date":"2024-11-29T12:20:54","date_gmt":"2024-11-29T10:20:54","guid":{"rendered":"https:\/\/blog.edu.turku.fi\/ylimaariamusa\/?page_id=101"},"modified":"2025-10-28T13:14:45","modified_gmt":"2025-10-28T11:14:45","slug":"1950-luku-rock-n-roll","status":"publish","type":"page","link":"https:\/\/blog.edu.turku.fi\/ylimaariamusa\/rockin-historia\/1950-luku-rock-n-roll\/","title":{"rendered":"1950-luku: Rock &#8217;N Roll"},"content":{"rendered":"\n<ul class=\"wp-block-list\">\n<li class=\"has-medium-font-size\">Toisen maailmansodan j\u00e4lkeen ihmiset kaipasivat el\u00e4m\u00e4\u00e4ns\u00e4 kevytt\u00e4 viihdett\u00e4. Ensimm\u00e4iset rock-kappaleet julkaistiin itsen\u00e4isten levy-yhti\u00f6iden kautta, sill\u00e4 suuret levy-yhti\u00f6t eiv\u00e4t viel\u00e4 olleet kiinnostuneet &#8221;shokeeraavasta&#8221; uudesta musiikkityylist\u00e4. <\/li>\n\n\n\n<li class=\"has-medium-font-size\">Rock \u00b4n roll syntyi USAssa 1950-luvulla vahvasti blues-kaavaa noudattavaan musiikkiperinteeseen ja oli aluksi nuorison oma juttu, jolla haluttiin erottautua vanhempien musiikkimausta. <\/li>\n\n\n\n<li class=\"has-medium-font-size\">Rakenteeltaan tai musiikillisesti rock n roll ei ollut mit\u00e4\u00e4n uutta ja ihmeellist\u00e4: se noudatti pitk\u00e4lti edelt\u00e4jiens\u00e4 bluesin, jazzin ja countryn jalanj\u00e4lki\u00e4. <\/li>\n\n\n\n<li class=\"has-medium-font-size\">Rock kuulosti varsinkin 1950-luvun alussa aikalaisten aikuisten korviin aggressiiviselta ja jopa vaaralliselta. <\/li>\n<\/ul>\n\n\n\n<details class=\"wp-block-details is-layout-flow wp-block-details-is-layout-flow\"><summary> Keskeisi\u00e4 artisteja Rock n Roll -aikakaudelta (avaa lista klikkaamalla)<\/summary>\n<p>Elvis Presley (Jailhouse Rock, Blue suede shoes)<\/p>\n\n\n\n<p>Chuck Berry (Johnny B. Goode)<\/p>\n\n\n\n<p>Little Richard (Tutti Frutti)<\/p>\n\n\n\n<p>Jerry Lee Lewis (Great Balls of Fire)<\/p>\n\n\n\n<p>Bill Haley &amp; The Comets (Rock Around the Clock)<\/p>\n\n\n\n<p>Katso alta, soittolista YouTubesta, jossa kaikilta yll\u00e4 mainituilta artisteilta yksi kappale. <\/p>\n<\/details>\n\n\n\n<p><\/p>\n\n\n\n<p><\/p>\n\n\n\n<p><\/p>\n\n\n\n<figure class=\"wp-block-embed is-type-video is-provider-youtube wp-block-embed-youtube wp-embed-aspect-16-9 wp-has-aspect-ratio\"><div class=\"wp-block-embed__wrapper\">\n<iframe loading=\"lazy\" title=\"7lk Rock historia\" width=\"640\" height=\"360\" src=\"https:\/\/www.youtube.com\/embed\/videoseries?list=PLVvWzcs63wXGZtZuJIn3RM5H4ojcQrac8\" frameborder=\"0\" allow=\"accelerometer; autoplay; clipboard-write; encrypted-media; gyroscope; picture-in-picture; web-share\" referrerpolicy=\"strict-origin-when-cross-origin\" allowfullscreen><\/iframe>\n<\/div><\/figure>\n\n\n\n<figure class=\"wp-block-pullquote\"><blockquote><p><\/p><cite><strong>\u201cSome people tap their feet, some people snap their fingers, and some people sway back and forth. I just sorta do \u2018em all together, I guess.\u201d<\/strong><br><br>Elvis Presley<strong>\u00a0<\/strong><\/cite><\/blockquote><\/figure>\n\n\n\n<p><\/p>\n\n\n\n<p class=\"has-text-align-center  menu-item menu-item-type-post_type menu-item-object-page\"><a href=\"https:\/\/blog.edu.turku.fi\/ylimaariamusa\/rockin-historia\/\" data-type=\"page\" data-id=\"81\">&lt;&lt;&lt; Etusiv<\/a>u   ||||||   <a href=\"https:\/\/blog.edu.turku.fi\/ylimaariamusa\/rockin-historia\/1960-luku-rockin-kulta-aika\/\" data-type=\"page\" data-id=\"103\">1960-luku &gt;&gt;&gt;<\/a><\/p>\n\n\n\n<hr class=\"wp-block-separator has-alpha-channel-opacity\" \/>\n\n\n\n<p><\/p>\n\n\n\n<p><\/p>\n","protected":false},"excerpt":{"rendered":"<p>&lt;&lt;&lt; Etusivu |||||| 1960-luku &gt;&gt;&gt;<\/p>\n","protected":false},"author":3442,"featured_media":0,"parent":81,"menu_order":0,"comment_status":"closed","ping_status":"closed","template":"","meta":{"footnotes":""},"class_list":["post-101","page","type-page","status-publish","hentry"],"_links":{"self":[{"href":"https:\/\/blog.edu.turku.fi\/ylimaariamusa\/wp-json\/wp\/v2\/pages\/101","targetHints":{"allow":["GET"]}}],"collection":[{"href":"https:\/\/blog.edu.turku.fi\/ylimaariamusa\/wp-json\/wp\/v2\/pages"}],"about":[{"href":"https:\/\/blog.edu.turku.fi\/ylimaariamusa\/wp-json\/wp\/v2\/types\/page"}],"author":[{"embeddable":true,"href":"https:\/\/blog.edu.turku.fi\/ylimaariamusa\/wp-json\/wp\/v2\/users\/3442"}],"replies":[{"embeddable":true,"href":"https:\/\/blog.edu.turku.fi\/ylimaariamusa\/wp-json\/wp\/v2\/comments?post=101"}],"version-history":[{"count":17,"href":"https:\/\/blog.edu.turku.fi\/ylimaariamusa\/wp-json\/wp\/v2\/pages\/101\/revisions"}],"predecessor-version":[{"id":503,"href":"https:\/\/blog.edu.turku.fi\/ylimaariamusa\/wp-json\/wp\/v2\/pages\/101\/revisions\/503"}],"up":[{"embeddable":true,"href":"https:\/\/blog.edu.turku.fi\/ylimaariamusa\/wp-json\/wp\/v2\/pages\/81"}],"wp:attachment":[{"href":"https:\/\/blog.edu.turku.fi\/ylimaariamusa\/wp-json\/wp\/v2\/media?parent=101"}],"curies":[{"name":"wp","href":"https:\/\/api.w.org\/{rel}","templated":true}]}}