{"id":86,"date":"2017-11-19T13:43:38","date_gmt":"2017-11-19T11:43:38","guid":{"rendered":"https:\/\/blog.edu.turku.fi\/ylimaaria\/?page_id=86"},"modified":"2026-02-06T13:10:20","modified_gmt":"2026-02-06T11:10:20","slug":"valinnaisaineet","status":"publish","type":"page","link":"https:\/\/blog.edu.turku.fi\/ylimaaria\/opiskelu\/valinnaisaineet\/","title":{"rendered":"Valinnaisaineet"},"content":{"rendered":"<p>Lukuvuosi 26-27<\/p>\n<p><a href=\"https:\/\/blog.edu.turku.fi\/ylimaaria\/files\/2026\/02\/Moisio-valinnaisainetarjonta-26-27-1.pdf\">Moisio valinnaisainetarjonta lv 26-27<\/a><\/p>\n<p><a href=\"https:\/\/blog.edu.turku.fi\/ylimaaria\/files\/2026\/02\/Ypsilon-AK-valinnaisainetarjonta-26-27.pdf\">Ypsilon valinnaisainetarjonta lv 26-27<\/a><\/p>\n<p><a href=\"https:\/\/blog.edu.turku.fi\/ylimaaria\/files\/2026\/01\/Ylakoulun-valinnaisainetarjonta-tulevat-ysit-2026.pdf\">Yl\u00e4koulun valinnaisainetarjonta tulevat ysit 2026<\/a><\/p>\n<p><a href=\"https:\/\/blog.edu.turku.fi\/ylimaaria\/files\/2026\/01\/Ylakoulun-valinnaisainetarjonta-tulevat-kasit-2026.pdf\">Yl\u00e4koulun valinnaisainetarjonta tulevat kasit 2026<\/a><\/p>\n<p>Lukuvuosi 25-26:<\/p>\n<p><a href=\"https:\/\/blog.edu.turku.fi\/ylimaaria\/files\/2025\/02\/alakoulun-valinnaisaineopas-YPSILON-lv25-26.pdf\">alakoulun valinnaisaineopas YPSILON lv25-26<\/a><\/p>\n<p><a href=\"https:\/\/blog.edu.turku.fi\/ylimaaria\/files\/2025\/02\/Ylakoulun-valinnaisainetarjonta-tulevat-kasit-2025.pdf\">yl\u00e4koulun valinnaisaineopas (tuleva 8. lk) lv 25-26<\/a><\/p>\n<p><a href=\"https:\/\/blog.edu.turku.fi\/ylimaaria\/files\/2025\/02\/Ylakoulun-valinnaisainetarjonta-tulevat-ysit-2025.pdf\">yl\u00e4koulun valinnaisaineopas (tuleva 9. lk) lv 25-26<\/a><\/p>\n<p>&nbsp;<\/p>\n<p>&nbsp;<\/p>\n","protected":false},"excerpt":{"rendered":"<p>Lukuvuosi 26-27 Moisio valinnaisainetarjonta lv 26-27 Ypsilon valinnaisainetarjonta lv 26-27 Yl\u00e4koulun valinnaisainetarjonta tulevat ysit 2026 Yl\u00e4koulun valinnaisainetarjonta tulevat kasit 2026 Lukuvuosi 25-26: alakoulun valinnaisaineopas YPSILON lv25-26 yl\u00e4koulun valinnaisaineopas (tuleva 8. lk) lv 25-26 yl\u00e4koulun valinnaisaineopas (tuleva 9. lk) lv 25-26 &nbsp; &nbsp;<\/p>\n","protected":false},"author":135,"featured_media":0,"parent":779,"menu_order":3,"comment_status":"closed","ping_status":"closed","template":"","meta":{"footnotes":""},"class_list":["post-86","page","type-page","status-publish","hentry"],"_links":{"self":[{"href":"https:\/\/blog.edu.turku.fi\/ylimaaria\/wp-json\/wp\/v2\/pages\/86","targetHints":{"allow":["GET"]}}],"collection":[{"href":"https:\/\/blog.edu.turku.fi\/ylimaaria\/wp-json\/wp\/v2\/pages"}],"about":[{"href":"https:\/\/blog.edu.turku.fi\/ylimaaria\/wp-json\/wp\/v2\/types\/page"}],"author":[{"embeddable":true,"href":"https:\/\/blog.edu.turku.fi\/ylimaaria\/wp-json\/wp\/v2\/users\/135"}],"replies":[{"embeddable":true,"href":"https:\/\/blog.edu.turku.fi\/ylimaaria\/wp-json\/wp\/v2\/comments?post=86"}],"version-history":[{"count":47,"href":"https:\/\/blog.edu.turku.fi\/ylimaaria\/wp-json\/wp\/v2\/pages\/86\/revisions"}],"predecessor-version":[{"id":2193,"href":"https:\/\/blog.edu.turku.fi\/ylimaaria\/wp-json\/wp\/v2\/pages\/86\/revisions\/2193"}],"up":[{"embeddable":true,"href":"https:\/\/blog.edu.turku.fi\/ylimaaria\/wp-json\/wp\/v2\/pages\/779"}],"wp:attachment":[{"href":"https:\/\/blog.edu.turku.fi\/ylimaaria\/wp-json\/wp\/v2\/media?parent=86"}],"curies":[{"name":"wp","href":"https:\/\/api.w.org\/{rel}","templated":true}]}}