{"id":810,"date":"2020-03-18T08:46:07","date_gmt":"2020-03-18T06:46:07","guid":{"rendered":"https:\/\/blog.edu.turku.fi\/ylimaaria\/?page_id=810"},"modified":"2025-10-28T15:11:40","modified_gmt":"2025-10-28T13:11:40","slug":"etaopiskelu","status":"publish","type":"page","link":"https:\/\/blog.edu.turku.fi\/ylimaaria\/etaopiskelu\/","title":{"rendered":"Oppilaan poissaolo"},"content":{"rendered":"<h1><strong>Kouluyhteis\u00f6\u00f6n kiinnitt\u00e4misen ja poissaoloihin puuttumisen malli<\/strong><\/h1>\n<p><strong>Poissaoloja seurataan osana oppilaan hyvinvointia<\/strong><\/p>\n<p>Opettaja seuraa oppilaan poissaoloja osana oppilaan hyvinvointia ja oppimista. Pitkittyv\u00e4t poissaolot ovat hyvinvoinnin ja oppimisen riskitekij\u00e4 ja vaikuttavat lapsen ja nuoren sosiaalisiin suhteisiin, vuorokausirytmin muutoksiin ja psyykkiseen kuormitukseen. Seuraamalla poissaoloja suunnitelmallisesti ja ottamalla ne puheeksi varhain, voidaan tarvittaessa tukea lasta ja nuorta koulunk\u00e4ynniss\u00e4 sek\u00e4 torjua pidempiaikaisia ja kasautuvia koulunk\u00e4ynnin haasteita.<\/p>\n<p>Poissaoloja tarkastellaan sosiaalisten suhteiden ja oppimisen valossa: <strong>oppilas on poissa kouluyhteis\u00f6st\u00e4, kaverisuhteista ja yhdess\u00e4olosta, ei ainoastaan oppimisesta.<\/strong> Kouluyhteis\u00f6\u00f6n kiinnitt\u00e4misen ja poissaoloihin puuttumisen toimintamallissa poissaoloihin lasketaan kaikki poissaolot, my\u00f6s ennalta anotut lomat ja huoltajan selvitt\u00e4m\u00e4t poissaolot.<\/p>\n<p>Joskus oppilaan koulunk\u00e4ynniss\u00e4 tapahtuu muutoksia tai poissaoloihin liittyv\u00e4ss\u00e4 varhaisessa yhteydenotossa syntyy vaikutelma, ett\u00e4 oppilaan tilannetta olisi hyv\u00e4 pohtia yhteisesti keskustellen. T\u00e4ll\u00f6in <strong>opettaja kokoaa yhteisty\u00f6ss\u00e4 opiskeluhuoltopalveluiden kanssa monialaisen asiantuntijaryhm\u00e4n.<\/strong> Ryhm\u00e4\u00e4n kutsutaan tilanteen kannalta keskeisiksi ajatellut toimijat oppilaan ja huoltajan suostumuksella. Mukana tapaamisessa voivat olla esim. terveydenhoitaja ja kuraattori.<\/p>\n<p><strong>Jokainen koulup\u00e4iv\u00e4 on t\u00e4rke\u00e4 oppilaan osallisuuden ja my\u00f6nteisen kouluun kiinnittymisen n\u00e4k\u00f6kulmasta.<\/strong> Oppivelvollisuus on t\u00e4rke\u00e4 osa lapsen ja nuoren el\u00e4m\u00e4\u00e4 ja huoltajilla on merkitt\u00e4v\u00e4 rooli koulunk\u00e4ynnin tukemisessa. Mik\u00e4li lapsen tai nuoren koulunk\u00e4ynti mietitytt\u00e4\u00e4, on t\u00e4rke\u00e4\u00e4 olla yhteydess\u00e4 kouluhenkil\u00f6st\u00f6\u00f6n mahdollisimman matalalla kynnyksell\u00e4.<\/p>\n<p><strong>Varhainen puheeksi ottaminen yll\u00e4pit\u00e4\u00e4 yhteytt\u00e4 kodin ja koulun v\u00e4lill\u00e4<\/strong><\/p>\n<p>Turun kaupungin peruskouluissa on k\u00e4yt\u00f6ss\u00e4 alueellinen poissaolomalli, joka on luotu osana OKM:n Sitouttava kouluyhteis\u00f6n kehitt\u00e4mishanketta. Poissaolomalli pit\u00e4\u00e4 sis\u00e4ll\u00e4\u00e4n poissaolorajat, jotka perustuvat tutkittuun tietoon ja OKM:n ohjaukseen sek\u00e4 alueelliseen kehitt\u00e4misty\u00f6h\u00f6n. <strong>Seurattavat poissaolorajat ovat Turussa 50 h,100 h ja 150 h poissaolotuntia. Huom! Yli-Maarian koulussa 7. luokkien osalta ensimm\u00e4inen seurattava poissaoloraja on 30 h.<\/strong><\/p>\n<p>Opettaja seuraa oppilaan poissaoloja, tuntimerkint\u00f6j\u00e4 ja oppimisen edistymist\u00e4 osana hyvinvoinnin seurantaa.\u00a0 Turussa ja sen ymp\u00e4rist\u00f6kunnissa on k\u00e4yt\u00f6ss\u00e4 poissaoloseurannan apuv\u00e4lineen\u00e4 automaattinen poissaolokooste Wilmassa, joka antaa reaaliaikaista tietoa oppilaan poissaolotunneista.<\/p>\n<p>Poissaolom\u00e4\u00e4rien tunti- ja prosenttirajat ovat suuntaa antavia. Jokaisen oppilaan tilanne on aina arvioitava kokonaisuutena. Suunnitelmallisella poissaolojen seurannalla ja puheeksi ottamisella varmistetaan yhteisen tilannearvion tekeminen oppilaan oppimiseen ja hyvinvointiin liittyen.<\/p>\n<p>Poissaolokoosteen saatuaan opettaja keskustelee oppilaan kanssa ik\u00e4tasoon sopivalla tavalla ja on yhteydess\u00e4 huoltajaan. Opettajan yhteydenoton tarkoituksena on kuulla, milt\u00e4 oppilaan koulunk\u00e4ynti n\u00e4ytt\u00e4\u00e4 huoltajan n\u00e4k\u00f6kulmasta. Syyt\u00e4 huoleen ei siis v\u00e4ltt\u00e4m\u00e4tt\u00e4 ole, vaan kyse on varhaisesta puheeksi ottamisesta ja yhteisest\u00e4 tilannearvion tekemisest\u00e4 oppilaan oppimiseen ja hyvinvointiin liittyen. My\u00f6s huoltaja voi olla yhteydess\u00e4 opettajaan koosteen saatuaan.<\/p>\n<p>Huolta her\u00e4tt\u00e4viin ja luvattomiin poissaoloihin puututaan viipym\u00e4tt\u00e4. My\u00f6s selvitt\u00e4m\u00e4tt\u00f6mist\u00e4 poissaoloista on huolehdittava yhteisty\u00f6ss\u00e4 kodin ja koulun v\u00e4lill\u00e4.<\/p>\n<p><strong>Koulul\u00e4sn\u00e4olon vahvistaminen<\/strong><\/p>\n<p>Toimiva perusarki on oppilaan hyvinvoinnin perusta ja koostuu eri asioista, kuten oppilaan s\u00e4\u00e4nn\u00f6llisest\u00e4 arkirytmist\u00e4, psyykkisest\u00e4 ja fyysisest\u00e4 hyvinvoinnista sek\u00e4 toimivat ihmissuhteista.<\/p>\n<p>Kouluarjen my\u00f6nteiset kohtaamiset ja ryhm\u00e4\u00e4n kuulumisen tunne vahvistavat oppilaan koulul\u00e4sn\u00e4oloa ja ennalta ehk\u00e4isev\u00e4t poissaoloja. Yhteis\u00f6llinen toimintakulttuuri on oppilasta suojaava tekij\u00e4.<\/p>\n<p>Kouluarjessa l\u00e4sn\u00e4oloa vahvistavat turvallinen ilmapiiri, pedagogiset ja sosiaalisia suhteita kannattelevat ratkaisut, jota tukevat oppilaan osallisuutta, laadukas koulunk\u00e4ynnin yleinen tuki ja oppimisen esteiden purkaminen sek\u00e4 hyvinvoinnin s\u00e4\u00e4nn\u00f6llinen seuranta tietoon perustuen (esim. poissaolot, Wilma-merkinn\u00e4t, oppimisen edistyminen).<\/p>\n<p><strong>Poissaolojen taustalla olevat syyt ja vaiheittainen kehittyminen:<\/strong><\/p>\n<ul>\n<li>Poissaolojen taustalla saattaa olla erilaisia syit\u00e4. Oppilaan koulul\u00e4sn\u00e4olon seuraaminen on<\/li>\n<\/ul>\n<p>keino havainnoida mahdollisia muutoksia oppilaan tilanteessa.<\/p>\n<ul>\n<li>Joskus poissaolot saattavat kehitty\u00e4 huomaamatta ja vaiheittain. T\u00e4st\u00e4 syyst\u00e4 kaikkien<\/li>\n<\/ul>\n<p>poissaolojen seuraaminen ja tarkastelu on t\u00e4rke\u00e4\u00e4.<\/p>\n<p>&nbsp;<\/p>\n<p><strong>Poissaolojen vaiheittainen kehittyminen<\/strong><\/p>\n<p><strong>Ole yhteydess\u00e4 kouluun, jos havaitset haasteita koulunk\u00e4ynniss\u00e4!<\/strong><\/p>\n<p><strong>Poissaolojen ensimerkit:<\/strong><\/p>\n<ul>\n<li>Jos kouluk\u00e4ynti ja poissaolot mietitytt\u00e4v\u00e4t, ole yhteydess\u00e4 opettajaan. Tarvittaessa voit ottaa<\/li>\n<\/ul>\n<p>my\u00f6s yhteytt\u00e4 kouluterveydenhoitajaan, kuraattoriin tai koulupsykologiin.<\/p>\n<ul>\n<li>Poissaolot saattavat kehitty\u00e4 vaiheittain ja ensimerkit n\u00e4kyv\u00e4t usein ensin kotona.<\/li>\n<\/ul>\n<p><strong>Ensimerkkej\u00e4 voivat olla esim.<\/strong><\/p>\n<p>\u25aa vaikeudet l\u00e4hte\u00e4 aamuisin kouluun, toistuva viivyttely, my\u00f6h\u00e4stymisten lis\u00e4\u00e4ntyminen<\/p>\n<p>\u25aa lis\u00e4\u00e4ntyneet psykosomaattiset oireet, esim. vatsakipu, pahoinvointi, p\u00e4\u00e4ns\u00e4rky<\/p>\n<p>\u25aa lis\u00e4\u00e4ntynyt \u00e4rtyneisyys tai hankalasti sanoitettavat tunteet ahdistuneisuudesta<\/p>\n<p>\u25aa toistuvat pyynn\u00f6t j\u00e4\u00e4d\u00e4 kotiin<\/p>\n<p>\u25aa muutokset kaverisuhteissa, erityisesti koulussa<\/p>\n<p>\u25aa lis\u00e4\u00e4ntyneet huolen tuntemukset ja sosiaalisten tilanteiden v\u00e4lttely<\/p>\n<p>&nbsp;<\/p>\n<p><strong>Tue lapsen ja nuoren kouluun l\u00e4htemist\u00e4:<\/strong><\/p>\n<ul>\n<li>\u00c4l\u00e4 selvit\u00e4 luvalliseksi sellaista poissaoloa, jonka syyst\u00e4 et ole varma, vaan ota asia<\/li>\n<\/ul>\n<p>puheeksi kouluhenkil\u00f6st\u00f6n kanssa.<\/p>\n<ul>\n<li>Pysy vanhempana yst\u00e4v\u00e4llisen\u00e4, mutta j\u00e4m\u00e4kk\u00e4n\u00e4: koulunk\u00e4ynti on oppilaan velvollisuus.<\/li>\n<li>Pid\u00e4 kiinni arkirytmist\u00e4 ja rutiineista, vaikka lapsi tai nuori ei l\u00e4htisi kouluun: aamuher\u00e4tys,<\/li>\n<\/ul>\n<p>ruokailuajat, kouluteht\u00e4vien ja -l\u00e4ksyjen teko p\u00e4iv\u00e4n aikana. Tarkista, ett\u00e4 asiat tulevat<\/p>\n<p>tehdyiksi.<\/p>\n<ul>\n<li>Tunnista kotiin j\u00e4\u00e4mist\u00e4 edesauttavia asioita ja pyri v\u00e4hent\u00e4m\u00e4\u00e4n niit\u00e4: esim. saako lapsi tai<\/li>\n<\/ul>\n<p>nuori nukkua pidemp\u00e4\u00e4n tai pelata kotona ollessaan? J\u00e4\u00e4k\u00f6 lapsi tai nuori kotiin<\/p>\n<p>saadakseen vanhemman t\u00e4yden huomion?<\/p>\n<ul>\n<li>Vahvista lapsen ja nuoren uskoa itseens\u00e4 ja siihen, ett\u00e4 h\u00e4n pystyy kohtaamaan hankalia<\/li>\n<\/ul>\n<p>tunteita. Ole tukena: kerro, ett\u00e4 voitte ratkoa tilannetta sek\u00e4 yhdess\u00e4 ett\u00e4 koulun kanssa.<\/p>\n<p>Tunteiden ja haasteiden v\u00e4lttely ei ratkaise asiaa, vaan tilanne p\u00e4\u00e4see pitkittym\u00e4\u00e4n ja<\/p>\n<p>muuttuu vaikeammin ratkaistavaksi.<\/p>\n<p><img loading=\"lazy\" decoding=\"async\" class=\"alignnone wp-image-1965\" src=\"https:\/\/blog.edu.turku.fi\/ylimaaria\/files\/2024\/10\/Kuva1-1-300x94.png\" alt=\"\" width=\"1044\" height=\"327\" srcset=\"https:\/\/blog.edu.turku.fi\/ylimaaria\/files\/2024\/10\/Kuva1-1-300x94.png 300w, https:\/\/blog.edu.turku.fi\/ylimaaria\/files\/2024\/10\/Kuva1-1.png 680w\" sizes=\"auto, (max-width: 709px) 85vw, (max-width: 909px) 67vw, (max-width: 1362px) 62vw, 840px\" \/><\/p>\n<p>&nbsp;<\/p>\n<p>&nbsp;<\/p>\n<p>&nbsp;<\/p>\n<p>&nbsp;<\/p>\n<p><img loading=\"lazy\" decoding=\"async\" class=\"wp-image-1964 alignnone\" src=\"https:\/\/blog.edu.turku.fi\/ylimaaria\/files\/2024\/10\/Kuva2-300x149.png\" alt=\"\" width=\"1168\" height=\"580\" srcset=\"https:\/\/blog.edu.turku.fi\/ylimaaria\/files\/2024\/10\/Kuva2-300x149.png 300w, https:\/\/blog.edu.turku.fi\/ylimaaria\/files\/2024\/10\/Kuva2.png 680w\" sizes=\"auto, (max-width: 709px) 85vw, (max-width: 909px) 67vw, (max-width: 1362px) 62vw, 840px\" \/><\/p>\n<p>&nbsp;<\/p>\n<p>&nbsp;<\/p>\n<h1>Oppilaan poissaoloa anotaan Wilmassa<\/h1>\n<h2><strong><em>Hakemukseen p\u00e4\u00e4see seuraavasti:\u00a0<\/em><\/strong><\/h2>\n<p>Huoltaja valitsee Wilmassa \u201dHakemukset ja p\u00e4\u00e4t\u00f6kset\u201d-otsikon ja t\u00e4m\u00e4n j\u00e4lkeen \u201dTee uusi hakemus\u201d ja valitsee hakemuksen:<\/p>\n<ol>\n<li>Poissaolo-anomus 1-3 p\u00e4iv\u00e4\u00e4<\/li>\n<li>Poissaolo-anomus yli 3 p\u00e4iv\u00e4\u00e4<\/li>\n<\/ol>\n<p>&nbsp;<\/p>\n<p>Hakemukset ovat samanlaisia. Loma-anomus 1-3 p\u00e4iv\u00e4\u00e4 l\u00e4htee automaattisesti luokanohjaajalle ja poissaolo-anomus yli 3 p\u00e4iv\u00e4\u00e4 l\u00e4htee automaattisesti luokanohjaajalle k\u00e4sittelyyn, jonka j\u00e4lkeen apulaisrehtori voi tehd\u00e4 p\u00e4\u00e4t\u00f6ksen. Huoltajan ei siis tarvitse tiet\u00e4\u00e4 kenelle hakemus l\u00e4hetet\u00e4\u00e4n. Kun opettaja \/ rehtori on k\u00e4sitellyt anomuksen, p\u00e4\u00e4t\u00f6s n\u00e4kyy Wilmassa kohdassa hakemukset ja p\u00e4\u00e4t\u00f6kset.<\/p>\n<p>&nbsp;<\/p>\n<h2><strong><em>Poissaolon ajaksi sovitut teht\u00e4v\u00e4t ja kokeet:<\/em><\/strong><\/h2>\n<p><em>Oppilaan poissaolon ajaksi sovituista teht\u00e4vist\u00e4 tulee <strong>oppilaan sopia opettajiensa kanssa hyviss\u00e4 ajoin ennen poissaoloa.<\/strong> My\u00f6s mahdollisista <strong>poissaolon aikaisista kokeista tulee etuk\u00e4teen neuvotella<\/strong> opettajien kanssa.<\/em><\/p>\n<p>Huomioitavaa: <strong>Ulkomailla<\/strong> oppilaan pit\u00e4\u00e4 tunnistautua 2-vaiheen tunnistuksella, voidakseen kirjautua <strong>kouluverkkoon edu.turku.fi.<\/strong> TVT-vastaavat auttavat\u00a0t\u00e4m\u00e4n tekemisess\u00e4. Oppilas tarvitsee puhelimen mukaansa, kun asia hoidetaan. Puhelimessa \u00a0tulee olla Microsoft Authenticator ohjelma.<\/p>\n","protected":false},"excerpt":{"rendered":"<p>Kouluyhteis\u00f6\u00f6n kiinnitt\u00e4misen ja poissaoloihin puuttumisen malli Poissaoloja seurataan osana oppilaan hyvinvointia Opettaja seuraa oppilaan poissaoloja osana oppilaan hyvinvointia ja oppimista. Pitkittyv\u00e4t poissaolot ovat hyvinvoinnin ja oppimisen riskitekij\u00e4 ja vaikuttavat lapsen ja nuoren sosiaalisiin suhteisiin, vuorokausirytmin muutoksiin ja psyykkiseen kuormitukseen. Seuraamalla poissaoloja suunnitelmallisesti ja ottamalla ne puheeksi varhain, voidaan tarvittaessa tukea lasta ja nuorta koulunk\u00e4ynniss\u00e4 sek\u00e4 &hellip; <a href=\"https:\/\/blog.edu.turku.fi\/ylimaaria\/etaopiskelu\/\" class=\"more-link\">Jatka lukemista<span class=\"screen-reader-text\"> &#8221;Oppilaan poissaolo&#8221;<\/span><\/a><\/p>\n","protected":false},"author":665,"featured_media":0,"parent":0,"menu_order":0,"comment_status":"closed","ping_status":"closed","template":"","meta":{"footnotes":""},"class_list":["post-810","page","type-page","status-publish","hentry"],"_links":{"self":[{"href":"https:\/\/blog.edu.turku.fi\/ylimaaria\/wp-json\/wp\/v2\/pages\/810","targetHints":{"allow":["GET"]}}],"collection":[{"href":"https:\/\/blog.edu.turku.fi\/ylimaaria\/wp-json\/wp\/v2\/pages"}],"about":[{"href":"https:\/\/blog.edu.turku.fi\/ylimaaria\/wp-json\/wp\/v2\/types\/page"}],"author":[{"embeddable":true,"href":"https:\/\/blog.edu.turku.fi\/ylimaaria\/wp-json\/wp\/v2\/users\/665"}],"replies":[{"embeddable":true,"href":"https:\/\/blog.edu.turku.fi\/ylimaaria\/wp-json\/wp\/v2\/comments?post=810"}],"version-history":[{"count":19,"href":"https:\/\/blog.edu.turku.fi\/ylimaaria\/wp-json\/wp\/v2\/pages\/810\/revisions"}],"predecessor-version":[{"id":2164,"href":"https:\/\/blog.edu.turku.fi\/ylimaaria\/wp-json\/wp\/v2\/pages\/810\/revisions\/2164"}],"wp:attachment":[{"href":"https:\/\/blog.edu.turku.fi\/ylimaaria\/wp-json\/wp\/v2\/media?parent=810"}],"curies":[{"name":"wp","href":"https:\/\/api.w.org\/{rel}","templated":true}]}}