{"id":757,"date":"2020-01-21T13:36:41","date_gmt":"2020-01-21T11:36:41","guid":{"rendered":"https:\/\/blog.edu.turku.fi\/ylimaaria\/?page_id=757"},"modified":"2024-09-17T14:38:43","modified_gmt":"2024-09-17T11:38:43","slug":"iltapaivakerho","status":"publish","type":"page","link":"https:\/\/blog.edu.turku.fi\/ylimaaria\/kerhot-ja-vapaa-aika\/iltapaivakerho\/","title":{"rendered":"Iltap\u00e4iv\u00e4kerho"},"content":{"rendered":"<h3>Yli-Maarian koulussa iltap\u00e4iv\u00e4toimintaa Ypsilonissa sek\u00e4 Moision yksik\u00f6ss\u00e4<\/h3>\n<p><strong><span style=\"color: #0000ff\">Moision yksik\u00f6n<\/span> iltap\u00e4iv\u00e4toiminta on Turun kaupungin j\u00e4rjest\u00e4m\u00e4\u00e4 toimintaa:<\/strong><\/p>\n<p>Yhteyshenkil\u00f6n\u00e4 Katri Nieminen p.\u00a0044 907 2973<\/p>\n<p><strong><span style=\"color: #0000ff\">Ypsilonin<\/span> aamu- ja iltap\u00e4iv\u00e4toiminta on TPS juniorijalkapallon j\u00e4rjest\u00e4m\u00e4\u00e4 toimintaa:<\/strong><\/p>\n<p>Yhteyshenkil\u00f6n\u00e4 Mari J\u00e4rvinen p. 044 7004077 \/ mari.jarvinen@fctps.fi<\/p>\n<p>ohjaajat: 044 7339810<\/p>\n<p>ippe.ypsilon@fctps.fi<\/p>\n<p>Aamu \u2013 ja iltap\u00e4iv\u00e4toiminta on suunnattu ensimm\u00e4isen ja toisen vuosiluokan oppilaille.Tavoitteena on j\u00e4rjest\u00e4\u00e4 turvallinen, monipuolinen ja liikunnallinen iltap\u00e4iv\u00e4 pienille koululaisille v\u00e4litt\u00f6m\u00e4sti koulup\u00e4iv\u00e4n j\u00e4lkeen. Iltap\u00e4iv\u00e4toiminnassa on mahdollisuus mm. leikki\u00e4, askarrella, pelata erilaisia lautapelej\u00e4, lukea, ulkoilla, lepo- ja rauhoittumishetki\u00e4 unohtamatta.Lapsia kannustetaan kokeilemaan eri liikuntamuotoja leikein, pelein ja erilaisten harjoitteiden avulla. Tavoitteena on saada lapset kiinnostumaan liikunnallisesta el\u00e4m\u00e4ntavasta sek\u00e4 antaa mahdollisuus kokeilla erilaisia lajeja ja liikuntamuotoja. Monipuolisen liikkumisen tavoitteena on my\u00f6s kehitt\u00e4\u00e4 lasten yleisliikuntataitoja, motorisia taitoja sek\u00e4 ryhm\u00e4ss\u00e4 toimimista. Jokaiselle yksil\u00f6lle pyrit\u00e4\u00e4n luomaan omaa tilaa ja mahdollisuuksia tehd\u00e4 itse\u00e4\u00e4n motivoivia asioita kannustavassa, turvallisessa ja lapsil\u00e4ht\u00f6isess\u00e4 ymp\u00e4rist\u00f6ss\u00e4.Perusopetuksen aamu- ja iltap\u00e4iv\u00e4toiminnan perusteet ja Turun kaupungin aamu- ja iltap\u00e4iv\u00e4toiminnan toimintasuunnitelma ohjaavat toiminnan j\u00e4rjest\u00e4mist\u00e4.<\/p>\n","protected":false},"excerpt":{"rendered":"<p>Yli-Maarian koulussa iltap\u00e4iv\u00e4toimintaa Ypsilonissa sek\u00e4 Moision yksik\u00f6ss\u00e4 Moision yksik\u00f6n iltap\u00e4iv\u00e4toiminta on Turun kaupungin j\u00e4rjest\u00e4m\u00e4\u00e4 toimintaa: Yhteyshenkil\u00f6n\u00e4 Katri Nieminen p.\u00a0044 907 2973 Ypsilonin aamu- ja iltap\u00e4iv\u00e4toiminta on TPS juniorijalkapallon j\u00e4rjest\u00e4m\u00e4\u00e4 toimintaa: Yhteyshenkil\u00f6n\u00e4 Mari J\u00e4rvinen p. 044 7004077 \/ mari.jarvinen@fctps.fi ohjaajat: 044 7339810 ippe.ypsilon@fctps.fi Aamu \u2013 ja iltap\u00e4iv\u00e4toiminta on suunnattu ensimm\u00e4isen ja toisen vuosiluokan oppilaille.Tavoitteena on j\u00e4rjest\u00e4\u00e4 &hellip; <a href=\"https:\/\/blog.edu.turku.fi\/ylimaaria\/kerhot-ja-vapaa-aika\/iltapaivakerho\/\" class=\"more-link\">Jatka lukemista<span class=\"screen-reader-text\"> &#8221;Iltap\u00e4iv\u00e4kerho&#8221;<\/span><\/a><\/p>\n","protected":false},"author":665,"featured_media":0,"parent":352,"menu_order":1,"comment_status":"closed","ping_status":"closed","template":"","meta":{"footnotes":""},"class_list":["post-757","page","type-page","status-publish","hentry"],"_links":{"self":[{"href":"https:\/\/blog.edu.turku.fi\/ylimaaria\/wp-json\/wp\/v2\/pages\/757","targetHints":{"allow":["GET"]}}],"collection":[{"href":"https:\/\/blog.edu.turku.fi\/ylimaaria\/wp-json\/wp\/v2\/pages"}],"about":[{"href":"https:\/\/blog.edu.turku.fi\/ylimaaria\/wp-json\/wp\/v2\/types\/page"}],"author":[{"embeddable":true,"href":"https:\/\/blog.edu.turku.fi\/ylimaaria\/wp-json\/wp\/v2\/users\/665"}],"replies":[{"embeddable":true,"href":"https:\/\/blog.edu.turku.fi\/ylimaaria\/wp-json\/wp\/v2\/comments?post=757"}],"version-history":[{"count":4,"href":"https:\/\/blog.edu.turku.fi\/ylimaaria\/wp-json\/wp\/v2\/pages\/757\/revisions"}],"predecessor-version":[{"id":1939,"href":"https:\/\/blog.edu.turku.fi\/ylimaaria\/wp-json\/wp\/v2\/pages\/757\/revisions\/1939"}],"up":[{"embeddable":true,"href":"https:\/\/blog.edu.turku.fi\/ylimaaria\/wp-json\/wp\/v2\/pages\/352"}],"wp:attachment":[{"href":"https:\/\/blog.edu.turku.fi\/ylimaaria\/wp-json\/wp\/v2\/media?parent=757"}],"curies":[{"name":"wp","href":"https:\/\/api.w.org\/{rel}","templated":true}]}}