{"id":74,"date":"2017-11-19T13:36:37","date_gmt":"2017-11-19T11:36:37","guid":{"rendered":"https:\/\/blog.edu.turku.fi\/ylimaaria\/?page_id=74"},"modified":"2025-09-30T12:59:21","modified_gmt":"2025-09-30T09:59:21","slug":"oppilaskunta","status":"publish","type":"page","link":"https:\/\/blog.edu.turku.fi\/ylimaaria\/oppilaskunta\/","title":{"rendered":"Oppilaskunta"},"content":{"rendered":"<p>Yli-Maarian koulussa toimii yksi oppilaskunta, jonka hallituksessa on j\u00e4seni\u00e4 jokaiselta vuosiluokalta.<\/p>\n<p>Oppilaskunnan ohjaavina opettajina toimivat <a href=\"https:\/\/blog.edu.turku.fi\/ylimaaria\/yhteystiedot\/\" target=\"_blank\" rel=\"noopener noreferrer\">Sofia Aho,\u00a0<\/a><a href=\"https:\/\/blog.edu.turku.fi\/ylimaaria\/yhteystiedot\/\" target=\"_blank\" rel=\"noopener noreferrer\">Demi Blom ja Elina Ravantti (Moisio)\u00a0<\/a><\/p>\n<p>Oppilaskunnan hallitukseen valitun j\u00e4senen pesti kest\u00e4\u00e4 p\u00e4\u00e4osin kaksi vuotta.<\/p>\n<p>Hallituksen toimintakausi on 1.9.-31.8.<\/p>\n<p>Oppilaskunnan s\u00e4\u00e4nn\u00f6t 1.9.2019 alkaen:<\/p>\n<p><span data-contrast=\"auto\">Yli-Maarian koulun oppilaskuntaan kuuluvat kaikki koulun oppilaat vuosiluokilla 1-9<\/span><span data-ccp-props=\"{&quot;134233279&quot;:true,&quot;201341983&quot;:0,&quot;335559739&quot;:160,&quot;335559740&quot;:259}\">\u00a0<\/span><\/p>\n<p><span data-contrast=\"auto\">Oppilaskunnan toiminnasta vastaa ja p\u00e4\u00e4tt\u00e4\u00e4 oppilaskunnan hallitus sek\u00e4 oppilaskuntaa ohjaavat opettajat. (Rehtori vastaa yleisesti kaikesta koulun toiminnasta)<\/span><span data-ccp-props=\"{&quot;134233279&quot;:true,&quot;201341983&quot;:0,&quot;335559739&quot;:160,&quot;335559740&quot;:259}\">\u00a0<\/span><\/p>\n<p><span data-contrast=\"auto\">Oppilaskunnan hallituksen toimintakausi on 1.9.-31.8.<\/span><span data-ccp-props=\"{&quot;134233279&quot;:true,&quot;201341983&quot;:0,&quot;335559739&quot;:160,&quot;335559740&quot;:259}\">\u00a0<\/span><\/p>\n<p><span data-contrast=\"auto\">Oppilaskunnan raha-asioita hoitaa Yli-Maarian koulun ja p\u00e4iv\u00e4kodin vanhempainyhdistys. Oppilaskunta anoo vanhempainyhdistykselt\u00e4 toimintaansa rahoitusta.<\/span><span data-ccp-props=\"{&quot;134233279&quot;:true,&quot;201341983&quot;:0,&quot;335559739&quot;:160,&quot;335559740&quot;:259}\">\u00a0<\/span><\/p>\n<p><span data-contrast=\"auto\">Oppilaskunnan hallitus koostuu oppilaista, jotka on valittu \u00e4\u00e4nest\u00e4m\u00e4ll\u00e4. Vain oppilailla on \u00e4\u00e4nioikeus oppilaskunnan vaaleissa.<\/span><span data-ccp-props=\"{&quot;134233279&quot;:true,&quot;201341983&quot;:0,&quot;335559739&quot;:160,&quot;335559740&quot;:259}\">\u00a0<\/span><\/p>\n<p><span data-contrast=\"auto\">Jokaisesta luokasta valitaan yksi edustaja hallitukseen. Lis\u00e4ksi h\u00e4nelle valitaan varaj\u00e4sen, joka toimii luokan puheenjohtajana.<\/span><span data-ccp-props=\"{&quot;134233279&quot;:true,&quot;201341983&quot;:0,&quot;335559739&quot;:160,&quot;335559740&quot;:259}\">\u00a0<\/span><\/p>\n<p><span data-contrast=\"auto\">Varsinaisen hallituksen j\u00e4senen ollessa poissa kokouksesta, varaj\u00e4sen toimii t\u00e4ysivaltaisena hallituksen j\u00e4senen\u00e4 kokouksen ajan.<\/span><span data-ccp-props=\"{&quot;134233279&quot;:true,&quot;201341983&quot;:0,&quot;335559739&quot;:160,&quot;335559740&quot;:259}\">\u00a0<\/span><\/p>\n<p><span data-contrast=\"auto\">Mik\u00e4li kukaan luokan oppilaista ei ole halukas asetumaan ehdolle hallitukseen tai luokan puheenjohtajaksi<\/span><span data-contrast=\"auto\">, luokka j\u00e4\u00e4 ilman edustajaa oppilaskunnan hallituksessa.<\/span><span data-ccp-props=\"{&quot;134233279&quot;:true,&quot;201341983&quot;:0,&quot;335559739&quot;:160,&quot;335559740&quot;:259}\">\u00a0<\/span><\/p>\n<p><span data-contrast=\"auto\">Oppilaskunnan hallituksen j\u00e4senen pesti kest\u00e4\u00e4 2 lukuvuotta. Poikkeuksena 7.-luokalla valitun oppilaan pesti, mik\u00e4 kest\u00e4\u00e4 1 lukuvuoden<\/span><span data-ccp-props=\"{&quot;134233279&quot;:true,&quot;201341983&quot;:0,&quot;335559739&quot;:160,&quot;335559740&quot;:259}\">\u00a0<\/span><\/p>\n<p><span data-contrast=\"auto\">Aikaisemmin oppilaskunnan hallituksen j\u00e4senen\u00e4 toiminut oppilas voi halutessaan asettua ehdolle uudelleen.<\/span><span data-ccp-props=\"{&quot;134233279&quot;:true,&quot;201341983&quot;:0,&quot;335559739&quot;:160,&quot;335559740&quot;:259}\">\u00a0<\/span><\/p>\n<p><span data-contrast=\"auto\">Oppilaskunnan hallitus toimii tiimeiss\u00e4. Tiimit ovat: pikkutiimi, Moisio-tiimi,\u00a0<\/span><span data-contrast=\"auto\">tiedotustiimi, johtoryhm\u00e4, tapahtumatiimi.\u00a0<\/span><span data-contrast=\"auto\">Jokaisella tiimill\u00e4 on vastuuoppilas, joka vastaa tiimin omista kokoontumisista ja johtaa tiimin toimintaa<\/span><span data-contrast=\"auto\">.<\/span><span data-ccp-props=\"{&quot;134233279&quot;:true,&quot;201341983&quot;:0,&quot;335559739&quot;:160,&quot;335559740&quot;:259}\">\u00a0<\/span><\/p>\n<p><span data-contrast=\"auto\">Hallituksen j\u00e4senist\u00e4 valitaan oppilaat hoitamaan seuraavia luottamusteht\u00e4vi\u00e4: puheenjohtaja,\u00a0<\/span><span data-contrast=\"auto\">varapuheenjohtaja,\u00a0<\/span><span data-contrast=\"auto\">sihteeri<\/span><span data-contrast=\"auto\">\u00a0ja tiimien vet\u00e4j\u00e4t. He muodostavat hallituksen johtoryhm\u00e4n.<\/span><span data-ccp-props=\"{&quot;134233279&quot;:true,&quot;201341983&quot;:0,&quot;335559739&quot;:160,&quot;335559740&quot;:259}\">\u00a0<\/span><\/p>\n<p><span data-contrast=\"auto\">Oppilaskunnan hallitus kokoontuu\u00a0<\/span><span data-contrast=\"auto\">v\u00e4hint\u00e4\u00e4n kerran kuukaudessa s<\/span><span data-contrast=\"auto\">ek\u00e4 tarvittaessa muuna aikana.<\/span><span data-ccp-props=\"{&quot;134233279&quot;:true,&quot;201341983&quot;:0,&quot;335559739&quot;:160,&quot;335559740&quot;:259}\">\u00a0<\/span><\/p>\n<p><span data-contrast=\"auto\">Hallituksen kokouksista tiedotetaan hallituksen\u00a0Wha<\/span><span data-contrast=\"auto\">ts<\/span><span data-contrast=\"auto\">app-ryhm\u00e4ss\u00e4 sek\u00e4 Wilmassa.<\/span><span data-ccp-props=\"{&quot;134233279&quot;:true,&quot;201341983&quot;:0,&quot;335559739&quot;:160,&quot;335559740&quot;:259}\">\u00a0<\/span><\/p>\n<p><span data-contrast=\"auto\">N\u00e4m\u00e4 s\u00e4\u00e4nn\u00f6t on hyv\u00e4ksytty hallituksen j\u00e4rjest\u00e4ytymiskokouksessa 30.8.2020.<\/span><span data-ccp-props=\"{&quot;134233279&quot;:true,&quot;201341983&quot;:0,&quot;335559739&quot;:160,&quot;335559740&quot;:259}\">\u00a0<\/span><\/p>\n<p><span data-contrast=\"auto\">S\u00e4\u00e4nt\u00f6ihin voi tehd\u00e4\u00a0<\/span><span data-contrast=\"auto\">muutoksia,<\/span><span data-contrast=\"auto\">\u00a0mik\u00e4li yli puolet hallituksen j\u00e4senist\u00e4 on s\u00e4\u00e4nt\u00f6muutoksen kannalla.<\/span><span data-ccp-props=\"{&quot;134233279&quot;:true,&quot;201341983&quot;:0,&quot;335559739&quot;:160,&quot;335559740&quot;:259}\">\u00a0<\/span><\/p>\n<hr \/>\n<p>Perusopetuslain mukaan koululla tulee olla sen oppilaista muodostuva oppilaskunta. Oppilaskunnan ja sen toimielinten teht\u00e4v\u00e4n\u00e4 on edist\u00e4\u00e4 oppilaiden yhteistoimintaa, vaikutusmahdollisuuksia ja osallistumista. Se innostaa oppilaita esitt\u00e4m\u00e4\u00e4n n\u00e4kemyksi\u00e4\u00e4n, toimimaan ja vaikuttamaan omiin ja yhteisiin asioihin. Oppilaskunta sek\u00e4 koulun ja kunnan muut osallisuutta tukevat rakenteet ja toimintatavat tarjoavat tilaisuuksia harjoitella demokratiataitoja k\u00e4yt\u00e4nn\u00f6ss\u00e4.<\/p>\n<p>Jokaisessa koulussa oppilaskuntaa edustaa oppilasj\u00e4senist\u00e4 muodostettu hallitus, jota ohjaa oppilaskunnan ohjaaja. Alakoulujen oppilaskunnat tekev\u00e4t yhteisty\u00f6t\u00e4 Turun Lasten Parlamentin kanssa ja osallistuvat Turun Lasten Parlamentin suurkokouksiin. Yl\u00e4koulujen oppilaskunnat tekev\u00e4t vastaavasti yhteisty\u00f6t\u00e4 Turun Nuorisovaltuuston kanssa.<\/p>\n","protected":false},"excerpt":{"rendered":"<p>Yli-Maarian koulussa toimii yksi oppilaskunta, jonka hallituksessa on j\u00e4seni\u00e4 jokaiselta vuosiluokalta. Oppilaskunnan ohjaavina opettajina toimivat Sofia Aho,\u00a0Demi Blom ja Elina Ravantti (Moisio)\u00a0 Oppilaskunnan hallitukseen valitun j\u00e4senen pesti kest\u00e4\u00e4 p\u00e4\u00e4osin kaksi vuotta. Hallituksen toimintakausi on 1.9.-31.8. Oppilaskunnan s\u00e4\u00e4nn\u00f6t 1.9.2019 alkaen: Yli-Maarian koulun oppilaskuntaan kuuluvat kaikki koulun oppilaat vuosiluokilla 1-9\u00a0 Oppilaskunnan toiminnasta vastaa ja p\u00e4\u00e4tt\u00e4\u00e4 oppilaskunnan hallitus &hellip; <a href=\"https:\/\/blog.edu.turku.fi\/ylimaaria\/oppilaskunta\/\" class=\"more-link\">Jatka lukemista<span class=\"screen-reader-text\"> &#8221;Oppilaskunta&#8221;<\/span><\/a><\/p>\n","protected":false},"author":135,"featured_media":0,"parent":0,"menu_order":0,"comment_status":"closed","ping_status":"closed","template":"","meta":{"footnotes":""},"class_list":["post-74","page","type-page","status-publish","hentry"],"_links":{"self":[{"href":"https:\/\/blog.edu.turku.fi\/ylimaaria\/wp-json\/wp\/v2\/pages\/74","targetHints":{"allow":["GET"]}}],"collection":[{"href":"https:\/\/blog.edu.turku.fi\/ylimaaria\/wp-json\/wp\/v2\/pages"}],"about":[{"href":"https:\/\/blog.edu.turku.fi\/ylimaaria\/wp-json\/wp\/v2\/types\/page"}],"author":[{"embeddable":true,"href":"https:\/\/blog.edu.turku.fi\/ylimaaria\/wp-json\/wp\/v2\/users\/135"}],"replies":[{"embeddable":true,"href":"https:\/\/blog.edu.turku.fi\/ylimaaria\/wp-json\/wp\/v2\/comments?post=74"}],"version-history":[{"count":23,"href":"https:\/\/blog.edu.turku.fi\/ylimaaria\/wp-json\/wp\/v2\/pages\/74\/revisions"}],"predecessor-version":[{"id":2151,"href":"https:\/\/blog.edu.turku.fi\/ylimaaria\/wp-json\/wp\/v2\/pages\/74\/revisions\/2151"}],"wp:attachment":[{"href":"https:\/\/blog.edu.turku.fi\/ylimaaria\/wp-json\/wp\/v2\/media?parent=74"}],"curies":[{"name":"wp","href":"https:\/\/api.w.org\/{rel}","templated":true}]}}