{"id":68,"date":"2017-11-19T13:36:03","date_gmt":"2017-11-19T11:36:03","guid":{"rendered":"https:\/\/blog.edu.turku.fi\/ylimaaria\/?page_id=68"},"modified":"2025-08-28T08:53:41","modified_gmt":"2025-08-28T05:53:41","slug":"jarjestyssaannot","status":"publish","type":"page","link":"https:\/\/blog.edu.turku.fi\/ylimaaria\/opetus\/jarjestyssaannot\/","title":{"rendered":"J\u00e4rjestyss\u00e4\u00e4nn\u00f6t"},"content":{"rendered":"<h1><strong>Yli-Maarian koulun j\u00e4rjestyss\u00e4\u00e4nn\u00f6t<\/strong><\/h1>\n<p>S\u00e4\u00e4nn\u00f6t ovat v\u00e4ltt\u00e4m\u00e4tt\u00f6m\u00e4t yhteis\u00f6n toiminnan ja ty\u00f6rauhan s\u00e4ilymisen sek\u00e4 j\u00e4senten turvallisuuden ja viihtyvyyden vuoksi. Ty\u00f6rauha on ehdoton edellytys kouluty\u00f6n onnistumiselle. S\u00e4\u00e4nn\u00f6t totuttavat oppilaan vastuuseen ja yhteiskunnan j\u00e4senyyteen. J\u00e4rjestyss\u00e4\u00e4nt\u00f6j\u00e4 noudatetaan kouluaikana, koulualueella ja kaikissa koulunk\u00e4yntiin liittyviss\u00e4 olosuhteissa. (PL 29, 35-36\u00a7)<\/p>\n<ol>\n<li>Koko kouluyhteis\u00f6 toimii yst\u00e4v\u00e4llisesti, kannustavasti, toisiaan kunnioittaen, hyvien tapojen mukaisesti ja henkil\u00f6kunnan ohjeita noudattaen.<\/li>\n<li>Koulussa jokaisella henkil\u00f6ll\u00e4 on oikeus h\u00e4iri\u00f6tt\u00f6m\u00e4\u00e4n ty\u00f6skentelyyn. Oppilailla on oikeus oppia ja opettajilla on oikeus opettaa.<\/li>\n<li>Ep\u00e4asiallinen ja h\u00e4iritsev\u00e4 k\u00e4yt\u00f6s sek\u00e4 kiusaaminen on kielletty. Koulussa jokaisella on oikeus fyysiseen ja psyykkiseen koskemattomuuteen.<\/li>\n<li>Tupakan, nuuskan, p\u00e4ihteiden ja huumeiden k\u00e4ytt\u00f6 sek\u00e4 hallussapito on kielletty kouluaikana ja koulun j\u00e4rjest\u00e4miss\u00e4 tilaisuuksissa sek\u00e4 vuosisuunnitelman kuvaamassa toiminnassa.<\/li>\n<li>Koulu ja sen alue pidet\u00e4\u00e4n siistin\u00e4 eik\u00e4 koulun omaisuutta saa turmella. Oppilas on velvollinen kertomaan havaitsemistaan vahingoista koulun henkil\u00f6st\u00f6lle. Vahingon aiheuttaja on ilmoittautumis- ja vahingonkorvausvelvollinen.<\/li>\n<li>Koulussa on m\u00e4\u00e4ritelty v\u00e4lituntialue, jolta poistuminen koulup\u00e4iv\u00e4n aikana on kielletty. V\u00e4litunnit vietet\u00e4\u00e4n ulkona, ellei muuta erikseen sovita.<\/li>\n<li>Oppilaat eiv\u00e4t saa koulup\u00e4iv\u00e4n aikana k\u00e4ytt\u00e4\u00e4 kulkuv\u00e4lineit\u00e4, kuten polkupy\u00f6ri\u00e4, s\u00e4hk\u00f6potkulautoja tai moottoriajoneuvoja, ilman henkil\u00f6kunnan lupaa. Eri toimipisteisiin ja opetuksen j\u00e4rjest\u00e4mispaikkoihin siirryt\u00e4\u00e4n annettujen ohjeiden mukaisesti liikennes\u00e4\u00e4nt\u00f6j\u00e4 noudattaen.<\/li>\n<li>Oppilas voi olla poissa koulusta vain sairauden perusteella tai saatuaan erillisen luvan poissaoloon luokanopettajalta, luokanohjaajalta tai rehtorilta. Kesken koulup\u00e4iv\u00e4n oppilas voi poistua koulusta vain terveydenhoitajan tai opetushenkil\u00f6kuntaan kuuluvan luvalla.<\/li>\n<li>Oppilaat (1.\u20139. lk) eiv\u00e4t k\u00e4yt\u00e4 mobiililaitteita koulup\u00e4iv\u00e4n aikana lainkaan ilman opettajan tai rehtorin lupaa. Oppilaiden tulee s\u00e4ilytt\u00e4\u00e4 k\u00e4nnyk\u00e4t ja mobiililaitteet koulup\u00e4iv\u00e4n aikana repuissaan. Oppitunnin aluksi henkil\u00f6st\u00f6lle annetaan mahdollisuus my\u00f6s ker\u00e4t\u00e4 mobiililaitteet ja \u00e4lykellot niille osoitettuun paikkaan.<\/li>\n<li>Rahat, arvoesineet ja oppilaan henkil\u00f6kohtainen omaisuus ovat koulussa oppilaan ja huoltajien\u00a0vastuulla, eik\u00e4 koulu korvaa kadonnutta tai s\u00e4rkynytt\u00e4 omaisuutta.<\/li>\n<li>Koulun tiloissa, alueella tai koulun tilaisuuksissa ei kouluaikana harjoiteta osto- tai myyntitoimintaa. T\u00e4m\u00e4 rajoitus ei koske vanhempainyhdistysten tai oppilaskunnan toimintaa.<\/li>\n<\/ol>\n<p>&nbsp;<\/p>\n<h2><strong>Yli-Maarian koulussa noudatetaan lis\u00e4ksi seuraavia kouluty\u00f6t\u00e4 tukevia sek\u00e4 turvallisuutta ja viihtyisyytt\u00e4 edist\u00e4vi\u00e4 s\u00e4\u00e4nt\u00f6j\u00e4 ja periaatteita:<\/strong><\/h2>\n<p><strong><u>Tunnin h\u00e4irint\u00e4 tai tunnilta poistaminen<\/u><\/strong><\/p>\n<p>Opettaja ohjaa oppilasta oikeanlaiseen k\u00e4ytt\u00e4ytymiseen kerran. Mik\u00e4li h\u00e4irint\u00e4 jatkuu, opettaja poistaa tunnilta ja tekee siit\u00e4 Wilma-kirjauksen. Tunnin h\u00e4irint\u00e4 \u2013merkint\u00e4 koskee my\u00f6s v\u00e4litunteja ja ruokailua.\u00a0 3 tunnin h\u00e4irint\u00e4 -merkint\u00e4\u00e4 johtaa kasvatuskeskusteluun, seuraavat kolme j\u00e4lki-istuntoon.<\/p>\n<p>Mik\u00e4li oppilaalle kertyy kolmen j\u00e4lki-istunnon j\u00e4lkeen edelleen tunninh\u00e4irint\u00e4merkint\u00f6j\u00e4 ja\/tai oppilaalle olisi tulossa nelj\u00e4s j\u00e4lki-istunto, sovitaan pedagogisen tiimin ja oppilashuollon kanssa jatkotoimenpiteist\u00e4 kuten MAR-palaverin j\u00e4rjest\u00e4misest\u00e4.<\/p>\n<p><strong>Merkint\u00e4tili<\/strong>\u00a0nollautuu jouluna ja lukuvuoden p\u00e4\u00e4ttyess\u00e4. Mik\u00e4li oppilaalle on jo lukuvuoden aikana pidetty kasvatuskeskustelu aiheesta, kolmesta tunnin h\u00e4irinn\u00e4st\u00e4 tulee automaattisesti j\u00e4lki-istunto.\u00a0<strong>Luokanohjaaja vastaa merkint\u00f6jen ja kasvatuskeskustelujen seurannasta ja toteuttamisesta.<\/strong><\/p>\n<p>&nbsp;<\/p>\n<p><strong><u>Unohdukset \/ l\u00e4ksyjen tekem\u00e4tt\u00e4 j\u00e4tt\u00e4minen<\/u><\/strong><\/p>\n<p>Teht\u00e4vien laiminly\u00f6nti vaikuttaa oppiaineen arvosanaan.<\/p>\n<p>&nbsp;<\/p>\n<p><strong><u>Luvaton poistuminen koulualueelta<\/u><\/strong><\/p>\n<p>Luvaton poistuminen -&gt;\u202fj\u00e4lki-istunto.<\/p>\n<p>&nbsp;<\/p>\n<p><strong><u>V\u00e4litunnille ja ruokailuun siirtyminen<\/u><\/strong><\/p>\n<p>Ulkov\u00e4litunnilla siirryt\u00e4\u00e4n viivyttelem\u00e4tt\u00e4 ulos. Jos oppilas ei ole h\u00e4nelle osoitetussa tilassa (v\u00e4lituntialueella, ruokailussa) tai j\u00e4tt\u00e4\u00e4 noudattamatta valvojan ohjetta, seuraa siit\u00e4 kasvatuksellinen keskustelu sek\u00e4 Wilmaan tunninh\u00e4irint\u00e4 -merkint\u00e4. 3 tunnin h\u00e4irint\u00e4 -merkint\u00e4\u00e4 johtaa kasvatuskeskusteluun, seuraavat kolme j\u00e4lki-istuntoon.<\/p>\n<p>&nbsp;<\/p>\n<p><strong><u>Luvattomat poissaolot\u00a0<\/u><\/strong><\/p>\n<p>Luvattomat poissaolot korvataan.\u202fKorvaaminen sovitaan tapauskohtaisesti.<\/p>\n<p>&nbsp;<\/p>\n<p><strong><u>Nikotiinituotteiden, s\u00e4hk\u00f6tupakan sek\u00e4 p\u00e4ihteiden hallussapito\/k\u00e4ytt\u00f6 koulup\u00e4iv\u00e4n aikana<\/u><\/strong><\/p>\n<p>Oppilaan huoltajiin otetaan yhteytt\u00e4, j\u00e4rjestet\u00e4\u00e4n kasvatuskeskustelu ja ohjataan oppilashuoltopalveluihin. P\u00e4ihteiden hallussapidosta\/k\u00e4yt\u00f6st\u00e4 tehd\u00e4\u00e4n aina lastensuojeluilmoitus ja ollaan tarvittaessa yhteydess\u00e4 sosiaalitoimeen.<\/p>\n<p>&nbsp;<\/p>\n<p><strong><u>Energiajuomien tuominen kouluun\/\u00a0hallussapito koulup\u00e4iv\u00e4n aikana kielletty<\/u><\/strong><\/p>\n<p>&nbsp;<\/p>\n<p><strong><u>My\u00f6h\u00e4stymiset\u00a0\u00a0<\/u><\/strong><\/p>\n<p>3 my\u00f6h\u00e4stymist\u00e4 -&gt; kasvatuskeskustelu, seuraavasta kolmesta j\u00e4lki-istunto.<\/p>\n<p>Merkint\u00e4tili nollautuu jouluna ja lukuvuoden p\u00e4\u00e4ttyess\u00e4. Mik\u00e4li oppilaalle on jo\u202flukuvuoden aikana\u202fpidetty kasvatuskeskustelu\u202faiheesta, kolmesta my\u00f6h\u00e4stymisest\u00e4 tulee automaattisesti j\u00e4lki-istunto.<\/p>\n<p>&nbsp;<\/p>\n<p><strong><u>K\u00e4nnyk\u00e4n ja mobiililaitteiden k\u00e4ytt\u00f6<\/u><\/strong><\/p>\n<p>1.\u20139. luokkien oppilaat eiv\u00e4t k\u00e4yt\u00e4 mobiililaitteita koulup\u00e4iv\u00e4n aikana lainkaan ilman opettajan tai rehtorin lupaa. Mobiililaitteilla tarkoitetaan muun muassa \u00e4lypuhelimia, tabletteja, \u00e4lykelloja, kellopuhelimia ja kuulokkeita.<\/p>\n<p>Laitteiden k\u00e4ytt\u00f6 on sallittua opettajan tai rehtorin luvalla kuitenkin:<\/p>\n<ul>\n<li>oppimistarkoituksessa<\/li>\n<li>henkil\u00f6kohtaiseen terveydenhoitoon (esim. diabetes)<\/li>\n<li>digitaalisen v\u00e4lipalakortin k\u00e4ytt\u00e4miseen (tarkennus ohessa)<\/li>\n<\/ul>\n<p>Oppilaiden tulee s\u00e4ilytt\u00e4\u00e4 k\u00e4nnyk\u00e4t ja mobiililaitteet koulup\u00e4iv\u00e4n aikana repuissaan. Oppitunnin aluksi henkil\u00f6st\u00f6lle annetaan mahdollisuus my\u00f6s ker\u00e4t\u00e4 mobiililaitteet ja \u00e4lykellot niille osoitettuun paikkaan.<\/p>\n<p>Jos oppilas k\u00e4ytt\u00e4\u00e4 mobiililaitetta s\u00e4\u00e4nt\u00f6jen vastaisesti, opettaja tai rehtori ottaa laitteen haltuunsa koulup\u00e4iv\u00e4n ajaksi. T\u00e4st\u00e4 seuraa Wilmaan tunninh\u00e4irint\u00e4 -merkint\u00e4 (pinkki). Takavarikoidut laitteet voi noutaa palvelukoordinaattorilta koulup\u00e4iv\u00e4n p\u00e4\u00e4tteeksi. Toistuviin rikkeisiin puututaan perusopetuslaissa s\u00e4\u00e4detyill\u00e4 kasvatuksellisilla toimilla ja kurinpitokeinoilla; 3 oppitunnin h\u00e4irint\u00e4merkint\u00e4\u00e4 johtaa kasvatuskeskusteluun, seuraavat kolme j\u00e4lki-istuntoon.<\/p>\n<p><strong>\u00a0<\/strong><\/p>\n<p><strong><u>Digitaalinen v\u00e4lipalakortti:<\/u><\/strong><\/p>\n<p>Ostaessaan Kaarean maksullista v\u00e4lipalaa digitaalisella v\u00e4lipalakortilla oppilas voi k\u00e4ytt\u00e4\u00e4 puhelinta oston ajan.<\/p>\n<p>Oppilas kuljettaa puhelimen v\u00e4lipalaostostaan varten ruokasaliin ja sielt\u00e4 pois joko taskussaan tai repussaan. Mobiililaitetta koskevat muutoin samat s\u00e4\u00e4nn\u00f6t v\u00e4lipalalla kuin muun koulup\u00e4iv\u00e4n aikana<\/p>\n<p>&nbsp;<\/p>\n<h3>Seuraamukset j\u00e4rjestyss\u00e4\u00e4nt\u00f6jen rikkomisesta:<\/h3>\n<p><a href=\"https:\/\/blog.edu.turku.fi\/puolala\/files\/2025\/08\/Kasvatuskeskustelu-kurinpidolliset-keinot-ja-turvaamistoimet-Turun-perusopetuksessa-1.8.2022-alkaen.pdf\">Kasvatuskeskustelu-kurinpidolliset-keinot-ja-turvaamistoimet-Turun-perusopetuksessa-1.8.2022-alkaen<\/a><\/p>\n<p>&nbsp;<\/p>\n<p>Koulun j\u00e4rjestyss\u00e4\u00e4nn\u00f6t p\u00e4ivitetty 28.8.2025<\/p>\n","protected":false},"excerpt":{"rendered":"<p>Yli-Maarian koulun j\u00e4rjestyss\u00e4\u00e4nn\u00f6t S\u00e4\u00e4nn\u00f6t ovat v\u00e4ltt\u00e4m\u00e4tt\u00f6m\u00e4t yhteis\u00f6n toiminnan ja ty\u00f6rauhan s\u00e4ilymisen sek\u00e4 j\u00e4senten turvallisuuden ja viihtyvyyden vuoksi. Ty\u00f6rauha on ehdoton edellytys kouluty\u00f6n onnistumiselle. S\u00e4\u00e4nn\u00f6t totuttavat oppilaan vastuuseen ja yhteiskunnan j\u00e4senyyteen. J\u00e4rjestyss\u00e4\u00e4nt\u00f6j\u00e4 noudatetaan kouluaikana, koulualueella ja kaikissa koulunk\u00e4yntiin liittyviss\u00e4 olosuhteissa. (PL 29, 35-36\u00a7) Koko kouluyhteis\u00f6 toimii yst\u00e4v\u00e4llisesti, kannustavasti, toisiaan kunnioittaen, hyvien tapojen mukaisesti ja henkil\u00f6kunnan ohjeita &hellip; <a href=\"https:\/\/blog.edu.turku.fi\/ylimaaria\/opetus\/jarjestyssaannot\/\" class=\"more-link\">Jatka lukemista<span class=\"screen-reader-text\"> &#8221;J\u00e4rjestyss\u00e4\u00e4nn\u00f6t&#8221;<\/span><\/a><\/p>\n","protected":false},"author":135,"featured_media":0,"parent":18,"menu_order":3,"comment_status":"closed","ping_status":"closed","template":"","meta":{"footnotes":""},"class_list":["post-68","page","type-page","status-publish","hentry"],"_links":{"self":[{"href":"https:\/\/blog.edu.turku.fi\/ylimaaria\/wp-json\/wp\/v2\/pages\/68","targetHints":{"allow":["GET"]}}],"collection":[{"href":"https:\/\/blog.edu.turku.fi\/ylimaaria\/wp-json\/wp\/v2\/pages"}],"about":[{"href":"https:\/\/blog.edu.turku.fi\/ylimaaria\/wp-json\/wp\/v2\/types\/page"}],"author":[{"embeddable":true,"href":"https:\/\/blog.edu.turku.fi\/ylimaaria\/wp-json\/wp\/v2\/users\/135"}],"replies":[{"embeddable":true,"href":"https:\/\/blog.edu.turku.fi\/ylimaaria\/wp-json\/wp\/v2\/comments?post=68"}],"version-history":[{"count":7,"href":"https:\/\/blog.edu.turku.fi\/ylimaaria\/wp-json\/wp\/v2\/pages\/68\/revisions"}],"predecessor-version":[{"id":2130,"href":"https:\/\/blog.edu.turku.fi\/ylimaaria\/wp-json\/wp\/v2\/pages\/68\/revisions\/2130"}],"up":[{"embeddable":true,"href":"https:\/\/blog.edu.turku.fi\/ylimaaria\/wp-json\/wp\/v2\/pages\/18"}],"wp:attachment":[{"href":"https:\/\/blog.edu.turku.fi\/ylimaaria\/wp-json\/wp\/v2\/media?parent=68"}],"curies":[{"name":"wp","href":"https:\/\/api.w.org\/{rel}","templated":true}]}}