{"id":352,"date":"2018-08-28T21:47:09","date_gmt":"2018-08-28T18:47:09","guid":{"rendered":"https:\/\/blog.edu.turku.fi\/ylimaaria\/?page_id=352"},"modified":"2023-09-19T13:14:56","modified_gmt":"2023-09-19T10:14:56","slug":"kerhot-ja-vapaa-aika","status":"publish","type":"page","link":"https:\/\/blog.edu.turku.fi\/ylimaaria\/kerhot-ja-vapaa-aika\/","title":{"rendered":"Kerhot ja vapaa-aika"},"content":{"rendered":"<h3>Kerhotoiminta<\/h3>\n<p>Harrastelukkarit:<\/p>\n<p><a href=\"https:\/\/www.turku.fi\/harrastelukkarit\">Turun koulukohtaiset harrastelukkarit | Turku.fi<\/a><\/p>\n<p><strong>Turun kaupungin j\u00e4rjest\u00e4mi\u00e4, lapsille ja nuorille suunnattuja maksuttomia harrastustuotteita syksyll\u00e4 2023 <\/strong><\/p>\n<p><strong>luokille 1-6<\/strong>:<br \/>\nLasten liikunnan ihmemaa<br \/>\nSunnuntaisin klo 17\u201319<br \/>\nMaksuttomat Lasten liikunnan ihmemaat kutsuvat turkulaisia 1\u201312-vuotiaita lapsia hauskanpitoon! Ihmemaat tarjoavat mahdollisuuden monipuoliseen liikuntaan ja leikkiin koko perheelle. Toiminta on valvottua, ei ohjattua, joten lapsen mukana on oltava oma aikuinen.<br \/>\nToimipisteit\u00e4 l\u00f6ytyy ymp\u00e4ri Turkua. Tervetuloa liikkumaan!<br \/>\nToimipisteet, aukioloajat ja poikkeusaikataulut: turku.fi\/ihmemaa<br \/>\nLis\u00e4tiedot: puh. 050 554 6219<br \/>\n(Facebook-tunnus) Lasten liikunnan ihmemaa<\/p>\n<p>Soveltavan liikunnan ryhm\u00e4t lapsille ja nuorille<br \/>\nViikoilla 36\u201349 ja 2\u201318<br \/>\nRyhm\u00e4t on tarkoitettu liikunnassa erityist\u00e4 tukea tarvitseville lapsille ja nuorille, jotka etsiv\u00e4t itselleen mukavaa harrastusta. Tarjolla on joka viikko monia erilaisia liikuntaryhmi\u00e4, joissa saa kokea onnistumisen<br \/>\niloa ja liikunnan riemua. Tule mukaan jumppaamaan, tanssimaan, pelaamaan ja uimaan!<br \/>\nLis\u00e4tiedot: turku.fi\/soveltavaliikunta -&gt; lasten soveltavan liikunnan ryhm\u00e4t kausiesite.<\/p>\n<p>Harrasta koulup\u00e4iv\u00e4n yhteydess\u00e4<br \/>\nPerusliikuntataitoja ja monipuolista harrastamista sis\u00e4ll\u00e4 ja<br \/>\nulkona!<br \/>\nMaksutonta harrastustoimintaa j\u00e4rjestet\u00e4\u00e4n koulup\u00e4ivin\u00e4 viikoilla 36\u201349 ja 2\u201318 (ei koulujen lomaviikoilla). Kysy oman koulusi harrastuksista koulusi kerhovastaavalta tai lapsesi opettajalta.<br \/>\nL\u00f6yd\u00e4t koulukohtaiset harrastukset koottuna:<br \/>\nturku.fi\/harrastelukkarit<\/p>\n<p>MIHI<br \/>\nViikoilla 36\u201349 ja 2\u201318 (ei viikolla 8).<br \/>\nMIHI tarjoaa 12\u201319-vuotiaille yli 40 liikuntalajivuoroa maksutta Turussa. Tarjolla monipuolisesti sek\u00e4 yksil\u00f6- ett\u00e4 joukkuelajeja. Lajien lis\u00e4ksi p\u00e4\u00e4see omatoimisesti luistelemaan luistelumadolle ja hiiht\u00e4m\u00e4\u00e4n Impivaaraan (v\u00e4lineet maksutta). Lis\u00e4ksi nuorilla on mahdollisuus varata h\u00f6nts\u00e4vuoro Turun kouluista. Mihi-vuoroille ei tarvitse ilmoittautua etuk\u00e4teen (paitsi biljardiin ja laserpeliin).<br \/>\nLis\u00e4tiedot: jorma.fisk@turku.fi tai puh. 050 554 6250<br \/>\nTsekkaa: mihi.fi<\/p>\n<p>Koulujen etsiv\u00e4 harrastustoiminta<br \/>\nUsealla turkulaisella peruskoululla j\u00e4rjestet\u00e4\u00e4n etsiv\u00e4\u00e4 harrastustoimintaa. Palvelu on tarkoitettu mukana olevien koulujen oppilaille, joille ei ole viel\u00e4 l\u00f6ytynyt mieluisaa vapaa-ajan tekemist\u00e4. Koulujen oma etsiv\u00e4n harrastustoiminnan yhdyshenkil\u00f6 auttaa ja neuvoo oppilaita l\u00f6yt\u00e4m\u00e4\u00e4n heille mielekk\u00e4\u00e4n harrastuksen.<br \/>\nLis\u00e4tiedot: turku.fi\/koulujen-etsiva-harrastustoiminta<\/p>\n<p>Kivaloma kulmilla<br \/>\nKivaloma kulmilla on alakouluik\u00e4isille lapsille suunnattua maksutonta, monipuolista ja kivaa tekemist\u00e4 koululaisten loma-aikoina kes\u00e4ll\u00e4, syksyll\u00e4 ja talvella. Toimintaa j\u00e4rjestet\u00e4\u00e4n eri puolilla Turkua.<br \/>\nLue lis\u00e4\u00e4 osoitteesta turku.fi\/kivaloma tai Facebookista Kivaloma.<\/p>\n<p><strong>luokille 7-9:<\/strong><\/p>\n<p>Soveltavan liikunnan ryhm\u00e4t lapsille ja nuorille<br \/>\nViikoilla 36\u201349 ja 2\u201318<br \/>\nRyhm\u00e4t on tarkoitettu liikunnassa erityist\u00e4 tukea tarvitseville lapsille ja nuorille, jotka etsiv\u00e4t itselleen mukavaa harrastusta. Tarjolla on joka viikko monia erilaisia liikuntaryhmi\u00e4, joissa saa kokea onnistumisen<br \/>\niloa ja liikunnan riemua. Tule mukaan jumppaamaan, tanssimaan, pelaamaan ja uimaan!<br \/>\nLis\u00e4tiedot: turku.fi\/soveltavaliikunta -&gt; lasten soveltavan liikunnan ryhm\u00e4t kausiesite.<\/p>\n<p>Harrasta koulup\u00e4iv\u00e4n yhteydess\u00e4<br \/>\nPerusliikuntataitoja ja monipuolista harrastamista sis\u00e4ll\u00e4 ja<br \/>\nulkona!<br \/>\nMaksutonta harrastustoimintaa j\u00e4rjestet\u00e4\u00e4n koulup\u00e4ivin\u00e4 viikoilla 36\u201349 ja 2\u201318 (ei koulujen lomaviikoilla). Kysy oman koulusi harrastuksista koulusi kerhovastaavalta tai lapsesi opettajalta.<br \/>\nL\u00f6yd\u00e4t koulukohtaiset harrastukset koottuna:<br \/>\nturku.fi\/harrastelukkarit<\/p>\n<p>KouluPT ja KouluPCAC -toiminnat<br \/>\nKoulu Personal Trainer (KouluPT) -toiminta on liikunnan ja hyvinvoinnin ohjausta yl\u00e4koululaisille, jossa kannustetaan nuoria lis\u00e4\u00e4m\u00e4\u00e4n arkiaktiivisuuttaan tukemalla hyvinvoinnin eri osa-alueita.<br \/>\nKoulu Personal Culture &amp; Arts Coach (KouluPCAC) -toiminta on taiteen ja kulttuurin ohjausta yl\u00e4koululaisille, jossa t\u00e4hd\u00e4t\u00e4\u00e4n kulttuurihyvinvoinnin lis\u00e4\u00e4miseen sek\u00e4 autetaan nuoria l\u00f6yt\u00e4m\u00e4\u00e4n taiteen ja kulttuurin pariin.<br \/>\nLis\u00e4tiedot mukana olevista kouluista ja toiminnoista:<br \/>\nturku.fi\/harrastamisen-turun-malli<\/p>\n<p>MIHI<br \/>\nViikoilla 36\u201349 ja 2\u201318 (ei viikolla 8).<br \/>\nMIHI tarjoaa 12\u201319-vuotiaille yli 40 liikuntalajivuoroa maksutta Turussa. Tarjolla monipuolisesti sek\u00e4 yksil\u00f6- ett\u00e4 joukkuelajeja. Lajien lis\u00e4ksi p\u00e4\u00e4see omatoimisesti luistelemaan luistelumadolle ja hiiht\u00e4m\u00e4\u00e4n Impivaaraan (v\u00e4lineet maksutta). Lis\u00e4ksi nuorilla on mahdollisuus varata h\u00f6nts\u00e4vuoro Turun kouluista. Mihi-vuoroille ei tarvitse ilmoittautua etuk\u00e4teen (paitsi biljardiin ja laserpeliin).<br \/>\nLis\u00e4tiedot: jorma.fisk@turku.fi tai puh. 050 554 6250<br \/>\nTsekkaa: mihi.fi<\/p>\n<p>Koulujen etsiv\u00e4 harrastustoiminta<br \/>\nUsealla turkulaisella peruskoululla j\u00e4rjestet\u00e4\u00e4n etsiv\u00e4\u00e4 harrastustoimintaa. Palvelu on tarkoitettu mukana olevien koulujen oppilaille, joille ei ole viel\u00e4 l\u00f6ytynyt mieluisaa vapaa-ajan tekemist\u00e4. Koulujen oma etsiv\u00e4n harrastustoiminnan yhdyshenkil\u00f6 auttaa ja neuvoo oppilaita l\u00f6yt\u00e4m\u00e4\u00e4n heille mielekk\u00e4\u00e4n harrastuksen.<br \/>\nLis\u00e4tiedot: turku.fi\/koulujen-etsiva-harrastustoiminta<\/p>\n","protected":false},"excerpt":{"rendered":"<p>Kerhotoiminta Harrastelukkarit: Turun koulukohtaiset harrastelukkarit | Turku.fi Turun kaupungin j\u00e4rjest\u00e4mi\u00e4, lapsille ja nuorille suunnattuja maksuttomia harrastustuotteita syksyll\u00e4 2023 luokille 1-6: Lasten liikunnan ihmemaa Sunnuntaisin klo 17\u201319 Maksuttomat Lasten liikunnan ihmemaat kutsuvat turkulaisia 1\u201312-vuotiaita lapsia hauskanpitoon! Ihmemaat tarjoavat mahdollisuuden monipuoliseen liikuntaan ja leikkiin koko perheelle. Toiminta on valvottua, ei ohjattua, joten lapsen mukana on oltava oma &hellip; <a href=\"https:\/\/blog.edu.turku.fi\/ylimaaria\/kerhot-ja-vapaa-aika\/\" class=\"more-link\">Jatka lukemista<span class=\"screen-reader-text\"> &#8221;Kerhot ja vapaa-aika&#8221;<\/span><\/a><\/p>\n","protected":false},"author":665,"featured_media":0,"parent":0,"menu_order":0,"comment_status":"closed","ping_status":"closed","template":"","meta":{"footnotes":""},"class_list":["post-352","page","type-page","status-publish","hentry"],"_links":{"self":[{"href":"https:\/\/blog.edu.turku.fi\/ylimaaria\/wp-json\/wp\/v2\/pages\/352","targetHints":{"allow":["GET"]}}],"collection":[{"href":"https:\/\/blog.edu.turku.fi\/ylimaaria\/wp-json\/wp\/v2\/pages"}],"about":[{"href":"https:\/\/blog.edu.turku.fi\/ylimaaria\/wp-json\/wp\/v2\/types\/page"}],"author":[{"embeddable":true,"href":"https:\/\/blog.edu.turku.fi\/ylimaaria\/wp-json\/wp\/v2\/users\/665"}],"replies":[{"embeddable":true,"href":"https:\/\/blog.edu.turku.fi\/ylimaaria\/wp-json\/wp\/v2\/comments?post=352"}],"version-history":[{"count":27,"href":"https:\/\/blog.edu.turku.fi\/ylimaaria\/wp-json\/wp\/v2\/pages\/352\/revisions"}],"predecessor-version":[{"id":1739,"href":"https:\/\/blog.edu.turku.fi\/ylimaaria\/wp-json\/wp\/v2\/pages\/352\/revisions\/1739"}],"wp:attachment":[{"href":"https:\/\/blog.edu.turku.fi\/ylimaaria\/wp-json\/wp\/v2\/media?parent=352"}],"curies":[{"name":"wp","href":"https:\/\/api.w.org\/{rel}","templated":true}]}}