{"id":20,"date":"2017-11-19T12:04:10","date_gmt":"2017-11-19T10:04:10","guid":{"rendered":"https:\/\/blog.edu.turku.fi\/ylimaaria\/?page_id=20"},"modified":"2025-11-17T09:11:31","modified_gmt":"2025-11-17T07:11:31","slug":"huoltajille","status":"publish","type":"page","link":"https:\/\/blog.edu.turku.fi\/ylimaaria\/huoltajille\/","title":{"rendered":"Huoltajille"},"content":{"rendered":"<h1>KOULUUN ILMOITTAUTUMINEN (tulevat 1. luokkalaiset)<\/h1>\n<h2><strong>Hyv\u00e4 tulevan ekaluokkalaisen huoltaja!\u00a0 <\/strong><\/h2>\n<p>Lapsesi koulu alkaa elokuussa 2026. Jokaiselle vuonna 2019 syntyneelle turkulaislapselle eli koulutulokkaalle tehd\u00e4\u00e4n l\u00e4hikoulup\u00e4\u00e4t\u00f6s v\u00e4est\u00f6rekisteriin merkityn osoitteen perusteella. Turun oppilasalueista ja koulupaikan m\u00e4\u00e4r\u00e4ytymisest\u00e4 l\u00f6yd\u00e4t www.turku.fi \u2013 sivuilta olevasta kartasta ja kaupungin verkkosivuilta.<\/p>\n<p>Sinun pit\u00e4\u00e4 kirjautua internetiss\u00e4 osoitteeseen https:\/\/turku.inschool.fi. Et voi k\u00e4ytt\u00e4\u00e4 Wilman puhelinsovellusta. Sinun tulee luoda tunnukset ja kirjautua <strong>Wilmaan 17.12.2025 menness\u00e4.<\/strong>\u00a0Wilmassa sinun tulee t\u00e4ytt\u00e4\u00e4 pakolliseksi merkityt kent\u00e4t oppivelvollisuusilmoituksesta<\/p>\n<ul>\n<li>tarkistaa lastasi ja huoltajia koskevat tiedot ja t\u00e4ydent\u00e4\u00e4 puuttuvat<\/li>\n<li>ilmoittaa lapsesi katsomusaine ja \u00e4idinkieli<\/li>\n<\/ul>\n<p>T\u00e4m\u00e4n lis\u00e4ksi voit halutessasi<\/p>\n<ul>\n<li>ilmoittaa mahdollisesta sisarusperusteesta oppilaaksioton perusteeksi<\/li>\n<li>hakea lapsellesi erikoisluokkapaikkaa kieliluokalta<\/li>\n<li>hakea lapsellesi koulupaikkaa kansainv\u00e4lisest\u00e4 koulusta<\/li>\n<li>ilmoittaa lapsesi muuhun kuin A1-englannin kieleen<\/li>\n<li>ilmoittaa hakevasi lapsellesi koulupaikkaa toisen opetuksen j\u00e4rjest\u00e4j\u00e4 koulusta<\/li>\n<li>anoa lapsesi koulun aloituksen lykk\u00e4\u00e4mist\u00e4 vuotta s\u00e4\u00e4detty\u00e4 my\u00f6hemmin.<\/li>\n<\/ul>\n<p><strong>Saat tiedon lapsesi koulupaikasta 31.3.2026. P\u00e4\u00e4t\u00f6s tulee Wilmaan.\u00a0<\/strong><\/p>\n<p>Aamu- ja iltap\u00e4iv\u00e4toiminnan paikkaa haetaan Wilmassa 31.3.-14.4.2026 v\u00e4lisen\u00e4 aikana. T\u00e4n\u00e4 aikana Wilmassa voi my\u00f6s hakea paikkaa muusta kuin p\u00e4\u00e4t\u00f6ksen mukaisesta koulusta. Hakemukset muihin kouluihin k\u00e4sitell\u00e4\u00e4n 30.4.2025 menness\u00e4. P\u00e4\u00e4t\u00f6s tulee Wilmaan.<\/p>\n<p>Turun kaupungin verkkosivuilla on osoitteessa https:\/\/www.turku.fi\/paivahoito-ja-koulutus\/perusopetus monipuolisesti tietoa Turun peruskouluista ja niiss\u00e4 opiskelusta. Kaikissa perusopetukseen ja Wilman k\u00e4ytt\u00f6\u00f6n liittyviss\u00e4 kysymyksiss\u00e4 voit olla yhteydess\u00e4 perusopetuksen hallintoon s\u00e4hk\u00f6postilla perusopetus@turku.fi. Kiireellisiss\u00e4 kysymyksiss\u00e4 voit soittaa numeroon 044 907 3931 arkisin klo 9\u201311.<\/p>\n<p>Monikielinen ohjaus ja neuvonta:\u00a0Saat apua eri kielill\u00e4 Kauppatorin Monitorista, International house of Turku, Aurakatu 8.\u00a0Puhelinnumero: 044 790 0561<\/p>\n<h5>Aikataulu<\/h5>\n<p><strong>Kouluun ilmoittautumisen aikataulut<\/strong> (<a href=\"https:\/\/www.turku.fi\/perusopetus\/kouluun-ilmoittautuminen\">Kouluun ilmoittautuminen | Turku.fi<\/a>)<\/p>\n<p><strong>Ensisijainen haku<\/strong><br \/>\nOppivelvollisuuslomake t\u00e4ytet\u00e4\u00e4n Wilmassa 17.12.2025 menness\u00e4.<\/p>\n<p><strong>Hakeminen muuhun kuin l\u00e4hikouluun<\/strong><br \/>\n31.3.\u201314.4.2026 v\u00e4lisen\u00e4 aikana Wilmassa.<\/p>\n<p><strong>P\u00e4\u00e4t\u00f6s koulupaikasta<\/strong><br \/>\n31.3.2026<\/p>\n<p><strong>Kieliluokille hakeminen<\/strong> <a href=\"https:\/\/www.turku.fi\/perusopetus\/perusopetuksen-kieliluokat\">Perusopetuksen kieliluokat | Turku.fi<\/a><br \/>\nKieliluokille haetaan Wilmassa 12.12.2025 menness\u00e4. Jos hakijalla ei ole Wilman k\u00e4ytt\u00f6oikeutta, hakemus l\u00e4hetet\u00e4\u00e4n osoitteeseen <a href=\"mailto:perusopetus@turku.fi\">perusopetus@turku.fi<\/a>.<\/p>\n<p><strong>Kieliluokkien informaatioillat<\/strong><br \/>\n25.11. klo 18 V\u00e4h\u00e4-Heikkil\u00e4n koulu\u00a0(ranska) <a href=\"https:\/\/blog.edu.turku.fi\/vahaheikkila\/\"><em>https:\/\/blog.edu.turku.fi\/vahaheikkila\/<\/em><\/a><\/p>\n<p>27.11. klo 18 Puolalan koulu, Kauppiaskatu (englanti, saksa) <a href=\"https:\/\/blog.edu.turku.fi\/puolala\/\"><em>https:\/\/blog.edu.turku.fi\/puolala\/<\/em><\/a><\/p>\n<p>2.12. klo 18 Luostarivuoren koulu, Martin yksikk\u00f6 (ruotsi) <a href=\"https:\/\/blog.edu.turku.fi\/luostarivuori\/\">https:\/\/blog.edu.turku.fi\/luostarivuori\/<\/a><\/p>\n<p>3.12. klo 18.45 W\u00e4in\u00f6 Aaltosen koulu (englanti)\u00a0 <a href=\"https:\/\/blog.edu.turku.fi\/wa\/\">https:\/\/blog.edu.turku.fi\/wa\/<\/a> (HUOM! Info pidet\u00e4\u00e4n Syv\u00e4lahden koulussa)<\/p>\n<p>4.12. klo 18 Turun kansainv\u00e4linen koulu (englanti)\u00a0<a href=\"https:\/\/sites.utu.fi\/tis\/\"><em>https:\/\/sites.utu.fi\/tis\/<\/em><\/a><\/p>\n<p>26.11. klo 18 Turun Normaalikoulu (englanti) <a href=\"https:\/\/sites.utu.fi\/tnk\/\"><em>https:\/\/sites.utu.fi\/tnk\/<\/em><\/a><\/p>\n<p>&nbsp;<\/p>\n<p><strong>Kielitestit<br \/>\n<\/strong>Kutsut kieliluokkatesteihin l\u00e4hetet\u00e4\u00e4n huoltajan antamaan s\u00e4hk\u00f6postiin 12.1.2026.<\/p>\n<p>Kieliluokkatestit pidet\u00e4\u00e4n 22.1.-6.2.2026 Turun yliopistolla.<\/p>\n<p><strong>P\u00e4\u00e4t\u00f6s kieliluokkapaikasta<\/strong><br \/>\n31.3.2026.<\/p>\n<p><strong>\u00a0<\/strong><\/p>\n<p>Tervetuloa aloittamaan perusopetus!<\/p>\n<p>&nbsp;<\/p>\n<h1>YL\u00c4KOULUUN SIIRTYMINEN (tulevat 7. luokkalaiset)<\/h1>\n<h2><strong>Hyv\u00e4 tulevan yl\u00e4koululaisen huoltaja!\u00a0<\/strong><\/h2>\n<p>Yl\u00e4kouluun siirtyess\u00e4 lapsesi l\u00e4hikoulu m\u00e4\u00e4r\u00e4ytyy seuraavasti:<\/p>\n<ul>\n<li>Yhten\u00e4iskoulussa opiskelevat jatkavat omassa koulussaan<\/li>\n<li>Erikoisluokilla opiskelevat jatkavat erikoisluokkansa mukaisessa koulussa<\/li>\n<li>Muilla l\u00e4hikoulu m\u00e4\u00e4r\u00e4ytyy kotiosoitteen mukaisen oppilaaksiottoalueen kouluun<\/li>\n<\/ul>\n<p>Lapsellasi on oikeus hakeutua my\u00f6s muuhun kuin l\u00e4hikouluksi m\u00e4\u00e4riteltyyn yl\u00e4kouluun.<\/p>\n<p><strong>Sinun tulee tehd\u00e4 hakemus, jos<\/strong><\/p>\n<ul>\n<li>lapsesi hakee muuhun kuin yll\u00e4 mainittuun yl\u00e4kouluun<\/li>\n<li>lapsesi hakee erikoisluokalle uutena oppilaana<\/li>\n<li>lapsesi hakee Turun normaalikouluun<\/li>\n<li>lapsesi aloittaa yl\u00e4koulun toisessa kunnassa. (<em>T\u00e4ss\u00e4 tapauksessa ota yhteys my\u00f6s toiseen kuntaan).<\/em><\/li>\n<\/ul>\n<p><strong>Sinun tulee tehd\u00e4 vieraskuntalaishakemus, jos<\/strong><\/p>\n<ul>\n<li>olette muuttamassa pois Turusta ja haluat lapsesi jatkavan koulunk\u00e4ynti\u00e4 Turussa.<\/li>\n<li>lapsesi on vieraskuntalainen ja opiskeluoikeus p\u00e4\u00e4ttyy 6.luokan lopussa.<\/li>\n<\/ul>\n<p>Hakemus tulee tehd\u00e4 Wilmassa\u00a0<strong>viimeist\u00e4\u00e4n maanantaihin 12.1.2026 klo 16 menness\u00e4.<\/strong><\/p>\n<p>Hakemus toiseen kuin omaan yl\u00e4kouluun tehd\u00e4\u00e4n internet-selainta k\u00e4ytt\u00e4en. Hakemuksen t\u00e4ytt\u00f6 ei onnistu puhelinsovelluksen (app) kautta. Hakemus l\u00f6ytyy Wilman yl\u00e4valikosta \u201dHakemukset ja p\u00e4\u00e4t\u00f6kset\u201d- kohdasta ja t\u00e4m\u00e4n j\u00e4lkeen klikkaamalla oikeasta reunasta kohtaa \u201dTee uusi hakemus\u201d. Hakemus on nimell\u00e4 \u201dHakemus toiseen kuin omaan yl\u00e4kouluun ja painotukseen\u201d. Vieraskuntalaishakemus l\u00f6ytyy osoitteesta\u00a0<a href=\"https:\/\/www.turku.fi\/perusopetus\/kouluun-ilmoittautuminen#anchor-koulunkaynti-turussa-vieraspaikkakuntalaisena\">Kouluun ilmoittautuminen | Turku.fi<\/a>.<\/p>\n<p><strong>Tervetuloa <\/strong><a href=\"https:\/\/blog.edu.turku.fi\/ylimaaria\/\"><strong>Yli-Maarian koulu<\/strong><\/a>n <strong>yl\u00e4luokkien informaatiotilaisuuteen ma 1.12.2025 klo 18.00-19.30 osoitteeseen Kukkamaariankatu 44 (sis\u00e4\u00e4nk\u00e4ynti B-ovesta). <\/strong>Huomioittehan, ett\u00e4 monitoimitalomme on ulkokeng\u00e4t\u00f6n.<\/p>\n<p><strong><br \/>\nValintakriteerit muuhun kuin omaan l\u00e4hikouluun hakeutuessa<\/strong><\/p>\n<p>Oppilas voi hakea vain yhteen toissijaiseen kouluun. Kouluun otetaan, jos siell\u00e4 on tilaa.<br \/>\nMik\u00e4li oppilaita hakeutuu toissijaisessa oppilaaksiotossa enemm\u00e4n kuin paikkoja on, noudatetaan valintakriteerej\u00e4 seuraavassa j\u00e4rjestyksess\u00e4:<\/p>\n<ol>\n<li>Koulun\u00a0<a href=\"https:\/\/turku.asiointi.fi\/IMS\/?layers=Opaskartta&amp;lon=Oppilasalueet%20suomenkieliset&amp;cp=6704094%2C23458868&amp;z=4\">oppilaaksiottoalueella<\/a>\u00a0asuvat oppilaat.<\/li>\n<li>Koulumatkan pituuden mukaan lyhimm\u00e4st\u00e4 pisimp\u00e4\u00e4n.<\/li>\n<li>Muissa kunnissa asuvat oppilaat.<\/li>\n<\/ol>\n<p>Oppilaan hyv\u00e4ksyy koulun oppilaaksi aluerehtori.\u00a0<a href=\"https:\/\/aineistopankki.turku.fi\/SharedLinks.aspx?accesskey=df4762ec9b7bdfa39c65d2bf1485cd7de062afe134390fb357119274471309e7&amp;VaultGUID=AAFF46FC-E45D-421E-B472-AE2AB9A85036\">Oppilasvalintakriteerit<\/a>\u00a0ovat kaikilla kouluilla samat lukuun ottamatta em. erikoisluokkia ja -linjoja. Muut yksitt\u00e4iset valinnaisaineet tai koulun omat painotukset eiv\u00e4t vaikuta oppilaspaikkojen t\u00e4ytt\u00e4miseen. Mik\u00e4li oppilas siirtyy muuhun kuin omaan yl\u00e4kouluun, kuljetus\u00adkustannuksista vastaa huoltaja.\u00a0<a href=\"https:\/\/www.turku.fi\/perusopetus\/koulukuljetukset\">Koulukuljetukset | Turku.fi<\/a><br \/>\nPaikkojen rajallisuuden vuoksi kaikki oppi\u00adlaat eiv\u00e4t v\u00e4ltt\u00e4m\u00e4tt\u00e4 mahdu haluamaansa kouluun. Koulunk\u00e4yntipaikka on kui\u00adtenkin turvattu oman oppilasalueen koulussa.<\/p>\n<p>Tervetuloa yl\u00e4kouluun!<\/p>\n<p>&nbsp;<\/p>\n<h1><\/h1>\n<h1>Kodin ja koulun yhteisty\u00f6k\u00e4yt\u00e4nn\u00f6t<\/h1>\n<p>Kodin ja koulun yhteisty\u00f6n muotoja ovat vanhempainillat, yksitt\u00e4iset tapaamiset sek\u00e4 vanhempainyhdistystoiminta.<\/p>\n<p>Vanhempainillat j\u00e4rjestet\u00e4\u00e4n kaikille luokka-asteille heti syyskauden alkuun. Sis\u00e4ll\u00f6t ovat opetussuunnitelman (OPS) mukaiset ja luokka-asteiset tarpeet huomioiden. Vanhempainillan yhteisosuudesta vastaavat rehtorit ja luokkien omasta osuudesta luokanohjaajat\/luokanopettajat.\u00a0Luokanopettajat ja luokanohjaajat l\u00e4hett\u00e4v\u00e4t Wilman kautta kutsun vanhempainiltaan.<\/p>\n<p>Kodin ja koulun yhteisty\u00f6t\u00e4 vahvistetaan esimerkiksi kehitys- ja\u00a0 arviointikeskusteluissa ja vanhempaintapaamisissa. Erityisen t\u00e4rke\u00e4\u00e4 yhteisty\u00f6 on oppilaan koulupolun nivelvaiheissa sek\u00e4 oppimisen ja koulunk\u00e4ynnin tukea suunniteltaessa ja toteutettaessa.<\/p>\n<p>V\u00e4liarvioinnin korvaava dokumentoitu arviointikeskustelu\u00a0k\u00e4yd\u00e4\u00e4n opettajan, huoltajien ja oppilaiden kanssa marras-tammikuussa luokka-asteilla 1 ja 3. Luokka-asteella 2 arviointikeskustelu k\u00e4yd\u00e4\u00e4n tammi-helmikuussa, ja se on samalla nivelvaihekeskustelu. Arviointikeskustelun dokumentista annetaan kopio huoltajalle ja alkuper\u00e4inen arkistoidaan koululle.<\/p>\n<p>Nivelvaihekeskustelut k\u00e4yd\u00e4\u00e4n opettajan, huoltajan ja oppilaan kanssa my\u00f6s 6. luokan kev\u00e4\u00e4ll\u00e4.<\/p>\n<p>Muut mahdolliset vanhempaintapaamiset\u00a0ja kokoontumiset lukuvuoden aikana opettajan harkinnan mukaan. Voidaan tarvittaessa j\u00e4rjest\u00e4\u00e4 my\u00f6s koulun yleisi\u00e4\u00a0teemavanhempainiltoja.<\/p>\n<p>Kodin ja koulun t\u00e4rke\u00e4\u00e4 yhteisty\u00f6t\u00e4 vahvistaa my\u00f6s vanhempainyhdistys, jonka kokouksiin kaikki koulumme huoltajat ovat tervetulleita.<\/p>\n<p>&nbsp;<\/p>\n<p>&nbsp;<\/p>\n<h1><strong>Yli-Maarian koulun j\u00e4rjestyss\u00e4\u00e4nn\u00f6t<\/strong><\/h1>\n<p>S\u00e4\u00e4nn\u00f6t ovat v\u00e4ltt\u00e4m\u00e4tt\u00f6m\u00e4t yhteis\u00f6n toiminnan ja ty\u00f6rauhan s\u00e4ilymisen sek\u00e4 j\u00e4senten turvallisuuden ja viihtyvyyden vuoksi. Ty\u00f6rauha on ehdoton edellytys kouluty\u00f6n onnistumiselle. S\u00e4\u00e4nn\u00f6t totuttavat oppilaan vastuuseen ja yhteiskunnan j\u00e4senyyteen. J\u00e4rjestyss\u00e4\u00e4nt\u00f6j\u00e4 noudatetaan kouluaikana, koulualueella ja kaikissa koulunk\u00e4yntiin liittyviss\u00e4 olosuhteissa. (PL 29, 35-36\u00a7)<\/p>\n<ol>\n<li>Koko kouluyhteis\u00f6 toimii yst\u00e4v\u00e4llisesti, kannustavasti, toisiaan kunnioittaen, hyvien tapojen mukaisesti ja henkil\u00f6kunnan ohjeita noudattaen.<\/li>\n<li>Koulussa jokaisella henkil\u00f6ll\u00e4 on oikeus h\u00e4iri\u00f6tt\u00f6m\u00e4\u00e4n ty\u00f6skentelyyn. Oppilailla on oikeus oppia ja opettajilla on oikeus opettaa.<\/li>\n<li>Ep\u00e4asiallinen ja h\u00e4iritsev\u00e4 k\u00e4yt\u00f6s sek\u00e4 kiusaaminen on kielletty. Koulussa jokaisella on oikeus fyysiseen ja psyykkiseen koskemattomuuteen.<\/li>\n<li>Tupakan, nuuskan, p\u00e4ihteiden ja huumeiden k\u00e4ytt\u00f6 sek\u00e4 hallussapito on kielletty kouluaikana ja koulun j\u00e4rjest\u00e4miss\u00e4 tilaisuuksissa sek\u00e4 vuosisuunnitelman kuvaamassa toiminnassa.<\/li>\n<li>Koulu ja sen alue pidet\u00e4\u00e4n siistin\u00e4 eik\u00e4 koulun omaisuutta saa turmella. Oppilas on velvollinen kertomaan havaitsemistaan vahingoista koulun henkil\u00f6st\u00f6lle. Vahingon aiheuttaja on ilmoittautumis- ja vahingonkorvausvelvollinen.<\/li>\n<li>Koulussa on m\u00e4\u00e4ritelty v\u00e4lituntialue, jolta poistuminen koulup\u00e4iv\u00e4n aikana on kielletty. V\u00e4litunnit vietet\u00e4\u00e4n ulkona, ellei muuta erikseen sovita.<\/li>\n<li>Oppilaat eiv\u00e4t saa koulup\u00e4iv\u00e4n aikana k\u00e4ytt\u00e4\u00e4 kulkuv\u00e4lineit\u00e4, kuten polkupy\u00f6ri\u00e4, s\u00e4hk\u00f6potkulautoja tai moottoriajoneuvoja, ilman henkil\u00f6kunnan lupaa. Eri toimipisteisiin ja opetuksen j\u00e4rjest\u00e4mispaikkoihin siirryt\u00e4\u00e4n annettujen ohjeiden mukaisesti liikennes\u00e4\u00e4nt\u00f6j\u00e4 noudattaen.<\/li>\n<li>Oppilas voi olla poissa koulusta vain sairauden perusteella tai saatuaan erillisen luvan poissaoloon luokanopettajalta, luokanohjaajalta tai rehtorilta. Kesken koulup\u00e4iv\u00e4n oppilas voi poistua koulusta vain terveydenhoitajan tai opetushenkil\u00f6kuntaan kuuluvan luvalla.<\/li>\n<li>Oppilaat (1.\u20139. lk) eiv\u00e4t k\u00e4yt\u00e4 mobiililaitteita koulup\u00e4iv\u00e4n aikana lainkaan ilman opettajan tai rehtorin lupaa. Oppilaiden tulee s\u00e4ilytt\u00e4\u00e4 k\u00e4nnyk\u00e4t ja mobiililaitteet koulup\u00e4iv\u00e4n aikana repuissaan. Oppitunnin aluksi henkil\u00f6st\u00f6lle annetaan mahdollisuus my\u00f6s ker\u00e4t\u00e4 mobiililaitteet ja \u00e4lykellot niille osoitettuun paikkaan.<\/li>\n<li>Rahat, arvoesineet ja oppilaan henkil\u00f6kohtainen omaisuus ovat koulussa oppilaan ja huoltajien\u00a0vastuulla, eik\u00e4 koulu korvaa kadonnutta tai s\u00e4rkynytt\u00e4 omaisuutta.<\/li>\n<li>Koulun tiloissa, alueella tai koulun tilaisuuksissa ei kouluaikana harjoiteta osto- tai myyntitoimintaa. T\u00e4m\u00e4 rajoitus ei koske vanhempainyhdistysten tai oppilaskunnan toimintaa.<\/li>\n<\/ol>\n<p>&nbsp;<\/p>\n<h2><strong>Yli-Maarian koulussa noudatetaan lis\u00e4ksi seuraavia kouluty\u00f6t\u00e4 tukevia sek\u00e4 turvallisuutta ja viihtyisyytt\u00e4 edist\u00e4vi\u00e4 s\u00e4\u00e4nt\u00f6j\u00e4 ja periaatteita:<\/strong><\/h2>\n<p><strong><u>Tunnin h\u00e4irint\u00e4 tai tunnilta poistaminen<\/u><\/strong><\/p>\n<p>Opettaja ohjaa oppilasta oikeanlaiseen k\u00e4ytt\u00e4ytymiseen kerran. Mik\u00e4li h\u00e4irint\u00e4 jatkuu, opettaja poistaa tunnilta ja tekee siit\u00e4 Wilma-kirjauksen. Tunnin h\u00e4irint\u00e4 \u2013merkint\u00e4 koskee my\u00f6s v\u00e4litunteja ja ruokailua.\u00a0 3 tunnin h\u00e4irint\u00e4 -merkint\u00e4\u00e4 johtaa kasvatuskeskusteluun, seuraavat kolme j\u00e4lki-istuntoon.<\/p>\n<p>Mik\u00e4li oppilaalle kertyy kolmen j\u00e4lki-istunnon j\u00e4lkeen edelleen tunninh\u00e4irint\u00e4merkint\u00f6j\u00e4 ja\/tai oppilaalle olisi tulossa nelj\u00e4s j\u00e4lki-istunto, sovitaan pedagogisen tiimin ja oppilashuollon kanssa jatkotoimenpiteist\u00e4 kuten MAR-palaverin j\u00e4rjest\u00e4misest\u00e4.<\/p>\n<p><strong>Merkint\u00e4tili<\/strong>\u00a0nollautuu jouluna ja lukuvuoden p\u00e4\u00e4ttyess\u00e4. Mik\u00e4li oppilaalle on jo lukuvuoden aikana pidetty kasvatuskeskustelu aiheesta, kolmesta tunnin h\u00e4irinn\u00e4st\u00e4 tulee automaattisesti j\u00e4lki-istunto.\u00a0<strong>Luokanohjaaja vastaa merkint\u00f6jen ja kasvatuskeskustelujen seurannasta ja toteuttamisesta.<\/strong><\/p>\n<p>&nbsp;<\/p>\n<p><strong><u>Unohdukset \/ l\u00e4ksyjen tekem\u00e4tt\u00e4 j\u00e4tt\u00e4minen<\/u><\/strong><\/p>\n<p>Teht\u00e4vien laiminly\u00f6nti vaikuttaa oppiaineen arvosanaan.<\/p>\n<p>&nbsp;<\/p>\n<p><strong><u>Luvaton poistuminen koulualueelta<\/u><\/strong><\/p>\n<p>Luvaton poistuminen -&gt;\u202fj\u00e4lki-istunto.<\/p>\n<p>&nbsp;<\/p>\n<p><strong><u>V\u00e4litunnille ja ruokailuun siirtyminen<\/u><\/strong><\/p>\n<p>Ulkov\u00e4litunnilla siirryt\u00e4\u00e4n viivyttelem\u00e4tt\u00e4 ulos. Jos oppilas ei ole h\u00e4nelle osoitetussa tilassa (v\u00e4lituntialueella, ruokailussa) tai j\u00e4tt\u00e4\u00e4 noudattamatta valvojan ohjetta, seuraa siit\u00e4 kasvatuksellinen keskustelu sek\u00e4 Wilmaan tunninh\u00e4irint\u00e4 -merkint\u00e4. 3 tunnin h\u00e4irint\u00e4 -merkint\u00e4\u00e4 johtaa kasvatuskeskusteluun, seuraavat kolme j\u00e4lki-istuntoon.<\/p>\n<p>&nbsp;<\/p>\n<p><strong><u>Luvattomat poissaolot\u00a0<\/u><\/strong><\/p>\n<p>Luvattomat poissaolot korvataan.\u202fKorvaaminen sovitaan tapauskohtaisesti.<\/p>\n<p>&nbsp;<\/p>\n<p><strong><u>Nikotiinituotteiden, s\u00e4hk\u00f6tupakan sek\u00e4 p\u00e4ihteiden hallussapito\/k\u00e4ytt\u00f6 koulup\u00e4iv\u00e4n aikana<\/u><\/strong><\/p>\n<p>Oppilaan huoltajiin otetaan yhteytt\u00e4, j\u00e4rjestet\u00e4\u00e4n kasvatuskeskustelu ja ohjataan oppilashuoltopalveluihin. P\u00e4ihteiden hallussapidosta\/k\u00e4yt\u00f6st\u00e4 tehd\u00e4\u00e4n aina lastensuojeluilmoitus ja ollaan tarvittaessa yhteydess\u00e4 sosiaalitoimeen.<\/p>\n<p>&nbsp;<\/p>\n<p><strong><u>Energiajuomien tuominen kouluun\/\u00a0hallussapito koulup\u00e4iv\u00e4n aikana kielletty<\/u><\/strong><\/p>\n<p>&nbsp;<\/p>\n<p><strong><u>My\u00f6h\u00e4stymiset\u00a0\u00a0<\/u><\/strong><\/p>\n<p>3 my\u00f6h\u00e4stymist\u00e4 -&gt; kasvatuskeskustelu, seuraavasta kolmesta j\u00e4lki-istunto.<\/p>\n<p>Merkint\u00e4tili nollautuu jouluna ja lukuvuoden p\u00e4\u00e4ttyess\u00e4. Mik\u00e4li oppilaalle on jo\u202flukuvuoden aikana\u202fpidetty kasvatuskeskustelu\u202faiheesta, kolmesta my\u00f6h\u00e4stymisest\u00e4 tulee automaattisesti j\u00e4lki-istunto.<\/p>\n<p>&nbsp;<\/p>\n<p><strong><u>K\u00e4nnyk\u00e4n ja mobiililaitteiden k\u00e4ytt\u00f6<\/u><\/strong><\/p>\n<p>1.\u20139. luokkien oppilaat eiv\u00e4t k\u00e4yt\u00e4 mobiililaitteita koulup\u00e4iv\u00e4n aikana lainkaan ilman opettajan tai rehtorin lupaa. Mobiililaitteilla tarkoitetaan muun muassa \u00e4lypuhelimia, tabletteja, \u00e4lykelloja, kellopuhelimia ja kuulokkeita.<\/p>\n<p>Laitteiden k\u00e4ytt\u00f6 on sallittua opettajan tai rehtorin luvalla kuitenkin:<\/p>\n<ul>\n<li>oppimistarkoituksessa<\/li>\n<li>henkil\u00f6kohtaiseen terveydenhoitoon (esim. diabetes)<\/li>\n<li>digitaalisen v\u00e4lipalakortin k\u00e4ytt\u00e4miseen (tarkennus ohessa)<\/li>\n<\/ul>\n<p>Oppilaiden tulee s\u00e4ilytt\u00e4\u00e4 k\u00e4nnyk\u00e4t ja mobiililaitteet koulup\u00e4iv\u00e4n aikana repuissaan. Oppitunnin aluksi henkil\u00f6st\u00f6lle annetaan mahdollisuus my\u00f6s ker\u00e4t\u00e4 mobiililaitteet ja \u00e4lykellot niille osoitettuun paikkaan.<\/p>\n<p>Jos oppilas k\u00e4ytt\u00e4\u00e4 mobiililaitetta s\u00e4\u00e4nt\u00f6jen vastaisesti, opettaja tai rehtori ottaa laitteen haltuunsa koulup\u00e4iv\u00e4n ajaksi. T\u00e4st\u00e4 seuraa Wilmaan tunninh\u00e4irint\u00e4 -merkint\u00e4 (pinkki). Takavarikoidut laitteet voi noutaa palvelukoordinaattorilta koulup\u00e4iv\u00e4n p\u00e4\u00e4tteeksi. Toistuviin rikkeisiin puututaan perusopetuslaissa s\u00e4\u00e4detyill\u00e4 kasvatuksellisilla toimilla ja kurinpitokeinoilla; 3 oppitunnin h\u00e4irint\u00e4merkint\u00e4\u00e4 johtaa kasvatuskeskusteluun, seuraavat kolme j\u00e4lki-istuntoon.<\/p>\n<p><strong>\u00a0<\/strong><\/p>\n<p><strong><u>Digitaalinen v\u00e4lipalakortti:<\/u><\/strong><\/p>\n<p>Ostaessaan Kaarean maksullista v\u00e4lipalaa digitaalisella v\u00e4lipalakortilla oppilas voi k\u00e4ytt\u00e4\u00e4 puhelinta oston ajan.<\/p>\n<p>Oppilas kuljettaa puhelimen v\u00e4lipalaostostaan varten ruokasaliin ja sielt\u00e4 pois joko taskussaan tai repussaan. Mobiililaitetta koskevat muutoin samat s\u00e4\u00e4nn\u00f6t v\u00e4lipalalla kuin muun koulup\u00e4iv\u00e4n aikana<\/p>\n<p>&nbsp;<\/p>\n<h3>Seuraamukset j\u00e4rjestyss\u00e4\u00e4nt\u00f6jen rikkomisesta:<\/h3>\n<p><a href=\"https:\/\/blog.edu.turku.fi\/puolala\/files\/2025\/08\/Kasvatuskeskustelu-kurinpidolliset-keinot-ja-turvaamistoimet-Turun-perusopetuksessa-1.8.2022-alkaen.pdf\">Kasvatuskeskustelu-kurinpidolliset-keinot-ja-turvaamistoimet-Turun-perusopetuksessa-1.8.2022-alkaen<\/a><\/p>\n<p>&nbsp;<\/p>\n<p>Koulun j\u00e4rjestyss\u00e4\u00e4nn\u00f6t p\u00e4ivitetty 28.8.2025<\/p>\n<p>&nbsp;<\/p>\n<p>&nbsp;<\/p>\n<p>&nbsp;<\/p>\n<p>&nbsp;<\/p>\n<h2>Tiedote kouluun ilmoittautumisesta 1.luokalle -suomenkielinen perusopetus<\/h2>\n<p>Turun suomenkielisen perusopetuksen oppilaaksiottoa uudistetaan ja nykyinen k\u00e4yt\u00e4nt\u00f6 muuttuu. Se tarkoittaa, ettei sinun tarvitse huoltajana ilmoittaa lastasi kouluun, vaan jokaiselle tulevalle ekaluokkalaiselle, vuonna 2018 syntyneelle turkulaislapselle tehd\u00e4\u00e4n l\u00e4hikoulup\u00e4\u00e4t\u00f6s osoitteen perusteella. L\u00e4hikoulu m\u00e4\u00e4r\u00e4ytyy v\u00e4est\u00f6rekisteriin merkityn virallisen asuinpaikan mukaan. P\u00e4\u00e4t\u00f6s lapsesi koulupaikasta on luettavissa Wilmassa 10.3.2025. Ohjeet Wilmaan kirjautumiseksi toimitetaan huoltajille 11.11.2024. Erikoisluokille haetaan Wilmassa 13.12. menness\u00e4.<\/p>\n","protected":false},"excerpt":{"rendered":"<p>KOULUUN ILMOITTAUTUMINEN (tulevat 1. luokkalaiset) Hyv\u00e4 tulevan ekaluokkalaisen huoltaja!\u00a0 Lapsesi koulu alkaa elokuussa 2026. Jokaiselle vuonna 2019 syntyneelle turkulaislapselle eli koulutulokkaalle tehd\u00e4\u00e4n l\u00e4hikoulup\u00e4\u00e4t\u00f6s v\u00e4est\u00f6rekisteriin merkityn osoitteen perusteella. Turun oppilasalueista ja koulupaikan m\u00e4\u00e4r\u00e4ytymisest\u00e4 l\u00f6yd\u00e4t www.turku.fi \u2013 sivuilta olevasta kartasta ja kaupungin verkkosivuilta. Sinun pit\u00e4\u00e4 kirjautua internetiss\u00e4 osoitteeseen https:\/\/turku.inschool.fi. Et voi k\u00e4ytt\u00e4\u00e4 Wilman puhelinsovellusta. Sinun tulee luoda &hellip; <a href=\"https:\/\/blog.edu.turku.fi\/ylimaaria\/huoltajille\/\" class=\"more-link\">Jatka lukemista<span class=\"screen-reader-text\"> &#8221;Huoltajille&#8221;<\/span><\/a><\/p>\n","protected":false},"author":135,"featured_media":0,"parent":0,"menu_order":0,"comment_status":"closed","ping_status":"closed","template":"","meta":{"footnotes":""},"class_list":["post-20","page","type-page","status-publish","hentry"],"_links":{"self":[{"href":"https:\/\/blog.edu.turku.fi\/ylimaaria\/wp-json\/wp\/v2\/pages\/20","targetHints":{"allow":["GET"]}}],"collection":[{"href":"https:\/\/blog.edu.turku.fi\/ylimaaria\/wp-json\/wp\/v2\/pages"}],"about":[{"href":"https:\/\/blog.edu.turku.fi\/ylimaaria\/wp-json\/wp\/v2\/types\/page"}],"author":[{"embeddable":true,"href":"https:\/\/blog.edu.turku.fi\/ylimaaria\/wp-json\/wp\/v2\/users\/135"}],"replies":[{"embeddable":true,"href":"https:\/\/blog.edu.turku.fi\/ylimaaria\/wp-json\/wp\/v2\/comments?post=20"}],"version-history":[{"count":22,"href":"https:\/\/blog.edu.turku.fi\/ylimaaria\/wp-json\/wp\/v2\/pages\/20\/revisions"}],"predecessor-version":[{"id":2170,"href":"https:\/\/blog.edu.turku.fi\/ylimaaria\/wp-json\/wp\/v2\/pages\/20\/revisions\/2170"}],"wp:attachment":[{"href":"https:\/\/blog.edu.turku.fi\/ylimaaria\/wp-json\/wp\/v2\/media?parent=20"}],"curies":[{"name":"wp","href":"https:\/\/api.w.org\/{rel}","templated":true}]}}