{"id":17,"date":"2017-11-19T12:04:10","date_gmt":"2017-11-19T10:04:10","guid":{"rendered":"https:\/\/blog.edu.turku.fi\/ylimaaria\/?page_id=17"},"modified":"2026-02-16T13:20:42","modified_gmt":"2026-02-16T11:20:42","slug":"yhteystiedot","status":"publish","type":"page","link":"https:\/\/blog.edu.turku.fi\/ylimaaria\/yhteystiedot\/","title":{"rendered":"Yhteystiedot"},"content":{"rendered":"<p>S\u00e4hk\u00f6posti on muotoa<strong> etunimi.sukunimi@edu.turku.fi<\/strong> ellei toisin mainita. Poikkeavat s\u00e4hk\u00f6postiosoitteet (*) l\u00f6ytyv\u00e4t puhelinnumeron yhteydest\u00e4.<\/p>\n<p><strong>Huom! Koko henkil\u00f6kunnan puhelinnumerot l\u00f6ytyv\u00e4t Wilmasta &gt; Pysyv\u00e4t tiedotteet &gt;Koulun henkil\u00f6st\u00f6n yhteystiedot 2025-2026<\/strong><\/p>\n<p>&nbsp;<\/p>\n<p>&nbsp;<\/p>\n<table width=\"430\">\n<tbody>\n<tr>\n<td width=\"150\"><strong>Nimi<\/strong><\/td>\n<td width=\"140\"><strong>toimi \/ luokka<\/strong><\/td>\n<td width=\"140\"><strong>puhelin<\/strong><\/td>\n<\/tr>\n<tr>\n<td>Marianne Ulfstedt<\/td>\n<td>rehtori<\/td>\n<td>040 1648972<\/td>\n<\/tr>\n<tr>\n<td>Pirita Kyt\u00f6<\/td>\n<td>apulaisrehtori<\/td>\n<td>040 1879120<\/td>\n<\/tr>\n<tr>\n<td>Tarja Koivikko<\/td>\n<td>apulaisjohtaja (Moision yksikk\u00f6)<\/p>\n<p>5C lk Moisio<\/td>\n<td>040 173 8710<\/td>\n<\/tr>\n<tr>\n<td>Katja Virtanen<\/td>\n<td>koulusihteeri<\/td>\n<td>040 8391852<\/td>\n<\/tr>\n<tr>\n<td>Juuso L\u00e4hteenloimu *<\/p>\n<p>&nbsp;<\/td>\n<td>palvelukoordinaattori\/vahtimestari Ypsilon. (Esim.<strong> kiinteist\u00f6\u00f6n, tilavarauksiin ja l\u00f6yt\u00f6tavaroihin liittyv\u00e4t\u00a0 yhteydenotot)<\/strong><\/td>\n<td>050 4486753<\/td>\n<td>juuso.lahteenloimu@coor.com<\/td>\n<\/tr>\n<tr>\n<td>Koulun keitti\u00f6\/Kaarea<\/p>\n<p>vuorovastaava <span data-olk-copy-source=\"MessageBody\">Miia Ali-keskikyl\u00e4<\/span><\/td>\n<td>Ypsilon<\/td>\n<td>040 8441880<\/td>\n<td>kaarea.yli-maaria.keittio@kaarea.fi<\/td>\n<\/tr>\n<tr>\n<td>Koulun keitti\u00f6 \/Kaarea<\/p>\n<p>vuorovastaava Emmi Kotilainen<\/td>\n<td>Moision yksikk\u00f6<\/td>\n<td>040 6847125<\/td>\n<td><a href=\"mailto:emmi.kotilainen@kaarea.fi\">emmi.kotilainen@kaarea.fi<\/a><\/p>\n<p>kaarea.yli-maaria.keittio@kaarea.fi<\/td>\n<\/tr>\n<tr>\n<td><strong>OPETTAJAT<\/strong><\/td>\n<td><strong>yksikk\u00f6<\/strong><\/td>\n<td><strong>Puhelinnumerot l\u00f6ytyv\u00e4t Wilmasta&gt; Pysyv\u00e4t tiedotteet &gt;Koulun henkil\u00f6st\u00f6n yhteystiedot 2025-2026<\/strong><\/td>\n<td><strong>S\u00e4hk\u00f6posti on muotoa etunimi.sukunimi@edu.turku.fi ellei toisin mainita. Poikkeavat s\u00e4hk\u00f6postiosoitteet (*) l\u00f6ytyv\u00e4t ao. listasta.<\/strong><\/td>\n<\/tr>\n<tr>\n<td>Aho Sofia<\/td>\n<td>1.lk (Ypsilon), oppilaskunnan ohjaaja 1-6 lk<\/td>\n<td><\/td>\n<\/tr>\n<tr>\n<td>Aksila Johanna<\/td>\n<td>5 A (Ypsilon)<\/td>\n<td><\/td>\n<\/tr>\n<tr>\n<td>Blom Demi<\/td>\n<td>7D, KO, TT, OPO, oppilaskunnan ohjaaja 7-9 lk<\/td>\n<td><\/td>\n<\/tr>\n<tr>\n<td>Bl\u00e4uer Harri<\/td>\n<td>\u00a0TN, HI, TVT-vastaava<\/td>\n<td><\/td>\n<\/tr>\n<tr>\n<td>Forsgren Kirsi-Marja<\/td>\n<td>\u00a0TS<\/td>\n<td><\/td>\n<\/tr>\n<tr>\n<td>Hakala Katja<\/td>\n<td>KIETU-opettaja (7.-9. lk)<\/td>\n<td><\/td>\n<\/tr>\n<tr>\n<td>Hirvonen Kim<\/td>\n<td>5B<\/td>\n<td><\/td>\n<\/tr>\n<tr>\n<td>Hulmi Karoliina<\/td>\n<td>9B, SUK<\/td>\n<td><\/td>\n<\/tr>\n<tr>\n<td>Hyv\u00f6nen Emilia<\/td>\n<td>KO,TT (virkavapaalla 30.5.2026 asti, sij. Elina Koisaari)<\/td>\n<td><\/td>\n<\/tr>\n<tr>\n<td>H\u00e4m\u00e4l\u00e4inen Jaana<\/td>\n<td>9C, MA, FK<\/td>\n<td><\/td>\n<\/tr>\n<tr>\n<td>Impil\u00e4 Taija<\/td>\n<td>4.lk (Ypsilon), KiVa-tiimi<\/td>\n<td><\/td>\n<\/tr>\n<tr>\n<td>It\u00e4niva (Majanen) Susanna<\/td>\n<td>2C (Moisio)<\/td>\n<td><\/td>\n<\/tr>\n<tr>\n<td>Kaasalainen Jutta<\/td>\n<td>7A, MA, FK, KiVa-tiimi<\/td>\n<td><\/td>\n<\/tr>\n<tr>\n<td>Kajander Kalle<\/td>\n<td>9E, MA, FK<\/td>\n<td><\/td>\n<\/tr>\n<tr>\n<td>Kiesil\u00e4inen Petteri<\/td>\n<td>8C, EN, RU<\/td>\n<td><\/td>\n<\/tr>\n<tr>\n<td>Koisaari Elina<\/td>\n<td>KO, TT<\/td>\n<\/tr>\n<tr>\n<td>Korpinen Antti<\/td>\n<td>8B, AI, YH, HI<\/td>\n<td><\/td>\n<\/tr>\n<tr>\n<td>Koskikanto Juulia<\/td>\n<td>7B, RU, EN, OPO<\/td>\n<td><\/td>\n<\/tr>\n<tr>\n<td>Koskinen Tiia<\/td>\n<td>ESP, tuntiopettaja<\/td>\n<td><\/td>\n<\/tr>\n<tr>\n<td>Kostiander Maarit<\/td>\n<td>erityisopettaja: Ypsilonissa<\/td>\n<td><\/td>\n<\/tr>\n<tr>\n<td>Laakso Susanna<\/td>\n<td>SUK<\/td>\n<td><\/td>\n<\/tr>\n<tr>\n<td>Launosalo Kaisa<\/td>\n<td>9A, EN, RU<\/td>\n<td><\/td>\n<\/tr>\n<tr>\n<td>Legenka Inna<\/td>\n<td>OMO-opettaja (ven\u00e4j\u00e4, ukraina)<\/td>\n<\/tr>\n<tr>\n<td>M\u00e4kinen Lauri*<\/td>\n<td>3. lk (Ypsilon), UE 8. lk, KiVa-tiimi<\/td>\n<td><\/td>\n<td>lauri.m.makinen@edu.turku.fi<\/td>\n<\/tr>\n<tr>\n<td>M\u00e4kivaara Matti<\/td>\n<td>MA, FK, koulun turvallisuusvastaava<\/td>\n<td><\/td>\n<\/tr>\n<tr>\n<td>Niskanen Sari*<\/td>\n<td>erityisopettaja: Ypsilonissa\u00a0 sek\u00e4 Moision yksikk\u00f6 1-6 lk<\/td>\n<td><\/td>\n<td>sari.m.niskanen@edu.turku.fi<\/td>\n<\/tr>\n<tr>\n<td>Nokka Elina<\/td>\n<td>3. lk (Ypsilon)<\/td>\n<td><\/td>\n<\/tr>\n<tr>\n<td>Oka Martiina<\/td>\n<td>9D, BI, MT, TT<\/td>\n<td><\/td>\n<\/tr>\n<tr>\n<td>Oksi Otso<\/td>\n<td>8D, MA, FK<\/td>\n<td><\/td>\n<\/tr>\n<tr>\n<td>Paajanen Inka<\/td>\n<td>AI, HI, YH, tukioppilasohjaaja<\/td>\n<td><\/td>\n<\/tr>\n<tr>\n<td>Paajanen Santeri<\/td>\n<td>LI, TT (virkavapaalla 1.9.-14.11.2025)<\/td>\n<td><\/td>\n<\/tr>\n<tr>\n<td>Pakkala Meija<\/td>\n<td>8A, LI<\/td>\n<td><\/td>\n<\/tr>\n<tr>\n<td>Palola Anne<\/td>\n<td>1C<\/td>\n<td><\/td>\n<\/tr>\n<tr>\n<td>Piispanen Melina<\/td>\n<td>2.lk (Ypsilon), LI, KiVa-tiimi, TVT-vastaava<\/td>\n<td><\/td>\n<\/tr>\n<tr>\n<td>Rahikkala Tiina<\/td>\n<td>7E, BG, TT, OPO<\/td>\n<td><\/td>\n<\/tr>\n<tr>\n<td>Rantala Ella<\/td>\n<td>6B (Ypsilon), UE 7. lk<\/td>\n<td><\/td>\n<\/tr>\n<tr>\n<td>Rantanen Eeva<\/td>\n<td>opinto-ohjaaja<\/td>\n<td><\/td>\n<\/tr>\n<tr>\n<td>Rantanen Mika<\/td>\n<td>7C, MA, FK, TVT-vastaava<\/td>\n<td><\/td>\n<\/tr>\n<tr>\n<td>Rantanen Tommi<\/td>\n<td>5C (Moisio), Moision yksik\u00f6n turvallisuusvastaava, TVT-vastaava<\/td>\n<td><\/td>\n<\/tr>\n<tr>\n<td>Ravantti Elina<\/td>\n<td>4C, oppilaskunnan ohjaaja Moision 1-6 lk<\/td>\n<td><\/td>\n<\/tr>\n<tr>\n<td>Saarinen Jesse<\/td>\n<td>3C (Moisio)<\/td>\n<td><\/td>\n<\/tr>\n<tr>\n<td>Salmela Elina<\/td>\n<td>1.lk (Ypsilon)<\/td>\n<td><\/td>\n<\/tr>\n<tr>\n<td>Stenberg Tiina<\/td>\n<td>3. lk<\/td>\n<td><\/td>\n<\/tr>\n<tr>\n<td>Suihko Minna<\/td>\n<td>erityisopettaja<\/td>\n<td><\/td>\n<\/tr>\n<tr>\n<td>Suorlahti Olli<\/td>\n<td>KU, TN<\/td>\n<td><\/td>\n<\/tr>\n<tr>\n<td>T\u00e4ttil\u00e4 (Lehtom\u00e4ki) Suvi<\/td>\n<td>2. lk (Ypsilon)<\/td>\n<td><\/td>\n<\/tr>\n<tr>\n<td>Vahtera Hanna<\/td>\n<td>erityisopettaja (sijainen 1.9.2025-)<\/td>\n<td><\/td>\n<\/tr>\n<tr>\n<td>Vairio Eeva<\/td>\n<td>6A (Ypsilon), KiVa-tiimi<\/td>\n<td><\/td>\n<\/tr>\n<tr>\n<td>Vanhatalo Jaakko<\/td>\n<td>UE,\u00a0 tuntiopettaja 9 lk<\/td>\n<td><\/td>\n<\/tr>\n<tr>\n<td>Vuorinen Juuso<\/td>\n<td>MU<\/td>\n<td><\/td>\n<\/tr>\n<tr>\n<td>Vuorinen Laura<\/td>\n<td>SUK (virkavapaalla lv 25-26, sij. Susanna Laakso)<\/td>\n<td><\/td>\n<\/tr>\n<tr>\n<td>Vuorinen Suvi<\/td>\n<td>virkavapaalla lv 25-26<\/td>\n<td><\/td>\n<\/tr>\n<tr>\n<td><strong>MUU HENKIL\u00d6KUNTA<\/strong><\/td>\n<td><strong>teht\u00e4v\u00e4<\/strong><\/td>\n<td><strong>puhelinnumero<\/strong><\/td>\n<\/tr>\n<tr>\n<td>Heidi Forsberg*<\/td>\n<td>koulukuraattori<\/td>\n<td>050 4323583<\/td>\n<td>heidi.forsberg@varha.fi<\/td>\n<\/tr>\n<tr>\n<td>Jenni Suominen*<\/td>\n<td>terveydenhoitaja 7-9 lk, Moisio<\/td>\n<td>040 1923876<\/td>\n<td><a href=\"mailto:jenni.j.suominen@varha.fi\">jenni.j.suominen@varha.fi<\/a><\/td>\n<\/tr>\n<tr>\n<td>Jessica Sinisalo<\/td>\n<td>terveydenhoitaja 1-6 lk<\/td>\n<td>040 5721812<\/td>\n<td>jessica.sinisalo@varha.fi<\/td>\n<\/tr>\n<tr>\n<td>Niina Lehtonen*<\/td>\n<td>psykiatrinen sairaanhoitaja 1-6 lk<\/td>\n<td>044 7936636<\/td>\n<td>niina.m.lehtonen@varha.fi<\/td>\n<\/tr>\n<tr>\n<td><\/td>\n<td>psykiatrinen sairaanhoitaja 7-9 lk<\/td>\n<td><\/td>\n<td><\/td>\n<\/tr>\n<tr>\n<td>Heli Hartvik*<\/td>\n<td>koulul\u00e4\u00e4k\u00e4ri<\/td>\n<td><\/td>\n<td><\/td>\n<\/tr>\n<tr>\n<td>Susanna Andersson*<\/td>\n<td>koulupsykologi<\/td>\n<td>044 578 1972<\/td>\n<td>susanna.andersson@varha.fi<\/td>\n<\/tr>\n<tr>\n<td>Gustafsson Heidi*<\/td>\n<td>koulunk\u00e4ynninohjaaja, tukioppilasohjaaja<\/td>\n<td><\/td>\n<td>heidi.h.gustafsson@edu.turku.fi<\/td>\n<\/tr>\n<tr>\n<td>J\u00e4rvinen Anna<\/td>\n<td>koulunk\u00e4ynninohjaaja<\/td>\n<td><\/td>\n<\/tr>\n<tr>\n<td>Roos Jutta<\/td>\n<td>koulunk\u00e4ynninohjaaja<\/td>\n<td><\/td>\n<\/tr>\n<tr>\n<td>Smura Jari<\/td>\n<td>koulunk\u00e4ynninohjaaja (Moisio)<\/td>\n<td><\/td>\n<\/tr>\n<tr>\n<td>Sanna Viitamaa<\/td>\n<td>koulunuorisoty\u00f6ntekij\u00e4<\/td>\n<td>044 907 2974<\/td>\n<td>sanna.viitamaa@turku.fi<\/td>\n<\/tr>\n<tr>\n<td>iltap\u00e4iv\u00e4toiminta Moision yksikk\u00f6<\/td>\n<td>Leni Kanervavuori<\/td>\n<td>044 9072973<\/td>\n<td>leni.kanervavuori@edu.turku.fi<\/td>\n<\/tr>\n<tr>\n<td>iltap\u00e4iv\u00e4toiminta Ypsilon*<\/td>\n<td>Mari J\u00e4rvinen<\/td>\n<td>Mari: 044 7004077 \/<\/p>\n<p>ohjaajat: 044 7339810<\/p>\n<p>&nbsp;<\/td>\n<td>mari.jarvinen@fctps.fi<\/p>\n<p>ippe.ypsilon@fctps.fi<\/td>\n<\/tr>\n<\/tbody>\n<\/table>\n<p>Yli-Maarian koulun ja p\u00e4iv\u00e4kodin vanhempainyhdistys <a href=\"mailto:ylimaarianvy@gmail.com\" target=\"_blank\" rel=\"noopener\">ylimaarianvy@gmail.com<\/a><\/p>\n","protected":false},"excerpt":{"rendered":"<p>S\u00e4hk\u00f6posti on muotoa etunimi.sukunimi@edu.turku.fi ellei toisin mainita. Poikkeavat s\u00e4hk\u00f6postiosoitteet (*) l\u00f6ytyv\u00e4t puhelinnumeron yhteydest\u00e4. Huom! Koko henkil\u00f6kunnan puhelinnumerot l\u00f6ytyv\u00e4t Wilmasta &gt; Pysyv\u00e4t tiedotteet &gt;Koulun henkil\u00f6st\u00f6n yhteystiedot 2025-2026 &nbsp; &nbsp; Nimi toimi \/ luokka puhelin Marianne Ulfstedt rehtori 040 1648972 Pirita Kyt\u00f6 apulaisrehtori 040 1879120 Tarja Koivikko apulaisjohtaja (Moision yksikk\u00f6) 5C lk Moisio 040 173 8710 Katja &hellip; <a href=\"https:\/\/blog.edu.turku.fi\/ylimaaria\/yhteystiedot\/\" class=\"more-link\">Jatka lukemista<span class=\"screen-reader-text\"> &#8221;Yhteystiedot&#8221;<\/span><\/a><\/p>\n","protected":false},"author":135,"featured_media":0,"parent":0,"menu_order":0,"comment_status":"closed","ping_status":"closed","template":"","meta":{"footnotes":""},"class_list":["post-17","page","type-page","status-publish","hentry"],"_links":{"self":[{"href":"https:\/\/blog.edu.turku.fi\/ylimaaria\/wp-json\/wp\/v2\/pages\/17","targetHints":{"allow":["GET"]}}],"collection":[{"href":"https:\/\/blog.edu.turku.fi\/ylimaaria\/wp-json\/wp\/v2\/pages"}],"about":[{"href":"https:\/\/blog.edu.turku.fi\/ylimaaria\/wp-json\/wp\/v2\/types\/page"}],"author":[{"embeddable":true,"href":"https:\/\/blog.edu.turku.fi\/ylimaaria\/wp-json\/wp\/v2\/users\/135"}],"replies":[{"embeddable":true,"href":"https:\/\/blog.edu.turku.fi\/ylimaaria\/wp-json\/wp\/v2\/comments?post=17"}],"version-history":[{"count":327,"href":"https:\/\/blog.edu.turku.fi\/ylimaaria\/wp-json\/wp\/v2\/pages\/17\/revisions"}],"predecessor-version":[{"id":2195,"href":"https:\/\/blog.edu.turku.fi\/ylimaaria\/wp-json\/wp\/v2\/pages\/17\/revisions\/2195"}],"wp:attachment":[{"href":"https:\/\/blog.edu.turku.fi\/ylimaaria\/wp-json\/wp\/v2\/media?parent=17"}],"curies":[{"name":"wp","href":"https:\/\/api.w.org\/{rel}","templated":true}]}}