{"id":1257,"date":"2021-04-28T11:49:44","date_gmt":"2021-04-28T08:49:44","guid":{"rendered":"https:\/\/blog.edu.turku.fi\/ylimaaria\/?page_id=1257"},"modified":"2026-03-26T11:43:08","modified_gmt":"2026-03-26T09:43:08","slug":"arviointi","status":"publish","type":"page","link":"https:\/\/blog.edu.turku.fi\/ylimaaria\/opiskelu\/arviointi\/","title":{"rendered":"Arviointi"},"content":{"rendered":"<p><em>Arvioinnilla on kaksi toisiaan tukevaa teht\u00e4v\u00e4\u00e4, perustuen lains\u00e4\u00e4d\u00e4nt\u00f6\u00f6n:<\/em><\/p>\n<p><em>1) Ohjata ja kannustaa oppimista sek\u00e4 kehitt\u00e4\u00e4 oppilaiden itsearvioinnin taitoja (formatiivinen arviointi) (PoL 628\/1998, 22\u00a7)<\/em><\/p>\n<p><em>2) M\u00e4\u00e4ritt\u00e4\u00e4, miss\u00e4 m\u00e4\u00e4rin oppilas on saavuttanut asetetut tavoitteet <\/em><em>(summatiivinen arviointi) (PoA 852\/1998, 10\u00a7)<\/em><\/p>\n<h4>opetussuunnitelma<\/h4>\n<p><a href=\"https:\/\/eperusteet.opintopolku.fi\/#\/fi\/opetussuunnitelma\/22583801\/perusopetus\/tiedot\">Turun perusopetuksen opetussuunnitelma 2021 104\/011\/2014<\/a><\/p>\n<p><a href=\"https:\/\/blog.edu.turku.fi\/ops2016\/files\/2015\/04\/OPS_Yli-Maaria-1.pdf\">Yli-Maarian koulun koulukohtaiset t\u00e4ydennykset opetussuunnitelmaan <\/a><\/p>\n<p><em>(mm.\u00a0 koulun tuntijako, k\u00e4ytt\u00e4ytymisen arviointikriteerit, valinnaisaineet ja niiden arviointi)<\/em><\/p>\n<h4>yli-maarian koulun t\u00e4smennykset arvioinnin periaatteisiin ja k\u00e4yt\u00e4nteisiin<\/h4>\n<p><strong>Oppilasarvioinnin ajankohdat ja arviointitapa<\/strong><\/p>\n<p><b><span data-contrast=\"none\">1. ja 3. luokilla <\/span><\/b><span data-contrast=\"none\">k\u00e4yd\u00e4\u00e4n dokumentoitu arviointikeskustelu, jolla korvataan v\u00e4litodistus. Arviointikeskustelut k\u00e4yd\u00e4\u00e4n marras-helmikuun v\u00e4lisen aikana. Lukuvuositodistus annetaan lukuvuoden viimeisen\u00e4 koulup\u00e4iv\u00e4n\u00e4.<\/span><\/p>\n<p><b><span data-contrast=\"none\">2. luokalla<\/span><\/b><span data-contrast=\"none\"> k\u00e4yd\u00e4\u00e4n dokumentoitu arviointikeskustelu opettajan, oppilaan ja huoltajan kesken\u00a0<\/span><span data-contrast=\"none\">tammi-helmikuun v\u00e4lisen\u00e4 aikana. Se korvaa kirjallisen v\u00e4litodistuksen. Arviointikeskustelun yhteydess\u00e4 k\u00e4yd\u00e4\u00e4n 2. luokan nivelvaihekeskustelu. Lukuvuositodistus annetaan lukuvuoden viimeisen\u00e4 koulup\u00e4iv\u00e4n\u00e4.<\/span><\/p>\n<p><b><span data-contrast=\"none\">4. &#8211; 9. luokilla<\/span><\/b><span data-contrast=\"none\"> annetaan numeerinen v\u00e4litodistus syyslukukauden viimeisen\u00e4 koulup\u00e4iv\u00e4n\u00e4 ja lukuvuositodistus (p\u00e4\u00e4tt\u00f6todistus 9.lk.) lukuvuoden viimeisen\u00e4 koulup\u00e4iv\u00e4n\u00e4.<\/span><\/p>\n<p><span data-contrast=\"none\">Luokanopettaja k\u00e4y <\/span><b><span data-contrast=\"none\">6. luokan<\/span><\/b><span data-contrast=\"none\"> aikana arviointi- ja kehityskeskustelun yhdess\u00e4 oppilaan ja huoltajan kanssa (siirtym\u00e4vaihekeskustelu) huhti-toukokuun aikana.<\/span><span data-ccp-props=\"{&quot;134233117&quot;:false,&quot;134233118&quot;:false,&quot;335551550&quot;:0,&quot;335551620&quot;:0,&quot;335557856&quot;:16777215,&quot;335559738&quot;:0,&quot;335559739&quot;:225}\">\u00a0<\/span><\/p>\n<p><b><span data-contrast=\"none\">P\u00e4\u00e4tt\u00f6todistus<\/span><\/b><span data-contrast=\"none\"> annetaan perusopetuksen p\u00e4\u00e4ttyess\u00e4 oppilaalle, joka on saavuttanut perusopetuksen koko oppim\u00e4\u00e4r\u00e4n tavoitteet v\u00e4hint\u00e4\u00e4n arvosanan 5 edellytt\u00e4m\u00e4n osaamisen mukaisesti. P\u00e4\u00e4tt\u00f6arviointi tehd\u00e4\u00e4n vuosiluokkien 7\u20139 aikana osoitetun osaamisen perusteella suhteessa oppiaineen oppim\u00e4\u00e4r\u00e4n tavoitteisiin k\u00e4ytt\u00e4en perusopetuksen opetussuunnitelman perusteissa m\u00e4\u00e4riteltyj\u00e4 p\u00e4\u00e4tt\u00f6arvioinnin kriteereit\u00e4.<\/span><span data-ccp-props=\"{&quot;134233117&quot;:false,&quot;134233118&quot;:false,&quot;335551550&quot;:0,&quot;335551620&quot;:0,&quot;335557856&quot;:16777215,&quot;335559738&quot;:0,&quot;335559739&quot;:225}\">\u00a0<\/span><\/p>\n<p><strong>Tukiopetus ja opinnoissa eteneminen<\/strong><\/p>\n<p><span class=\"TextRun Highlight SCXW53153118 BCX0\" lang=\"FI-FI\" xml:lang=\"FI-FI\" data-contrast=\"none\"><span class=\"NormalTextRun SCXW53153118 BCX0\">Mik\u00e4li oppilas on j\u00e4\u00e4nyt tai on vaarassa j\u00e4\u00e4d\u00e4 j\u00e4lkeen opinnoissaan, h\u00e4nelle tarjotaan tukiopetusta, osa-aikaista erityisopetusta ja\/tai ohjausta opintoihinsa.<\/span><\/span> <span class=\"TextRun Highlight SCXW53153118 BCX0\" lang=\"FI-FI\" xml:lang=\"FI-FI\" data-contrast=\"auto\"><span class=\"NormalTextRun SCXW53153118 BCX0\">Jotta saavutetaan mahdollisimman hyvi\u00e4 tavoitteita, on hyv\u00e4 muistaa, ett\u00e4 oppilas on velvoitettu ottamaan vastaan tukiopetusta, jos sit\u00e4 h\u00e4nelle tarjotaan heikon koulumenestyksen takia. Tukiopetusta kannattaa my\u00f6s oppilaan kysy\u00e4 heti, kun h\u00e4n huomaa sit\u00e4 tarvitsevansa.<\/span><\/span><span class=\"EOP SCXW53153118 BCX0\" data-ccp-props=\"{&quot;134233117&quot;:false,&quot;134233118&quot;:false,&quot;134245418&quot;:false,&quot;134245529&quot;:false,&quot;201341983&quot;:0,&quot;335557856&quot;:16777215,&quot;335559738&quot;:0,&quot;335559739&quot;:225,&quot;335559740&quot;:360}\">\u00a0<\/span><\/p>\n<p><strong>R\u00e4stikokeet\u00a0<\/strong><\/p>\n<p><span class=\"TextRun Highlight SCXW44508524 BCX0\" lang=\"FI-FI\" xml:lang=\"FI-FI\" data-contrast=\"auto\"><span class=\"NormalTextRun SCXW44508524 BCX0\">R\u00e4stikoetilaisuudet<\/span> <\/span><span class=\"TextRun Highlight SCXW44508524 BCX0\" lang=\"FI-FI\" xml:lang=\"FI-FI\" data-contrast=\"auto\"><span class=\"NormalTextRun SCXW44508524 BCX0\">j\u00e4rjestet\u00e4\u00e4n <\/span><span class=\"NormalTextRun SCXW44508524 BCX0\">viikoittain<\/span><span class=\"NormalTextRun SCXW44508524 BCX0\">. Opettaja tiedottaa tilaisuuden ajankohdan ja paikan oppilaalle ja huoltajalle<\/span><span class=\"NormalTextRun SCXW44508524 BCX0\"> oppiaineen <\/span><span class=\"NormalTextRun SCXW44508524 BCX0\">koetunnin tuntimerkinn\u00e4ss\u00e4<\/span><span class=\"NormalTextRun SCXW44508524 BCX0\"> ja j\u00e4tt\u00e4\u00e4 kokeen kansioon. <\/span><span class=\"NormalTextRun SCXW44508524 BCX0\">Jos oppilas ei saavu tilaisuuteen ilman p\u00e4tev\u00e4\u00e4 syyt\u00e4, suoritus on hyl\u00e4tty.\u00a0 <\/span><\/span><span class=\"TextRun Highlight SCXW44508524 BCX0\" lang=\"FI-FI\" xml:lang=\"FI-FI\" data-contrast=\"none\"><span class=\"NormalTextRun SCXW44508524 BCX0\">Yksitt\u00e4isist\u00e4 kokeen erityisj\u00e4rjestelyist\u00e4 sovitaan opettajan ja erityisopettajan kanssa. <\/span><span class=\"NormalTextRun SCXW44508524 BCX0\">Hyv\u00e4ksyttyj\u00e4 koesuorituksia ei uusita.<\/span><\/span><span class=\"EOP SCXW44508524 BCX0\" data-ccp-props=\"{&quot;134233117&quot;:false,&quot;134233118&quot;:false,&quot;134245418&quot;:false,&quot;134245529&quot;:false,&quot;201341983&quot;:0,&quot;335559738&quot;:0,&quot;335559739&quot;:160,&quot;335559740&quot;:360}\">\u00a0<\/span><\/p>\n<p><strong>Vilpillinen menettely<\/strong><\/p>\n<p>Vilpillinen menettely kokeessa tai\u00a0muussa arvioitavassa ty\u00f6ss\u00e4 aiheuttaa hyl\u00e4tyn arvosanan. Koetta ei voi uusia, ja hyl\u00e4tyn arvosanan vaikutus lukuvuosi- ja p\u00e4\u00e4tt\u00f6arviointiin on samanlainen, kuin muidenkin kokeiden.<\/p>\n<p><strong>Nelosvaroitus<\/strong><\/p>\n<ul>\n<li data-leveltext=\"\u00d8\" data-font=\"Wingdings\" data-listid=\"6\" data-list-defn-props=\"{&quot;335552541&quot;:1,&quot;335559685&quot;:720,&quot;335559991&quot;:360,&quot;469769226&quot;:&quot;Wingdings&quot;,&quot;469769242&quot;:[8226],&quot;469777803&quot;:&quot;left&quot;,&quot;469777804&quot;:&quot;\u00d8&quot;,&quot;469777815&quot;:&quot;hybridMultilevel&quot;}\" data-aria-posinset=\"1\" data-aria-level=\"1\"><span data-contrast=\"auto\">syyslukukausi: v\u00e4litodistus toimii nelosvaroituksena, paitsi niiss\u00e4 aineissa, jotka p\u00e4\u00e4ttyv\u00e4t jo syksyll\u00e4. N\u00e4iden aineiden osalta annetaan nelosvaroitus tiedoksi viikolla 44 wilmaviestin\u00e4 oppilaalle, huoltajalle ja pedagogiselle tiimille.<\/span><\/li>\n<\/ul>\n<ul>\n<li data-leveltext=\"\u00d8\" data-font=\"Wingdings\" data-listid=\"6\" data-list-defn-props=\"{&quot;335552541&quot;:1,&quot;335559685&quot;:720,&quot;335559991&quot;:360,&quot;469769226&quot;:&quot;Wingdings&quot;,&quot;469769242&quot;:[8226],&quot;469777803&quot;:&quot;left&quot;,&quot;469777804&quot;:&quot;\u00d8&quot;,&quot;469777815&quot;:&quot;hybridMultilevel&quot;}\" data-aria-posinset=\"2\" data-aria-level=\"1\"><span data-contrast=\"auto\">kev\u00e4tlukukausi: viikolla 13 wilmaviesti nelosvaroituksesta oppilaalle, huoltajalle ja pedagogiselle tiimille.<\/span><\/li>\n<\/ul>\n<p><span data-contrast=\"none\">Mik\u00e4li oppilaan koko vuosiluokan suoritus jossakin oppiaineessa on vaarassa tulla hyl\u00e4tyksi, keskustellaan asiasta hyviss\u00e4 ajoin oppilaan ja huoltajan kanssa ja sovitaan toimenpiteist\u00e4 oppimisen tukemiseksi.<\/span><span data-ccp-props=\"{&quot;134233117&quot;:false,&quot;134233118&quot;:false,&quot;134245418&quot;:false,&quot;134245529&quot;:false,&quot;201341983&quot;:0,&quot;335559738&quot;:0,&quot;335559739&quot;:160,&quot;335559740&quot;:360}\">\u00a0<\/span><\/p>\n<p><strong>Arvosanojen korottaminen<\/strong><\/p>\n<p><span data-contrast=\"none\">Voimassa olevassa opetussuunnitelmassa ei ole kirjausta p\u00e4\u00e4tt\u00f6arvosanojen korottamisesta. N\u00e4in ollen sellaista ei voi tehd\u00e4 kuntatasollakaan.<\/span><span data-ccp-props=\"{&quot;134233117&quot;:false,&quot;134233118&quot;:false,&quot;335551550&quot;:0,&quot;335551620&quot;:0,&quot;335557856&quot;:16777215,&quot;335559738&quot;:0,&quot;335559739&quot;:225}\">\u00a0<\/span><\/p>\n<h4>ainekohtaiset ja luokka-astekohtaiset osiot; mit\u00e4, miksi ja milloin arvioidaan eri luokka-asteilla<\/h4>\n<h5><strong>Luokka-astekohtaiset (1-6 lk.)<\/strong><\/h5>\n<p><a href=\"https:\/\/www.oph.fi\/fi\/koulutus-ja-tutkinnot\/6-vuosiluokan-lukuvuosiarviointi\"><strong>Perusopetuksen 6. vuosiluokan arvosanakriteerit<\/strong><\/a><\/p>\n<p><a href=\"https:\/\/edumailturku-my.sharepoint.com\/:f:\/g\/personal\/marianne_ulfstedt_edu_turku_fi\/eyma\/IgBZ6NqrVhSOR4N-F--MR6PMAXoo5pglV4-GTP8yLucYsco?e=YaVZc8\">luokka-aste 1-2<\/a><\/p>\n<p><a href=\"https:\/\/edumailturku-my.sharepoint.com\/:f:\/g\/personal\/marianne_ulfstedt_edu_turku_fi\/eyma\/IgArsYvJRP3ZRqUx-apDMJCzAViOEH3JfVCagOvyxaZ_0eg?e=8tHmcI\">luokka-aste 3-4<\/a><\/p>\n<p><a href=\"https:\/\/edumailturku-my.sharepoint.com\/:f:\/g\/personal\/marianne_ulfstedt_edu_turku_fi\/eyma\/IgBXgt4LktwsSokDPoWsfYICATtlZVN8U_UtjIUadS96TFA?e=K9vT7z\">luokka-aste 5-6<\/a><\/p>\n<p>&nbsp;<\/p>\n<h5><strong>Ainekohtaiset (7-9 lk.)\u00a0<\/strong><\/h5>\n<p><strong><a href=\"https:\/\/www.oph.fi\/sites\/default\/files\/documents\/Perusopetuksen%20p%C3%A4%C3%A4tt%C3%B6arvioinnin%20kriteerit%2031.12.2020.pdf\">Perusopetuksen p\u00e4\u00e4tt\u00f6arvioinnin kriteerit 31.12.2020.pdf (oph.fi)<\/a><\/strong><\/p>\n<p><a href=\"https:\/\/edumailturku-my.sharepoint.com\/:f:\/g\/personal\/marianne_ulfstedt_edu_turku_fi\/eyma\/IgCcgzW_BRmbTak_IzA624VnAdQ3TeOX8O3541oOMI0KE90?e=uRDWsn\">Biologia ja maantieto<\/a><\/p>\n<p><a href=\"https:\/\/edumailturku-my.sharepoint.com\/:f:\/g\/personal\/marianne_ulfstedt_edu_turku_fi\/eyma\/IgARDtEVhty6T48yIim5t2rRASBkRchXtMrnl5mzVnQ1pOY?e=hMh8Jd\">Englanti<\/a><\/p>\n<p><a href=\"https:\/\/edumailturku-my.sharepoint.com\/:f:\/g\/personal\/marianne_ulfstedt_edu_turku_fi\/eyma\/IgCj8uGFSNJqT6n_ri70HQniAa8Nkc_f3wyJB-qH-wHOExI?e=zI3kBh\">Fysiikka ja kemia<\/a><\/p>\n<p><a href=\"https:\/\/edumailturku-my.sharepoint.com\/:f:\/g\/personal\/marianne_ulfstedt_edu_turku_fi\/eyma\/IgBzZvu20bdQQI5k7m0XomfoAVoQoXTSz7V8-mYK0nAT3Nw?e=teSSIQ\">Historia<\/a><\/p>\n<p><a href=\"https:\/\/edumailturku-my.sharepoint.com\/:f:\/g\/personal\/marianne_ulfstedt_edu_turku_fi\/eyma\/IgBzZvu20bdQQI5k7m0XomfoAVoQoXTSz7V8-mYK0nAT3Nw?e=teSSIQ\">Yhteiskuntaoppi<\/a><\/p>\n<p><a href=\"https:\/\/edumailturku-my.sharepoint.com\/:f:\/g\/personal\/marianne_ulfstedt_edu_turku_fi\/eyma\/IgD0URdmWnr5TIDi-xGxSoWXAdpRgXe49-XyIS1EIeNT0mg?e=LmlwUd\">Kotitalous<\/a><\/p>\n<p><a href=\"https:\/\/edumailturku-my.sharepoint.com\/:f:\/g\/personal\/marianne_ulfstedt_edu_turku_fi\/eyma\/IgBbMZY3AxEQSZj_mHERw7pmAfOdoEcsOv57cSL9k-D5o0Y?e=qwz3gm\">Kuvataide<\/a><\/p>\n<p><a href=\"https:\/\/edumailturku-my.sharepoint.com\/:f:\/g\/personal\/marianne_ulfstedt_edu_turku_fi\/eyma\/IgAdxSKqMBQOSZFlebkXcaf6AczDaxSav5JftOXVN7DXflU?e=byg0kb\">K\u00e4sity\u00f6<\/a><\/p>\n<p><a href=\"https:\/\/edumailturku-my.sharepoint.com\/:f:\/g\/personal\/marianne_ulfstedt_edu_turku_fi\/eyma\/IgCo5F6vE0ssR4In645rJBNvAb7SUeRsT4pbRQP0BVZ3YPw?e=rRk1HF\">Liikunta<\/a><\/p>\n<p><a href=\"https:\/\/edumailturku-my.sharepoint.com\/:f:\/g\/personal\/marianne_ulfstedt_edu_turku_fi\/eyma\/IgDPsmipCFGgRo7bE3rCjHDWAf7KiTeDMcLRg7gRHP7gPuk?e=UfFCXz\">Matematiikka<\/a><\/p>\n<p><a href=\"https:\/\/edumailturku-my.sharepoint.com\/:f:\/g\/personal\/marianne_ulfstedt_edu_turku_fi\/eyma\/IgCl9g2Qv7uzTIiAkop_FXbVAQOmcVMg8y7TJzf2ibugm9g?e=LsZXfj\">Musiikki<\/a><\/p>\n<p><a href=\"https:\/\/edumailturku-my.sharepoint.com\/:f:\/g\/personal\/marianne_ulfstedt_edu_turku_fi\/eyma\/IgCv7NfG8hYOTb6-EdWPF5zXAbi-apO9KSHAOotaJtn4hGI?e=GACMDZ\">Oppilaanohjaus<\/a><\/p>\n<p><a href=\"https:\/\/edumailturku-my.sharepoint.com\/:f:\/g\/personal\/marianne_ulfstedt_edu_turku_fi\/eyma\/IgDJk2p4BcD6RJ2dV223S34CAYj-UW6NdwXH9bNZZsBCn7I?e=Yf03WZ\">Ranska B2<\/a><\/p>\n<p><a href=\"https:\/\/edumailturku-my.sharepoint.com\/:f:\/g\/personal\/marianne_ulfstedt_edu_turku_fi\/eyma\/IgBI32dq47D4Q4ggrGiDqeH7AUxw3LUITxzRgb7_CaC55pY?e=umdQ5n\">Ruotsi B1 ja A2<\/a><\/p>\n<p><a href=\"https:\/\/edumailturku-my.sharepoint.com\/:f:\/g\/personal\/marianne_ulfstedt_edu_turku_fi\/eyma\/IgAas8iy1Qg0SLJcT_Yc3X_YAQ0urOL7PvtNDWw2GXruy5E?e=k6uypH\">Saksa B2<\/a><\/p>\n<p><a href=\"https:\/\/edumailturku-my.sharepoint.com\/:f:\/g\/personal\/marianne_ulfstedt_edu_turku_fi\/eyma\/IgDRS4WsuyvXSZ539vUiAyAqASwxsO_bapaW7PdFnOvQ2mQ?e=1kK3Bi\">Terveystieto<\/a><\/p>\n<p><a href=\"https:\/\/edumailturku-my.sharepoint.com\/:f:\/g\/personal\/marianne_ulfstedt_edu_turku_fi\/eyma\/IgDRv9thIQCfRJEGff29AmSgAT-4StcW9yazCwjIuFqqPOI?e=cC9mPF\">Uskonto, el\u00e4m\u00e4nkatsomustieto<\/a><\/p>\n<p><a href=\"https:\/\/edumailturku-my.sharepoint.com\/:f:\/g\/personal\/marianne_ulfstedt_edu_turku_fi\/eyma\/IgA1xQj3l-VwQaDvGulPMXU4AQnARkIegbomKHLBQjxDD4k?e=h8eaMC\">Suomenkieli ja kirjallisuus<\/a><\/p>\n<p><a href=\"https:\/\/edumailturku-my.sharepoint.com\/:w:\/g\/personal\/marianne_ulfstedt_edu_turku_fi\/eyma\/IQCt5aPipMiJT6InyzxpTGOCAYZaNTHG_rnIRT2pJMXo_FQ?e=oYYHfO\">Suomenkieli ja kirjallisuus\u00a0 STK 7.-9. lk<\/a><\/p>\n<p>&nbsp;<\/p>\n<p>&nbsp;<\/p>\n<p><strong>Valinnaisaineet:<\/strong><\/p>\n<p>Valinnaisaineiden kuvauksista ja arviointiperiaatteista on kerrottu tarkemmin valinnaisaineoppaassa koulun kotisivuilla, johon p\u00e4\u00e4see oheisella linkill\u00e4 <a href=\"https:\/\/blog.edu.turku.fi\/ylimaaria\/opiskelu\/valinnaisaineet\/\">Valinnaisaineet \u2013 Yli-Maarian koulu (turku.fi)<\/a><\/p>\n<p><strong><span class=\"TextRun SCXW20786538 BCX8\" lang=\"FI-FI\" xml:lang=\"FI-FI\" data-contrast=\"none\"><span class=\"NormalTextRun SCXW20786538 BCX8\">Arviointitavoista ja -kriteereist\u00e4 lis\u00e4\u00e4 Lukuvuosisuunnitelmassa (Wilmassa) kohdassa &#8221;<\/span><\/span><\/strong><span class=\"TextRun SCXW20786538 BCX8\" lang=\"FI-FI\" xml:lang=\"FI-FI\" data-contrast=\"none\"><span class=\"NormalTextRun SCXW20786538 BCX8\"><em>Koulun omassa opetussuunnitelmassa p\u00e4\u00e4tetyt lukuvuosisuunnitelmassa kuvattavat asiat&#8221;.<\/em><\/span><\/span><span class=\"EOP SCXW20786538 BCX8\" data-ccp-props=\"{&quot;134233117&quot;:false,&quot;134233118&quot;:false,&quot;335551550&quot;:0,&quot;335551620&quot;:0,&quot;335557856&quot;:16777215,&quot;335559738&quot;:0,&quot;335559739&quot;:225}\">\u00a0<\/span><\/p>\n<p>&nbsp;<\/p>\n<p>&nbsp;<\/p>\n","protected":false},"excerpt":{"rendered":"<p>Arvioinnilla on kaksi toisiaan tukevaa teht\u00e4v\u00e4\u00e4, perustuen lains\u00e4\u00e4d\u00e4nt\u00f6\u00f6n: 1) Ohjata ja kannustaa oppimista sek\u00e4 kehitt\u00e4\u00e4 oppilaiden itsearvioinnin taitoja (formatiivinen arviointi) (PoL 628\/1998, 22\u00a7) 2) M\u00e4\u00e4ritt\u00e4\u00e4, miss\u00e4 m\u00e4\u00e4rin oppilas on saavuttanut asetetut tavoitteet (summatiivinen arviointi) (PoA 852\/1998, 10\u00a7) opetussuunnitelma Turun perusopetuksen opetussuunnitelma 2021 104\/011\/2014 Yli-Maarian koulun koulukohtaiset t\u00e4ydennykset opetussuunnitelmaan (mm.\u00a0 koulun tuntijako, k\u00e4ytt\u00e4ytymisen arviointikriteerit, valinnaisaineet ja &hellip; <a href=\"https:\/\/blog.edu.turku.fi\/ylimaaria\/opiskelu\/arviointi\/\" class=\"more-link\">Jatka lukemista<span class=\"screen-reader-text\"> &#8221;Arviointi&#8221;<\/span><\/a><\/p>\n","protected":false},"author":665,"featured_media":0,"parent":779,"menu_order":2,"comment_status":"closed","ping_status":"closed","template":"","meta":{"footnotes":""},"class_list":["post-1257","page","type-page","status-publish","hentry"],"_links":{"self":[{"href":"https:\/\/blog.edu.turku.fi\/ylimaaria\/wp-json\/wp\/v2\/pages\/1257","targetHints":{"allow":["GET"]}}],"collection":[{"href":"https:\/\/blog.edu.turku.fi\/ylimaaria\/wp-json\/wp\/v2\/pages"}],"about":[{"href":"https:\/\/blog.edu.turku.fi\/ylimaaria\/wp-json\/wp\/v2\/types\/page"}],"author":[{"embeddable":true,"href":"https:\/\/blog.edu.turku.fi\/ylimaaria\/wp-json\/wp\/v2\/users\/665"}],"replies":[{"embeddable":true,"href":"https:\/\/blog.edu.turku.fi\/ylimaaria\/wp-json\/wp\/v2\/comments?post=1257"}],"version-history":[{"count":72,"href":"https:\/\/blog.edu.turku.fi\/ylimaaria\/wp-json\/wp\/v2\/pages\/1257\/revisions"}],"predecessor-version":[{"id":2198,"href":"https:\/\/blog.edu.turku.fi\/ylimaaria\/wp-json\/wp\/v2\/pages\/1257\/revisions\/2198"}],"up":[{"embeddable":true,"href":"https:\/\/blog.edu.turku.fi\/ylimaaria\/wp-json\/wp\/v2\/pages\/779"}],"wp:attachment":[{"href":"https:\/\/blog.edu.turku.fi\/ylimaaria\/wp-json\/wp\/v2\/media?parent=1257"}],"curies":[{"name":"wp","href":"https:\/\/api.w.org\/{rel}","templated":true}]}}