{"id":1155,"date":"2020-11-12T15:19:16","date_gmt":"2020-11-12T13:19:16","guid":{"rendered":"https:\/\/blog.edu.turku.fi\/ylimaaria\/?page_id=1155"},"modified":"2025-08-12T08:41:21","modified_gmt":"2025-08-12T05:41:21","slug":"linkit-ja-vinkit","status":"publish","type":"page","link":"https:\/\/blog.edu.turku.fi\/ylimaaria\/huoltajille\/linkit-ja-vinkit\/","title":{"rendered":"Linkit ja vinkit"},"content":{"rendered":"<h4><\/h4>\n<p><strong>AJANKOHTAISET KOULUKUULUMISET SOMESSA<\/strong><\/p>\n<p><strong>Koulun omat fb-sivut<\/strong><br \/>\nKoulumme ajankohtaisia kuulumisia voit k\u00e4yd\u00e4 lukemassa Yli-Maarian koulun facebook -sivuilta<br \/>\nhttps:\/\/fi-fi.facebook.com\/ylimaariankoulu.<\/p>\n<p><strong>Instagram<\/strong><br \/>\nYli-Maarian koulun tunnelmapaloja on koottu kuvina my\u00f6s koulun Instagramiin osoitteeseen ylimaariankoulu.<\/p>\n<p><strong>Turun sivistystoimen fb-sivut<\/strong><br \/>\nTurun sivistystoimen facebook -sivuilla osoitteessa<br \/>\nhttps:\/\/fi-fi.facebook.com\/turkusivistys<br \/>\non aloitettu uusi Kuukauden koulu \u2013juttusarja, jossa nostetaan esille kaikkia niit\u00e4 hyvi\u00e4 toimintatapoja ja mielenkiintoisia ihmisi\u00e4, joita turkulaiskouluista l\u00f6ytyy. Ensimm\u00e4iseksi kuukauden kouluksi valittiin Yli-Maarian koulu. Sen my\u00f6t\u00e4 seuraavien viikkojen aikana Turun kaupungin kasvatuksen ja opetuksen viestint\u00e4kanavissa kerrotaan Yli-Maarian koulun toiminnasta ja siell\u00e4 ty\u00f6skentelevist\u00e4 ihmisist\u00e4.<\/p>\n<h4>linkkej\u00e4<\/h4>\n<p><a href=\"https:\/\/help.inschool.fi\/PK\/fi\/Etusivu.htm\" target=\"_blank\" rel=\"noopener noreferrer\">Ohjeet Wilman k\u00e4ytt\u00f6\u00f6n<\/a><\/p>\n<p><a href=\"http:\/\/www.turku.fi\/paivahoito-ja-koulutus\/perusopetus\/oppilaan-tuki\/koulutapaturmat-ja-niiden-korvaaminen\">Koulutapaturmat ja niiden korvaaminen<\/a><\/p>\n<p><a href=\"http:\/\/www.turku.fi\/sosiaali-ja-terveyspalvelut\/terveyspalvelut\/koulu-ja-opiskeluterveydenhuolto\/kouluterveydenhuolto\">Kouluterveydenhuolto<\/a><\/p>\n<p><a href=\"http:\/\/www.turku.fi\/sosiaali-ja-terveyspalvelut\/terveyspalvelut\/koulu-ja-opiskeluterveydenhuolto\/kouluterveydenhuolto-3\">Oppilashuolto<\/a><\/p>\n<p><a href=\"https:\/\/blog.edu.turku.fi\/oppimisen-tuki\/fi\/\" target=\"_blank\" rel=\"noopener\">Oppimisen tuen palvelusivusto<\/a><\/p>\n<p><a href=\"http:\/\/www.turku.fi\/paivahoito-ja-koulutus\/perusopetus\/oppimisen-ja-koulunkaynnin-tuki\">Oppimisen ja koulunk\u00e4ynnin tuki (YTE)<\/a><\/p>\n<p>Koulupoissaoloihin puuttumisen malli:<\/p>\n<p>https:\/\/www.turku.fi\/paivahoito-ja-koulutus\/perusopetus\/oppimisen-ja-koulunkaynnin-tuki\/koulupoissaoloihin-puuttuminen-ja<\/p>\n<p>&nbsp;<\/p>\n<p>Esinevahingot ja niiden korvaaminen:<\/p>\n<p><a href=\"https:\/\/www.turku.fi\/paivahoito-ja-koulutus\/perusopetus\/oppilaan-tuki\/esinevahingot-ja-niiden-korvaaminen\" data-auth=\"NotApplicable\">https:\/\/www.turku.fi\/paivahoito-ja-koulutus\/perusopetus\/oppilaan-tuki\/esinevahingot-ja-niiden-korvaaminen<\/a><\/p>\n<p>&nbsp;<\/p>\n<p>&nbsp;<\/p>\n","protected":false},"excerpt":{"rendered":"<p>AJANKOHTAISET KOULUKUULUMISET SOMESSA Koulun omat fb-sivut Koulumme ajankohtaisia kuulumisia voit k\u00e4yd\u00e4 lukemassa Yli-Maarian koulun facebook -sivuilta https:\/\/fi-fi.facebook.com\/ylimaariankoulu. Instagram Yli-Maarian koulun tunnelmapaloja on koottu kuvina my\u00f6s koulun Instagramiin osoitteeseen ylimaariankoulu. Turun sivistystoimen fb-sivut Turun sivistystoimen facebook -sivuilla osoitteessa https:\/\/fi-fi.facebook.com\/turkusivistys on aloitettu uusi Kuukauden koulu \u2013juttusarja, jossa nostetaan esille kaikkia niit\u00e4 hyvi\u00e4 toimintatapoja ja mielenkiintoisia ihmisi\u00e4, joita &hellip; <a href=\"https:\/\/blog.edu.turku.fi\/ylimaaria\/huoltajille\/linkit-ja-vinkit\/\" class=\"more-link\">Jatka lukemista<span class=\"screen-reader-text\"> &#8221;Linkit ja vinkit&#8221;<\/span><\/a><\/p>\n","protected":false},"author":665,"featured_media":0,"parent":20,"menu_order":1,"comment_status":"closed","ping_status":"closed","template":"","meta":{"footnotes":""},"class_list":["post-1155","page","type-page","status-publish","hentry"],"_links":{"self":[{"href":"https:\/\/blog.edu.turku.fi\/ylimaaria\/wp-json\/wp\/v2\/pages\/1155","targetHints":{"allow":["GET"]}}],"collection":[{"href":"https:\/\/blog.edu.turku.fi\/ylimaaria\/wp-json\/wp\/v2\/pages"}],"about":[{"href":"https:\/\/blog.edu.turku.fi\/ylimaaria\/wp-json\/wp\/v2\/types\/page"}],"author":[{"embeddable":true,"href":"https:\/\/blog.edu.turku.fi\/ylimaaria\/wp-json\/wp\/v2\/users\/665"}],"replies":[{"embeddable":true,"href":"https:\/\/blog.edu.turku.fi\/ylimaaria\/wp-json\/wp\/v2\/comments?post=1155"}],"version-history":[{"count":16,"href":"https:\/\/blog.edu.turku.fi\/ylimaaria\/wp-json\/wp\/v2\/pages\/1155\/revisions"}],"predecessor-version":[{"id":2132,"href":"https:\/\/blog.edu.turku.fi\/ylimaaria\/wp-json\/wp\/v2\/pages\/1155\/revisions\/2132"}],"up":[{"embeddable":true,"href":"https:\/\/blog.edu.turku.fi\/ylimaaria\/wp-json\/wp\/v2\/pages\/20"}],"wp:attachment":[{"href":"https:\/\/blog.edu.turku.fi\/ylimaaria\/wp-json\/wp\/v2\/media?parent=1155"}],"curies":[{"name":"wp","href":"https:\/\/api.w.org\/{rel}","templated":true}]}}