{"id":1148,"date":"2020-11-12T14:01:15","date_gmt":"2020-11-12T12:01:15","guid":{"rendered":"https:\/\/blog.edu.turku.fi\/ylimaaria\/?page_id=1148"},"modified":"2025-06-24T13:03:35","modified_gmt":"2025-06-24T10:03:35","slug":"luokkatunti-lutu","status":"publish","type":"page","link":"https:\/\/blog.edu.turku.fi\/ylimaaria\/opiskelu\/luokkatunti-lutu\/","title":{"rendered":"Luokkatunti (LuTu)"},"content":{"rendered":"<p><strong>Luokkatunti eli LUTU<\/strong><\/p>\n<p>Jokaisen oppilaan osallisuus rakentuu arjen kouluty\u00f6n lis\u00e4ksi luokkatuntien ja oppilaskuntatoiminnan ymp\u00e4rille.<\/p>\n<p>Turun perusopetuksessa ns. luokkatunneilla (lutu) oppilaalla on mahdollisuus ottaa kantaa ja vaikuttaa heit\u00e4 koskeviin asioihin. Jokainen oppilas tulee kuulluksi ja saa vaikuttamisen mahdollisuuden omassa perusopetusryhm\u00e4ss\u00e4\u00e4n. Luokkatunteja j\u00e4rjestet\u00e4\u00e4n p\u00e4\u00e4s\u00e4\u00e4nt\u00f6isesti kuukausittain. Luokanopettaja ja luokanohjaaja vastaavat luokkatuntien j\u00e4rjest\u00e4misest\u00e4 yhdess\u00e4 oppilaiden kanssa.<\/p>\n<p>Yli-Maarian koulussa OPS:n mukainen yksi lutu-tunti kuukaudessa toteutetaan koko koulussa ennalta laaditun aikataulun mukaisesti.<\/p>\n<p>&nbsp;<\/p>\n<p>&nbsp;<\/p>\n","protected":false},"excerpt":{"rendered":"<p>Luokkatunti eli LUTU Jokaisen oppilaan osallisuus rakentuu arjen kouluty\u00f6n lis\u00e4ksi luokkatuntien ja oppilaskuntatoiminnan ymp\u00e4rille. Turun perusopetuksessa ns. luokkatunneilla (lutu) oppilaalla on mahdollisuus ottaa kantaa ja vaikuttaa heit\u00e4 koskeviin asioihin. Jokainen oppilas tulee kuulluksi ja saa vaikuttamisen mahdollisuuden omassa perusopetusryhm\u00e4ss\u00e4\u00e4n. Luokkatunteja j\u00e4rjestet\u00e4\u00e4n p\u00e4\u00e4s\u00e4\u00e4nt\u00f6isesti kuukausittain. Luokanopettaja ja luokanohjaaja vastaavat luokkatuntien j\u00e4rjest\u00e4misest\u00e4 yhdess\u00e4 oppilaiden kanssa. Yli-Maarian koulussa OPS:n &hellip; <a href=\"https:\/\/blog.edu.turku.fi\/ylimaaria\/opiskelu\/luokkatunti-lutu\/\" class=\"more-link\">Jatka lukemista<span class=\"screen-reader-text\"> &#8221;Luokkatunti (LuTu)&#8221;<\/span><\/a><\/p>\n","protected":false},"author":665,"featured_media":0,"parent":779,"menu_order":5,"comment_status":"closed","ping_status":"closed","template":"","meta":{"footnotes":""},"class_list":["post-1148","page","type-page","status-publish","hentry"],"_links":{"self":[{"href":"https:\/\/blog.edu.turku.fi\/ylimaaria\/wp-json\/wp\/v2\/pages\/1148","targetHints":{"allow":["GET"]}}],"collection":[{"href":"https:\/\/blog.edu.turku.fi\/ylimaaria\/wp-json\/wp\/v2\/pages"}],"about":[{"href":"https:\/\/blog.edu.turku.fi\/ylimaaria\/wp-json\/wp\/v2\/types\/page"}],"author":[{"embeddable":true,"href":"https:\/\/blog.edu.turku.fi\/ylimaaria\/wp-json\/wp\/v2\/users\/665"}],"replies":[{"embeddable":true,"href":"https:\/\/blog.edu.turku.fi\/ylimaaria\/wp-json\/wp\/v2\/comments?post=1148"}],"version-history":[{"count":3,"href":"https:\/\/blog.edu.turku.fi\/ylimaaria\/wp-json\/wp\/v2\/pages\/1148\/revisions"}],"predecessor-version":[{"id":2116,"href":"https:\/\/blog.edu.turku.fi\/ylimaaria\/wp-json\/wp\/v2\/pages\/1148\/revisions\/2116"}],"up":[{"embeddable":true,"href":"https:\/\/blog.edu.turku.fi\/ylimaaria\/wp-json\/wp\/v2\/pages\/779"}],"wp:attachment":[{"href":"https:\/\/blog.edu.turku.fi\/ylimaaria\/wp-json\/wp\/v2\/media?parent=1148"}],"curies":[{"name":"wp","href":"https:\/\/api.w.org\/{rel}","templated":true}]}}