{"id":1143,"date":"2020-11-11T13:32:58","date_gmt":"2020-11-11T11:32:58","guid":{"rendered":"https:\/\/blog.edu.turku.fi\/ylimaaria\/?page_id=1143"},"modified":"2025-08-28T14:35:38","modified_gmt":"2025-08-28T11:35:38","slug":"kiva-koulu","status":"publish","type":"page","link":"https:\/\/blog.edu.turku.fi\/ylimaaria\/opetus\/kiva-koulu\/","title":{"rendered":"KiVa-koulu"},"content":{"rendered":"<p>Koulussamme on k\u00e4yt\u00f6ss\u00e4 KiVa-koulu-ohjelma. Vaikka p\u00e4\u00e4paino ohjelman toteuttamisessa on vuosiluokilla 1, 4 ja 7, n\u00e4kyy KiVa-toiminta koulun kaikilla luokka-asteilla lukuvuoden aikana. Ohjelman avulla pyrit\u00e4\u00e4n vaikuttamaan kiusaamiseen ennaltaehk\u00e4isev\u00e4sti sek\u00e4 puuttumaan tehokkaasti mahdollisiin kiusaamistapauksiin.<\/p>\n<p>Luokilla 1, 4 ja 7 pidet\u00e4\u00e4n lukuvuoden aikana oppitunteja joissa k\u00e4sitell\u00e4\u00e4n kiusaamista KiVa-materiaalin avulla. Oppitunnit ja teemat sis\u00e4lt\u00e4v\u00e4t mm. keskusteluja, ryhm\u00e4t\u00f6it\u00e4, pelej\u00e4 ja lyhytfilmej\u00e4 kiusaamisesta.<\/p>\n<p>Kiusaamiseen puututaan v\u00e4litt\u00f6m\u00e4sti, kun koulun aikuisilla on siit\u00e4 tieto.<\/p>\n<p>Mik\u00e4li erimielisyydet samojen oppilaiden v\u00e4lill\u00e4 ovat toistuvia, luokanopettaja\/-valvoja pyyt\u00e4\u00e4 KiVa-tiimin mukaan tilanteen selvitt\u00e4miseen. Malliin kuuluvat kiusaamistapauksen kirjaus, asianomaisten haastattelut ja tilanteen sovittelu sek\u00e4 j\u00e4lkiseuranta.<\/p>\n<p>Kev\u00e4\u00e4ll\u00e4 koulussa tehd\u00e4\u00e4n KiVa-kysely oppilaille ja henkil\u00f6kunnalle. Kyselyn tuloksia k\u00e4sitell\u00e4\u00e4n koulussa oppilaiden kanssa, koulukohtaisessa oppilashuoltoryhm\u00e4ss\u00e4, opettajainkokouksissa ja vanhempainilloissa.<\/p>\n<h4><strong>Koulun KiVa-tiimi: <\/strong><\/h4>\n<p><strong>Melina Piispanen, Ella Rantala sl 25\/ kl 26Lauri M\u00e4kinen, Eeva Vairio, Taija Impil\u00e4, Jutta Kaasalainen, Jesse Saarinen (Moision yksikk\u00f6) ja Tuomas Nummela.<\/strong><\/p>\n<p>&nbsp;<\/p>\n<p><a href=\"https:\/\/blog.edu.turku.fi\/ylimaaria\/files\/2020\/11\/IMG_4811.jpg\"><img loading=\"lazy\" decoding=\"async\" class=\"aligncenter  wp-image-1191\" src=\"https:\/\/blog.edu.turku.fi\/ylimaaria\/files\/2020\/11\/IMG_4811-866x1024.jpg\" alt=\"\" width=\"483\" height=\"571\" srcset=\"https:\/\/blog.edu.turku.fi\/ylimaaria\/files\/2020\/11\/IMG_4811.jpg 866w, https:\/\/blog.edu.turku.fi\/ylimaaria\/files\/2020\/11\/IMG_4811-254x300.jpg 254w\" sizes=\"auto, (max-width: 483px) 85vw, 483px\" \/><\/a><\/p>\n<p>&nbsp;<\/p>\n","protected":false},"excerpt":{"rendered":"<p>Koulussamme on k\u00e4yt\u00f6ss\u00e4 KiVa-koulu-ohjelma. Vaikka p\u00e4\u00e4paino ohjelman toteuttamisessa on vuosiluokilla 1, 4 ja 7, n\u00e4kyy KiVa-toiminta koulun kaikilla luokka-asteilla lukuvuoden aikana. Ohjelman avulla pyrit\u00e4\u00e4n vaikuttamaan kiusaamiseen ennaltaehk\u00e4isev\u00e4sti sek\u00e4 puuttumaan tehokkaasti mahdollisiin kiusaamistapauksiin. Luokilla 1, 4 ja 7 pidet\u00e4\u00e4n lukuvuoden aikana oppitunteja joissa k\u00e4sitell\u00e4\u00e4n kiusaamista KiVa-materiaalin avulla. Oppitunnit ja teemat sis\u00e4lt\u00e4v\u00e4t mm. keskusteluja, ryhm\u00e4t\u00f6it\u00e4, pelej\u00e4 ja &hellip; <a href=\"https:\/\/blog.edu.turku.fi\/ylimaaria\/opetus\/kiva-koulu\/\" class=\"more-link\">Jatka lukemista<span class=\"screen-reader-text\"> &#8221;KiVa-koulu&#8221;<\/span><\/a><\/p>\n","protected":false},"author":665,"featured_media":0,"parent":18,"menu_order":5,"comment_status":"closed","ping_status":"closed","template":"","meta":{"footnotes":""},"class_list":["post-1143","page","type-page","status-publish","hentry"],"_links":{"self":[{"href":"https:\/\/blog.edu.turku.fi\/ylimaaria\/wp-json\/wp\/v2\/pages\/1143","targetHints":{"allow":["GET"]}}],"collection":[{"href":"https:\/\/blog.edu.turku.fi\/ylimaaria\/wp-json\/wp\/v2\/pages"}],"about":[{"href":"https:\/\/blog.edu.turku.fi\/ylimaaria\/wp-json\/wp\/v2\/types\/page"}],"author":[{"embeddable":true,"href":"https:\/\/blog.edu.turku.fi\/ylimaaria\/wp-json\/wp\/v2\/users\/665"}],"replies":[{"embeddable":true,"href":"https:\/\/blog.edu.turku.fi\/ylimaaria\/wp-json\/wp\/v2\/comments?post=1143"}],"version-history":[{"count":13,"href":"https:\/\/blog.edu.turku.fi\/ylimaaria\/wp-json\/wp\/v2\/pages\/1143\/revisions"}],"predecessor-version":[{"id":2147,"href":"https:\/\/blog.edu.turku.fi\/ylimaaria\/wp-json\/wp\/v2\/pages\/1143\/revisions\/2147"}],"up":[{"embeddable":true,"href":"https:\/\/blog.edu.turku.fi\/ylimaaria\/wp-json\/wp\/v2\/pages\/18"}],"wp:attachment":[{"href":"https:\/\/blog.edu.turku.fi\/ylimaaria\/wp-json\/wp\/v2\/media?parent=1143"}],"curies":[{"name":"wp","href":"https:\/\/api.w.org\/{rel}","templated":true}]}}