{"id":1136,"date":"2020-11-11T13:20:26","date_gmt":"2020-11-11T11:20:26","guid":{"rendered":"https:\/\/blog.edu.turku.fi\/ylimaaria\/?page_id=1136"},"modified":"2024-09-17T14:43:43","modified_gmt":"2024-09-17T11:43:43","slug":"kiva-koulu","status":"publish","type":"page","link":"https:\/\/blog.edu.turku.fi\/ylimaaria\/kerhot-ja-vapaa-aika\/kiva-koulu\/","title":{"rendered":"Harrastus lapselle ja nuorelle"},"content":{"rendered":"<h2><strong><u>Mist\u00e4 l\u00f6ytyisi mukava harrastus lapselle ja nuorelle?<\/u><\/strong><\/h2>\n<p><strong><span style=\"color: #0000ff\">Harrastamisen Turun mallin<\/span><\/strong> tavoitteena on mahdollistaa jokaiselle turkulaiselle peruskoulua k\u00e4yv\u00e4lle lapselle ja nuorelle mieluisa ja maksuton harrastus koulup\u00e4iv\u00e4n yhteydess\u00e4. Harrastamisen Turun malli on osa opetus- ja kulttuuriministeri\u00f6n (OKM) Harrastamisen Suomen mallia.<\/p>\n<p>Koulukohtaisiin harrastuslukkareihin on koottu kunkin koulun tiloissa ja l\u00e4hialueilla lukukauden aikana j\u00e4rjestett\u00e4v\u00e4 kerho- ja harrastustoiminta.<\/p>\n<p><strong><span style=\"color: #0000ff\">Tutustu harrastelukkareihin<\/span> <\/strong>t\u00e4ll\u00e4 linkill\u00e4: <a href=\"http:\/\/www.turku.fi\/harrastelukkarit\"><strong>Tutustu koulukohtaisiin harrastelukkareihin<\/strong><\/a><\/p>\n<p>Koulujen lis\u00e4ksi Harrastamisen Turun mallin kerhoja j\u00e4rjestet\u00e4\u00e4n my\u00f6s muissa kaupungin tiloissa kuten Taidekerho Paattisten kirjastossa.<\/p>\n<p>Aiheesta lis\u00e4\u00e4: linkki <a href=\"https:\/\/www.turku.fi\/harrastamisen-turun-malli\">Harrastamisen Turun malli | Turku.fi<\/a><\/p>\n<p><span style=\"color: #0000ff\"><strong>Etsiv\u00e4 harrastustoiminta<\/strong><\/span> on tarkoitettu oppilaille, joille ei ole viel\u00e4 l\u00f6ytynyt mieluisaa vapaa-ajan tekemist\u00e4. Koulujen oma etsiv\u00e4n harrastustoiminnan yhdyshenkil\u00f6 auttaa ja neuvoo lapsia l\u00f6yt\u00e4m\u00e4\u00e4n heille mielekk\u00e4\u00e4n harrastuksen. Toiminta on osa Harrastamisen Turun mallia. Yhdyshenkil\u00f6n\u00e4 Yli-Maarian yl\u00e4koulussa on Santeri Paajanen, yhteydenotot wilman kautta tai s\u00e4hk\u00f6postitse <a href=\"mailto:santeri.paajaneni@edu.turku.fi\">santeri.paajaneni@edu.turku.fi<\/a><\/p>\n<p>linkki: <a href=\"https:\/\/www.turku.fi\/koulujen-etsiva-harrastustoiminta\">Koulujen etsiv\u00e4 harrastustoiminta | Turku.fi<\/a><\/p>\n<p><strong><span style=\"color: #0000ff\">Koulu Personal Trainer -toiminta<\/span><\/strong> (KouluPT-toiminta)\u00a0on tarkoitettu harrastusta kaipaaville sek\u00e4 hyvinvoinnista ja liikunnasta kiinnostuneille oppilaille. Toiminta on maksutonta. Toiminta alkaa ilmoittautumislomakkeen t\u00e4yt\u00f6ll\u00e4, jossa oppilas valitsee itselleen sopivan ajankohdan.\u00a0Lis\u00e4ksi lomakkeessa kartoitetaan oppilaan liikunnan ja hyvinvoinnin tilannetta ja tavoitteita. Ohjaukset tapahtuvat pienryhmiss\u00e4.\u00a0Toiminnasta vastaa harrastusohjaaja\u00a0<a href=\"https:\/\/www.turku.fi\/henkilo\/aleksi-leskinen\">Aleksi Leskinen<\/a> 0447993949, <a href=\"mailto:aleksi.leskinen@turku.fi\">aleksi.leskinen@turku.fi<\/a><\/p>\n<p>&nbsp;<\/p>\n<p><strong>\u00a0<\/strong><\/p>\n<p><strong>\u00a0<\/strong><\/p>\n","protected":false},"excerpt":{"rendered":"<p>Mist\u00e4 l\u00f6ytyisi mukava harrastus lapselle ja nuorelle? Harrastamisen Turun mallin tavoitteena on mahdollistaa jokaiselle turkulaiselle peruskoulua k\u00e4yv\u00e4lle lapselle ja nuorelle mieluisa ja maksuton harrastus koulup\u00e4iv\u00e4n yhteydess\u00e4. Harrastamisen Turun malli on osa opetus- ja kulttuuriministeri\u00f6n (OKM) Harrastamisen Suomen mallia. Koulukohtaisiin harrastuslukkareihin on koottu kunkin koulun tiloissa ja l\u00e4hialueilla lukukauden aikana j\u00e4rjestett\u00e4v\u00e4 kerho- ja harrastustoiminta. Tutustu harrastelukkareihin &hellip; <a href=\"https:\/\/blog.edu.turku.fi\/ylimaaria\/kerhot-ja-vapaa-aika\/kiva-koulu\/\" class=\"more-link\">Jatka lukemista<span class=\"screen-reader-text\"> &#8221;Harrastus lapselle ja nuorelle&#8221;<\/span><\/a><\/p>\n","protected":false},"author":665,"featured_media":0,"parent":352,"menu_order":2,"comment_status":"closed","ping_status":"closed","template":"","meta":{"footnotes":""},"class_list":["post-1136","page","type-page","status-publish","hentry"],"_links":{"self":[{"href":"https:\/\/blog.edu.turku.fi\/ylimaaria\/wp-json\/wp\/v2\/pages\/1136","targetHints":{"allow":["GET"]}}],"collection":[{"href":"https:\/\/blog.edu.turku.fi\/ylimaaria\/wp-json\/wp\/v2\/pages"}],"about":[{"href":"https:\/\/blog.edu.turku.fi\/ylimaaria\/wp-json\/wp\/v2\/types\/page"}],"author":[{"embeddable":true,"href":"https:\/\/blog.edu.turku.fi\/ylimaaria\/wp-json\/wp\/v2\/users\/665"}],"replies":[{"embeddable":true,"href":"https:\/\/blog.edu.turku.fi\/ylimaaria\/wp-json\/wp\/v2\/comments?post=1136"}],"version-history":[{"count":6,"href":"https:\/\/blog.edu.turku.fi\/ylimaaria\/wp-json\/wp\/v2\/pages\/1136\/revisions"}],"predecessor-version":[{"id":1941,"href":"https:\/\/blog.edu.turku.fi\/ylimaaria\/wp-json\/wp\/v2\/pages\/1136\/revisions\/1941"}],"up":[{"embeddable":true,"href":"https:\/\/blog.edu.turku.fi\/ylimaaria\/wp-json\/wp\/v2\/pages\/352"}],"wp:attachment":[{"href":"https:\/\/blog.edu.turku.fi\/ylimaaria\/wp-json\/wp\/v2\/media?parent=1136"}],"curies":[{"name":"wp","href":"https:\/\/api.w.org\/{rel}","templated":true}]}}