{"id":1133,"date":"2020-11-11T13:18:22","date_gmt":"2020-11-11T11:18:22","guid":{"rendered":"https:\/\/blog.edu.turku.fi\/ylimaaria\/?page_id=1133"},"modified":"2021-08-24T17:16:09","modified_gmt":"2021-08-24T14:16:09","slug":"kodin-ja-koulun-yhteistyo","status":"publish","type":"page","link":"https:\/\/blog.edu.turku.fi\/ylimaaria\/huoltajille\/kodin-ja-koulun-yhteistyo\/","title":{"rendered":"Kodin ja koulun yhteisty\u00f6"},"content":{"rendered":"<p>Yli-Maarian koulu tekee s\u00e4\u00e4nn\u00f6llist\u00e4 ja alati uusiutuvaa yhteisty\u00f6t\u00e4 kotien kanssa. Otammekin mielell\u00e4mme vastaan erilaisia vinkkej\u00e4 ja uusia toimintatapoja yhteisty\u00f6n kehitt\u00e4miseksi.<\/p>\n<p>Kodin ja koulun yhteisty\u00f6 vahvistaa avointa vuoropuhelua ja luo pohjan ratkaisukeskeiselle toimintakulttuurille.<\/p>\n<p>Kaikki luokat pit\u00e4v\u00e4t vanhempainillan heti syyslukukauden alettua. Lis\u00e4ksi tapaamme kotiv\u00e4ke\u00e4 muun muassa arviointikeskusteluissa, vanhempaintapaamisissa sek\u00e4 koulun juhlissa.<\/p>\n<p>Lis\u00e4\u00e4 kodin ja koulun yhteisty\u00f6st\u00e4 voit lukea <a href=\"https:\/\/www.turku.fi\/paivahoito-ja-koulutus\/perusopetus\/kodin-ja-koulun-yhteistyo\" target=\"_blank\" rel=\"noopener noreferrer\">Turun kaupungin sivuilta.<\/a><\/p>\n","protected":false},"excerpt":{"rendered":"<p>Yli-Maarian koulu tekee s\u00e4\u00e4nn\u00f6llist\u00e4 ja alati uusiutuvaa yhteisty\u00f6t\u00e4 kotien kanssa. Otammekin mielell\u00e4mme vastaan erilaisia vinkkej\u00e4 ja uusia toimintatapoja yhteisty\u00f6n kehitt\u00e4miseksi. Kodin ja koulun yhteisty\u00f6 vahvistaa avointa vuoropuhelua ja luo pohjan ratkaisukeskeiselle toimintakulttuurille. Kaikki luokat pit\u00e4v\u00e4t vanhempainillan heti syyslukukauden alettua. Lis\u00e4ksi tapaamme kotiv\u00e4ke\u00e4 muun muassa arviointikeskusteluissa, vanhempaintapaamisissa sek\u00e4 koulun juhlissa. Lis\u00e4\u00e4 kodin ja koulun yhteisty\u00f6st\u00e4 voit &hellip; <a href=\"https:\/\/blog.edu.turku.fi\/ylimaaria\/huoltajille\/kodin-ja-koulun-yhteistyo\/\" class=\"more-link\">Jatka lukemista<span class=\"screen-reader-text\"> &#8221;Kodin ja koulun yhteisty\u00f6&#8221;<\/span><\/a><\/p>\n","protected":false},"author":665,"featured_media":0,"parent":20,"menu_order":2,"comment_status":"closed","ping_status":"closed","template":"","meta":{"footnotes":""},"class_list":["post-1133","page","type-page","status-publish","hentry"],"_links":{"self":[{"href":"https:\/\/blog.edu.turku.fi\/ylimaaria\/wp-json\/wp\/v2\/pages\/1133","targetHints":{"allow":["GET"]}}],"collection":[{"href":"https:\/\/blog.edu.turku.fi\/ylimaaria\/wp-json\/wp\/v2\/pages"}],"about":[{"href":"https:\/\/blog.edu.turku.fi\/ylimaaria\/wp-json\/wp\/v2\/types\/page"}],"author":[{"embeddable":true,"href":"https:\/\/blog.edu.turku.fi\/ylimaaria\/wp-json\/wp\/v2\/users\/665"}],"replies":[{"embeddable":true,"href":"https:\/\/blog.edu.turku.fi\/ylimaaria\/wp-json\/wp\/v2\/comments?post=1133"}],"version-history":[{"count":4,"href":"https:\/\/blog.edu.turku.fi\/ylimaaria\/wp-json\/wp\/v2\/pages\/1133\/revisions"}],"predecessor-version":[{"id":1320,"href":"https:\/\/blog.edu.turku.fi\/ylimaaria\/wp-json\/wp\/v2\/pages\/1133\/revisions\/1320"}],"up":[{"embeddable":true,"href":"https:\/\/blog.edu.turku.fi\/ylimaaria\/wp-json\/wp\/v2\/pages\/20"}],"wp:attachment":[{"href":"https:\/\/blog.edu.turku.fi\/ylimaaria\/wp-json\/wp\/v2\/media?parent=1133"}],"curies":[{"name":"wp","href":"https:\/\/api.w.org\/{rel}","templated":true}]}}