{"id":71,"date":"2017-01-11T12:25:38","date_gmt":"2017-01-11T10:25:38","guid":{"rendered":"https:\/\/blog.edu.turku.fi\/yli-maaria\/?page_id=71"},"modified":"2017-12-19T09:28:40","modified_gmt":"2017-12-19T07:28:40","slug":"kirjasto","status":"publish","type":"page","link":"https:\/\/blog.edu.turku.fi\/yli-maaria\/kirjasto\/","title":{"rendered":"KIRJASTO"},"content":{"rendered":"<p><span style=\"color: #000000;font-family: Times New Roman;font-size: medium\">Kirjasto<\/span><\/p>\n<p><span style=\"color: #000000;font-family: Times New Roman;font-size: medium\">Yli-Maarian monitoimitalo Ypsilonissa kirjasto palvelee niin koulua, p\u00e4iv\u00e4kotia kuin kaikkia alueen asukkaita. Perinteisten kirjastopalvelujen lis\u00e4ksi tilasta toivotaan muodostuvan k\u00e4ytt\u00e4jiens\u00e4 n\u00e4k\u00f6inen, helposti l\u00e4hestytt\u00e4v\u00e4 yhteinen paikka.<\/span><\/p>\n<p><span style=\"color: #000000;font-family: Times New Roman;font-size: medium\">Kirjaston roolin muutos lainastosta yhteis\u00f6lliseksi tilaksi, jossa on k\u00e4ytett\u00e4viss\u00e4 monimuotoista sis\u00e4lt\u00f6\u00e4, on k\u00e4ynniss\u00e4. Omatoiminen kirjastonk\u00e4ytt\u00f6 on kasvava trendi; valitse vapaasti, koska haluat vierailla kirjastossa ja noutaa varauksesi. J\u00e4rjest\u00e4 kirjaston tilassa yhdistyksesi kokous tai tule lukemaan lapselle. <\/span><\/p>\n<p><span style=\"color: #000000;font-family: Times New Roman;font-size: medium\">Kirjaston teht\u00e4v\u00e4 on tukea lukutaitoa. Erilaiset lukutaidot ovat t\u00e4t\u00e4 p\u00e4iv\u00e4\u00e4 ja ne kaikki edist\u00e4v\u00e4t yhteiskunnassa p\u00e4rj\u00e4\u00e4mist\u00e4. Tule siis mukaan. Ovemme eiv\u00e4t ehk\u00e4 ole avoinna, mutta kirjastokortilla p\u00e4\u00e4set sis\u00e4\u00e4n!<\/span><\/p>\n<p>Terveisin Sanna Hernelahti, palvelup\u00e4\u00e4llikk\u00f6<\/p>\n<p>&nbsp;<\/p>\n","protected":false},"excerpt":{"rendered":"<p>Kirjasto Yli-Maarian monitoimitalo Ypsilonissa kirjasto palvelee niin koulua, p\u00e4iv\u00e4kotia kuin kaikkia alueen asukkaita. Perinteisten kirjastopalvelujen lis\u00e4ksi tilasta toivotaan muodostuvan k\u00e4ytt\u00e4jiens\u00e4 n\u00e4k\u00f6inen, helposti l\u00e4hestytt\u00e4v\u00e4 yhteinen paikka. Kirjaston roolin muutos lainastosta yhteis\u00f6lliseksi tilaksi, jossa on k\u00e4ytett\u00e4viss\u00e4 monimuotoista sis\u00e4lt\u00f6\u00e4, on k\u00e4ynniss\u00e4. Omatoiminen kirjastonk\u00e4ytt\u00f6 &hellip; <a href=\"https:\/\/blog.edu.turku.fi\/yli-maaria\/kirjasto\/\">Lue loppuun <span class=\"meta-nav\">&rarr;<\/span><\/a><\/p>\n","protected":false},"author":417,"featured_media":0,"parent":0,"menu_order":4,"comment_status":"closed","ping_status":"closed","template":"","meta":{"footnotes":""},"class_list":["post-71","page","type-page","status-publish","hentry"],"_links":{"self":[{"href":"https:\/\/blog.edu.turku.fi\/yli-maaria\/wp-json\/wp\/v2\/pages\/71","targetHints":{"allow":["GET"]}}],"collection":[{"href":"https:\/\/blog.edu.turku.fi\/yli-maaria\/wp-json\/wp\/v2\/pages"}],"about":[{"href":"https:\/\/blog.edu.turku.fi\/yli-maaria\/wp-json\/wp\/v2\/types\/page"}],"author":[{"embeddable":true,"href":"https:\/\/blog.edu.turku.fi\/yli-maaria\/wp-json\/wp\/v2\/users\/417"}],"replies":[{"embeddable":true,"href":"https:\/\/blog.edu.turku.fi\/yli-maaria\/wp-json\/wp\/v2\/comments?post=71"}],"version-history":[{"count":4,"href":"https:\/\/blog.edu.turku.fi\/yli-maaria\/wp-json\/wp\/v2\/pages\/71\/revisions"}],"predecessor-version":[{"id":144,"href":"https:\/\/blog.edu.turku.fi\/yli-maaria\/wp-json\/wp\/v2\/pages\/71\/revisions\/144"}],"wp:attachment":[{"href":"https:\/\/blog.edu.turku.fi\/yli-maaria\/wp-json\/wp\/v2\/media?parent=71"}],"curies":[{"name":"wp","href":"https:\/\/api.w.org\/{rel}","templated":true}]}}