{"id":49,"date":"2017-01-11T12:06:36","date_gmt":"2017-01-11T10:06:36","guid":{"rendered":"https:\/\/blog.edu.turku.fi\/yli-maaria\/?page_id=49"},"modified":"2023-11-30T11:54:03","modified_gmt":"2023-11-30T09:54:03","slug":"tervetuloa-yli-maariaan","status":"publish","type":"page","link":"https:\/\/blog.edu.turku.fi\/yli-maaria\/","title":{"rendered":"TERVETULOA YLI-MAARIAAN!"},"content":{"rendered":"<p><strong>Monitoimitalo Ypsilon:<br \/>\n<\/strong>K\u00e4yntiosoite: Kukkamaariankatu 44, 20400 Turku<br \/>\nToimitusosoite: Paakarinkatu 2<\/p>\n<p>Rakennuksessa on Yli-Maarian koulu (perusopetuksen 1.-9. luokat), p\u00e4iv\u00e4koti, kirjasto, nuorisotoimi, kouluterveydenhuolto ja neuvola.<\/p>\n<p>Yli-Maarian monitoimitalo Ypsilon on virikkeellinen, monik\u00e4ytt\u00f6inen ja innovatiivinen toimintaymp\u00e4rist\u00f6, jossa eri-ik\u00e4iset k\u00e4ytt\u00e4j\u00e4t pystyv\u00e4t toimimaan pitkin p\u00e4iv\u00e4\u00e4 tarpeidenmukaisissa tilakokonaisuuksissa, kuvaa arkkitehti Mikko Uotila. Kiinteist\u00f6osakeyhti\u00f6 Turun Yli-Maarian hallitus valitsi hankkeen\u00a0p\u00e4\u00e4toteuttajaksi \u00a0Hartela Oy:n, Ramboll Finland Oy:n, Granlund Turku Oy:n ja Arkkitehtitoimisto Mikko Uotila Oy:n hanketta varten perustaman ryhmittym\u00e4n.\u00a0<span style=\"color: #000000;font-family: Arial\">Yli-Maarian monitoimitalo Ypsilonin rakentaminen aloitettiin helmikuussa 2017, ja <\/span>rakennus otettiin k\u00e4ytt\u00f6\u00f6n vuoden 2018 lopulla.<\/p>\n<p>Ypsilonin symbolina toimii pihalla sijaitseva taiteilija Jani R\u00e4tty\u00e4n teos Kapseli.<\/p>\n<p>&nbsp;<\/p>\n<p>&nbsp;<\/p>\n<p>&nbsp;<\/p>\n<p>&nbsp;<\/p>\n<p>&nbsp;<\/p>\n<p>&nbsp;<\/p>\n<p>&nbsp;<\/p>\n<p>&nbsp;<\/p>\n<p>&nbsp;<\/p>\n<p>&nbsp;<\/p>\n","protected":false},"excerpt":{"rendered":"<p>Monitoimitalo Ypsilon: K\u00e4yntiosoite: Kukkamaariankatu 44, 20400 Turku Toimitusosoite: Paakarinkatu 2 Rakennuksessa on Yli-Maarian koulu (perusopetuksen 1.-9. luokat), p\u00e4iv\u00e4koti, kirjasto, nuorisotoimi, kouluterveydenhuolto ja neuvola. Yli-Maarian monitoimitalo Ypsilon on virikkeellinen, monik\u00e4ytt\u00f6inen ja innovatiivinen toimintaymp\u00e4rist\u00f6, jossa eri-ik\u00e4iset k\u00e4ytt\u00e4j\u00e4t pystyv\u00e4t toimimaan pitkin p\u00e4iv\u00e4\u00e4 tarpeidenmukaisissa &hellip; <a href=\"https:\/\/blog.edu.turku.fi\/yli-maaria\/\">Lue loppuun <span class=\"meta-nav\">&rarr;<\/span><\/a><\/p>\n","protected":false},"author":417,"featured_media":0,"parent":0,"menu_order":1,"comment_status":"closed","ping_status":"closed","template":"sidebar-page.php","meta":{"footnotes":""},"class_list":["post-49","page","type-page","status-publish","hentry"],"_links":{"self":[{"href":"https:\/\/blog.edu.turku.fi\/yli-maaria\/wp-json\/wp\/v2\/pages\/49","targetHints":{"allow":["GET"]}}],"collection":[{"href":"https:\/\/blog.edu.turku.fi\/yli-maaria\/wp-json\/wp\/v2\/pages"}],"about":[{"href":"https:\/\/blog.edu.turku.fi\/yli-maaria\/wp-json\/wp\/v2\/types\/page"}],"author":[{"embeddable":true,"href":"https:\/\/blog.edu.turku.fi\/yli-maaria\/wp-json\/wp\/v2\/users\/417"}],"replies":[{"embeddable":true,"href":"https:\/\/blog.edu.turku.fi\/yli-maaria\/wp-json\/wp\/v2\/comments?post=49"}],"version-history":[{"count":14,"href":"https:\/\/blog.edu.turku.fi\/yli-maaria\/wp-json\/wp\/v2\/pages\/49\/revisions"}],"predecessor-version":[{"id":202,"href":"https:\/\/blog.edu.turku.fi\/yli-maaria\/wp-json\/wp\/v2\/pages\/49\/revisions\/202"}],"wp:attachment":[{"href":"https:\/\/blog.edu.turku.fi\/yli-maaria\/wp-json\/wp\/v2\/media?parent=49"}],"curies":[{"name":"wp","href":"https:\/\/api.w.org\/{rel}","templated":true}]}}