{"id":192,"date":"2023-11-30T11:39:31","date_gmt":"2023-11-30T09:39:31","guid":{"rendered":"https:\/\/blog.edu.turku.fi\/yli-maaria\/?page_id=192"},"modified":"2026-03-06T15:16:04","modified_gmt":"2026-03-06T13:16:04","slug":"yhteystiedot","status":"publish","type":"page","link":"https:\/\/blog.edu.turku.fi\/yli-maaria\/yhteystiedot\/","title":{"rendered":"YHTEYSTIEDOT"},"content":{"rendered":"<p><strong>Yhtey<\/strong><strong>stiedot<\/strong><\/p>\n<p><strong>Monitoimitalo Ypsilon:<br \/>\n<\/strong>K\u00e4yntiosoite: Kukkamaariankatu 44, 20400 Turku<br \/>\nToimitusosoite: Paakarinkatu 2<\/p>\n<p><strong>Vahtimestaripalvelut <\/strong>(l\u00f6yt\u00f6tavaratiedustelut, tilavaraukset, tavaran vastaanotto, monitoimitalon turvallisuus, huoltopyynt\u00f6jen koordinointi yms.)<strong>:<\/strong><br \/>\nPalvelukoordinaattori Juuso L\u00e4hteenloimu p. 050 4486753,\u00a0 <a href=\"mailto:juuso.lahteenloimu@alltime.fi\">juuso.lahteenloimu@coor.com<\/a><\/p>\n<p><strong>Kiinteist\u00f6n yll\u00e4pito:<br \/>\n<\/strong>Kiinteist\u00f6nhoitaja<\/p>\n<p><strong>Koulu:<\/strong><br \/>\nRehtori Marianne Ulfstedt 040 164 8972 marianne.ulfstedt@edu.turku.fi<br \/>\nApulaisrehtori Pirita Kyt\u00f6 040 1879120 pirita.kyto@edu.turku.fi<\/p>\n<p><strong>Kouluterveydenhuolto:<br \/>\n<\/strong>Jenni Suominen 040 1923876 <a href=\"mailto:jenni.j.suominen@varha.fi\">jenni.j.suominen@varha.fi <\/a><br \/>\nJessica Sinisalo 040 572 1812 jessica.sinisalo@varha.fi<\/p>\n<p><strong>P\u00e4iv\u00e4koti:<\/strong><br \/>\nP\u00e4iv\u00e4kodin johtaja Jenni Rissanen 050 552 5060 jenni.rissanen@edu.turku.fi<br \/>\nVarajohtaja Eveliina Markkula 040 623 4792 eveliina.markkula@edu.turku.fi<\/p>\n<p><strong>Kirjasto:<\/strong><br \/>\nEsimies Ilkka Manninen 040 159 6024 ilkka.manninen@turku.fi<br \/>\nErikoiskirjastovirkailija Juha Soininen 040 632 3211 kirjasto.yli-maaria@turku.fi<\/p>\n<p><strong>\u00c4itiys- ja lastenneuvola:<\/strong><br \/>\nL\u00e4\u00e4k\u00e4ri Heli Hartvik heli.hartvik@varha.fi<br \/>\nTerveydenhoitajat: Anna Palom\u00e4ki anna.palomaki@varha.fi ja\u00a0 \u00a0 \u00a0 \u00a0 \u00a0 \u00a0 \u00a0 \u00a0 \u00a0 \u00a0 \u00a0 \u00a0 \u00a0 \u00a0 \u00a0 \u00a0 \u00a0 Kerttu M\u00f6ykky kerttu.moykky@varha.fi<\/p>\n<p><strong>Nuorisopalvelut:<\/strong><br \/>\nToiminnan johtaja Tiina Karppinen tiina.karppinen@turku.fi<br \/>\nKoulunuoriso-ohjaaja Sanna Viitamaa 040 621 2903 sanna.viitamaa@turku.fi<br \/>\nNuoriso-ohjaaja Joonas Tuominen 040 166 3409 joonas.tuominen@turku.fi<br \/>\nNuoriso-ohjaaja Jasmin Filenius 044 907 5648 jasmin.filenius@turku.fi<br \/>\nNuoriso-ohjaaja Maisa Fyrqvist maisa.fyrqvist@turku.fi<\/p>\n<p><strong>Aamu- ja iltap\u00e4iv\u00e4toiminta:<\/strong><br \/>\nVastaava ohjaaja Mari J\u00e4rvinen 044 700 4077 mari.jarvinen@fctps.fi<br \/>\nIppe Ypsilon 044 733 9810 ippe.ypsilon@fctps.fi<\/p>\n<p><strong>Keitti\u00f6:<\/strong><br \/>\nEsimies P\u00e4ivi Anttila 040 188 1593 paivi.anttila@kaarea.fi<br \/>\nVuorovastaava Miia Ali-keskikyl\u00e4 040 844 1880 miia.ali-keskikyla@kaarea.fi<\/p>\n<p><strong>Siivous:<\/strong><br \/>\nEsimies Waleed Al-Siraj 040 626 7163 waleed.al-siraj@alltime.fi<br \/>\nIsmo Viitanen 040 702 3434 ismo.viitanen@<a href=\"mailto:juuso.lahteenloimu@alltime.fi\">alltime.fi<\/a><br \/>\nYpsilon siivous 040 702 5657 ypsilon@<a href=\"mailto:juuso.lahteenloimu@alltime.fi\">alltime.fi<\/a><\/p>\n","protected":false},"excerpt":{"rendered":"<p>Yhteystiedot Monitoimitalo Ypsilon: K\u00e4yntiosoite: Kukkamaariankatu 44, 20400 Turku Toimitusosoite: Paakarinkatu 2 Vahtimestaripalvelut (l\u00f6yt\u00f6tavaratiedustelut, tilavaraukset, tavaran vastaanotto, monitoimitalon turvallisuus, huoltopyynt\u00f6jen koordinointi yms.): Palvelukoordinaattori Juuso L\u00e4hteenloimu p. 050 4486753,\u00a0 juuso.lahteenloimu@coor.com Kiinteist\u00f6n yll\u00e4pito: Kiinteist\u00f6nhoitaja Koulu: Rehtori Marianne Ulfstedt 040 164 8972 marianne.ulfstedt@edu.turku.fi Apulaisrehtori &hellip; <a href=\"https:\/\/blog.edu.turku.fi\/yli-maaria\/yhteystiedot\/\">Lue loppuun <span class=\"meta-nav\">&rarr;<\/span><\/a><\/p>\n","protected":false},"author":804,"featured_media":0,"parent":0,"menu_order":0,"comment_status":"closed","ping_status":"closed","template":"","meta":{"footnotes":""},"class_list":["post-192","page","type-page","status-publish","hentry"],"_links":{"self":[{"href":"https:\/\/blog.edu.turku.fi\/yli-maaria\/wp-json\/wp\/v2\/pages\/192","targetHints":{"allow":["GET"]}}],"collection":[{"href":"https:\/\/blog.edu.turku.fi\/yli-maaria\/wp-json\/wp\/v2\/pages"}],"about":[{"href":"https:\/\/blog.edu.turku.fi\/yli-maaria\/wp-json\/wp\/v2\/types\/page"}],"author":[{"embeddable":true,"href":"https:\/\/blog.edu.turku.fi\/yli-maaria\/wp-json\/wp\/v2\/users\/804"}],"replies":[{"embeddable":true,"href":"https:\/\/blog.edu.turku.fi\/yli-maaria\/wp-json\/wp\/v2\/comments?post=192"}],"version-history":[{"count":15,"href":"https:\/\/blog.edu.turku.fi\/yli-maaria\/wp-json\/wp\/v2\/pages\/192\/revisions"}],"predecessor-version":[{"id":227,"href":"https:\/\/blog.edu.turku.fi\/yli-maaria\/wp-json\/wp\/v2\/pages\/192\/revisions\/227"}],"wp:attachment":[{"href":"https:\/\/blog.edu.turku.fi\/yli-maaria\/wp-json\/wp\/v2\/media?parent=192"}],"curies":[{"name":"wp","href":"https:\/\/api.w.org\/{rel}","templated":true}]}}