{"id":94,"date":"2016-12-07T15:53:21","date_gmt":"2016-12-07T13:53:21","guid":{"rendered":"https:\/\/blog.edu.turku.fi\/wa\/?page_id=94"},"modified":"2022-10-13T11:39:19","modified_gmt":"2022-10-13T08:39:19","slug":"mediakoulu-mita-livingschoolslabin-jalkeen","status":"publish","type":"page","link":"https:\/\/blog.edu.turku.fi\/wa\/mediakoulu-mita-livingschoolslabin-jalkeen\/","title":{"rendered":"Mediakoulu &#8211; mit\u00e4 LivingSchoolsLabin j\u00e4lkeen?"},"content":{"rendered":"<p><a href=\"http:\/\/lsl.eun.org\/\"><img loading=\"lazy\" decoding=\"async\" class=\"aligncenter wp-image-95 size-medium\" src=\"https:\/\/blog.edu.turku.fi\/wa\/files\/2016\/12\/image_gallery-300x84.png\" alt=\"image_gallery\" width=\"300\" height=\"84\" srcset=\"https:\/\/blog.edu.turku.fi\/wa\/files\/2016\/12\/image_gallery-300x84.png 300w, https:\/\/blog.edu.turku.fi\/wa\/files\/2016\/12\/image_gallery.png 796w\" sizes=\"auto, (max-width: 300px) 85vw, 300px\" \/><\/a><\/p>\n<p><b>W\u00e4in\u00f6 Aaltosen koulu ja LivingSchoolsLab-hankkeen j\u00e4lkeiset tavoitteet<\/b><\/p>\n<p>W\u00e4in\u00f6 Aaltosen koulu oli kutsuttu mukaan eurooppalaiseen edistyksellisesti tietotekniikkaa opetuksessa k\u00e4ytt\u00e4vien koulujen joukkoon. Hankkeeseen kutsuttiin Suomesta vain kaksi koulua. Toinen on Puropellon koulu. Hanke on p\u00e4\u00e4ttynyt.<\/p>\n<p>Katso videosta, mit\u00e4 ajatuksia mediakoulun kehitt\u00e4misest\u00e4 on jatkossa.<\/p>\n\n<!-- iframe plugin v.6.0 wordpress.org\/plugins\/iframe\/ -->\n<iframe loading=\"lazy\" width=\"560\" height=\"315\" src=\"https:\/\/www.youtube.com\/embed\/NIw3jGmrMC0\" frameborder=\"0\" 0=\"allowfullscreen\" scrolling=\"yes\" class=\"iframe-class\"><\/iframe>\n\n<p>&nbsp;<\/p>\n<p>&nbsp;<\/p>\n","protected":false},"excerpt":{"rendered":"<p>W\u00e4in\u00f6 Aaltosen koulu ja LivingSchoolsLab-hankkeen j\u00e4lkeiset tavoitteet W\u00e4in\u00f6 Aaltosen koulu oli kutsuttu mukaan eurooppalaiseen edistyksellisesti tietotekniikkaa opetuksessa k\u00e4ytt\u00e4vien koulujen joukkoon. Hankkeeseen kutsuttiin Suomesta vain kaksi koulua. Toinen on Puropellon koulu. Hanke on p\u00e4\u00e4ttynyt. Katso videosta, mit\u00e4 ajatuksia mediakoulun kehitt\u00e4misest\u00e4 on jatkossa. &nbsp; &nbsp;<\/p>\n","protected":false},"author":2095,"featured_media":0,"parent":0,"menu_order":0,"comment_status":"closed","ping_status":"closed","template":"","meta":{"ngg_post_thumbnail":0,"footnotes":""},"class_list":["post-94","page","type-page","status-publish","hentry"],"_links":{"self":[{"href":"https:\/\/blog.edu.turku.fi\/wa\/wp-json\/wp\/v2\/pages\/94","targetHints":{"allow":["GET"]}}],"collection":[{"href":"https:\/\/blog.edu.turku.fi\/wa\/wp-json\/wp\/v2\/pages"}],"about":[{"href":"https:\/\/blog.edu.turku.fi\/wa\/wp-json\/wp\/v2\/types\/page"}],"author":[{"embeddable":true,"href":"https:\/\/blog.edu.turku.fi\/wa\/wp-json\/wp\/v2\/users\/2095"}],"replies":[{"embeddable":true,"href":"https:\/\/blog.edu.turku.fi\/wa\/wp-json\/wp\/v2\/comments?post=94"}],"version-history":[{"count":5,"href":"https:\/\/blog.edu.turku.fi\/wa\/wp-json\/wp\/v2\/pages\/94\/revisions"}],"predecessor-version":[{"id":479,"href":"https:\/\/blog.edu.turku.fi\/wa\/wp-json\/wp\/v2\/pages\/94\/revisions\/479"}],"wp:attachment":[{"href":"https:\/\/blog.edu.turku.fi\/wa\/wp-json\/wp\/v2\/media?parent=94"}],"curies":[{"name":"wp","href":"https:\/\/api.w.org\/{rel}","templated":true}]}}