{"id":79,"date":"2016-12-07T15:29:47","date_gmt":"2016-12-07T13:29:47","guid":{"rendered":"https:\/\/blog.edu.turku.fi\/wa\/?page_id=79"},"modified":"2016-12-21T10:58:40","modified_gmt":"2016-12-21T08:58:40","slug":"waino-aaltonen-1894-1966","status":"publish","type":"page","link":"https:\/\/blog.edu.turku.fi\/wa\/waino-aaltonen-1894-1966\/","title":{"rendered":"W\u00e4in\u00f6 Aaltonen 1894\u20131966"},"content":{"rendered":"<p><img loading=\"lazy\" decoding=\"async\" class=\"aligncenter size-large wp-image-80\" src=\"https:\/\/blog.edu.turku.fi\/wa\/files\/2016\/12\/w\u00e4in\u00f6aaltonen-240x320.jpg\" alt=\"wainoaaltonen\" width=\"240\" height=\"320\" srcset=\"https:\/\/blog.edu.turku.fi\/wa\/files\/2016\/12\/w\u00e4in\u00f6aaltonen.jpg 240w, https:\/\/blog.edu.turku.fi\/wa\/files\/2016\/12\/w\u00e4in\u00f6aaltonen-225x300.jpg 225w\" sizes=\"auto, (max-width: 240px) 85vw, 240px\" \/><\/p>\n<p><b>W\u00e4in\u00f6 Aaltonen &#8211; koulumme kuuluisin oppilas. <\/b><\/p>\n<p><b><a href=\"http:\/\/www.turku.fi\/waino-aaltosen-museo\/waino-aaltonen\">Tutustu W\u00e4in\u00f6 Aaltosen el\u00e4m\u00e4\u00e4n ja t\u00f6ihin taiteilijana.<\/a><\/b><\/p>\n","protected":false},"excerpt":{"rendered":"<p>W\u00e4in\u00f6 Aaltonen &#8211; koulumme kuuluisin oppilas. Tutustu W\u00e4in\u00f6 Aaltosen el\u00e4m\u00e4\u00e4n ja t\u00f6ihin taiteilijana.<\/p>\n","protected":false},"author":2095,"featured_media":0,"parent":0,"menu_order":0,"comment_status":"closed","ping_status":"closed","template":"","meta":{"ngg_post_thumbnail":0,"footnotes":""},"class_list":["post-79","page","type-page","status-publish","hentry"],"_links":{"self":[{"href":"https:\/\/blog.edu.turku.fi\/wa\/wp-json\/wp\/v2\/pages\/79","targetHints":{"allow":["GET"]}}],"collection":[{"href":"https:\/\/blog.edu.turku.fi\/wa\/wp-json\/wp\/v2\/pages"}],"about":[{"href":"https:\/\/blog.edu.turku.fi\/wa\/wp-json\/wp\/v2\/types\/page"}],"author":[{"embeddable":true,"href":"https:\/\/blog.edu.turku.fi\/wa\/wp-json\/wp\/v2\/users\/2095"}],"replies":[{"embeddable":true,"href":"https:\/\/blog.edu.turku.fi\/wa\/wp-json\/wp\/v2\/comments?post=79"}],"version-history":[{"count":2,"href":"https:\/\/blog.edu.turku.fi\/wa\/wp-json\/wp\/v2\/pages\/79\/revisions"}],"predecessor-version":[{"id":209,"href":"https:\/\/blog.edu.turku.fi\/wa\/wp-json\/wp\/v2\/pages\/79\/revisions\/209"}],"wp:attachment":[{"href":"https:\/\/blog.edu.turku.fi\/wa\/wp-json\/wp\/v2\/media?parent=79"}],"curies":[{"name":"wp","href":"https:\/\/api.w.org\/{rel}","templated":true}]}}