{"id":77,"date":"2016-12-07T15:23:09","date_gmt":"2016-12-07T13:23:09","guid":{"rendered":"https:\/\/blog.edu.turku.fi\/wa\/?page_id=77"},"modified":"2023-09-20T09:46:30","modified_gmt":"2023-09-20T06:46:30","slug":"waiskin-vanhemmat-koulumme-vanhempainyhdistys","status":"publish","type":"page","link":"https:\/\/blog.edu.turku.fi\/wa\/waiskin-vanhemmat-koulumme-vanhempainyhdistys\/","title":{"rendered":"W\u00e4iskin wanhemmat ry. &#8211; lasten hyvinvoinnin asialla"},"content":{"rendered":"<h6><img loading=\"lazy\" decoding=\"async\" class=\"size-large wp-image-85 alignleft\" src=\"https:\/\/blog.edu.turku.fi\/wa\/files\/2016\/12\/WW1-320x320.jpg\" alt=\"ww1\" width=\"180\" height=\"160\"><\/h6>\n<h6>W\u00e4iskin wanhemmat:<\/h6>\n<p>L\u00f6yd\u00e4t meid\u00e4t Instagramista&nbsp;<a class=\"\" href=\"https:\/\/www.instagram.com\/waiskinwanhemmat\/?next=%2F\" target=\"_blank\" rel=\"noopener noreferrer\" data-auth=\"NotApplicable\" data-linkindex=\"2\">@waiskinwanhemmat<\/a>&nbsp;sek\u00e4&nbsp;<a class=\"\" href=\"https:\/\/www.facebook.com\/groups\/192070597558\/?fref=ts%20)?\" target=\"_blank\" rel=\"noopener noreferrer\" data-auth=\"NotApplicable\" data-linkindex=\"4\">Facebookista<\/a>&nbsp;(<a class=\"\" href=\"https:\/\/www.facebook.com\/groups\/192070597558\/\" target=\"_blank\" rel=\"noopener noreferrer\" data-auth=\"NotApplicable\" data-linkindex=\"5\">https:\/\/www.facebook.com\/groups\/192070597558\/<\/a>)<\/p>\n<div class=\"\">\n<p class=\"x_MsoNormal\">Haluatko olla mukana tukemassa W\u00e4in\u00f6 Aaltosen koulun lasten hyvinvointia, kasvatustavoitteita sek\u00e4 kodin ja koulun yhteisty\u00f6t\u00e4? Haluatko olla mukana mahdollistamassa koululaisille el\u00e4myksi\u00e4, retki\u00e4 tai v\u00e4lineit\u00e4 v\u00e4lituntien liikuntaan? Haluatko vaikuttaa alueellisen yhteis\u00f6llisyyden lis\u00e4\u00e4miseen ja ep\u00e4kohtien korjaamiseen?<\/p>\n<p class=\"x_MsoNormal\">Jos vastasit kyll\u00e4, tule mukaan W\u00e4iskin Wanhemmat ry:n toimintaan! Tarjoamme mielek\u00e4st\u00e4 ja palkitsevaa vapaaehtoisty\u00f6t\u00e4 rennossa ja hyv\u00e4ss\u00e4 porukassa, jossa kaikilla meill\u00e4 on yhteinen tavoite \u2013 toimia lasten hyv\u00e4ksi. Mukaan voi tulla itselle sopivalla tavalla esimerkiksi liittym\u00e4ll\u00e4 hallitukseen tai kannatusj\u00e4seneksi. Voit my\u00f6s osallistua toimintaan nostamalla esiin uusia toimintaideoita ja -ehdotuksia tai vaikkapa ep\u00e4kohtia ja ongelmia, joissa vanhempainyhdistys voisi auttaa.<\/p>\n<p class=\"x_MsoNormal\">Vanhempaintoiminta on vapaaehtoista yhdess\u00e4 tekemist\u00e4 ja vaikuttamista. Toiminnan mahdollistavat aktiiviset vanhemmat, hyv\u00e4t ja luottamukselliset suhteet koulun johtoon ja henkil\u00f6st\u00f6\u00f6n sek\u00e4 muihin alueen vanhempainyhdistyksiin ja yrityksiin.&nbsp;<\/p>\n<p class=\"x_MsoNormal\">Vanhempien l\u00e4sn\u00e4olo koulussa on t\u00e4rke\u00e4\u00e4. Yhdess\u00e4 vanhemmat voivat osallistua kasvatusyhteis\u00f6n kehitt\u00e4miseen ja arkeen mm.<\/p>\n<p class=\"x_MsoNormal\">&nbsp;<\/p>\n<ul class=\"\">\n<li class=\"\"><span class=\"\">Tukemalla koulun kasvatustavoitteita<\/span><\/li>\n<li class=\"\"><span class=\"\">Lis\u00e4\u00e4m\u00e4ll\u00e4 koulun ja kotien yhteisty\u00f6t\u00e4<\/span><\/li>\n<li class=\"\"><span class=\"\">Hankkimalla koululaisille opetuksessa tai v\u00e4litunneilla tarvittavia v\u00e4lineit\u00e4<\/span><\/li>\n<li class=\"\"><span class=\"\">J\u00e4rjest\u00e4m\u00e4ll\u00e4 vanhemmille ja lapsille tapahtumia ja tilaisuuksia<\/span><\/li>\n<li class=\"\"><span class=\"\">Toimimalla linkkin\u00e4 kotien ja koulun v\u00e4lill\u00e4.<\/span><\/li>\n<li class=\"\"><span class=\"\">Tukemalla alueellista yhteis\u00f6llisyytt\u00e4 ja perheiden hyvinvointia<\/span><\/li>\n<li class=\"\"><span class=\"\">Puuttumalla ep\u00e4kohtiin ja ongelmiin<\/span><\/li>\n<li class=\"\"><span class=\"\">Vaikuttamalla lapsia ja perheit\u00e4 koskevaan p\u00e4\u00e4t\u00f6ksentekoon omassa kunnassa<\/span><\/li>\n<li class=\"\"><span class=\"\">Ottamalla osaa julkiseen keskusteluun<\/span><\/li>\n<\/ul>\n<p>&nbsp;<\/p>\n<p class=\"x_MsoNormal\"><span class=\"\">Tiesitk\u00f6, ett\u00e4 W\u00e4iskin Wanhemmat ry on mahdollistanut mm. seuraavia asioita koulun lapsille, vanhemmille ja henkil\u00f6kunnalle:<\/span><\/p>\n<\/div>\n<div class=\"\">\n<ul class=\"\">\n<li class=\"\"><span class=\"\">Kulttuuriel\u00e4myksi\u00e4 lapsille<\/span><\/li>\n<li class=\"\"><span class=\"\">Mediakasvatusta<\/span><\/li>\n<li class=\"\"><span class=\"\">Joulujuhlan tarjoiluja<\/span><\/li>\n<li class=\"\"><span class=\"\">Lukemattomia palloja, hyppynaruja, katuliituja, saippuakuplia, kiekkoja, frisbeet\u00e4, lumilapioita, liukureita ja pulkkia aktiiviseen v\u00e4lituntiliikuntaan<\/span><\/li>\n<li class=\"\"><span class=\"\">Heijastimia turvalliseen koulumatkaan<\/span><\/li>\n<li class=\"\"><span class=\"\">Stipendej\u00e4 ja lahjakortteja<\/span><\/li>\n<li class=\"\"><span class=\"\">Ruusuja ja kakkua 6lk. koulusta l\u00e4htij\u00f6ille<\/span><\/li>\n<li class=\"\"><span class=\"\">Bussikuljetuksia, istuinalustoja ja k\u00e4ytt\u00f6rahaa retkille<\/span><\/li>\n<li class=\"\"><span class=\"\">Asuja Lucialle ja T\u00e4htipojille<\/span><\/li>\n<li class=\"\"><span class=\"\">Luento- ja keskustelutilaisuuksia vanhemmille<\/span><\/li>\n<li class=\"\"><span class=\"\">&nbsp;<\/span><span class=\"\">Zumbaa vanhemmille<\/span><\/li>\n<li class=\"\"><span class=\"\">Joulumuistamisia koulun henkil\u00f6kunnalle<\/span><\/li>\n<li class=\"\"><span class=\"\">Muistamisia kouluvaareille ja -mummoille<\/span><\/li>\n<\/ul>\n<\/div>\n<div class=\"\">\n<p class=\"x_MsoNormal\">Liittym\u00e4ll\u00e4 ryhm\u00e4\u00e4mme ja j\u00e4tt\u00e4m\u00e4ll\u00e4 yhteystietosi yhdistyksen sihteerille saat tietoa tulevista tapahtumista ja muista uutisista. Osallistumalla toimintaamme voit vaikuttaa W\u00e4iskin oppilaiden hyvinvointiin ja siten my\u00f6s osaltaan saarten tulevaisuuteen! Kerro samalla, haluatko osallistua toimintaamme my\u00f6s kannatusj\u00e4senen\u00e4 10 euron j\u00e4senyyshintaan.<\/p>\n<p class=\"x_MsoNormal\">&nbsp;<\/p>\n<p class=\"x_MsoNormal\" aria-hidden=\"true\">&nbsp;<\/p>\n<p class=\"x_MsoNormal\"><b class=\"\">Terveisin,<\/b><\/p>\n<p class=\"x_MsoNormal\">W\u00e4iskin Wanhemmat ry:n hallitus<\/p>\n<p class=\"x_MsoNormal\"><b class=\"\">Lis\u00e4tietoja:<\/b><\/p>\n<p class=\"x_MsoNormal\">Puheenjohtaja, Ria Ruuska,&nbsp;<a class=\"\" href=\"mailto:riaruuska@gmail.com\" data-linkindex=\"6\">riaruuska@gmail.com<\/a>, puh. 040&nbsp;837 4304<\/p>\n<p class=\"x_MsoNormal\">Sihteeri: Elisa Toivio,&nbsp;<a class=\"\" href=\"mailto:elisa.toivio@gmail.com\" data-linkindex=\"7\">elisa.toivio@gmail.com<\/a>, 044 3737 952<\/p>\n<\/div>\n","protected":false},"excerpt":{"rendered":"<p>W\u00e4iskin wanhemmat: L\u00f6yd\u00e4t meid\u00e4t Instagramista&nbsp;@waiskinwanhemmat&nbsp;sek\u00e4&nbsp;Facebookista&nbsp;(https:\/\/www.facebook.com\/groups\/192070597558\/) Haluatko olla mukana tukemassa W\u00e4in\u00f6 Aaltosen koulun lasten hyvinvointia, kasvatustavoitteita sek\u00e4 kodin ja koulun yhteisty\u00f6t\u00e4? Haluatko olla mukana mahdollistamassa koululaisille el\u00e4myksi\u00e4, retki\u00e4 tai v\u00e4lineit\u00e4 v\u00e4lituntien liikuntaan? Haluatko vaikuttaa alueellisen yhteis\u00f6llisyyden lis\u00e4\u00e4miseen ja ep\u00e4kohtien korjaamiseen? Jos vastasit kyll\u00e4, tule mukaan W\u00e4iskin Wanhemmat ry:n toimintaan! Tarjoamme mielek\u00e4st\u00e4 ja palkitsevaa vapaaehtoisty\u00f6t\u00e4 rennossa ja &hellip; <a href=\"https:\/\/blog.edu.turku.fi\/wa\/waiskin-vanhemmat-koulumme-vanhempainyhdistys\/\" class=\"more-link\">Jatka lukemista<span class=\"screen-reader-text\"> &#8221;W\u00e4iskin wanhemmat ry. &#8211; lasten hyvinvoinnin asialla&#8221;<\/span><\/a><\/p>\n","protected":false},"author":2095,"featured_media":0,"parent":0,"menu_order":0,"comment_status":"closed","ping_status":"closed","template":"","meta":{"ngg_post_thumbnail":0,"footnotes":""},"class_list":["post-77","page","type-page","status-publish","hentry"],"_links":{"self":[{"href":"https:\/\/blog.edu.turku.fi\/wa\/wp-json\/wp\/v2\/pages\/77","targetHints":{"allow":["GET"]}}],"collection":[{"href":"https:\/\/blog.edu.turku.fi\/wa\/wp-json\/wp\/v2\/pages"}],"about":[{"href":"https:\/\/blog.edu.turku.fi\/wa\/wp-json\/wp\/v2\/types\/page"}],"author":[{"embeddable":true,"href":"https:\/\/blog.edu.turku.fi\/wa\/wp-json\/wp\/v2\/users\/2095"}],"replies":[{"embeddable":true,"href":"https:\/\/blog.edu.turku.fi\/wa\/wp-json\/wp\/v2\/comments?post=77"}],"version-history":[{"count":12,"href":"https:\/\/blog.edu.turku.fi\/wa\/wp-json\/wp\/v2\/pages\/77\/revisions"}],"predecessor-version":[{"id":498,"href":"https:\/\/blog.edu.turku.fi\/wa\/wp-json\/wp\/v2\/pages\/77\/revisions\/498"}],"wp:attachment":[{"href":"https:\/\/blog.edu.turku.fi\/wa\/wp-json\/wp\/v2\/media?parent=77"}],"curies":[{"name":"wp","href":"https:\/\/api.w.org\/{rel}","templated":true}]}}