{"id":69,"date":"2016-12-07T15:18:36","date_gmt":"2016-12-07T13:18:36","guid":{"rendered":"https:\/\/blog.edu.turku.fi\/wa\/?page_id=69"},"modified":"2022-10-13T11:38:02","modified_gmt":"2022-10-13T08:38:02","slug":"mediaopetus","status":"publish","type":"page","link":"https:\/\/blog.edu.turku.fi\/wa\/mediaopetus\/","title":{"rendered":"Mediaopetus"},"content":{"rendered":"<p><b><br \/>\n<\/b> W\u00e4in\u00f6 Aaltosen koulussa on jo vuosien ajan k\u00e4ytetty aktiivisesti ja edistyksellisesti media- ja verkko-oppimista osana kouluty\u00f6t\u00e4.<\/p>\n<p>Aiemmin koulussa toimivat ns medialuokat mutta nyky\u00e4\u00e4n uuden 2016 opetussuunnitelman mukaisesti kaikille koulumme oppilaille tarjotaan ekaluokasta alkaen mahdollisuutta opiskella verkkoa hy\u00f6dynt\u00e4en.<\/p>\n<p>Koulumme&nbsp;420 oppilaan k\u00e4yt\u00f6ss\u00e4 on yhteens\u00e4 noin 300 p\u00e4\u00e4telaitetta, sek\u00e4 Windows ett\u00e4 iPad-laitteita.<\/p>\n<p>Verkko-oppimisalustojen (mm. Studeo,Office365) lis\u00e4ksi oppilaat ovat saaneet toimittaa k\u00e4rkihankkeemme W\u00e4iski-TV:n ohjelmia viikottain.<a href=\"https:\/\/www.youtube.com\/watch?v=lRvPLxFmxVE\"> W\u00e4iski-TV.<\/a><\/p>\n<p>&nbsp;<\/p>\n<p>&nbsp;<\/p>\n<p>&nbsp;<\/p>\n","protected":false},"excerpt":{"rendered":"<p>W\u00e4in\u00f6 Aaltosen koulussa on jo vuosien ajan k\u00e4ytetty aktiivisesti ja edistyksellisesti media- ja verkko-oppimista osana kouluty\u00f6t\u00e4. Aiemmin koulussa toimivat ns medialuokat mutta nyky\u00e4\u00e4n uuden 2016 opetussuunnitelman mukaisesti kaikille koulumme oppilaille tarjotaan ekaluokasta alkaen mahdollisuutta opiskella verkkoa hy\u00f6dynt\u00e4en. Koulumme&nbsp;420 oppilaan k\u00e4yt\u00f6ss\u00e4 on yhteens\u00e4 noin 300 p\u00e4\u00e4telaitetta, sek\u00e4 Windows ett\u00e4 iPad-laitteita. Verkko-oppimisalustojen (mm. Studeo,Office365) lis\u00e4ksi oppilaat ovat &hellip; <a href=\"https:\/\/blog.edu.turku.fi\/wa\/mediaopetus\/\" class=\"more-link\">Jatka lukemista<span class=\"screen-reader-text\"> &#8221;Mediaopetus&#8221;<\/span><\/a><\/p>\n","protected":false},"author":2095,"featured_media":0,"parent":0,"menu_order":0,"comment_status":"closed","ping_status":"closed","template":"","meta":{"ngg_post_thumbnail":0,"footnotes":""},"class_list":["post-69","page","type-page","status-publish","hentry"],"_links":{"self":[{"href":"https:\/\/blog.edu.turku.fi\/wa\/wp-json\/wp\/v2\/pages\/69","targetHints":{"allow":["GET"]}}],"collection":[{"href":"https:\/\/blog.edu.turku.fi\/wa\/wp-json\/wp\/v2\/pages"}],"about":[{"href":"https:\/\/blog.edu.turku.fi\/wa\/wp-json\/wp\/v2\/types\/page"}],"author":[{"embeddable":true,"href":"https:\/\/blog.edu.turku.fi\/wa\/wp-json\/wp\/v2\/users\/2095"}],"replies":[{"embeddable":true,"href":"https:\/\/blog.edu.turku.fi\/wa\/wp-json\/wp\/v2\/comments?post=69"}],"version-history":[{"count":9,"href":"https:\/\/blog.edu.turku.fi\/wa\/wp-json\/wp\/v2\/pages\/69\/revisions"}],"predecessor-version":[{"id":478,"href":"https:\/\/blog.edu.turku.fi\/wa\/wp-json\/wp\/v2\/pages\/69\/revisions\/478"}],"wp:attachment":[{"href":"https:\/\/blog.edu.turku.fi\/wa\/wp-json\/wp\/v2\/media?parent=69"}],"curies":[{"name":"wp","href":"https:\/\/api.w.org\/{rel}","templated":true}]}}