{"id":62,"date":"2016-12-07T14:34:50","date_gmt":"2016-12-07T12:34:50","guid":{"rendered":"https:\/\/blog.edu.turku.fi\/wa\/?page_id=62"},"modified":"2022-10-13T10:52:50","modified_gmt":"2022-10-13T07:52:50","slug":"waiski-tv","status":"publish","type":"page","link":"https:\/\/blog.edu.turku.fi\/wa\/waiski-tv\/","title":{"rendered":"W\u00e4iski-TV"},"content":{"rendered":"<p>W\u00e4iski-TV on koulumme oma YouTube-ohjelmatuotanto, jossa oppilaat ovat tuottaneet viikottain uuden W\u00e4iski-TV-jakson. Oppilaat toimivat kuin ammattilaiset ja jokaiselle tuotantotiimiin kuuluvalle on jaettu oma roolinsa.<\/p>\n<div id=\"post-body-3664377165065509365\" class=\"post-body entry-content\">\n<p>Opettaja Tero Jaakkola ja W\u00e4iski-TV ovat jo vuosien ajan tehneet hienoa ty\u00f6t\u00e4, jonka parhaat palat ovat n\u00e4ht\u00e4viss\u00e4 YouTubessa.<\/p>\n<p><a href=\"https:\/\/www.youtube.com\/results?search_query=waiski+tv\">Ole hyv\u00e4 ja katso!<\/a><\/p>\n<\/div>\n","protected":false},"excerpt":{"rendered":"<p>W\u00e4iski-TV on koulumme oma YouTube-ohjelmatuotanto, jossa oppilaat ovat tuottaneet viikottain uuden W\u00e4iski-TV-jakson. Oppilaat toimivat kuin ammattilaiset ja jokaiselle tuotantotiimiin kuuluvalle on jaettu oma roolinsa. Opettaja Tero Jaakkola ja W\u00e4iski-TV ovat jo vuosien ajan tehneet hienoa ty\u00f6t\u00e4, jonka parhaat palat ovat n\u00e4ht\u00e4viss\u00e4 YouTubessa. Ole hyv\u00e4 ja katso!<\/p>\n","protected":false},"author":2095,"featured_media":0,"parent":0,"menu_order":0,"comment_status":"closed","ping_status":"closed","template":"","meta":{"ngg_post_thumbnail":0,"footnotes":""},"class_list":["post-62","page","type-page","status-publish","hentry"],"_links":{"self":[{"href":"https:\/\/blog.edu.turku.fi\/wa\/wp-json\/wp\/v2\/pages\/62","targetHints":{"allow":["GET"]}}],"collection":[{"href":"https:\/\/blog.edu.turku.fi\/wa\/wp-json\/wp\/v2\/pages"}],"about":[{"href":"https:\/\/blog.edu.turku.fi\/wa\/wp-json\/wp\/v2\/types\/page"}],"author":[{"embeddable":true,"href":"https:\/\/blog.edu.turku.fi\/wa\/wp-json\/wp\/v2\/users\/2095"}],"replies":[{"embeddable":true,"href":"https:\/\/blog.edu.turku.fi\/wa\/wp-json\/wp\/v2\/comments?post=62"}],"version-history":[{"count":2,"href":"https:\/\/blog.edu.turku.fi\/wa\/wp-json\/wp\/v2\/pages\/62\/revisions"}],"predecessor-version":[{"id":475,"href":"https:\/\/blog.edu.turku.fi\/wa\/wp-json\/wp\/v2\/pages\/62\/revisions\/475"}],"wp:attachment":[{"href":"https:\/\/blog.edu.turku.fi\/wa\/wp-json\/wp\/v2\/media?parent=62"}],"curies":[{"name":"wp","href":"https:\/\/api.w.org\/{rel}","templated":true}]}}