{"id":563,"date":"2026-04-20T10:54:16","date_gmt":"2026-04-20T07:54:16","guid":{"rendered":"https:\/\/blog.edu.turku.fi\/wa\/?page_id=563"},"modified":"2026-05-11T14:35:55","modified_gmt":"2026-05-11T11:35:55","slug":"valinnaisaineet","status":"publish","type":"page","link":"https:\/\/blog.edu.turku.fi\/wa\/opetus\/valinnaisaineet\/","title":{"rendered":"Valinnaisaineet"},"content":{"rendered":"<p>Valinnaisaineen valinta 5. ja 6. luokille lukuvuonna 2026-2027 on nyt auki Wilmassa, huoltajan tunnuksilla. Kirjaudu Wilmaan nettiselaimella &#8221;edu.turku.fi&#8221; -sivuston kautta, jolloin Wilman Kyselyt-sivu l\u00f6ytyy ja pystyt t\u00e4ytt\u00e4m\u00e4\u00e4n valinnaisaineita koskevan kyselyn. Vastaathan kyselyyn 24.5.2026 menness\u00e4, kiitos!<\/p>\n<p>Valinnaisainevaihtoehdot ja ohjeet ohessa 5. ja 6. luokkien osalta. Tulevan 4. luokan valinnaisainevalinnasta ja sis\u00e4ll\u00f6ist\u00e4 tiedotetaan my\u00f6hemmin.<\/p>\n<p><a href=\"https:\/\/blog.edu.turku.fi\/wa\/files\/2026\/05\/Waino-Aaltosen-koulun-valinnaisaineet-5-ja-6-lk.pdf\">W\u00e4in\u00f6 Aaltosen koulun valinnaisaineet 5 ja 6 lk<\/a><\/p>\n<p>&nbsp;<\/p>\n<p>&nbsp;<\/p>\n","protected":false},"excerpt":{"rendered":"<p>Valinnaisaineen valinta 5. ja 6. luokille lukuvuonna 2026-2027 on nyt auki Wilmassa, huoltajan tunnuksilla. Kirjaudu Wilmaan nettiselaimella &#8221;edu.turku.fi&#8221; -sivuston kautta, jolloin Wilman Kyselyt-sivu l\u00f6ytyy ja pystyt t\u00e4ytt\u00e4m\u00e4\u00e4n valinnaisaineita koskevan kyselyn. Vastaathan kyselyyn 24.5.2026 menness\u00e4, kiitos! Valinnaisainevaihtoehdot ja ohjeet ohessa 5. ja 6. luokkien osalta. Tulevan 4. luokan valinnaisainevalinnasta ja sis\u00e4ll\u00f6ist\u00e4 tiedotetaan my\u00f6hemmin. W\u00e4in\u00f6 Aaltosen koulun &hellip; <a href=\"https:\/\/blog.edu.turku.fi\/wa\/opetus\/valinnaisaineet\/\" class=\"more-link\">Jatka lukemista<span class=\"screen-reader-text\"> &#8221;Valinnaisaineet&#8221;<\/span><\/a><\/p>\n","protected":false},"author":9,"featured_media":0,"parent":36,"menu_order":0,"comment_status":"closed","ping_status":"closed","template":"","meta":{"ngg_post_thumbnail":0,"footnotes":""},"class_list":["post-563","page","type-page","status-publish","hentry"],"_links":{"self":[{"href":"https:\/\/blog.edu.turku.fi\/wa\/wp-json\/wp\/v2\/pages\/563","targetHints":{"allow":["GET"]}}],"collection":[{"href":"https:\/\/blog.edu.turku.fi\/wa\/wp-json\/wp\/v2\/pages"}],"about":[{"href":"https:\/\/blog.edu.turku.fi\/wa\/wp-json\/wp\/v2\/types\/page"}],"author":[{"embeddable":true,"href":"https:\/\/blog.edu.turku.fi\/wa\/wp-json\/wp\/v2\/users\/9"}],"replies":[{"embeddable":true,"href":"https:\/\/blog.edu.turku.fi\/wa\/wp-json\/wp\/v2\/comments?post=563"}],"version-history":[{"count":10,"href":"https:\/\/blog.edu.turku.fi\/wa\/wp-json\/wp\/v2\/pages\/563\/revisions"}],"predecessor-version":[{"id":581,"href":"https:\/\/blog.edu.turku.fi\/wa\/wp-json\/wp\/v2\/pages\/563\/revisions\/581"}],"up":[{"embeddable":true,"href":"https:\/\/blog.edu.turku.fi\/wa\/wp-json\/wp\/v2\/pages\/36"}],"wp:attachment":[{"href":"https:\/\/blog.edu.turku.fi\/wa\/wp-json\/wp\/v2\/media?parent=563"}],"curies":[{"name":"wp","href":"https:\/\/api.w.org\/{rel}","templated":true}]}}