{"id":407,"date":"2020-10-09T08:25:46","date_gmt":"2020-10-09T05:25:46","guid":{"rendered":"https:\/\/blog.edu.turku.fi\/wa\/?page_id=407"},"modified":"2020-10-09T08:32:04","modified_gmt":"2020-10-09T05:32:04","slug":"poissaolojen-ennaltaehkaisy","status":"publish","type":"page","link":"https:\/\/blog.edu.turku.fi\/wa\/poissaolojen-ennaltaehkaisy\/","title":{"rendered":"Poissaolojen ennaltaehk\u00e4isy"},"content":{"rendered":"<p>Turun kaupungin oppilas- ja opiskeluhuollon monialainen ty\u00f6ryhm\u00e4 p\u00e4\u00e4tti 18.9.2020, ett\u00e4 Turun kaupungin peruskouluissa otetaan k\u00e4ytt\u00f6\u00f6n yhten\u00e4inen ohjeistus poissaolojen seuraamiseksi ja niihin puuttumiseksi. Poissaolojen seuraaminen on koulutuksen j\u00e4rjest\u00e4j\u00e4n lakis\u00e4\u00e4teinen velvollisuus.<\/p>\n<p>Suunnitelman tarkoituksena on yhten\u00e4ist\u00e4\u00e4 turkulaisten peruskoulujen erilaisia toimintamalleja ja &#8211; k\u00e4yt\u00e4nt\u00f6j\u00e4. Koulujen v\u00e4lill\u00e4 on suuriakin eroavaisuuksia ja jotka tulevat n\u00e4kyville, mik\u00e4li oppilas vaihtaa koulua oppivelvollisuuden aikana.<\/p>\n<p>Ohjeistuksen tarkoituksena on<\/p>\n<ol>\n<li>yhten\u00e4ist\u00e4\u00e4 ja avata poissaolok\u00e4yt\u00e4nt\u00f6j\u00e4 oppilaille ja heid\u00e4n perheillens\u00e4,<\/li>\n<li>yhten\u00e4ist\u00e4\u00e4 toimintak\u00e4yt\u00e4nt\u00f6j\u00e4 eri toimijoiden kesken,<\/li>\n<li>v\u00e4hent\u00e4\u00e4 poissaolojen m\u00e4\u00e4r\u00e4\u00e4 sek\u00e4 niist\u00e4 johtuvaa syrj\u00e4ytymist\u00e4 ja<\/li>\n<li>opettaa my\u00f6hempi\u00e4 muita oppilaitoksia ja ty\u00f6el\u00e4m\u00e4\u00e4 varten, ett\u00e4 poissaoloilla on merkityst\u00e4.<\/li>\n<\/ol>\n<p>Keskeist\u00e4 t\u00e4ss\u00e4kin asiassa kuten monessa muussakin ovat ennaltaehk\u00e4isy ja varhainen puuttuminen.<\/p>\n<p><a href=\"https:\/\/blog.edu.turku.fi\/wa\/files\/2020\/10\/Koulupoissaolojen-ja-koulupudokkuuden-ennaltaehk\u00c3isytoimintamalli-2020.pdf\">Koulupoissaolojen ja koulupudokkuuden ennaltaehk\u00e4isytoimintamalli 2020<\/a><\/p>\n","protected":false},"excerpt":{"rendered":"<p>Turun kaupungin oppilas- ja opiskeluhuollon monialainen ty\u00f6ryhm\u00e4 p\u00e4\u00e4tti 18.9.2020, ett\u00e4 Turun kaupungin peruskouluissa otetaan k\u00e4ytt\u00f6\u00f6n yhten\u00e4inen ohjeistus poissaolojen seuraamiseksi ja niihin puuttumiseksi. Poissaolojen seuraaminen on koulutuksen j\u00e4rjest\u00e4j\u00e4n lakis\u00e4\u00e4teinen velvollisuus. Suunnitelman tarkoituksena on yhten\u00e4ist\u00e4\u00e4 turkulaisten peruskoulujen erilaisia toimintamalleja ja &#8211; k\u00e4yt\u00e4nt\u00f6j\u00e4. Koulujen v\u00e4lill\u00e4 on suuriakin eroavaisuuksia ja jotka tulevat n\u00e4kyville, mik\u00e4li oppilas vaihtaa koulua oppivelvollisuuden aikana. &hellip; <a href=\"https:\/\/blog.edu.turku.fi\/wa\/poissaolojen-ennaltaehkaisy\/\" class=\"more-link\">Jatka lukemista<span class=\"screen-reader-text\"> &#8221;Poissaolojen ennaltaehk\u00e4isy&#8221;<\/span><\/a><\/p>\n","protected":false},"author":56,"featured_media":0,"parent":0,"menu_order":0,"comment_status":"closed","ping_status":"closed","template":"","meta":{"ngg_post_thumbnail":0,"footnotes":""},"class_list":["post-407","page","type-page","status-publish","hentry"],"_links":{"self":[{"href":"https:\/\/blog.edu.turku.fi\/wa\/wp-json\/wp\/v2\/pages\/407","targetHints":{"allow":["GET"]}}],"collection":[{"href":"https:\/\/blog.edu.turku.fi\/wa\/wp-json\/wp\/v2\/pages"}],"about":[{"href":"https:\/\/blog.edu.turku.fi\/wa\/wp-json\/wp\/v2\/types\/page"}],"author":[{"embeddable":true,"href":"https:\/\/blog.edu.turku.fi\/wa\/wp-json\/wp\/v2\/users\/56"}],"replies":[{"embeddable":true,"href":"https:\/\/blog.edu.turku.fi\/wa\/wp-json\/wp\/v2\/comments?post=407"}],"version-history":[{"count":5,"href":"https:\/\/blog.edu.turku.fi\/wa\/wp-json\/wp\/v2\/pages\/407\/revisions"}],"predecessor-version":[{"id":415,"href":"https:\/\/blog.edu.turku.fi\/wa\/wp-json\/wp\/v2\/pages\/407\/revisions\/415"}],"wp:attachment":[{"href":"https:\/\/blog.edu.turku.fi\/wa\/wp-json\/wp\/v2\/media?parent=407"}],"curies":[{"name":"wp","href":"https:\/\/api.w.org\/{rel}","templated":true}]}}